{"id":1202,"date":"2024-11-06T11:07:37","date_gmt":"2024-11-06T10:07:37","guid":{"rendered":"https:\/\/www.gamaprofessional.com\/prodotto\/secador-de-pelo-classic\/"},"modified":"2025-10-24T17:58:24","modified_gmt":"2025-10-24T15:58:24","slug":"classic","status":"publish","type":"product","link":"https:\/\/www.gamaprofessional.com\/es\/prodotto\/classic\/","title":{"rendered":"SECADOR DE PELO CLASSIC"},"content":{"rendered":"<p><strong>Classic<\/strong> es un secador de pelo ligero y silencioso, disponible en 7 colores: blanco, negro, verde. Su forma particular y su dise\u00f1o lo convierten en un secador de pelo <strong>extremadamente silencioso<\/strong>, sin renunciar al rendimiento. De hecho, es un potente secador de pelo con <strong>2.200 W<\/strong> y est\u00e1 equipado con un motor AC, lo que lo convierte en un instrumento de \u00faltima generaci\u00f3n confiable y capaz de durar <strong>m\u00e1s de 2.000 horas de trabajo.<\/strong><\/p>\n<p>Est\u00e1 equipado con un difusor, <strong>perfecto para crear ondas y rizos<\/strong> de una manera completamente natural, y dos boquillas profesionales de 4 y 8 mm.; la primera para un flujo de aire particularmente orientado y la segunda para un secado ultrarr\u00e1pido con un calor m\u00e1s difuso.<\/p>\n<p>Classic tiene <strong>2 velocidades y 3 temperaturas<\/strong> que puedes combinar para encontrar el nivel de calor m\u00e1s adecuado para ti y un bot\u00f3n de cool shot, que es el golpe de aire fr\u00edo necesario para fijar el peinado durante m\u00e1s tiempo. La forma y el tama\u00f1o de este secador permiten <strong>una excelente maniobrabilidad y no cansan los brazos<\/strong> durante su uso.<\/p>\n","protected":false},"excerpt":{"rendered":"<p>Un secador profesional ligero y potente, con un motor de 2200 W AC de larga duraci\u00f3n y componentes internos recubiertos de cer\u00e1mica que protegen tu cabello y combatir el frizz, para un cabello saludable y brillante. <\/p>\n","protected":false},"featured_media":1181,"template":"","meta":{"_acf_changed":false},"product_brand":[],"product_cat":[328],"product_tag":[],"class_list":{"0":"post-1202","1":"product","2":"type-product","3":"status-publish","4":"has-post-thumbnail","6":"product_cat-secador-de-pelo","8":"first","9":"instock","10":"sale","11":"taxable","12":"shipping-taxable","13":"purchasable","14":"product-type-variable","15":"has-default-attributes"},"acf":[],"yoast_head":"<!-- This site is optimized with the Yoast SEO plugin v27.5 - https:\/\/yoast.com\/product\/yoast-seo-wordpress\/ -->\n<title>SECADOR DE PELO CLASSIC - Gama Professional<\/title>\n<meta name=\"description\" content=\"Un secador profesional ligero y potente, con un motor de 2200 W AC de larga duraci\u00f3n y componentes internos recubiertos de cer\u00e1mica que protegen tu cabello y combatir el frizz, para un cabello saludable y brillante.\" \/>\n<meta name=\"robots\" content=\"index, follow, max-snippet:-1, max-image-preview:large, max-video-preview:-1\" \/>\n<link rel=\"canonical\" href=\"https:\/\/www.gamaprofessional.com\/es\/prodotto\/classic\/\" \/>\n<meta property=\"og:locale\" content=\"es_ES\" \/>\n<meta property=\"og:type\" content=\"article\" \/>\n<meta property=\"og:title\" content=\"SECADOR DE PELO CLASSIC - Gama Professional\" \/>\n<meta property=\"og:description\" content=\"Un secador profesional ligero y potente, con un motor de 2200 W AC de larga duraci\u00f3n y componentes internos recubiertos de cer\u00e1mica que protegen tu cabello y combatir el frizz, para un cabello saludable y brillante.\" \/>\n<meta property=\"og:url\" content=\"https:\/\/www.gamaprofessional.com\/es\/prodotto\/classic\/\" \/>\n<meta property=\"og:site_name\" content=\"Gama Professional\" \/>\n<meta property=\"article:modified_time\" content=\"2025-10-24T15:58:24+00:00\" \/>\n<meta property=\"og:image\" content=\"https:\/\/www.gamaprofessional.com\/wp-content\/uploads\/2024\/11\/classic-verde.png\" \/>\n\t<meta property=\"og:image:width\" content=\"1080\" \/>\n\t<meta property=\"og:image:height\" content=\"1080\" \/>\n\t<meta property=\"og:image:type\" content=\"image\/png\" \/>\n<meta name=\"twitter:card\" content=\"summary_large_image\" \/>\n<meta name=\"twitter:label1\" content=\"Tiempo de lectura\" \/>\n\t<meta name=\"twitter:data1\" content=\"2 minutos\" \/>\n<script type=\"application\/ld+json\" class=\"yoast-schema-graph\">{\"@context\":\"https:\\\/\\\/schema.org\",\"@graph\":[{\"@type\":\"WebPage\",\"@id\":\"https:\\\/\\\/www.gamaprofessional.com\\\/es\\\/prodotto\\\/classic\\\/\",\"url\":\"https:\\\/\\\/www.gamaprofessional.com\\\/es\\\/prodotto\\\/classic\\\/\",\"name\":\"SECADOR DE PELO CLASSIC - Gama Professional\",\"isPartOf\":{\"@id\":\"https:\\\/\\\/www.gamaprofessional.com\\\/es\\\/#website\"},\"primaryImageOfPage\":{\"@id\":\"https:\\\/\\\/www.gamaprofessional.com\\\/es\\\/prodotto\\\/classic\\\/#primaryimage\"},\"image\":{\"@id\":\"https:\\\/\\\/www.gamaprofessional.com\\\/es\\\/prodotto\\\/classic\\\/#primaryimage\"},\"thumbnailUrl\":\"https:\\\/\\\/www.gamaprofessional.com\\\/wp-content\\\/uploads\\\/2024\\\/11\\\/classic-verde.png\",\"datePublished\":\"2024-11-06T10:07:37+00:00\",\"dateModified\":\"2025-10-24T15:58:24+00:00\",\"description\":\"Un secador profesional ligero y potente, con un motor de 2200 W AC de larga duraci\u00f3n y componentes internos recubiertos de cer\u00e1mica que protegen tu cabello y combatir el frizz, para un cabello saludable y brillante.\",\"breadcrumb\":{\"@id\":\"https:\\\/\\\/www.gamaprofessional.com\\\/es\\\/prodotto\\\/classic\\\/#breadcrumb\"},\"inLanguage\":\"es\",\"potentialAction\":[{\"@type\":\"ReadAction\",\"target\":[\"https:\\\/\\\/www.gamaprofessional.com\\\/es\\\/prodotto\\\/classic\\\/\"]}]},{\"@type\":\"ImageObject\",\"inLanguage\":\"es\",\"@id\":\"https:\\\/\\\/www.gamaprofessional.com\\\/es\\\/prodotto\\\/classic\\\/#primaryimage\",\"url\":\"https:\\\/\\\/www.gamaprofessional.com\\\/wp-content\\\/uploads\\\/2024\\\/11\\\/classic-verde.png\",\"contentUrl\":\"https:\\\/\\\/www.gamaprofessional.com\\\/wp-content\\\/uploads\\\/2024\\\/11\\\/classic-verde.png\",\"width\":1080,\"height\":1080,\"caption\":\"classic verde\"},{\"@type\":\"BreadcrumbList\",\"@id\":\"https:\\\/\\\/www.gamaprofessional.com\\\/es\\\/prodotto\\\/classic\\\/#breadcrumb\",\"itemListElement\":[{\"@type\":\"ListItem\",\"position\":1,\"name\":\"Home\",\"item\":\"https:\\\/\\\/www.gamaprofessional.com\\\/es\\\/homepage\\\/\"},{\"@type\":\"ListItem\",\"position\":2,\"name\":\"Tienda\",\"item\":\"https:\\\/\\\/www.gamaprofessional.com\\\/shop\\\/\"},{\"@type\":\"ListItem\",\"position\":3,\"name\":\"Haircare\",\"item\":\"https:\\\/\\\/www.gamaprofessional.com\\\/es\\\/categoria-prodotto\\\/haircare-es\\\/\"},{\"@type\":\"ListItem\",\"position\":4,\"name\":\"Secador de pelo\",\"item\":\"https:\\\/\\\/www.gamaprofessional.com\\\/es\\\/categoria-prodotto\\\/haircare-es\\\/secador-de-pelo\\\/\"},{\"@type\":\"ListItem\",\"position\":5,\"name\":\"SECADOR DE PELO CLASSIC\"}]},{\"@type\":\"WebSite\",\"@id\":\"https:\\\/\\\/www.gamaprofessional.com\\\/es\\\/#website\",\"url\":\"https:\\\/\\\/www.gamaprofessional.com\\\/es\\\/\",\"name\":\"Gama Professional\",\"description\":\"\",\"potentialAction\":[{\"@type\":\"SearchAction\",\"target\":{\"@type\":\"EntryPoint\",\"urlTemplate\":\"https:\\\/\\\/www.gamaprofessional.com\\\/es\\\/?s={search_term_string}\"},\"query-input\":{\"@type\":\"PropertyValueSpecification\",\"valueRequired\":true,\"valueName\":\"search_term_string\"}}],\"inLanguage\":\"es\"}]}<\/script>\n<!-- \/ Yoast SEO plugin. -->","yoast_head_json":{"title":"SECADOR DE PELO CLASSIC - Gama Professional","description":"Un secador profesional ligero y potente, con un motor de 2200 W AC de larga duraci\u00f3n y componentes internos recubiertos de cer\u00e1mica que protegen tu cabello y combatir el frizz, para un cabello saludable y brillante.","robots":{"index":"index","follow":"follow","max-snippet":"max-snippet:-1","max-image-preview":"max-image-preview:large","max-video-preview":"max-video-preview:-1"},"canonical":"https:\/\/www.gamaprofessional.com\/es\/prodotto\/classic\/","og_locale":"es_ES","og_type":"article","og_title":"SECADOR DE PELO CLASSIC - Gama Professional","og_description":"Un secador profesional ligero y potente, con un motor de 2200 W AC de larga duraci\u00f3n y componentes internos recubiertos de cer\u00e1mica que protegen tu cabello y combatir el frizz, para un cabello saludable y brillante.","og_url":"https:\/\/www.gamaprofessional.com\/es\/prodotto\/classic\/","og_site_name":"Gama Professional","article_modified_time":"2025-10-24T15:58:24+00:00","og_image":[{"width":1080,"height":1080,"url":"https:\/\/www.gamaprofessional.com\/wp-content\/uploads\/2024\/11\/classic-verde.png","type":"image\/png"}],"twitter_card":"summary_large_image","twitter_misc":{"Tiempo de lectura":"2 minutos"},"schema":{"@context":"https:\/\/schema.org","@graph":[{"@type":"WebPage","@id":"https:\/\/www.gamaprofessional.com\/es\/prodotto\/classic\/","url":"https:\/\/www.gamaprofessional.com\/es\/prodotto\/classic\/","name":"SECADOR DE PELO CLASSIC - Gama Professional","isPartOf":{"@id":"https:\/\/www.gamaprofessional.com\/es\/#website"},"primaryImageOfPage":{"@id":"https:\/\/www.gamaprofessional.com\/es\/prodotto\/classic\/#primaryimage"},"image":{"@id":"https:\/\/www.gamaprofessional.com\/es\/prodotto\/classic\/#primaryimage"},"thumbnailUrl":"https:\/\/www.gamaprofessional.com\/wp-content\/uploads\/2024\/11\/classic-verde.png","datePublished":"2024-11-06T10:07:37+00:00","dateModified":"2025-10-24T15:58:24+00:00","description":"Un secador profesional ligero y potente, con un motor de 2200 W AC de larga duraci\u00f3n y componentes internos recubiertos de cer\u00e1mica que protegen tu cabello y combatir el frizz, para un cabello saludable y brillante.","breadcrumb":{"@id":"https:\/\/www.gamaprofessional.com\/es\/prodotto\/classic\/#breadcrumb"},"inLanguage":"es","potentialAction":[{"@type":"ReadAction","target":["https:\/\/www.gamaprofessional.com\/es\/prodotto\/classic\/"]}]},{"@type":"ImageObject","inLanguage":"es","@id":"https:\/\/www.gamaprofessional.com\/es\/prodotto\/classic\/#primaryimage","url":"https:\/\/www.gamaprofessional.com\/wp-content\/uploads\/2024\/11\/classic-verde.png","contentUrl":"https:\/\/www.gamaprofessional.com\/wp-content\/uploads\/2024\/11\/classic-verde.png","width":1080,"height":1080,"caption":"classic verde"},{"@type":"BreadcrumbList","@id":"https:\/\/www.gamaprofessional.com\/es\/prodotto\/classic\/#breadcrumb","itemListElement":[{"@type":"ListItem","position":1,"name":"Home","item":"https:\/\/www.gamaprofessional.com\/es\/homepage\/"},{"@type":"ListItem","position":2,"name":"Tienda","item":"https:\/\/www.gamaprofessional.com\/shop\/"},{"@type":"ListItem","position":3,"name":"Haircare","item":"https:\/\/www.gamaprofessional.com\/es\/categoria-prodotto\/haircare-es\/"},{"@type":"ListItem","position":4,"name":"Secador de pelo","item":"https:\/\/www.gamaprofessional.com\/es\/categoria-prodotto\/haircare-es\/secador-de-pelo\/"},{"@type":"ListItem","position":5,"name":"SECADOR DE PELO CLASSIC"}]},{"@type":"WebSite","@id":"https:\/\/www.gamaprofessional.com\/es\/#website","url":"https:\/\/www.gamaprofessional.com\/es\/","name":"Gama Professional","description":"","potentialAction":[{"@type":"SearchAction","target":{"@type":"EntryPoint","urlTemplate":"https:\/\/www.gamaprofessional.com\/es\/?s={search_term_string}"},"query-input":{"@type":"PropertyValueSpecification","valueRequired":true,"valueName":"search_term_string"}}],"inLanguage":"es"}]}},"_links":{"self":[{"href":"https:\/\/www.gamaprofessional.com\/es\/wp-json\/wp\/v2\/product\/1202","targetHints":{"allow":["GET"]}}],"collection":[{"href":"https:\/\/www.gamaprofessional.com\/es\/wp-json\/wp\/v2\/product"}],"about":[{"href":"https:\/\/www.gamaprofessional.com\/es\/wp-json\/wp\/v2\/types\/product"}],"wp:featuredmedia":[{"embeddable":true,"href":"https:\/\/www.gamaprofessional.com\/es\/wp-json\/wp\/v2\/media\/1181"}],"wp:attachment":[{"href":"https:\/\/www.gamaprofessional.com\/es\/wp-json\/wp\/v2\/media?parent=1202"}],"wp:term":[{"taxonomy":"product_brand","embeddable":true,"href":"https:\/\/www.gamaprofessional.com\/es\/wp-json\/wp\/v2\/product_brand?post=1202"},{"taxonomy":"product_cat","embeddable":true,"href":"https:\/\/www.gamaprofessional.com\/es\/wp-json\/wp\/v2\/product_cat?post=1202"},{"taxonomy":"product_tag","embeddable":true,"href":"https:\/\/www.gamaprofessional.com\/es\/wp-json\/wp\/v2\/product_tag?post=1202"}],"curies":[{"name":"wp","href":"https:\/\/api.w.org\/{rel}","templated":true}]}}