{"id":1301,"date":"2024-11-06T16:00:59","date_gmt":"2024-11-06T15:00:59","guid":{"rendered":"https:\/\/www.gamaprofessional.com\/?post_type=product&#038;p=1301"},"modified":"2025-10-24T17:30:51","modified_gmt":"2025-10-24T15:30:51","slug":"phon-ultra-compact-ion","status":"publish","type":"product","link":"https:\/\/www.gamaprofessional.com\/es\/prodotto\/phon-ultra-compact-ion\/","title":{"rendered":"SECADOR DE PELO ULTRA COMPACT ION"},"content":{"rendered":"<p><strong>El Ultra Compact<\/strong> Ion es un secador de pelo profesional equipado con un <strong>motor AC<\/strong> muy fiable y de larga duraci\u00f3n. Su dise\u00f1o compacto lo hace ligero y manejable, ideal para el trabajo diario en el sal\u00f3n. <\/p>\n<p>Otras caracter\u00edsticas que lo distinguen son la <strong>tecnolog\u00eda Ion Plu<\/strong>s y la <strong>Turmalina<\/strong>, material del que est\u00e1n revestidos la rejilla delantera y sus componentes internos. La emisi\u00f3n de hasta 80% mas iones que las <strong>tecnolog\u00edas i\u00f3nicas<\/strong> standard en el mercado es excelente para la reconstrucci\u00f3n de la estructura molecular del cabello: le devuelve la <strong>humedad natura<\/strong>l, aumentando su <strong>brillo<\/strong> y <strong>elasticidad<\/strong>, evitando as\u00ed el <strong>efecto crespo<\/strong>. La turmalina, en cambio, debido a su elevada capacidad de calentamiento, garantiza un secado eficaz reduciendo la exposici\u00f3n del cabello al calor y protegi\u00e9ndolos, sanos y brillantes.  <\/p>\n<p>Las <strong>6 combinaciones <\/strong> posibles de velocidad y flujo de aire permiten seleccionar la la configuraci\u00f3n que mejor sirva para el tipo de cabello y peinado con el que se est\u00e1 trabajando. En dotaci\u00f3n dos bocas y un difusor. El <strong>cable de 3 metros<\/strong> con gancho permite la m\u00e1xima libertad de movimiento, mientras que el rango de tensi\u00f3n del secador de pelo es de <strong>220-240 V ~<\/strong>.  <\/p>\n","protected":false},"excerpt":{"rendered":"<p>Secador de pelo profesional equipado con un motor AC de 2200 W que promete la m\u00e1xima fiabilidad. Ligero y compacto, ideal para el trabajo en el sal\u00f3n. <\/p>\n","protected":false},"featured_media":1305,"template":"","meta":{"_acf_changed":false},"product_brand":[],"product_cat":[328],"product_tag":[],"class_list":{"0":"post-1301","1":"product","2":"type-product","3":"status-publish","4":"has-post-thumbnail","6":"product_cat-secador-de-pelo","8":"first","9":"instock","10":"taxable","11":"shipping-taxable","12":"purchasable","13":"product-type-simple"},"acf":[],"yoast_head":"<!-- This site is optimized with the Yoast SEO plugin v27.5 - https:\/\/yoast.com\/product\/yoast-seo-wordpress\/ -->\n<title>SECADOR DE PELO ULTRA COMPACT ION - Gama Professional<\/title>\n<meta name=\"description\" content=\"Secador de pelo profesional equipado con un motor AC de 2200 W que promete la m\u00e1xima fiabilidad. Ligero y compacto, ideal para el trabajo en el sal\u00f3n.\" \/>\n<meta name=\"robots\" content=\"index, follow, max-snippet:-1, max-image-preview:large, max-video-preview:-1\" \/>\n<link rel=\"canonical\" href=\"https:\/\/www.gamaprofessional.com\/es\/prodotto\/phon-ultra-compact-ion\/\" \/>\n<meta property=\"og:locale\" content=\"es_ES\" \/>\n<meta property=\"og:type\" content=\"article\" \/>\n<meta property=\"og:title\" content=\"SECADOR DE PELO ULTRA COMPACT ION - Gama Professional\" \/>\n<meta property=\"og:description\" content=\"Secador de pelo profesional equipado con un motor AC de 2200 W que promete la m\u00e1xima fiabilidad. Ligero y compacto, ideal para el trabajo en el sal\u00f3n.\" \/>\n<meta property=\"og:url\" content=\"https:\/\/www.gamaprofessional.com\/es\/prodotto\/phon-ultra-compact-ion\/\" \/>\n<meta property=\"og:site_name\" content=\"Gama Professional\" \/>\n<meta property=\"article:modified_time\" content=\"2025-10-24T15:30:51+00:00\" \/>\n<meta property=\"og:image\" content=\"https:\/\/www.gamaprofessional.com\/wp-content\/uploads\/2024\/11\/ULTRA-COMPACT-ION-1.png\" \/>\n\t<meta property=\"og:image:width\" content=\"1080\" \/>\n\t<meta property=\"og:image:height\" content=\"1080\" \/>\n\t<meta property=\"og:image:type\" content=\"image\/png\" \/>\n<meta name=\"twitter:card\" content=\"summary_large_image\" \/>\n<meta name=\"twitter:label1\" content=\"Tiempo de lectura\" \/>\n\t<meta name=\"twitter:data1\" content=\"2 minutos\" \/>\n<script type=\"application\/ld+json\" class=\"yoast-schema-graph\">{\"@context\":\"https:\\\/\\\/schema.org\",\"@graph\":[{\"@type\":\"WebPage\",\"@id\":\"https:\\\/\\\/www.gamaprofessional.com\\\/es\\\/prodotto\\\/phon-ultra-compact-ion\\\/\",\"url\":\"https:\\\/\\\/www.gamaprofessional.com\\\/es\\\/prodotto\\\/phon-ultra-compact-ion\\\/\",\"name\":\"SECADOR DE PELO ULTRA COMPACT ION - Gama Professional\",\"isPartOf\":{\"@id\":\"https:\\\/\\\/www.gamaprofessional.com\\\/es\\\/#website\"},\"primaryImageOfPage\":{\"@id\":\"https:\\\/\\\/www.gamaprofessional.com\\\/es\\\/prodotto\\\/phon-ultra-compact-ion\\\/#primaryimage\"},\"image\":{\"@id\":\"https:\\\/\\\/www.gamaprofessional.com\\\/es\\\/prodotto\\\/phon-ultra-compact-ion\\\/#primaryimage\"},\"thumbnailUrl\":\"https:\\\/\\\/www.gamaprofessional.com\\\/wp-content\\\/uploads\\\/2024\\\/11\\\/ULTRA-COMPACT-ION-1.png\",\"datePublished\":\"2024-11-06T15:00:59+00:00\",\"dateModified\":\"2025-10-24T15:30:51+00:00\",\"description\":\"Secador de pelo profesional equipado con un motor AC de 2200 W que promete la m\u00e1xima fiabilidad. Ligero y compacto, ideal para el trabajo en el sal\u00f3n.\",\"breadcrumb\":{\"@id\":\"https:\\\/\\\/www.gamaprofessional.com\\\/es\\\/prodotto\\\/phon-ultra-compact-ion\\\/#breadcrumb\"},\"inLanguage\":\"es\",\"potentialAction\":[{\"@type\":\"ReadAction\",\"target\":[\"https:\\\/\\\/www.gamaprofessional.com\\\/es\\\/prodotto\\\/phon-ultra-compact-ion\\\/\"]}]},{\"@type\":\"ImageObject\",\"inLanguage\":\"es\",\"@id\":\"https:\\\/\\\/www.gamaprofessional.com\\\/es\\\/prodotto\\\/phon-ultra-compact-ion\\\/#primaryimage\",\"url\":\"https:\\\/\\\/www.gamaprofessional.com\\\/wp-content\\\/uploads\\\/2024\\\/11\\\/ULTRA-COMPACT-ION-1.png\",\"contentUrl\":\"https:\\\/\\\/www.gamaprofessional.com\\\/wp-content\\\/uploads\\\/2024\\\/11\\\/ULTRA-COMPACT-ION-1.png\",\"width\":1080,\"height\":1080,\"caption\":\"ULTRA COMPACT ION\"},{\"@type\":\"BreadcrumbList\",\"@id\":\"https:\\\/\\\/www.gamaprofessional.com\\\/es\\\/prodotto\\\/phon-ultra-compact-ion\\\/#breadcrumb\",\"itemListElement\":[{\"@type\":\"ListItem\",\"position\":1,\"name\":\"Home\",\"item\":\"https:\\\/\\\/www.gamaprofessional.com\\\/es\\\/homepage\\\/\"},{\"@type\":\"ListItem\",\"position\":2,\"name\":\"Tienda\",\"item\":\"https:\\\/\\\/www.gamaprofessional.com\\\/shop\\\/\"},{\"@type\":\"ListItem\",\"position\":3,\"name\":\"Haircare\",\"item\":\"https:\\\/\\\/www.gamaprofessional.com\\\/es\\\/categoria-prodotto\\\/haircare-es\\\/\"},{\"@type\":\"ListItem\",\"position\":4,\"name\":\"Secador de pelo\",\"item\":\"https:\\\/\\\/www.gamaprofessional.com\\\/es\\\/categoria-prodotto\\\/haircare-es\\\/secador-de-pelo\\\/\"},{\"@type\":\"ListItem\",\"position\":5,\"name\":\"SECADOR DE PELO ULTRA COMPACT ION\"}]},{\"@type\":\"WebSite\",\"@id\":\"https:\\\/\\\/www.gamaprofessional.com\\\/es\\\/#website\",\"url\":\"https:\\\/\\\/www.gamaprofessional.com\\\/es\\\/\",\"name\":\"Gama Professional\",\"description\":\"\",\"potentialAction\":[{\"@type\":\"SearchAction\",\"target\":{\"@type\":\"EntryPoint\",\"urlTemplate\":\"https:\\\/\\\/www.gamaprofessional.com\\\/es\\\/?s={search_term_string}\"},\"query-input\":{\"@type\":\"PropertyValueSpecification\",\"valueRequired\":true,\"valueName\":\"search_term_string\"}}],\"inLanguage\":\"es\"}]}<\/script>\n<!-- \/ Yoast SEO plugin. -->","yoast_head_json":{"title":"SECADOR DE PELO ULTRA COMPACT ION - Gama Professional","description":"Secador de pelo profesional equipado con un motor AC de 2200 W que promete la m\u00e1xima fiabilidad. Ligero y compacto, ideal para el trabajo en el sal\u00f3n.","robots":{"index":"index","follow":"follow","max-snippet":"max-snippet:-1","max-image-preview":"max-image-preview:large","max-video-preview":"max-video-preview:-1"},"canonical":"https:\/\/www.gamaprofessional.com\/es\/prodotto\/phon-ultra-compact-ion\/","og_locale":"es_ES","og_type":"article","og_title":"SECADOR DE PELO ULTRA COMPACT ION - Gama Professional","og_description":"Secador de pelo profesional equipado con un motor AC de 2200 W que promete la m\u00e1xima fiabilidad. Ligero y compacto, ideal para el trabajo en el sal\u00f3n.","og_url":"https:\/\/www.gamaprofessional.com\/es\/prodotto\/phon-ultra-compact-ion\/","og_site_name":"Gama Professional","article_modified_time":"2025-10-24T15:30:51+00:00","og_image":[{"width":1080,"height":1080,"url":"https:\/\/www.gamaprofessional.com\/wp-content\/uploads\/2024\/11\/ULTRA-COMPACT-ION-1.png","type":"image\/png"}],"twitter_card":"summary_large_image","twitter_misc":{"Tiempo de lectura":"2 minutos"},"schema":{"@context":"https:\/\/schema.org","@graph":[{"@type":"WebPage","@id":"https:\/\/www.gamaprofessional.com\/es\/prodotto\/phon-ultra-compact-ion\/","url":"https:\/\/www.gamaprofessional.com\/es\/prodotto\/phon-ultra-compact-ion\/","name":"SECADOR DE PELO ULTRA COMPACT ION - Gama Professional","isPartOf":{"@id":"https:\/\/www.gamaprofessional.com\/es\/#website"},"primaryImageOfPage":{"@id":"https:\/\/www.gamaprofessional.com\/es\/prodotto\/phon-ultra-compact-ion\/#primaryimage"},"image":{"@id":"https:\/\/www.gamaprofessional.com\/es\/prodotto\/phon-ultra-compact-ion\/#primaryimage"},"thumbnailUrl":"https:\/\/www.gamaprofessional.com\/wp-content\/uploads\/2024\/11\/ULTRA-COMPACT-ION-1.png","datePublished":"2024-11-06T15:00:59+00:00","dateModified":"2025-10-24T15:30:51+00:00","description":"Secador de pelo profesional equipado con un motor AC de 2200 W que promete la m\u00e1xima fiabilidad. Ligero y compacto, ideal para el trabajo en el sal\u00f3n.","breadcrumb":{"@id":"https:\/\/www.gamaprofessional.com\/es\/prodotto\/phon-ultra-compact-ion\/#breadcrumb"},"inLanguage":"es","potentialAction":[{"@type":"ReadAction","target":["https:\/\/www.gamaprofessional.com\/es\/prodotto\/phon-ultra-compact-ion\/"]}]},{"@type":"ImageObject","inLanguage":"es","@id":"https:\/\/www.gamaprofessional.com\/es\/prodotto\/phon-ultra-compact-ion\/#primaryimage","url":"https:\/\/www.gamaprofessional.com\/wp-content\/uploads\/2024\/11\/ULTRA-COMPACT-ION-1.png","contentUrl":"https:\/\/www.gamaprofessional.com\/wp-content\/uploads\/2024\/11\/ULTRA-COMPACT-ION-1.png","width":1080,"height":1080,"caption":"ULTRA COMPACT ION"},{"@type":"BreadcrumbList","@id":"https:\/\/www.gamaprofessional.com\/es\/prodotto\/phon-ultra-compact-ion\/#breadcrumb","itemListElement":[{"@type":"ListItem","position":1,"name":"Home","item":"https:\/\/www.gamaprofessional.com\/es\/homepage\/"},{"@type":"ListItem","position":2,"name":"Tienda","item":"https:\/\/www.gamaprofessional.com\/shop\/"},{"@type":"ListItem","position":3,"name":"Haircare","item":"https:\/\/www.gamaprofessional.com\/es\/categoria-prodotto\/haircare-es\/"},{"@type":"ListItem","position":4,"name":"Secador de pelo","item":"https:\/\/www.gamaprofessional.com\/es\/categoria-prodotto\/haircare-es\/secador-de-pelo\/"},{"@type":"ListItem","position":5,"name":"SECADOR DE PELO ULTRA COMPACT ION"}]},{"@type":"WebSite","@id":"https:\/\/www.gamaprofessional.com\/es\/#website","url":"https:\/\/www.gamaprofessional.com\/es\/","name":"Gama Professional","description":"","potentialAction":[{"@type":"SearchAction","target":{"@type":"EntryPoint","urlTemplate":"https:\/\/www.gamaprofessional.com\/es\/?s={search_term_string}"},"query-input":{"@type":"PropertyValueSpecification","valueRequired":true,"valueName":"search_term_string"}}],"inLanguage":"es"}]}},"_links":{"self":[{"href":"https:\/\/www.gamaprofessional.com\/es\/wp-json\/wp\/v2\/product\/1301","targetHints":{"allow":["GET"]}}],"collection":[{"href":"https:\/\/www.gamaprofessional.com\/es\/wp-json\/wp\/v2\/product"}],"about":[{"href":"https:\/\/www.gamaprofessional.com\/es\/wp-json\/wp\/v2\/types\/product"}],"wp:featuredmedia":[{"embeddable":true,"href":"https:\/\/www.gamaprofessional.com\/es\/wp-json\/wp\/v2\/media\/1305"}],"wp:attachment":[{"href":"https:\/\/www.gamaprofessional.com\/es\/wp-json\/wp\/v2\/media?parent=1301"}],"wp:term":[{"taxonomy":"product_brand","embeddable":true,"href":"https:\/\/www.gamaprofessional.com\/es\/wp-json\/wp\/v2\/product_brand?post=1301"},{"taxonomy":"product_cat","embeddable":true,"href":"https:\/\/www.gamaprofessional.com\/es\/wp-json\/wp\/v2\/product_cat?post=1301"},{"taxonomy":"product_tag","embeddable":true,"href":"https:\/\/www.gamaprofessional.com\/es\/wp-json\/wp\/v2\/product_tag?post=1301"}],"curies":[{"name":"wp","href":"https:\/\/api.w.org\/{rel}","templated":true}]}}