{"id":1329,"date":"2024-11-06T16:37:40","date_gmt":"2024-11-06T15:37:40","guid":{"rendered":"https:\/\/www.gamaprofessional.com\/?post_type=product&#038;p=1329"},"modified":"2026-05-12T16:27:10","modified_gmt":"2026-05-12T14:27:10","slug":"asciugacapelli-bora-lino","status":"publish","type":"product","link":"https:\/\/www.gamaprofessional.com\/es\/prodotto\/asciugacapelli-bora-lino\/","title":{"rendered":"SECADOR DE PELO BORA LINO"},"content":{"rendered":"<p>BORA LINO es el secador de pelo ideal para aquellos que buscan remedios para los cabellos secos y quebradizos. Est\u00e1 equipado con la tecnolog\u00eda de <strong>Aceite Activo<\/strong>, que utiliza los nutrientes espec\u00edficos del aceite esencial de lino. <\/p>\n<p>El aceite recubre la grilla frontal del secador liberando una gran cantidad de micronutrientes \u00fatiles para el cabello. Esto permite prevenir o reducir las puntas abiertas e hidratar y reestructurar la fibra del cabello. <\/p>\n<p>Bora Lino tiene una potencia de <strong>2200 W<\/strong> y un motor DC ultraligero que promete la m\u00e1xima fiabilidad.<\/p>\n<p>Sus componentes internos est\u00e1n revestidos de Cer\u00e1mica Ion, para un efecto delicado sobre el cabello que se vuelve brillante, rejuvenecido, eliminando el efecto encrespado.<\/p>\n<p>Con las <strong>6 combinaciones diferentes<\/strong> de 3 temperaturas y 2 velocidades podr\u00e1s elegir la m\u00e1s adecuada para ti y golpe de <strong>aire fr\u00edo<\/strong>, que fija el peinado por m\u00e1s tiempo.<\/p>\n","protected":false},"excerpt":{"rendered":"<p>BORA LINO es el secador de pelo con motor DC ultraligero y 2200 vatios de potencia que hidrata y reestructura la fibra del cabello gracias a la tecnolog\u00eda Aceite Activo.<\/p>\n","protected":false},"featured_media":1326,"template":"","meta":{"_acf_changed":false},"product_brand":[],"product_cat":[328],"product_tag":[],"class_list":{"0":"post-1329","1":"product","2":"type-product","3":"status-publish","4":"has-post-thumbnail","6":"product_cat-secador-de-pelo","8":"first","9":"outofstock","10":"sale","11":"taxable","12":"shipping-taxable","13":"purchasable","14":"product-type-simple"},"acf":[],"yoast_head":"<!-- This site is optimized with the Yoast SEO plugin v27.5 - https:\/\/yoast.com\/product\/yoast-seo-wordpress\/ -->\n<title>SECADOR DE PELO BORA LINO - Gama Professional<\/title>\n<meta name=\"description\" content=\"BORA LINO es el secador de pelo con motor DC ultraligero y 2200 vatios de potencia que hidrata y reestructura la fibra del cabello gracias a la tecnolog\u00eda Aceite Activo.\" \/>\n<meta name=\"robots\" content=\"index, follow, max-snippet:-1, max-image-preview:large, max-video-preview:-1\" \/>\n<link rel=\"canonical\" href=\"https:\/\/www.gamaprofessional.com\/es\/prodotto\/asciugacapelli-bora-lino\/\" \/>\n<meta property=\"og:locale\" content=\"es_ES\" \/>\n<meta property=\"og:type\" content=\"article\" \/>\n<meta property=\"og:title\" content=\"SECADOR DE PELO BORA LINO - Gama Professional\" \/>\n<meta property=\"og:description\" content=\"BORA LINO es el secador de pelo con motor DC ultraligero y 2200 vatios de potencia que hidrata y reestructura la fibra del cabello gracias a la tecnolog\u00eda Aceite Activo.\" \/>\n<meta property=\"og:url\" content=\"https:\/\/www.gamaprofessional.com\/es\/prodotto\/asciugacapelli-bora-lino\/\" \/>\n<meta property=\"og:site_name\" content=\"Gama Professional\" \/>\n<meta property=\"article:modified_time\" content=\"2026-05-12T14:27:10+00:00\" \/>\n<meta property=\"og:image\" content=\"https:\/\/www.gamaprofessional.com\/wp-content\/uploads\/2024\/11\/BORA-LINO-GH0820.png\" \/>\n\t<meta property=\"og:image:width\" content=\"1080\" \/>\n\t<meta property=\"og:image:height\" content=\"1080\" \/>\n\t<meta property=\"og:image:type\" content=\"image\/png\" \/>\n<meta name=\"twitter:card\" content=\"summary_large_image\" \/>\n<meta name=\"twitter:label1\" content=\"Tiempo de lectura\" \/>\n\t<meta name=\"twitter:data1\" content=\"1 minuto\" \/>\n<script type=\"application\/ld+json\" class=\"yoast-schema-graph\">{\"@context\":\"https:\\\/\\\/schema.org\",\"@graph\":[{\"@type\":\"WebPage\",\"@id\":\"https:\\\/\\\/www.gamaprofessional.com\\\/es\\\/prodotto\\\/asciugacapelli-bora-lino\\\/\",\"url\":\"https:\\\/\\\/www.gamaprofessional.com\\\/es\\\/prodotto\\\/asciugacapelli-bora-lino\\\/\",\"name\":\"SECADOR DE PELO BORA LINO - Gama Professional\",\"isPartOf\":{\"@id\":\"https:\\\/\\\/www.gamaprofessional.com\\\/es\\\/#website\"},\"primaryImageOfPage\":{\"@id\":\"https:\\\/\\\/www.gamaprofessional.com\\\/es\\\/prodotto\\\/asciugacapelli-bora-lino\\\/#primaryimage\"},\"image\":{\"@id\":\"https:\\\/\\\/www.gamaprofessional.com\\\/es\\\/prodotto\\\/asciugacapelli-bora-lino\\\/#primaryimage\"},\"thumbnailUrl\":\"https:\\\/\\\/www.gamaprofessional.com\\\/wp-content\\\/uploads\\\/2024\\\/11\\\/BORA-LINO-GH0820.png\",\"datePublished\":\"2024-11-06T15:37:40+00:00\",\"dateModified\":\"2026-05-12T14:27:10+00:00\",\"description\":\"BORA LINO es el secador de pelo con motor DC ultraligero y 2200 vatios de potencia que hidrata y reestructura la fibra del cabello gracias a la tecnolog\u00eda Aceite Activo.\",\"breadcrumb\":{\"@id\":\"https:\\\/\\\/www.gamaprofessional.com\\\/es\\\/prodotto\\\/asciugacapelli-bora-lino\\\/#breadcrumb\"},\"inLanguage\":\"es\",\"potentialAction\":[{\"@type\":\"ReadAction\",\"target\":[\"https:\\\/\\\/www.gamaprofessional.com\\\/es\\\/prodotto\\\/asciugacapelli-bora-lino\\\/\"]}]},{\"@type\":\"ImageObject\",\"inLanguage\":\"es\",\"@id\":\"https:\\\/\\\/www.gamaprofessional.com\\\/es\\\/prodotto\\\/asciugacapelli-bora-lino\\\/#primaryimage\",\"url\":\"https:\\\/\\\/www.gamaprofessional.com\\\/wp-content\\\/uploads\\\/2024\\\/11\\\/BORA-LINO-GH0820.png\",\"contentUrl\":\"https:\\\/\\\/www.gamaprofessional.com\\\/wp-content\\\/uploads\\\/2024\\\/11\\\/BORA-LINO-GH0820.png\",\"width\":1080,\"height\":1080,\"caption\":\"ASCIUGACAPELLI BORA LINO\"},{\"@type\":\"BreadcrumbList\",\"@id\":\"https:\\\/\\\/www.gamaprofessional.com\\\/es\\\/prodotto\\\/asciugacapelli-bora-lino\\\/#breadcrumb\",\"itemListElement\":[{\"@type\":\"ListItem\",\"position\":1,\"name\":\"Home\",\"item\":\"https:\\\/\\\/www.gamaprofessional.com\\\/es\\\/homepage\\\/\"},{\"@type\":\"ListItem\",\"position\":2,\"name\":\"Tienda\",\"item\":\"https:\\\/\\\/www.gamaprofessional.com\\\/shop\\\/\"},{\"@type\":\"ListItem\",\"position\":3,\"name\":\"Haircare\",\"item\":\"https:\\\/\\\/www.gamaprofessional.com\\\/es\\\/categoria-prodotto\\\/haircare-es\\\/\"},{\"@type\":\"ListItem\",\"position\":4,\"name\":\"Secador de pelo\",\"item\":\"https:\\\/\\\/www.gamaprofessional.com\\\/es\\\/categoria-prodotto\\\/haircare-es\\\/secador-de-pelo\\\/\"},{\"@type\":\"ListItem\",\"position\":5,\"name\":\"SECADOR DE PELO BORA LINO\"}]},{\"@type\":\"WebSite\",\"@id\":\"https:\\\/\\\/www.gamaprofessional.com\\\/es\\\/#website\",\"url\":\"https:\\\/\\\/www.gamaprofessional.com\\\/es\\\/\",\"name\":\"Gama Professional\",\"description\":\"\",\"potentialAction\":[{\"@type\":\"SearchAction\",\"target\":{\"@type\":\"EntryPoint\",\"urlTemplate\":\"https:\\\/\\\/www.gamaprofessional.com\\\/es\\\/?s={search_term_string}\"},\"query-input\":{\"@type\":\"PropertyValueSpecification\",\"valueRequired\":true,\"valueName\":\"search_term_string\"}}],\"inLanguage\":\"es\"}]}<\/script>\n<!-- \/ Yoast SEO plugin. -->","yoast_head_json":{"title":"SECADOR DE PELO BORA LINO - Gama Professional","description":"BORA LINO es el secador de pelo con motor DC ultraligero y 2200 vatios de potencia que hidrata y reestructura la fibra del cabello gracias a la tecnolog\u00eda Aceite Activo.","robots":{"index":"index","follow":"follow","max-snippet":"max-snippet:-1","max-image-preview":"max-image-preview:large","max-video-preview":"max-video-preview:-1"},"canonical":"https:\/\/www.gamaprofessional.com\/es\/prodotto\/asciugacapelli-bora-lino\/","og_locale":"es_ES","og_type":"article","og_title":"SECADOR DE PELO BORA LINO - Gama Professional","og_description":"BORA LINO es el secador de pelo con motor DC ultraligero y 2200 vatios de potencia que hidrata y reestructura la fibra del cabello gracias a la tecnolog\u00eda Aceite Activo.","og_url":"https:\/\/www.gamaprofessional.com\/es\/prodotto\/asciugacapelli-bora-lino\/","og_site_name":"Gama Professional","article_modified_time":"2026-05-12T14:27:10+00:00","og_image":[{"width":1080,"height":1080,"url":"https:\/\/www.gamaprofessional.com\/wp-content\/uploads\/2024\/11\/BORA-LINO-GH0820.png","type":"image\/png"}],"twitter_card":"summary_large_image","twitter_misc":{"Tiempo de lectura":"1 minuto"},"schema":{"@context":"https:\/\/schema.org","@graph":[{"@type":"WebPage","@id":"https:\/\/www.gamaprofessional.com\/es\/prodotto\/asciugacapelli-bora-lino\/","url":"https:\/\/www.gamaprofessional.com\/es\/prodotto\/asciugacapelli-bora-lino\/","name":"SECADOR DE PELO BORA LINO - Gama Professional","isPartOf":{"@id":"https:\/\/www.gamaprofessional.com\/es\/#website"},"primaryImageOfPage":{"@id":"https:\/\/www.gamaprofessional.com\/es\/prodotto\/asciugacapelli-bora-lino\/#primaryimage"},"image":{"@id":"https:\/\/www.gamaprofessional.com\/es\/prodotto\/asciugacapelli-bora-lino\/#primaryimage"},"thumbnailUrl":"https:\/\/www.gamaprofessional.com\/wp-content\/uploads\/2024\/11\/BORA-LINO-GH0820.png","datePublished":"2024-11-06T15:37:40+00:00","dateModified":"2026-05-12T14:27:10+00:00","description":"BORA LINO es el secador de pelo con motor DC ultraligero y 2200 vatios de potencia que hidrata y reestructura la fibra del cabello gracias a la tecnolog\u00eda Aceite Activo.","breadcrumb":{"@id":"https:\/\/www.gamaprofessional.com\/es\/prodotto\/asciugacapelli-bora-lino\/#breadcrumb"},"inLanguage":"es","potentialAction":[{"@type":"ReadAction","target":["https:\/\/www.gamaprofessional.com\/es\/prodotto\/asciugacapelli-bora-lino\/"]}]},{"@type":"ImageObject","inLanguage":"es","@id":"https:\/\/www.gamaprofessional.com\/es\/prodotto\/asciugacapelli-bora-lino\/#primaryimage","url":"https:\/\/www.gamaprofessional.com\/wp-content\/uploads\/2024\/11\/BORA-LINO-GH0820.png","contentUrl":"https:\/\/www.gamaprofessional.com\/wp-content\/uploads\/2024\/11\/BORA-LINO-GH0820.png","width":1080,"height":1080,"caption":"ASCIUGACAPELLI BORA LINO"},{"@type":"BreadcrumbList","@id":"https:\/\/www.gamaprofessional.com\/es\/prodotto\/asciugacapelli-bora-lino\/#breadcrumb","itemListElement":[{"@type":"ListItem","position":1,"name":"Home","item":"https:\/\/www.gamaprofessional.com\/es\/homepage\/"},{"@type":"ListItem","position":2,"name":"Tienda","item":"https:\/\/www.gamaprofessional.com\/shop\/"},{"@type":"ListItem","position":3,"name":"Haircare","item":"https:\/\/www.gamaprofessional.com\/es\/categoria-prodotto\/haircare-es\/"},{"@type":"ListItem","position":4,"name":"Secador de pelo","item":"https:\/\/www.gamaprofessional.com\/es\/categoria-prodotto\/haircare-es\/secador-de-pelo\/"},{"@type":"ListItem","position":5,"name":"SECADOR DE PELO BORA LINO"}]},{"@type":"WebSite","@id":"https:\/\/www.gamaprofessional.com\/es\/#website","url":"https:\/\/www.gamaprofessional.com\/es\/","name":"Gama Professional","description":"","potentialAction":[{"@type":"SearchAction","target":{"@type":"EntryPoint","urlTemplate":"https:\/\/www.gamaprofessional.com\/es\/?s={search_term_string}"},"query-input":{"@type":"PropertyValueSpecification","valueRequired":true,"valueName":"search_term_string"}}],"inLanguage":"es"}]}},"_links":{"self":[{"href":"https:\/\/www.gamaprofessional.com\/es\/wp-json\/wp\/v2\/product\/1329","targetHints":{"allow":["GET"]}}],"collection":[{"href":"https:\/\/www.gamaprofessional.com\/es\/wp-json\/wp\/v2\/product"}],"about":[{"href":"https:\/\/www.gamaprofessional.com\/es\/wp-json\/wp\/v2\/types\/product"}],"wp:featuredmedia":[{"embeddable":true,"href":"https:\/\/www.gamaprofessional.com\/es\/wp-json\/wp\/v2\/media\/1326"}],"wp:attachment":[{"href":"https:\/\/www.gamaprofessional.com\/es\/wp-json\/wp\/v2\/media?parent=1329"}],"wp:term":[{"taxonomy":"product_brand","embeddable":true,"href":"https:\/\/www.gamaprofessional.com\/es\/wp-json\/wp\/v2\/product_brand?post=1329"},{"taxonomy":"product_cat","embeddable":true,"href":"https:\/\/www.gamaprofessional.com\/es\/wp-json\/wp\/v2\/product_cat?post=1329"},{"taxonomy":"product_tag","embeddable":true,"href":"https:\/\/www.gamaprofessional.com\/es\/wp-json\/wp\/v2\/product_tag?post=1329"}],"curies":[{"name":"wp","href":"https:\/\/api.w.org\/{rel}","templated":true}]}}