{"id":1396,"date":"2024-11-07T16:07:25","date_gmt":"2024-11-07T15:07:25","guid":{"rendered":"https:\/\/www.gamaprofessional.com\/?post_type=product&#038;p=1396"},"modified":"2025-10-24T16:12:05","modified_gmt":"2025-10-24T14:12:05","slug":"phon-comfort-halogen-5d","status":"publish","type":"product","link":"https:\/\/www.gamaprofessional.com\/es\/prodotto\/phon-comfort-halogen-5d\/","title":{"rendered":"SECADOR DE PELO COMFORT HALOGEN 5D"},"content":{"rendered":"<p><strong>Comfort Halogen 5D Therapy<\/strong> es un secador que garantiza resultados profesionales con una comodidad total.<\/p>\n<p>Es un instrumento potente gracias a sus <strong>2200 W<\/strong>, pero al mismo tiempo maniobrable y ligero, ideal para utilizarlo en cualquier ambiente, tanto sea profesional como privado.<\/p>\n<p>El <strong>motor AC<\/strong> asegura alt\u00edsimas prestaciones y una larga vida del producto. El coraz\u00f3n de Comfort Halogen 5D Therapy es la <strong>tecnolog\u00eda hal\u00f3gena<\/strong>, que consiste en una l\u00e1mpara interna capaz de generar ondas t\u00e9rmicas que penetran directamente en el tronco del cabello, sec\u00e1ndolo desde el interior hacia el exterior sin da\u00f1arlo.<\/p>\n<p>Su elevada capacidad de calentamiento, combinada con la emisi\u00f3n de iones, ozono y calor infrarrojo, garantizan 5 efectos beneficiosos para los cabellos: reconstrucci\u00f3n y protecci\u00f3n de los cabellos, efecto anti-edad, anti-encrespamiento y luminosidad extra. Sus <strong>6 combinaciones posibles<\/strong> ofrecen una basta selecci\u00f3n de velocidades y temperaturas, mientras que el golpe de aire fr\u00edo ayuda a fijar el peinado por m\u00e1s tiempo.<\/p>\n<p>Gracias a los dos accesorios incluidos podr\u00e1s crear diferentes styings: dos boquillas para un peinado ultra r\u00e1pido y un difusor ideal para estilos con movimiento. Su filtro extra\u00edble facilita la limpieza, mientras que su cable de 2,5 metros con gancho permite guardarlo c\u00f3modamente.<\/p>\n","protected":false},"excerpt":{"rendered":"<p>Un potente secador con tecnolog\u00eda hal\u00f3gena que genera un calor suave en el cabello. Con tecnolog\u00eda de ozono para un efecto antienvejecimiento y tecnolog\u00eda Ion Plus para acabar con el encrespamiento. <\/p>\n","protected":false},"featured_media":1393,"template":"","meta":{"_acf_changed":false},"product_brand":[],"product_cat":[328],"product_tag":[],"class_list":{"0":"post-1396","1":"product","2":"type-product","3":"status-publish","4":"has-post-thumbnail","6":"product_cat-secador-de-pelo","8":"first","9":"outofstock","10":"taxable","11":"shipping-taxable","12":"purchasable","13":"product-type-simple"},"acf":[],"yoast_head":"<!-- This site is optimized with the Yoast SEO plugin v27.5 - https:\/\/yoast.com\/product\/yoast-seo-wordpress\/ -->\n<title>SECADOR DE PELO COMFORT HALOGEN 5D - Gama Professional<\/title>\n<meta name=\"description\" content=\"Un secador de pelo potente, equipado con tecnolog\u00eda hal\u00f3gena para generar un calor suave en el cabello. Con la tecnolog\u00eda Ozone para un efecto anti-envejecimiento y la tecnolog\u00eda Ion Plus para decir adi\u00f3s al frizz.\" \/>\n<meta name=\"robots\" content=\"index, follow, max-snippet:-1, max-image-preview:large, max-video-preview:-1\" \/>\n<link rel=\"canonical\" href=\"https:\/\/www.gamaprofessional.com\/es\/prodotto\/phon-comfort-halogen-5d\/\" \/>\n<meta property=\"og:locale\" content=\"es_ES\" \/>\n<meta property=\"og:type\" content=\"article\" \/>\n<meta property=\"og:title\" content=\"SECADOR DE PELO COMFORT HALOGEN 5D - Gama Professional\" \/>\n<meta property=\"og:description\" content=\"Un secador de pelo potente, equipado con tecnolog\u00eda hal\u00f3gena para generar un calor suave en el cabello. Con la tecnolog\u00eda Ozone para un efecto anti-envejecimiento y la tecnolog\u00eda Ion Plus para decir adi\u00f3s al frizz.\" \/>\n<meta property=\"og:url\" content=\"https:\/\/www.gamaprofessional.com\/es\/prodotto\/phon-comfort-halogen-5d\/\" \/>\n<meta property=\"og:site_name\" content=\"Gama Professional\" \/>\n<meta property=\"article:modified_time\" content=\"2025-10-24T14:12:05+00:00\" \/>\n<meta property=\"og:image\" content=\"https:\/\/www.gamaprofessional.com\/wp-content\/uploads\/2024\/11\/HALOGEN-COMFORT-5D.png\" \/>\n\t<meta property=\"og:image:width\" content=\"1080\" \/>\n\t<meta property=\"og:image:height\" content=\"1080\" \/>\n\t<meta property=\"og:image:type\" content=\"image\/png\" \/>\n<meta name=\"twitter:card\" content=\"summary_large_image\" \/>\n<meta name=\"twitter:label1\" content=\"Tiempo de lectura\" \/>\n\t<meta name=\"twitter:data1\" content=\"2 minutos\" \/>\n<script type=\"application\/ld+json\" class=\"yoast-schema-graph\">{\"@context\":\"https:\\\/\\\/schema.org\",\"@graph\":[{\"@type\":\"WebPage\",\"@id\":\"https:\\\/\\\/www.gamaprofessional.com\\\/es\\\/prodotto\\\/phon-comfort-halogen-5d\\\/\",\"url\":\"https:\\\/\\\/www.gamaprofessional.com\\\/es\\\/prodotto\\\/phon-comfort-halogen-5d\\\/\",\"name\":\"SECADOR DE PELO COMFORT HALOGEN 5D - Gama Professional\",\"isPartOf\":{\"@id\":\"https:\\\/\\\/www.gamaprofessional.com\\\/es\\\/#website\"},\"primaryImageOfPage\":{\"@id\":\"https:\\\/\\\/www.gamaprofessional.com\\\/es\\\/prodotto\\\/phon-comfort-halogen-5d\\\/#primaryimage\"},\"image\":{\"@id\":\"https:\\\/\\\/www.gamaprofessional.com\\\/es\\\/prodotto\\\/phon-comfort-halogen-5d\\\/#primaryimage\"},\"thumbnailUrl\":\"https:\\\/\\\/www.gamaprofessional.com\\\/wp-content\\\/uploads\\\/2024\\\/11\\\/HALOGEN-COMFORT-5D.png\",\"datePublished\":\"2024-11-07T15:07:25+00:00\",\"dateModified\":\"2025-10-24T14:12:05+00:00\",\"description\":\"Un secador de pelo potente, equipado con tecnolog\u00eda hal\u00f3gena para generar un calor suave en el cabello. Con la tecnolog\u00eda Ozone para un efecto anti-envejecimiento y la tecnolog\u00eda Ion Plus para decir adi\u00f3s al frizz.\",\"breadcrumb\":{\"@id\":\"https:\\\/\\\/www.gamaprofessional.com\\\/es\\\/prodotto\\\/phon-comfort-halogen-5d\\\/#breadcrumb\"},\"inLanguage\":\"es\",\"potentialAction\":[{\"@type\":\"ReadAction\",\"target\":[\"https:\\\/\\\/www.gamaprofessional.com\\\/es\\\/prodotto\\\/phon-comfort-halogen-5d\\\/\"]}]},{\"@type\":\"ImageObject\",\"inLanguage\":\"es\",\"@id\":\"https:\\\/\\\/www.gamaprofessional.com\\\/es\\\/prodotto\\\/phon-comfort-halogen-5d\\\/#primaryimage\",\"url\":\"https:\\\/\\\/www.gamaprofessional.com\\\/wp-content\\\/uploads\\\/2024\\\/11\\\/HALOGEN-COMFORT-5D.png\",\"contentUrl\":\"https:\\\/\\\/www.gamaprofessional.com\\\/wp-content\\\/uploads\\\/2024\\\/11\\\/HALOGEN-COMFORT-5D.png\",\"width\":1080,\"height\":1080,\"caption\":\"HALOGEN COMFORT 5D\"},{\"@type\":\"BreadcrumbList\",\"@id\":\"https:\\\/\\\/www.gamaprofessional.com\\\/es\\\/prodotto\\\/phon-comfort-halogen-5d\\\/#breadcrumb\",\"itemListElement\":[{\"@type\":\"ListItem\",\"position\":1,\"name\":\"Home\",\"item\":\"https:\\\/\\\/www.gamaprofessional.com\\\/es\\\/homepage\\\/\"},{\"@type\":\"ListItem\",\"position\":2,\"name\":\"Tienda\",\"item\":\"https:\\\/\\\/www.gamaprofessional.com\\\/shop\\\/\"},{\"@type\":\"ListItem\",\"position\":3,\"name\":\"Haircare\",\"item\":\"https:\\\/\\\/www.gamaprofessional.com\\\/es\\\/categoria-prodotto\\\/haircare-es\\\/\"},{\"@type\":\"ListItem\",\"position\":4,\"name\":\"Secador de pelo\",\"item\":\"https:\\\/\\\/www.gamaprofessional.com\\\/es\\\/categoria-prodotto\\\/haircare-es\\\/secador-de-pelo\\\/\"},{\"@type\":\"ListItem\",\"position\":5,\"name\":\"SECADOR DE PELO COMFORT HALOGEN 5D\"}]},{\"@type\":\"WebSite\",\"@id\":\"https:\\\/\\\/www.gamaprofessional.com\\\/es\\\/#website\",\"url\":\"https:\\\/\\\/www.gamaprofessional.com\\\/es\\\/\",\"name\":\"Gama Professional\",\"description\":\"\",\"potentialAction\":[{\"@type\":\"SearchAction\",\"target\":{\"@type\":\"EntryPoint\",\"urlTemplate\":\"https:\\\/\\\/www.gamaprofessional.com\\\/es\\\/?s={search_term_string}\"},\"query-input\":{\"@type\":\"PropertyValueSpecification\",\"valueRequired\":true,\"valueName\":\"search_term_string\"}}],\"inLanguage\":\"es\"}]}<\/script>\n<!-- \/ Yoast SEO plugin. -->","yoast_head_json":{"title":"SECADOR DE PELO COMFORT HALOGEN 5D - Gama Professional","description":"Un secador de pelo potente, equipado con tecnolog\u00eda hal\u00f3gena para generar un calor suave en el cabello. Con la tecnolog\u00eda Ozone para un efecto anti-envejecimiento y la tecnolog\u00eda Ion Plus para decir adi\u00f3s al frizz.","robots":{"index":"index","follow":"follow","max-snippet":"max-snippet:-1","max-image-preview":"max-image-preview:large","max-video-preview":"max-video-preview:-1"},"canonical":"https:\/\/www.gamaprofessional.com\/es\/prodotto\/phon-comfort-halogen-5d\/","og_locale":"es_ES","og_type":"article","og_title":"SECADOR DE PELO COMFORT HALOGEN 5D - Gama Professional","og_description":"Un secador de pelo potente, equipado con tecnolog\u00eda hal\u00f3gena para generar un calor suave en el cabello. Con la tecnolog\u00eda Ozone para un efecto anti-envejecimiento y la tecnolog\u00eda Ion Plus para decir adi\u00f3s al frizz.","og_url":"https:\/\/www.gamaprofessional.com\/es\/prodotto\/phon-comfort-halogen-5d\/","og_site_name":"Gama Professional","article_modified_time":"2025-10-24T14:12:05+00:00","og_image":[{"width":1080,"height":1080,"url":"https:\/\/www.gamaprofessional.com\/wp-content\/uploads\/2024\/11\/HALOGEN-COMFORT-5D.png","type":"image\/png"}],"twitter_card":"summary_large_image","twitter_misc":{"Tiempo de lectura":"2 minutos"},"schema":{"@context":"https:\/\/schema.org","@graph":[{"@type":"WebPage","@id":"https:\/\/www.gamaprofessional.com\/es\/prodotto\/phon-comfort-halogen-5d\/","url":"https:\/\/www.gamaprofessional.com\/es\/prodotto\/phon-comfort-halogen-5d\/","name":"SECADOR DE PELO COMFORT HALOGEN 5D - Gama Professional","isPartOf":{"@id":"https:\/\/www.gamaprofessional.com\/es\/#website"},"primaryImageOfPage":{"@id":"https:\/\/www.gamaprofessional.com\/es\/prodotto\/phon-comfort-halogen-5d\/#primaryimage"},"image":{"@id":"https:\/\/www.gamaprofessional.com\/es\/prodotto\/phon-comfort-halogen-5d\/#primaryimage"},"thumbnailUrl":"https:\/\/www.gamaprofessional.com\/wp-content\/uploads\/2024\/11\/HALOGEN-COMFORT-5D.png","datePublished":"2024-11-07T15:07:25+00:00","dateModified":"2025-10-24T14:12:05+00:00","description":"Un secador de pelo potente, equipado con tecnolog\u00eda hal\u00f3gena para generar un calor suave en el cabello. Con la tecnolog\u00eda Ozone para un efecto anti-envejecimiento y la tecnolog\u00eda Ion Plus para decir adi\u00f3s al frizz.","breadcrumb":{"@id":"https:\/\/www.gamaprofessional.com\/es\/prodotto\/phon-comfort-halogen-5d\/#breadcrumb"},"inLanguage":"es","potentialAction":[{"@type":"ReadAction","target":["https:\/\/www.gamaprofessional.com\/es\/prodotto\/phon-comfort-halogen-5d\/"]}]},{"@type":"ImageObject","inLanguage":"es","@id":"https:\/\/www.gamaprofessional.com\/es\/prodotto\/phon-comfort-halogen-5d\/#primaryimage","url":"https:\/\/www.gamaprofessional.com\/wp-content\/uploads\/2024\/11\/HALOGEN-COMFORT-5D.png","contentUrl":"https:\/\/www.gamaprofessional.com\/wp-content\/uploads\/2024\/11\/HALOGEN-COMFORT-5D.png","width":1080,"height":1080,"caption":"HALOGEN COMFORT 5D"},{"@type":"BreadcrumbList","@id":"https:\/\/www.gamaprofessional.com\/es\/prodotto\/phon-comfort-halogen-5d\/#breadcrumb","itemListElement":[{"@type":"ListItem","position":1,"name":"Home","item":"https:\/\/www.gamaprofessional.com\/es\/homepage\/"},{"@type":"ListItem","position":2,"name":"Tienda","item":"https:\/\/www.gamaprofessional.com\/shop\/"},{"@type":"ListItem","position":3,"name":"Haircare","item":"https:\/\/www.gamaprofessional.com\/es\/categoria-prodotto\/haircare-es\/"},{"@type":"ListItem","position":4,"name":"Secador de pelo","item":"https:\/\/www.gamaprofessional.com\/es\/categoria-prodotto\/haircare-es\/secador-de-pelo\/"},{"@type":"ListItem","position":5,"name":"SECADOR DE PELO COMFORT HALOGEN 5D"}]},{"@type":"WebSite","@id":"https:\/\/www.gamaprofessional.com\/es\/#website","url":"https:\/\/www.gamaprofessional.com\/es\/","name":"Gama Professional","description":"","potentialAction":[{"@type":"SearchAction","target":{"@type":"EntryPoint","urlTemplate":"https:\/\/www.gamaprofessional.com\/es\/?s={search_term_string}"},"query-input":{"@type":"PropertyValueSpecification","valueRequired":true,"valueName":"search_term_string"}}],"inLanguage":"es"}]}},"_links":{"self":[{"href":"https:\/\/www.gamaprofessional.com\/es\/wp-json\/wp\/v2\/product\/1396","targetHints":{"allow":["GET"]}}],"collection":[{"href":"https:\/\/www.gamaprofessional.com\/es\/wp-json\/wp\/v2\/product"}],"about":[{"href":"https:\/\/www.gamaprofessional.com\/es\/wp-json\/wp\/v2\/types\/product"}],"wp:featuredmedia":[{"embeddable":true,"href":"https:\/\/www.gamaprofessional.com\/es\/wp-json\/wp\/v2\/media\/1393"}],"wp:attachment":[{"href":"https:\/\/www.gamaprofessional.com\/es\/wp-json\/wp\/v2\/media?parent=1396"}],"wp:term":[{"taxonomy":"product_brand","embeddable":true,"href":"https:\/\/www.gamaprofessional.com\/es\/wp-json\/wp\/v2\/product_brand?post=1396"},{"taxonomy":"product_cat","embeddable":true,"href":"https:\/\/www.gamaprofessional.com\/es\/wp-json\/wp\/v2\/product_cat?post=1396"},{"taxonomy":"product_tag","embeddable":true,"href":"https:\/\/www.gamaprofessional.com\/es\/wp-json\/wp\/v2\/product_tag?post=1396"}],"curies":[{"name":"wp","href":"https:\/\/api.w.org\/{rel}","templated":true}]}}