{"id":2265,"date":"2024-11-26T16:59:10","date_gmt":"2024-11-26T15:59:10","guid":{"rendered":"https:\/\/www.gamaprofessional.com\/?post_type=product&#038;p=2265"},"modified":"2025-12-07T14:32:52","modified_gmt":"2025-12-07T13:32:52","slug":"cortapelos-gc-titanium","status":"publish","type":"product","link":"https:\/\/www.gamaprofessional.com\/es\/prodotto\/cortapelos-gc-titanium\/","title":{"rendered":"CORTAPELOS GC TITANIUM"},"content":{"rendered":"<p>GC Titanium es el cortapelos cord-cordless equipado con una bater\u00eda de litio de carga r\u00e1pida que se carga por completo en 90 minutos, permitiendo un uso <strong>sin cable de hasta 180 minutos<\/strong>. Para el primer uso, debe cargarse durante 12 horas. <\/p>\n<p>Su cuchilla de <strong>acero inoxidable ultra afilada<\/strong> garantiza un corte preciso y suave. La cuchilla est\u00e1 recubierta de <strong>diamantes \u201cDLC\u201d<\/strong> para una m\u00e1xima durabilidad del afilado. <\/p>\n<p>Los 4 peines gu\u00eda incluidos permiten ajustar la longitud de corte de 3 a 13 mm, con 4 configuraciones diferentes: 3, 6, 10 y 13 mm. GC TITANIUM tambi\u00e9n permite realizar acabados precisos cuando se utiliza sin peine gu\u00eda, gracias a la palanca lateral ajustable <strong>de 0,8 a 2,0 mm<\/strong>.<\/p>\n<p>Es indispensable limpiar el aparato diariamente para mantener un alto nivel de rendimiento, lo cual es f\u00e1cil gracias a las herramientas incluidas en el kit.<\/p>\n","protected":false},"excerpt":{"rendered":"<p>Cortapelos profesional Cord-Cordless con un estilo ic\u00f3nico y elegante que refleja el dise\u00f1o italiano. Cuchilla de acero inoxidable ultraafilada recubierta de diamantes \u201cDLC\u201d para garantizar una m\u00e1xima durabilidad del afilado y menor fricci\u00f3n entre las cuchillas. Bater\u00eda de litio de carga r\u00e1pida. Autonom\u00eda de 180 minutos.   <\/p>\n","protected":false},"featured_media":2262,"template":"","meta":{"_acf_changed":false},"product_brand":[],"product_cat":[457],"product_tag":[],"class_list":{"0":"post-2265","1":"product","2":"type-product","3":"status-publish","4":"has-post-thumbnail","6":"product_cat-cortapelos","8":"first","9":"instock","10":"sale","11":"taxable","12":"shipping-taxable","13":"purchasable","14":"product-type-simple"},"acf":[],"yoast_head":"<!-- This site is optimized with the Yoast SEO plugin v27.5 - https:\/\/yoast.com\/product\/yoast-seo-wordpress\/ -->\n<title>CORTAPELOS GC TITANIUM - Gama Professional<\/title>\n<meta name=\"description\" content=\"Cortapelos profesional Cord-Cordless con cuchilla de acero inoxidable ultraafilada recubierta de diamantes \u201cDLC\u201d. Autonom\u00eda de uso de 180 minutos.\" \/>\n<meta name=\"robots\" content=\"index, follow, max-snippet:-1, max-image-preview:large, max-video-preview:-1\" \/>\n<link rel=\"canonical\" href=\"https:\/\/www.gamaprofessional.com\/es\/prodotto\/cortapelos-gc-titanium\/\" \/>\n<meta property=\"og:locale\" content=\"es_ES\" \/>\n<meta property=\"og:type\" content=\"article\" \/>\n<meta property=\"og:title\" content=\"CORTAPELOS GC TITANIUM - Gama Professional\" \/>\n<meta property=\"og:description\" content=\"Cortapelos profesional Cord-Cordless con cuchilla de acero inoxidable ultraafilada recubierta de diamantes \u201cDLC\u201d. Autonom\u00eda de uso de 180 minutos.\" \/>\n<meta property=\"og:url\" content=\"https:\/\/www.gamaprofessional.com\/es\/prodotto\/cortapelos-gc-titanium\/\" \/>\n<meta property=\"og:site_name\" content=\"Gama Professional\" \/>\n<meta property=\"article:modified_time\" content=\"2025-12-07T13:32:52+00:00\" \/>\n<meta property=\"og:image\" content=\"https:\/\/www.gamaprofessional.com\/wp-content\/uploads\/2024\/11\/GC-TITANIUM.png\" \/>\n\t<meta property=\"og:image:width\" content=\"1080\" \/>\n\t<meta property=\"og:image:height\" content=\"1080\" \/>\n\t<meta property=\"og:image:type\" content=\"image\/png\" \/>\n<meta name=\"twitter:card\" content=\"summary_large_image\" \/>\n<meta name=\"twitter:label1\" content=\"Tiempo de lectura\" \/>\n\t<meta name=\"twitter:data1\" content=\"1 minuto\" \/>\n<script type=\"application\/ld+json\" class=\"yoast-schema-graph\">{\"@context\":\"https:\\\/\\\/schema.org\",\"@graph\":[{\"@type\":\"WebPage\",\"@id\":\"https:\\\/\\\/www.gamaprofessional.com\\\/es\\\/prodotto\\\/cortapelos-gc-titanium\\\/\",\"url\":\"https:\\\/\\\/www.gamaprofessional.com\\\/es\\\/prodotto\\\/cortapelos-gc-titanium\\\/\",\"name\":\"CORTAPELOS GC TITANIUM - Gama Professional\",\"isPartOf\":{\"@id\":\"https:\\\/\\\/www.gamaprofessional.com\\\/es\\\/#website\"},\"primaryImageOfPage\":{\"@id\":\"https:\\\/\\\/www.gamaprofessional.com\\\/es\\\/prodotto\\\/cortapelos-gc-titanium\\\/#primaryimage\"},\"image\":{\"@id\":\"https:\\\/\\\/www.gamaprofessional.com\\\/es\\\/prodotto\\\/cortapelos-gc-titanium\\\/#primaryimage\"},\"thumbnailUrl\":\"https:\\\/\\\/www.gamaprofessional.com\\\/wp-content\\\/uploads\\\/2024\\\/11\\\/GC-TITANIUM.png\",\"datePublished\":\"2024-11-26T15:59:10+00:00\",\"dateModified\":\"2025-12-07T13:32:52+00:00\",\"description\":\"Cortapelos profesional Cord-Cordless con cuchilla de acero inoxidable ultraafilada recubierta de diamantes \u201cDLC\u201d. Autonom\u00eda de uso de 180 minutos.\",\"breadcrumb\":{\"@id\":\"https:\\\/\\\/www.gamaprofessional.com\\\/es\\\/prodotto\\\/cortapelos-gc-titanium\\\/#breadcrumb\"},\"inLanguage\":\"es\",\"potentialAction\":[{\"@type\":\"ReadAction\",\"target\":[\"https:\\\/\\\/www.gamaprofessional.com\\\/es\\\/prodotto\\\/cortapelos-gc-titanium\\\/\"]}]},{\"@type\":\"ImageObject\",\"inLanguage\":\"es\",\"@id\":\"https:\\\/\\\/www.gamaprofessional.com\\\/es\\\/prodotto\\\/cortapelos-gc-titanium\\\/#primaryimage\",\"url\":\"https:\\\/\\\/www.gamaprofessional.com\\\/wp-content\\\/uploads\\\/2024\\\/11\\\/GC-TITANIUM.png\",\"contentUrl\":\"https:\\\/\\\/www.gamaprofessional.com\\\/wp-content\\\/uploads\\\/2024\\\/11\\\/GC-TITANIUM.png\",\"width\":1080,\"height\":1080,\"caption\":\"GC TITANIUM\"},{\"@type\":\"BreadcrumbList\",\"@id\":\"https:\\\/\\\/www.gamaprofessional.com\\\/es\\\/prodotto\\\/cortapelos-gc-titanium\\\/#breadcrumb\",\"itemListElement\":[{\"@type\":\"ListItem\",\"position\":1,\"name\":\"Home\",\"item\":\"https:\\\/\\\/www.gamaprofessional.com\\\/es\\\/homepage\\\/\"},{\"@type\":\"ListItem\",\"position\":2,\"name\":\"Tienda\",\"item\":\"https:\\\/\\\/www.gamaprofessional.com\\\/shop\\\/\"},{\"@type\":\"ListItem\",\"position\":3,\"name\":\"Grooming\",\"item\":\"https:\\\/\\\/www.gamaprofessional.com\\\/es\\\/categoria-prodotto\\\/grooming-es\\\/\"},{\"@type\":\"ListItem\",\"position\":4,\"name\":\"Cortapelos\",\"item\":\"https:\\\/\\\/www.gamaprofessional.com\\\/es\\\/categoria-prodotto\\\/grooming-es\\\/cortapelos\\\/\"},{\"@type\":\"ListItem\",\"position\":5,\"name\":\"CORTAPELOS GC TITANIUM\"}]},{\"@type\":\"WebSite\",\"@id\":\"https:\\\/\\\/www.gamaprofessional.com\\\/es\\\/#website\",\"url\":\"https:\\\/\\\/www.gamaprofessional.com\\\/es\\\/\",\"name\":\"Gama Professional\",\"description\":\"\",\"potentialAction\":[{\"@type\":\"SearchAction\",\"target\":{\"@type\":\"EntryPoint\",\"urlTemplate\":\"https:\\\/\\\/www.gamaprofessional.com\\\/es\\\/?s={search_term_string}\"},\"query-input\":{\"@type\":\"PropertyValueSpecification\",\"valueRequired\":true,\"valueName\":\"search_term_string\"}}],\"inLanguage\":\"es\"}]}<\/script>\n<!-- \/ Yoast SEO plugin. -->","yoast_head_json":{"title":"CORTAPELOS GC TITANIUM - Gama Professional","description":"Cortapelos profesional Cord-Cordless con cuchilla de acero inoxidable ultraafilada recubierta de diamantes \u201cDLC\u201d. Autonom\u00eda de uso de 180 minutos.","robots":{"index":"index","follow":"follow","max-snippet":"max-snippet:-1","max-image-preview":"max-image-preview:large","max-video-preview":"max-video-preview:-1"},"canonical":"https:\/\/www.gamaprofessional.com\/es\/prodotto\/cortapelos-gc-titanium\/","og_locale":"es_ES","og_type":"article","og_title":"CORTAPELOS GC TITANIUM - Gama Professional","og_description":"Cortapelos profesional Cord-Cordless con cuchilla de acero inoxidable ultraafilada recubierta de diamantes \u201cDLC\u201d. Autonom\u00eda de uso de 180 minutos.","og_url":"https:\/\/www.gamaprofessional.com\/es\/prodotto\/cortapelos-gc-titanium\/","og_site_name":"Gama Professional","article_modified_time":"2025-12-07T13:32:52+00:00","og_image":[{"width":1080,"height":1080,"url":"https:\/\/www.gamaprofessional.com\/wp-content\/uploads\/2024\/11\/GC-TITANIUM.png","type":"image\/png"}],"twitter_card":"summary_large_image","twitter_misc":{"Tiempo de lectura":"1 minuto"},"schema":{"@context":"https:\/\/schema.org","@graph":[{"@type":"WebPage","@id":"https:\/\/www.gamaprofessional.com\/es\/prodotto\/cortapelos-gc-titanium\/","url":"https:\/\/www.gamaprofessional.com\/es\/prodotto\/cortapelos-gc-titanium\/","name":"CORTAPELOS GC TITANIUM - Gama Professional","isPartOf":{"@id":"https:\/\/www.gamaprofessional.com\/es\/#website"},"primaryImageOfPage":{"@id":"https:\/\/www.gamaprofessional.com\/es\/prodotto\/cortapelos-gc-titanium\/#primaryimage"},"image":{"@id":"https:\/\/www.gamaprofessional.com\/es\/prodotto\/cortapelos-gc-titanium\/#primaryimage"},"thumbnailUrl":"https:\/\/www.gamaprofessional.com\/wp-content\/uploads\/2024\/11\/GC-TITANIUM.png","datePublished":"2024-11-26T15:59:10+00:00","dateModified":"2025-12-07T13:32:52+00:00","description":"Cortapelos profesional Cord-Cordless con cuchilla de acero inoxidable ultraafilada recubierta de diamantes \u201cDLC\u201d. Autonom\u00eda de uso de 180 minutos.","breadcrumb":{"@id":"https:\/\/www.gamaprofessional.com\/es\/prodotto\/cortapelos-gc-titanium\/#breadcrumb"},"inLanguage":"es","potentialAction":[{"@type":"ReadAction","target":["https:\/\/www.gamaprofessional.com\/es\/prodotto\/cortapelos-gc-titanium\/"]}]},{"@type":"ImageObject","inLanguage":"es","@id":"https:\/\/www.gamaprofessional.com\/es\/prodotto\/cortapelos-gc-titanium\/#primaryimage","url":"https:\/\/www.gamaprofessional.com\/wp-content\/uploads\/2024\/11\/GC-TITANIUM.png","contentUrl":"https:\/\/www.gamaprofessional.com\/wp-content\/uploads\/2024\/11\/GC-TITANIUM.png","width":1080,"height":1080,"caption":"GC TITANIUM"},{"@type":"BreadcrumbList","@id":"https:\/\/www.gamaprofessional.com\/es\/prodotto\/cortapelos-gc-titanium\/#breadcrumb","itemListElement":[{"@type":"ListItem","position":1,"name":"Home","item":"https:\/\/www.gamaprofessional.com\/es\/homepage\/"},{"@type":"ListItem","position":2,"name":"Tienda","item":"https:\/\/www.gamaprofessional.com\/shop\/"},{"@type":"ListItem","position":3,"name":"Grooming","item":"https:\/\/www.gamaprofessional.com\/es\/categoria-prodotto\/grooming-es\/"},{"@type":"ListItem","position":4,"name":"Cortapelos","item":"https:\/\/www.gamaprofessional.com\/es\/categoria-prodotto\/grooming-es\/cortapelos\/"},{"@type":"ListItem","position":5,"name":"CORTAPELOS GC TITANIUM"}]},{"@type":"WebSite","@id":"https:\/\/www.gamaprofessional.com\/es\/#website","url":"https:\/\/www.gamaprofessional.com\/es\/","name":"Gama Professional","description":"","potentialAction":[{"@type":"SearchAction","target":{"@type":"EntryPoint","urlTemplate":"https:\/\/www.gamaprofessional.com\/es\/?s={search_term_string}"},"query-input":{"@type":"PropertyValueSpecification","valueRequired":true,"valueName":"search_term_string"}}],"inLanguage":"es"}]}},"_links":{"self":[{"href":"https:\/\/www.gamaprofessional.com\/es\/wp-json\/wp\/v2\/product\/2265","targetHints":{"allow":["GET"]}}],"collection":[{"href":"https:\/\/www.gamaprofessional.com\/es\/wp-json\/wp\/v2\/product"}],"about":[{"href":"https:\/\/www.gamaprofessional.com\/es\/wp-json\/wp\/v2\/types\/product"}],"wp:featuredmedia":[{"embeddable":true,"href":"https:\/\/www.gamaprofessional.com\/es\/wp-json\/wp\/v2\/media\/2262"}],"wp:attachment":[{"href":"https:\/\/www.gamaprofessional.com\/es\/wp-json\/wp\/v2\/media?parent=2265"}],"wp:term":[{"taxonomy":"product_brand","embeddable":true,"href":"https:\/\/www.gamaprofessional.com\/es\/wp-json\/wp\/v2\/product_brand?post=2265"},{"taxonomy":"product_cat","embeddable":true,"href":"https:\/\/www.gamaprofessional.com\/es\/wp-json\/wp\/v2\/product_cat?post=2265"},{"taxonomy":"product_tag","embeddable":true,"href":"https:\/\/www.gamaprofessional.com\/es\/wp-json\/wp\/v2\/product_tag?post=2265"}],"curies":[{"name":"wp","href":"https:\/\/api.w.org\/{rel}","templated":true}]}}