{"id":2381,"date":"2024-12-01T11:49:11","date_gmt":"2024-12-01T10:49:11","guid":{"rendered":"https:\/\/www.gamaprofessional.com\/?post_type=product&#038;p=2381"},"modified":"2025-11-23T16:42:14","modified_gmt":"2025-11-23T15:42:14","slug":"rizador-on-off-dual-plates-33","status":"publish","type":"product","link":"https:\/\/www.gamaprofessional.com\/es\/prodotto\/rizador-on-off-dual-plates-33\/","title":{"rendered":"RIZADOR ON OFF DUAL PLATES 33"},"content":{"rendered":"<p>Con el rizador de 33 mm de di\u00e1metro On-Off Dual Plates, puedes lucir ondas voluminosas. El <strong>di\u00e1metro de 33 mm<\/strong> es particularmente efectivo en cabellos de longitud media a larga, proporcionando un notable efecto voluminizador, especialmente en mechones de longitud media. <\/p>\n<p>Con un <strong>doble recubrimiento<\/strong> con una pinza de <strong>titanio pulido<\/strong> y un tubo de <strong>cer\u00e1mica<\/strong> enriquecido con aceites esenciales.<\/p>\n<p>El titanio, con su excelente conductividad t\u00e9rmica, mantiene una temperatura constante para resultados de peinado impecables. La cer\u00e1mica infundida con aceites esenciales ofrece un deslizamiento suave, con una eficiencia t\u00e9rmica superior y una protecci\u00f3n m\u00e1xima para el cabello, nutri\u00e9ndolo en profundidad y preservando su humedad natural. <\/p>\n<p>La punta fr\u00eda del rizador evita quemaduras no deseadas, mientras que el cable giratorio a 360\u00b0 te permite realizar todos los movimientos necesarios para crear rizos perfectos.<\/p>\n<p>Elige nuestro rizador On-Off Dual Plates para lograr rizos grandes y voluminosos, transformando tu peinado en una obra maestra de estilo y volumen.<\/p>\n","protected":false},"excerpt":{"rendered":"<p>Rizador ideal para crear rizos grandes y voluminosos. Equipado con un doble recubrimiento de titanio y cer\u00e1mica infundida con aceites esenciales para tratamientos suaves incluso en las melenas m\u00e1s voluminosas, efecto anti-frizz y un cabello m\u00e1s brillante. Temperatura siempre ideal a 230\u00b0C.  <\/p>\n","protected":false},"featured_media":2378,"template":"","meta":{"_acf_changed":false},"product_brand":[],"product_cat":[445],"product_tag":[],"class_list":{"0":"post-2381","1":"product","2":"type-product","3":"status-publish","4":"has-post-thumbnail","6":"product_cat-rizadores","8":"first","9":"instock","10":"sale","11":"taxable","12":"shipping-taxable","13":"purchasable","14":"product-type-simple"},"acf":[],"yoast_head":"<!-- This site is optimized with the Yoast SEO plugin v27.5 - https:\/\/yoast.com\/product\/yoast-seo-wordpress\/ -->\n<title>RIZADOR ON OFF DUAL PLATES 33 - Gama Professional<\/title>\n<meta name=\"description\" content=\"Rizador ideal para crear rizos grandes y voluminosos. Equipado con un doble revestimiento de Titanio y Cer\u00e1mica para tratamientos suaves, efecto anti-frizz y cabello m\u00e1s brillante.\" \/>\n<meta name=\"robots\" content=\"index, follow, max-snippet:-1, max-image-preview:large, max-video-preview:-1\" \/>\n<link rel=\"canonical\" href=\"https:\/\/www.gamaprofessional.com\/es\/prodotto\/rizador-on-off-dual-plates-33\/\" \/>\n<meta property=\"og:locale\" content=\"es_ES\" \/>\n<meta property=\"og:type\" content=\"article\" \/>\n<meta property=\"og:title\" content=\"RIZADOR ON OFF DUAL PLATES 33 - Gama Professional\" \/>\n<meta property=\"og:description\" content=\"Rizador ideal para crear rizos grandes y voluminosos. Equipado con un doble revestimiento de Titanio y Cer\u00e1mica para tratamientos suaves, efecto anti-frizz y cabello m\u00e1s brillante.\" \/>\n<meta property=\"og:url\" content=\"https:\/\/www.gamaprofessional.com\/es\/prodotto\/rizador-on-off-dual-plates-33\/\" \/>\n<meta property=\"og:site_name\" content=\"Gama Professional\" \/>\n<meta property=\"article:modified_time\" content=\"2025-11-23T15:42:14+00:00\" \/>\n<meta property=\"og:image\" content=\"https:\/\/www.gamaprofessional.com\/wp-content\/uploads\/2024\/12\/FERRO-ON-OFF-DUAL-PLATES-33.png\" \/>\n\t<meta property=\"og:image:width\" content=\"1080\" \/>\n\t<meta property=\"og:image:height\" content=\"1080\" \/>\n\t<meta property=\"og:image:type\" content=\"image\/png\" \/>\n<meta name=\"twitter:card\" content=\"summary_large_image\" \/>\n<meta name=\"twitter:label1\" content=\"Tiempo de lectura\" \/>\n\t<meta name=\"twitter:data1\" content=\"1 minuto\" \/>\n<script type=\"application\/ld+json\" class=\"yoast-schema-graph\">{\"@context\":\"https:\\\/\\\/schema.org\",\"@graph\":[{\"@type\":\"WebPage\",\"@id\":\"https:\\\/\\\/www.gamaprofessional.com\\\/es\\\/prodotto\\\/rizador-on-off-dual-plates-33\\\/\",\"url\":\"https:\\\/\\\/www.gamaprofessional.com\\\/es\\\/prodotto\\\/rizador-on-off-dual-plates-33\\\/\",\"name\":\"RIZADOR ON OFF DUAL PLATES 33 - Gama Professional\",\"isPartOf\":{\"@id\":\"https:\\\/\\\/www.gamaprofessional.com\\\/es\\\/#website\"},\"primaryImageOfPage\":{\"@id\":\"https:\\\/\\\/www.gamaprofessional.com\\\/es\\\/prodotto\\\/rizador-on-off-dual-plates-33\\\/#primaryimage\"},\"image\":{\"@id\":\"https:\\\/\\\/www.gamaprofessional.com\\\/es\\\/prodotto\\\/rizador-on-off-dual-plates-33\\\/#primaryimage\"},\"thumbnailUrl\":\"https:\\\/\\\/www.gamaprofessional.com\\\/wp-content\\\/uploads\\\/2024\\\/12\\\/FERRO-ON-OFF-DUAL-PLATES-33.png\",\"datePublished\":\"2024-12-01T10:49:11+00:00\",\"dateModified\":\"2025-11-23T15:42:14+00:00\",\"description\":\"Rizador ideal para crear rizos grandes y voluminosos. Equipado con un doble revestimiento de Titanio y Cer\u00e1mica para tratamientos suaves, efecto anti-frizz y cabello m\u00e1s brillante.\",\"breadcrumb\":{\"@id\":\"https:\\\/\\\/www.gamaprofessional.com\\\/es\\\/prodotto\\\/rizador-on-off-dual-plates-33\\\/#breadcrumb\"},\"inLanguage\":\"es\",\"potentialAction\":[{\"@type\":\"ReadAction\",\"target\":[\"https:\\\/\\\/www.gamaprofessional.com\\\/es\\\/prodotto\\\/rizador-on-off-dual-plates-33\\\/\"]}]},{\"@type\":\"ImageObject\",\"inLanguage\":\"es\",\"@id\":\"https:\\\/\\\/www.gamaprofessional.com\\\/es\\\/prodotto\\\/rizador-on-off-dual-plates-33\\\/#primaryimage\",\"url\":\"https:\\\/\\\/www.gamaprofessional.com\\\/wp-content\\\/uploads\\\/2024\\\/12\\\/FERRO-ON-OFF-DUAL-PLATES-33.png\",\"contentUrl\":\"https:\\\/\\\/www.gamaprofessional.com\\\/wp-content\\\/uploads\\\/2024\\\/12\\\/FERRO-ON-OFF-DUAL-PLATES-33.png\",\"width\":1080,\"height\":1080,\"caption\":\"FERRO ON OFF DUAL PLATES 33\"},{\"@type\":\"BreadcrumbList\",\"@id\":\"https:\\\/\\\/www.gamaprofessional.com\\\/es\\\/prodotto\\\/rizador-on-off-dual-plates-33\\\/#breadcrumb\",\"itemListElement\":[{\"@type\":\"ListItem\",\"position\":1,\"name\":\"Home\",\"item\":\"https:\\\/\\\/www.gamaprofessional.com\\\/es\\\/homepage\\\/\"},{\"@type\":\"ListItem\",\"position\":2,\"name\":\"Tienda\",\"item\":\"https:\\\/\\\/www.gamaprofessional.com\\\/shop\\\/\"},{\"@type\":\"ListItem\",\"position\":3,\"name\":\"Haircare\",\"item\":\"https:\\\/\\\/www.gamaprofessional.com\\\/es\\\/categoria-prodotto\\\/haircare-es\\\/\"},{\"@type\":\"ListItem\",\"position\":4,\"name\":\"Rizadores\",\"item\":\"https:\\\/\\\/www.gamaprofessional.com\\\/es\\\/categoria-prodotto\\\/haircare-es\\\/rizadores\\\/\"},{\"@type\":\"ListItem\",\"position\":5,\"name\":\"RIZADOR ON OFF DUAL PLATES 33\"}]},{\"@type\":\"WebSite\",\"@id\":\"https:\\\/\\\/www.gamaprofessional.com\\\/es\\\/#website\",\"url\":\"https:\\\/\\\/www.gamaprofessional.com\\\/es\\\/\",\"name\":\"Gama Professional\",\"description\":\"\",\"potentialAction\":[{\"@type\":\"SearchAction\",\"target\":{\"@type\":\"EntryPoint\",\"urlTemplate\":\"https:\\\/\\\/www.gamaprofessional.com\\\/es\\\/?s={search_term_string}\"},\"query-input\":{\"@type\":\"PropertyValueSpecification\",\"valueRequired\":true,\"valueName\":\"search_term_string\"}}],\"inLanguage\":\"es\"}]}<\/script>\n<!-- \/ Yoast SEO plugin. -->","yoast_head_json":{"title":"RIZADOR ON OFF DUAL PLATES 33 - Gama Professional","description":"Rizador ideal para crear rizos grandes y voluminosos. Equipado con un doble revestimiento de Titanio y Cer\u00e1mica para tratamientos suaves, efecto anti-frizz y cabello m\u00e1s brillante.","robots":{"index":"index","follow":"follow","max-snippet":"max-snippet:-1","max-image-preview":"max-image-preview:large","max-video-preview":"max-video-preview:-1"},"canonical":"https:\/\/www.gamaprofessional.com\/es\/prodotto\/rizador-on-off-dual-plates-33\/","og_locale":"es_ES","og_type":"article","og_title":"RIZADOR ON OFF DUAL PLATES 33 - Gama Professional","og_description":"Rizador ideal para crear rizos grandes y voluminosos. Equipado con un doble revestimiento de Titanio y Cer\u00e1mica para tratamientos suaves, efecto anti-frizz y cabello m\u00e1s brillante.","og_url":"https:\/\/www.gamaprofessional.com\/es\/prodotto\/rizador-on-off-dual-plates-33\/","og_site_name":"Gama Professional","article_modified_time":"2025-11-23T15:42:14+00:00","og_image":[{"width":1080,"height":1080,"url":"https:\/\/www.gamaprofessional.com\/wp-content\/uploads\/2024\/12\/FERRO-ON-OFF-DUAL-PLATES-33.png","type":"image\/png"}],"twitter_card":"summary_large_image","twitter_misc":{"Tiempo de lectura":"1 minuto"},"schema":{"@context":"https:\/\/schema.org","@graph":[{"@type":"WebPage","@id":"https:\/\/www.gamaprofessional.com\/es\/prodotto\/rizador-on-off-dual-plates-33\/","url":"https:\/\/www.gamaprofessional.com\/es\/prodotto\/rizador-on-off-dual-plates-33\/","name":"RIZADOR ON OFF DUAL PLATES 33 - Gama Professional","isPartOf":{"@id":"https:\/\/www.gamaprofessional.com\/es\/#website"},"primaryImageOfPage":{"@id":"https:\/\/www.gamaprofessional.com\/es\/prodotto\/rizador-on-off-dual-plates-33\/#primaryimage"},"image":{"@id":"https:\/\/www.gamaprofessional.com\/es\/prodotto\/rizador-on-off-dual-plates-33\/#primaryimage"},"thumbnailUrl":"https:\/\/www.gamaprofessional.com\/wp-content\/uploads\/2024\/12\/FERRO-ON-OFF-DUAL-PLATES-33.png","datePublished":"2024-12-01T10:49:11+00:00","dateModified":"2025-11-23T15:42:14+00:00","description":"Rizador ideal para crear rizos grandes y voluminosos. Equipado con un doble revestimiento de Titanio y Cer\u00e1mica para tratamientos suaves, efecto anti-frizz y cabello m\u00e1s brillante.","breadcrumb":{"@id":"https:\/\/www.gamaprofessional.com\/es\/prodotto\/rizador-on-off-dual-plates-33\/#breadcrumb"},"inLanguage":"es","potentialAction":[{"@type":"ReadAction","target":["https:\/\/www.gamaprofessional.com\/es\/prodotto\/rizador-on-off-dual-plates-33\/"]}]},{"@type":"ImageObject","inLanguage":"es","@id":"https:\/\/www.gamaprofessional.com\/es\/prodotto\/rizador-on-off-dual-plates-33\/#primaryimage","url":"https:\/\/www.gamaprofessional.com\/wp-content\/uploads\/2024\/12\/FERRO-ON-OFF-DUAL-PLATES-33.png","contentUrl":"https:\/\/www.gamaprofessional.com\/wp-content\/uploads\/2024\/12\/FERRO-ON-OFF-DUAL-PLATES-33.png","width":1080,"height":1080,"caption":"FERRO ON OFF DUAL PLATES 33"},{"@type":"BreadcrumbList","@id":"https:\/\/www.gamaprofessional.com\/es\/prodotto\/rizador-on-off-dual-plates-33\/#breadcrumb","itemListElement":[{"@type":"ListItem","position":1,"name":"Home","item":"https:\/\/www.gamaprofessional.com\/es\/homepage\/"},{"@type":"ListItem","position":2,"name":"Tienda","item":"https:\/\/www.gamaprofessional.com\/shop\/"},{"@type":"ListItem","position":3,"name":"Haircare","item":"https:\/\/www.gamaprofessional.com\/es\/categoria-prodotto\/haircare-es\/"},{"@type":"ListItem","position":4,"name":"Rizadores","item":"https:\/\/www.gamaprofessional.com\/es\/categoria-prodotto\/haircare-es\/rizadores\/"},{"@type":"ListItem","position":5,"name":"RIZADOR ON OFF DUAL PLATES 33"}]},{"@type":"WebSite","@id":"https:\/\/www.gamaprofessional.com\/es\/#website","url":"https:\/\/www.gamaprofessional.com\/es\/","name":"Gama Professional","description":"","potentialAction":[{"@type":"SearchAction","target":{"@type":"EntryPoint","urlTemplate":"https:\/\/www.gamaprofessional.com\/es\/?s={search_term_string}"},"query-input":{"@type":"PropertyValueSpecification","valueRequired":true,"valueName":"search_term_string"}}],"inLanguage":"es"}]}},"_links":{"self":[{"href":"https:\/\/www.gamaprofessional.com\/es\/wp-json\/wp\/v2\/product\/2381","targetHints":{"allow":["GET"]}}],"collection":[{"href":"https:\/\/www.gamaprofessional.com\/es\/wp-json\/wp\/v2\/product"}],"about":[{"href":"https:\/\/www.gamaprofessional.com\/es\/wp-json\/wp\/v2\/types\/product"}],"wp:featuredmedia":[{"embeddable":true,"href":"https:\/\/www.gamaprofessional.com\/es\/wp-json\/wp\/v2\/media\/2378"}],"wp:attachment":[{"href":"https:\/\/www.gamaprofessional.com\/es\/wp-json\/wp\/v2\/media?parent=2381"}],"wp:term":[{"taxonomy":"product_brand","embeddable":true,"href":"https:\/\/www.gamaprofessional.com\/es\/wp-json\/wp\/v2\/product_brand?post=2381"},{"taxonomy":"product_cat","embeddable":true,"href":"https:\/\/www.gamaprofessional.com\/es\/wp-json\/wp\/v2\/product_cat?post=2381"},{"taxonomy":"product_tag","embeddable":true,"href":"https:\/\/www.gamaprofessional.com\/es\/wp-json\/wp\/v2\/product_tag?post=2381"}],"curies":[{"name":"wp","href":"https:\/\/api.w.org\/{rel}","templated":true}]}}