{"id":2489,"date":"2024-12-02T10:09:40","date_gmt":"2024-12-02T09:09:40","guid":{"rendered":"https:\/\/www.gamaprofessional.com\/?post_type=product&#038;p=2489"},"modified":"2025-11-20T12:51:45","modified_gmt":"2025-11-20T11:51:45","slug":"se-ferro-gevo-iht-d-diam-33","status":"publish","type":"product","link":"https:\/\/www.gamaprofessional.com\/es\/prodotto\/se-ferro-gevo-iht-d-diam-33\/","title":{"rendered":"RIZADOR DE PELO G-EVO IHT 33"},"content":{"rendered":"<p>Con este <strong>rizador profesional para el pelo de 33 mm de di\u00e1metro<\/strong>, podr\u00e1s obtener bucles de aspecto natural de la forma m\u00e1s veloz y simple posible. <\/p>\n<p>Este rizador te permite tratar tu melena con la m\u00e1xima delicadeza, ya que puedes regular la temperatura de trabajo de <strong>150 a 220\u00b0C<\/strong> y visualizarla en el c\u00f3modo y elegante display digital.<\/p>\n<p>Adem\u00e1s, el tubo est\u00e1 revestido en <strong>turmalina<\/strong>, material que posee un efecto ionizante natural cuando se calienta, y ayuda a obtener <strong>cabellos m\u00e1s hidratados, suaves, luminosos y sin encrespamiento<\/strong>. Si tienes cabellos finos te aconsejamos seleccionar una temperatura baja, si son gruesos puedes elegir una m\u00e1s elevada. Cuando hayas acabado de usar el rizador, puedes apoyarlo sobre cualquier superficie ya que est\u00e1 dotado de un c\u00f3modo soporte que evita que el tubo entre en contacto con el plano de apoyo. Si lo olvidaras encendido, el rizador se apagar\u00e1 autom\u00e1ticamente a los 60 minutos de haber sido encendido, para una m\u00e1xima seguridad. Es un rizador Bi-Volt (110-240V) por lo que puedes utilizarlo incluso en otros pa\u00edses. El auto apagado despu\u00e9s de una hora de encendido garantiza m\u00e1xima seguridad.   <\/p>\n","protected":false},"excerpt":{"rendered":"<p>Rizador profesional para rizos perfectos, con recubrimiento de turmalina anti-frizz y temperatura ajustable. Equipado con tecnolog\u00eda antibacteriana Nano Silver, y tecnolog\u00eda IHT que calienta el tubo de forma instant\u00e1nea y uniforme. Temperatura regulable.   <\/p>\n","protected":false},"featured_media":2485,"template":"","meta":{"_acf_changed":false},"product_brand":[],"product_cat":[445],"product_tag":[],"class_list":{"0":"post-2489","1":"product","2":"type-product","3":"status-publish","4":"has-post-thumbnail","6":"product_cat-rizadores","8":"first","9":"instock","10":"sale","11":"taxable","12":"shipping-taxable","13":"purchasable","14":"product-type-simple"},"acf":[],"yoast_head":"<!-- This site is optimized with the Yoast SEO plugin v27.5 - https:\/\/yoast.com\/product\/yoast-seo-wordpress\/ -->\n<title>RIZADOR DE PELO G-EVO IHT 33 - Gama Professional<\/title>\n<meta name=\"description\" content=\"Rizador profesional para rizos perfectos, con recubrimiento de turmalina anti-frizz y temperatura ajustable. Equipado con tecnolog\u00eda antibacteriana Nano Silver, y tecnolog\u00eda IHT que calienta el tubo de forma instant\u00e1nea y uniforme.\" \/>\n<meta name=\"robots\" content=\"index, follow, max-snippet:-1, max-image-preview:large, max-video-preview:-1\" \/>\n<link rel=\"canonical\" href=\"https:\/\/www.gamaprofessional.com\/es\/prodotto\/se-ferro-gevo-iht-d-diam-33\/\" \/>\n<meta property=\"og:locale\" content=\"es_ES\" \/>\n<meta property=\"og:type\" content=\"article\" \/>\n<meta property=\"og:title\" content=\"RIZADOR DE PELO G-EVO IHT 33 - Gama Professional\" \/>\n<meta property=\"og:description\" content=\"Rizador profesional para rizos perfectos, con recubrimiento de turmalina anti-frizz y temperatura ajustable. Equipado con tecnolog\u00eda antibacteriana Nano Silver, y tecnolog\u00eda IHT que calienta el tubo de forma instant\u00e1nea y uniforme.\" \/>\n<meta property=\"og:url\" content=\"https:\/\/www.gamaprofessional.com\/es\/prodotto\/se-ferro-gevo-iht-d-diam-33\/\" \/>\n<meta property=\"og:site_name\" content=\"Gama Professional\" \/>\n<meta property=\"article:modified_time\" content=\"2025-11-20T11:51:45+00:00\" \/>\n<meta property=\"og:image\" content=\"https:\/\/www.gamaprofessional.com\/wp-content\/uploads\/2024\/12\/FERRO-G-EVO-IHT-33.png\" \/>\n\t<meta property=\"og:image:width\" content=\"1080\" \/>\n\t<meta property=\"og:image:height\" content=\"1080\" \/>\n\t<meta property=\"og:image:type\" content=\"image\/png\" \/>\n<meta name=\"twitter:card\" content=\"summary_large_image\" \/>\n<meta name=\"twitter:label1\" content=\"Tiempo de lectura\" \/>\n\t<meta name=\"twitter:data1\" content=\"2 minutos\" \/>\n<script type=\"application\/ld+json\" class=\"yoast-schema-graph\">{\"@context\":\"https:\\\/\\\/schema.org\",\"@graph\":[{\"@type\":\"WebPage\",\"@id\":\"https:\\\/\\\/www.gamaprofessional.com\\\/es\\\/prodotto\\\/se-ferro-gevo-iht-d-diam-33\\\/\",\"url\":\"https:\\\/\\\/www.gamaprofessional.com\\\/es\\\/prodotto\\\/se-ferro-gevo-iht-d-diam-33\\\/\",\"name\":\"RIZADOR DE PELO G-EVO IHT 33 - Gama Professional\",\"isPartOf\":{\"@id\":\"https:\\\/\\\/www.gamaprofessional.com\\\/es\\\/#website\"},\"primaryImageOfPage\":{\"@id\":\"https:\\\/\\\/www.gamaprofessional.com\\\/es\\\/prodotto\\\/se-ferro-gevo-iht-d-diam-33\\\/#primaryimage\"},\"image\":{\"@id\":\"https:\\\/\\\/www.gamaprofessional.com\\\/es\\\/prodotto\\\/se-ferro-gevo-iht-d-diam-33\\\/#primaryimage\"},\"thumbnailUrl\":\"https:\\\/\\\/www.gamaprofessional.com\\\/wp-content\\\/uploads\\\/2024\\\/12\\\/FERRO-G-EVO-IHT-33.png\",\"datePublished\":\"2024-12-02T09:09:40+00:00\",\"dateModified\":\"2025-11-20T11:51:45+00:00\",\"description\":\"Rizador profesional para rizos perfectos, con recubrimiento de turmalina anti-frizz y temperatura ajustable. Equipado con tecnolog\u00eda antibacteriana Nano Silver, y tecnolog\u00eda IHT que calienta el tubo de forma instant\u00e1nea y uniforme.\",\"breadcrumb\":{\"@id\":\"https:\\\/\\\/www.gamaprofessional.com\\\/es\\\/prodotto\\\/se-ferro-gevo-iht-d-diam-33\\\/#breadcrumb\"},\"inLanguage\":\"es\",\"potentialAction\":[{\"@type\":\"ReadAction\",\"target\":[\"https:\\\/\\\/www.gamaprofessional.com\\\/es\\\/prodotto\\\/se-ferro-gevo-iht-d-diam-33\\\/\"]}]},{\"@type\":\"ImageObject\",\"inLanguage\":\"es\",\"@id\":\"https:\\\/\\\/www.gamaprofessional.com\\\/es\\\/prodotto\\\/se-ferro-gevo-iht-d-diam-33\\\/#primaryimage\",\"url\":\"https:\\\/\\\/www.gamaprofessional.com\\\/wp-content\\\/uploads\\\/2024\\\/12\\\/FERRO-G-EVO-IHT-33.png\",\"contentUrl\":\"https:\\\/\\\/www.gamaprofessional.com\\\/wp-content\\\/uploads\\\/2024\\\/12\\\/FERRO-G-EVO-IHT-33.png\",\"width\":1080,\"height\":1080,\"caption\":\"FERRO G-EVO IHT 33\"},{\"@type\":\"BreadcrumbList\",\"@id\":\"https:\\\/\\\/www.gamaprofessional.com\\\/es\\\/prodotto\\\/se-ferro-gevo-iht-d-diam-33\\\/#breadcrumb\",\"itemListElement\":[{\"@type\":\"ListItem\",\"position\":1,\"name\":\"Home\",\"item\":\"https:\\\/\\\/www.gamaprofessional.com\\\/es\\\/homepage\\\/\"},{\"@type\":\"ListItem\",\"position\":2,\"name\":\"Tienda\",\"item\":\"https:\\\/\\\/www.gamaprofessional.com\\\/shop\\\/\"},{\"@type\":\"ListItem\",\"position\":3,\"name\":\"Haircare\",\"item\":\"https:\\\/\\\/www.gamaprofessional.com\\\/es\\\/categoria-prodotto\\\/haircare-es\\\/\"},{\"@type\":\"ListItem\",\"position\":4,\"name\":\"Rizadores\",\"item\":\"https:\\\/\\\/www.gamaprofessional.com\\\/es\\\/categoria-prodotto\\\/haircare-es\\\/rizadores\\\/\"},{\"@type\":\"ListItem\",\"position\":5,\"name\":\"RIZADOR DE PELO G-EVO IHT 33\"}]},{\"@type\":\"WebSite\",\"@id\":\"https:\\\/\\\/www.gamaprofessional.com\\\/es\\\/#website\",\"url\":\"https:\\\/\\\/www.gamaprofessional.com\\\/es\\\/\",\"name\":\"Gama Professional\",\"description\":\"\",\"potentialAction\":[{\"@type\":\"SearchAction\",\"target\":{\"@type\":\"EntryPoint\",\"urlTemplate\":\"https:\\\/\\\/www.gamaprofessional.com\\\/es\\\/?s={search_term_string}\"},\"query-input\":{\"@type\":\"PropertyValueSpecification\",\"valueRequired\":true,\"valueName\":\"search_term_string\"}}],\"inLanguage\":\"es\"}]}<\/script>\n<!-- \/ Yoast SEO plugin. -->","yoast_head_json":{"title":"RIZADOR DE PELO G-EVO IHT 33 - Gama Professional","description":"Rizador profesional para rizos perfectos, con recubrimiento de turmalina anti-frizz y temperatura ajustable. Equipado con tecnolog\u00eda antibacteriana Nano Silver, y tecnolog\u00eda IHT que calienta el tubo de forma instant\u00e1nea y uniforme.","robots":{"index":"index","follow":"follow","max-snippet":"max-snippet:-1","max-image-preview":"max-image-preview:large","max-video-preview":"max-video-preview:-1"},"canonical":"https:\/\/www.gamaprofessional.com\/es\/prodotto\/se-ferro-gevo-iht-d-diam-33\/","og_locale":"es_ES","og_type":"article","og_title":"RIZADOR DE PELO G-EVO IHT 33 - Gama Professional","og_description":"Rizador profesional para rizos perfectos, con recubrimiento de turmalina anti-frizz y temperatura ajustable. Equipado con tecnolog\u00eda antibacteriana Nano Silver, y tecnolog\u00eda IHT que calienta el tubo de forma instant\u00e1nea y uniforme.","og_url":"https:\/\/www.gamaprofessional.com\/es\/prodotto\/se-ferro-gevo-iht-d-diam-33\/","og_site_name":"Gama Professional","article_modified_time":"2025-11-20T11:51:45+00:00","og_image":[{"width":1080,"height":1080,"url":"https:\/\/www.gamaprofessional.com\/wp-content\/uploads\/2024\/12\/FERRO-G-EVO-IHT-33.png","type":"image\/png"}],"twitter_card":"summary_large_image","twitter_misc":{"Tiempo de lectura":"2 minutos"},"schema":{"@context":"https:\/\/schema.org","@graph":[{"@type":"WebPage","@id":"https:\/\/www.gamaprofessional.com\/es\/prodotto\/se-ferro-gevo-iht-d-diam-33\/","url":"https:\/\/www.gamaprofessional.com\/es\/prodotto\/se-ferro-gevo-iht-d-diam-33\/","name":"RIZADOR DE PELO G-EVO IHT 33 - Gama Professional","isPartOf":{"@id":"https:\/\/www.gamaprofessional.com\/es\/#website"},"primaryImageOfPage":{"@id":"https:\/\/www.gamaprofessional.com\/es\/prodotto\/se-ferro-gevo-iht-d-diam-33\/#primaryimage"},"image":{"@id":"https:\/\/www.gamaprofessional.com\/es\/prodotto\/se-ferro-gevo-iht-d-diam-33\/#primaryimage"},"thumbnailUrl":"https:\/\/www.gamaprofessional.com\/wp-content\/uploads\/2024\/12\/FERRO-G-EVO-IHT-33.png","datePublished":"2024-12-02T09:09:40+00:00","dateModified":"2025-11-20T11:51:45+00:00","description":"Rizador profesional para rizos perfectos, con recubrimiento de turmalina anti-frizz y temperatura ajustable. Equipado con tecnolog\u00eda antibacteriana Nano Silver, y tecnolog\u00eda IHT que calienta el tubo de forma instant\u00e1nea y uniforme.","breadcrumb":{"@id":"https:\/\/www.gamaprofessional.com\/es\/prodotto\/se-ferro-gevo-iht-d-diam-33\/#breadcrumb"},"inLanguage":"es","potentialAction":[{"@type":"ReadAction","target":["https:\/\/www.gamaprofessional.com\/es\/prodotto\/se-ferro-gevo-iht-d-diam-33\/"]}]},{"@type":"ImageObject","inLanguage":"es","@id":"https:\/\/www.gamaprofessional.com\/es\/prodotto\/se-ferro-gevo-iht-d-diam-33\/#primaryimage","url":"https:\/\/www.gamaprofessional.com\/wp-content\/uploads\/2024\/12\/FERRO-G-EVO-IHT-33.png","contentUrl":"https:\/\/www.gamaprofessional.com\/wp-content\/uploads\/2024\/12\/FERRO-G-EVO-IHT-33.png","width":1080,"height":1080,"caption":"FERRO G-EVO IHT 33"},{"@type":"BreadcrumbList","@id":"https:\/\/www.gamaprofessional.com\/es\/prodotto\/se-ferro-gevo-iht-d-diam-33\/#breadcrumb","itemListElement":[{"@type":"ListItem","position":1,"name":"Home","item":"https:\/\/www.gamaprofessional.com\/es\/homepage\/"},{"@type":"ListItem","position":2,"name":"Tienda","item":"https:\/\/www.gamaprofessional.com\/shop\/"},{"@type":"ListItem","position":3,"name":"Haircare","item":"https:\/\/www.gamaprofessional.com\/es\/categoria-prodotto\/haircare-es\/"},{"@type":"ListItem","position":4,"name":"Rizadores","item":"https:\/\/www.gamaprofessional.com\/es\/categoria-prodotto\/haircare-es\/rizadores\/"},{"@type":"ListItem","position":5,"name":"RIZADOR DE PELO G-EVO IHT 33"}]},{"@type":"WebSite","@id":"https:\/\/www.gamaprofessional.com\/es\/#website","url":"https:\/\/www.gamaprofessional.com\/es\/","name":"Gama Professional","description":"","potentialAction":[{"@type":"SearchAction","target":{"@type":"EntryPoint","urlTemplate":"https:\/\/www.gamaprofessional.com\/es\/?s={search_term_string}"},"query-input":{"@type":"PropertyValueSpecification","valueRequired":true,"valueName":"search_term_string"}}],"inLanguage":"es"}]}},"_links":{"self":[{"href":"https:\/\/www.gamaprofessional.com\/es\/wp-json\/wp\/v2\/product\/2489","targetHints":{"allow":["GET"]}}],"collection":[{"href":"https:\/\/www.gamaprofessional.com\/es\/wp-json\/wp\/v2\/product"}],"about":[{"href":"https:\/\/www.gamaprofessional.com\/es\/wp-json\/wp\/v2\/types\/product"}],"wp:featuredmedia":[{"embeddable":true,"href":"https:\/\/www.gamaprofessional.com\/es\/wp-json\/wp\/v2\/media\/2485"}],"wp:attachment":[{"href":"https:\/\/www.gamaprofessional.com\/es\/wp-json\/wp\/v2\/media?parent=2489"}],"wp:term":[{"taxonomy":"product_brand","embeddable":true,"href":"https:\/\/www.gamaprofessional.com\/es\/wp-json\/wp\/v2\/product_brand?post=2489"},{"taxonomy":"product_cat","embeddable":true,"href":"https:\/\/www.gamaprofessional.com\/es\/wp-json\/wp\/v2\/product_cat?post=2489"},{"taxonomy":"product_tag","embeddable":true,"href":"https:\/\/www.gamaprofessional.com\/es\/wp-json\/wp\/v2\/product_tag?post=2489"}],"curies":[{"name":"wp","href":"https:\/\/api.w.org\/{rel}","templated":true}]}}