{"id":2612,"date":"2024-12-05T10:15:57","date_gmt":"2024-12-05T09:15:57","guid":{"rendered":"https:\/\/www.gamaprofessional.com\/expeditions\/"},"modified":"2025-02-27T11:13:39","modified_gmt":"2025-02-27T10:13:39","slug":"expeditions","status":"publish","type":"page","link":"https:\/\/www.gamaprofessional.com\/fr\/expeditions\/","title":{"rendered":"Livraisons"},"content":{"rendered":"\t\t<div data-elementor-type=\"wp-page\" data-elementor-id=\"2612\" class=\"elementor elementor-2612 elementor-2601\" data-elementor-post-type=\"page\">\n\t\t\t\t<div class=\"wd-negative-gap elementor-element elementor-element-89282bc e-flex e-con-boxed e-con e-parent\" data-id=\"89282bc\" data-element_type=\"container\">\n\t\t\t\t\t<div class=\"e-con-inner\">\n\t\t\t\t<div class=\"elementor-element elementor-element-26a3f27 elementor-widget elementor-widget-wd_text_block\" data-id=\"26a3f27\" data-element_type=\"widget\" data-widget_type=\"wd_text_block.default\">\n\t\t\t\t<div class=\"elementor-widget-container\">\n\t\t\t\t\t\t\t<div class=\"wd-text-block reset-last-child text-left\">\n\t\t\t\n\t\t\t<p>GAMA Professional assure des exp\u00e9ditions rapides et s\u00e9curis\u00e9es en <strong>Italie et dans les pays europ\u00e9ens<\/strong>.<\/p><p>Si vous souhaitez passer une commande en dehors de ces zones, nous vous invitons \u00e0 consulter nos sites e-commerce d\u00e9di\u00e9s:<\/p><p>GAMA Professional Argentine: <a href=\"https:\/\/gamaitalyonline.com.ar\/\" target=\"_blank\" rel=\"noopener\">gamaitalyonline.com.ar<\/a><br>GAMA Professional \u00c9tats-Unis: <a href=\"https:\/\/www.gamaprofessional.us\/\" target=\"_blank\" rel=\"noopener\">gamaprofessional.us<\/a><\/p><p>Pour les achats en dehors des territoires de l'EEE, veuillez contacter notre <a href=\"https:\/\/support.gamaprofessional.com\/hc\/en-150\/requests\/new\" target=\"_blank\" rel=\"noopener\">service client <\/a>pour obtenir de l'aide et plus d\u2019informations.<\/p><p><strong>Frais de Livraison Italie et Europe<\/strong><\/p><ul><li>Italie : La livraison est gratuite pour les commandes d'un montant \u00e9gal ou sup\u00e9rieur \u00e0 70 \u20ac.<br>Pour les commandes inf\u00e9rieures, le co\u00fbt commence \u00e0 6,90 \u20ac.<\/li><li>Autriche, France et Allemagne: La livraison est gratuite pour les commandes d'un montant \u00e9gal ou sup\u00e9rieur \u00e0 130 \u20ac.<br>Pour les commandes inf\u00e9rieures, le co\u00fbt est de 9.83\u20ac.<\/li><li>Belgique, Bulgarie, Luxembourg, Pays-Bas, Pologne, Portugal, R\u00e9publique tch\u00e8que, Roumanie, Slov\u00e9nie, Hongrie, Slovaquie: La livraison est gratuite pour les commandes d'un montant \u00e9gal ou sup\u00e9rieur \u00e0 130 \u20ac.<br>Pour les commandes inf\u00e9rieures, le co\u00fbt est de 12.10\u20ac.<\/li><li>Danemark, Estonie, Finlande, Gr\u00e8ce, Espagne (\u00e0 l'exclusion de Las Palmas et Tenerife), Su\u00e8de: La livraison est gratuite pour les commandes d'un montant \u00e9gal ou sup\u00e9rieur \u00e0 130 \u20ac.<br>Pour les commandes inf\u00e9rieures, le co\u00fbt est de 14.42\u20ac.<\/li><li>Chypre, Croatie, Irlande, Lettonie, Malte: La livraison est gratuite pour les commandes d'un montant \u00e9gal ou sup\u00e9rieur \u00e0 130 \u20ac.<br>Pour les commandes inf\u00e9rieures, le co\u00fbt est de 17.99\u20ac.<\/li><\/ul><p><strong>D\u00e9lais de Livraison<\/strong><br>Nous nous engageons \u00e0 offrir un service de livraison rapide et efficace en collaborant avec des transporteurs professionnels pour garantir la meilleure qualit\u00e9.<\/p><ul><li>Commandes pass\u00e9es avant 8h30 (jours ouvrables) : trait\u00e9es et exp\u00e9di\u00e9es le jour m\u00eame.<\/li><li>Commandes pass\u00e9es apr\u00e8s 8h30 : exp\u00e9di\u00e9es le jour ouvrable suivant.<\/li><\/ul><p><strong>D\u00e9lais de Livraison Estim\u00e9s pour l\u2019Italie<\/strong><br>Destinations principales : livraison sous 5 jours ouvrables \u00e0 compter de la date de commande.<br>Sardaigne, Calabre, Sicile, Venise, Livigno et zones recul\u00e9es : livraison sous 6 jours ouvrables.<\/p><p><strong>D\u00e9lais de Livraison Estim\u00e9s pour l\u2019Europe<\/strong> <br>Livraison sous 5 jours ouvrables \u00e0 compter de la date d\u2019exp\u00e9dition.<\/p>\n\t\t\t\t\t<\/div>\n\t\t\t\t\t\t<\/div>\n\t\t\t\t<\/div>\n\t\t\t\t\t<\/div>\n\t\t\t\t<\/div>\n\t\t\t\t<\/div>\n\t\t","protected":false},"excerpt":{"rendered":"<p>GAMA Professional assure des exp\u00e9ditions rapides et s\u00e9curis\u00e9es en Italie et dans les pays europ\u00e9ens. Si vous souhaitez passer une<\/p>\n","protected":false},"author":5782,"featured_media":0,"parent":0,"menu_order":0,"comment_status":"closed","ping_status":"closed","template":"","meta":{"_acf_changed":false,"footnotes":""},"class_list":["post-2612","page","type-page","status-publish","hentry"],"acf":[],"yoast_head":"<!-- This site is optimized with the Yoast SEO plugin v27.5 - https:\/\/yoast.com\/product\/yoast-seo-wordpress\/ -->\n<title>Livraisons - Gama Professional<\/title>\n<meta name=\"robots\" content=\"index, follow, max-snippet:-1, max-image-preview:large, max-video-preview:-1\" \/>\n<link rel=\"canonical\" href=\"https:\/\/www.gamaprofessional.com\/fr\/expeditions\/\" \/>\n<meta property=\"og:locale\" content=\"fr_FR\" \/>\n<meta property=\"og:type\" content=\"article\" \/>\n<meta property=\"og:title\" content=\"Livraisons - Gama Professional\" \/>\n<meta property=\"og:description\" content=\"GAMA Professional assure des exp\u00e9ditions rapides et s\u00e9curis\u00e9es en Italie et dans les pays europ\u00e9ens. Si vous souhaitez passer une\" \/>\n<meta property=\"og:url\" content=\"https:\/\/www.gamaprofessional.com\/fr\/expeditions\/\" \/>\n<meta property=\"og:site_name\" content=\"Gama Professional\" \/>\n<meta property=\"article:modified_time\" content=\"2025-02-27T10:13:39+00:00\" \/>\n<meta name=\"twitter:card\" content=\"summary_large_image\" \/>\n<meta name=\"twitter:label1\" content=\"Dur\u00e9e de lecture estim\u00e9e\" \/>\n\t<meta name=\"twitter:data1\" content=\"2 minutes\" \/>\n<script type=\"application\/ld+json\" class=\"yoast-schema-graph\">{\"@context\":\"https:\\\/\\\/schema.org\",\"@graph\":[{\"@type\":\"WebPage\",\"@id\":\"https:\\\/\\\/www.gamaprofessional.com\\\/fr\\\/expeditions\\\/\",\"url\":\"https:\\\/\\\/www.gamaprofessional.com\\\/fr\\\/expeditions\\\/\",\"name\":\"Livraisons - Gama Professional\",\"isPartOf\":{\"@id\":\"https:\\\/\\\/www.gamaprofessional.com\\\/fr\\\/#website\"},\"datePublished\":\"2024-12-05T09:15:57+00:00\",\"dateModified\":\"2025-02-27T10:13:39+00:00\",\"breadcrumb\":{\"@id\":\"https:\\\/\\\/www.gamaprofessional.com\\\/fr\\\/expeditions\\\/#breadcrumb\"},\"inLanguage\":\"fr-FR\",\"potentialAction\":[{\"@type\":\"ReadAction\",\"target\":[\"https:\\\/\\\/www.gamaprofessional.com\\\/fr\\\/expeditions\\\/\"]}]},{\"@type\":\"BreadcrumbList\",\"@id\":\"https:\\\/\\\/www.gamaprofessional.com\\\/fr\\\/expeditions\\\/#breadcrumb\",\"itemListElement\":[{\"@type\":\"ListItem\",\"position\":1,\"name\":\"Home\",\"item\":\"https:\\\/\\\/www.gamaprofessional.com\\\/fr\\\/page-daccueil\\\/\"},{\"@type\":\"ListItem\",\"position\":2,\"name\":\"Livraisons\"}]},{\"@type\":\"WebSite\",\"@id\":\"https:\\\/\\\/www.gamaprofessional.com\\\/fr\\\/#website\",\"url\":\"https:\\\/\\\/www.gamaprofessional.com\\\/fr\\\/\",\"name\":\"Gama Professional\",\"description\":\"\",\"potentialAction\":[{\"@type\":\"SearchAction\",\"target\":{\"@type\":\"EntryPoint\",\"urlTemplate\":\"https:\\\/\\\/www.gamaprofessional.com\\\/fr\\\/?s={search_term_string}\"},\"query-input\":{\"@type\":\"PropertyValueSpecification\",\"valueRequired\":true,\"valueName\":\"search_term_string\"}}],\"inLanguage\":\"fr-FR\"}]}<\/script>\n<!-- \/ Yoast SEO plugin. -->","yoast_head_json":{"title":"Livraisons - Gama Professional","robots":{"index":"index","follow":"follow","max-snippet":"max-snippet:-1","max-image-preview":"max-image-preview:large","max-video-preview":"max-video-preview:-1"},"canonical":"https:\/\/www.gamaprofessional.com\/fr\/expeditions\/","og_locale":"fr_FR","og_type":"article","og_title":"Livraisons - Gama Professional","og_description":"GAMA Professional assure des exp\u00e9ditions rapides et s\u00e9curis\u00e9es en Italie et dans les pays europ\u00e9ens. Si vous souhaitez passer une","og_url":"https:\/\/www.gamaprofessional.com\/fr\/expeditions\/","og_site_name":"Gama Professional","article_modified_time":"2025-02-27T10:13:39+00:00","twitter_card":"summary_large_image","twitter_misc":{"Dur\u00e9e de lecture estim\u00e9e":"2 minutes"},"schema":{"@context":"https:\/\/schema.org","@graph":[{"@type":"WebPage","@id":"https:\/\/www.gamaprofessional.com\/fr\/expeditions\/","url":"https:\/\/www.gamaprofessional.com\/fr\/expeditions\/","name":"Livraisons - Gama Professional","isPartOf":{"@id":"https:\/\/www.gamaprofessional.com\/fr\/#website"},"datePublished":"2024-12-05T09:15:57+00:00","dateModified":"2025-02-27T10:13:39+00:00","breadcrumb":{"@id":"https:\/\/www.gamaprofessional.com\/fr\/expeditions\/#breadcrumb"},"inLanguage":"fr-FR","potentialAction":[{"@type":"ReadAction","target":["https:\/\/www.gamaprofessional.com\/fr\/expeditions\/"]}]},{"@type":"BreadcrumbList","@id":"https:\/\/www.gamaprofessional.com\/fr\/expeditions\/#breadcrumb","itemListElement":[{"@type":"ListItem","position":1,"name":"Home","item":"https:\/\/www.gamaprofessional.com\/fr\/page-daccueil\/"},{"@type":"ListItem","position":2,"name":"Livraisons"}]},{"@type":"WebSite","@id":"https:\/\/www.gamaprofessional.com\/fr\/#website","url":"https:\/\/www.gamaprofessional.com\/fr\/","name":"Gama Professional","description":"","potentialAction":[{"@type":"SearchAction","target":{"@type":"EntryPoint","urlTemplate":"https:\/\/www.gamaprofessional.com\/fr\/?s={search_term_string}"},"query-input":{"@type":"PropertyValueSpecification","valueRequired":true,"valueName":"search_term_string"}}],"inLanguage":"fr-FR"}]}},"_links":{"self":[{"href":"https:\/\/www.gamaprofessional.com\/fr\/wp-json\/wp\/v2\/pages\/2612","targetHints":{"allow":["GET"]}}],"collection":[{"href":"https:\/\/www.gamaprofessional.com\/fr\/wp-json\/wp\/v2\/pages"}],"about":[{"href":"https:\/\/www.gamaprofessional.com\/fr\/wp-json\/wp\/v2\/types\/page"}],"author":[{"embeddable":true,"href":"https:\/\/www.gamaprofessional.com\/fr\/wp-json\/wp\/v2\/users\/5782"}],"replies":[{"embeddable":true,"href":"https:\/\/www.gamaprofessional.com\/fr\/wp-json\/wp\/v2\/comments?post=2612"}],"version-history":[{"count":5,"href":"https:\/\/www.gamaprofessional.com\/fr\/wp-json\/wp\/v2\/pages\/2612\/revisions"}],"predecessor-version":[{"id":4816,"href":"https:\/\/www.gamaprofessional.com\/fr\/wp-json\/wp\/v2\/pages\/2612\/revisions\/4816"}],"wp:attachment":[{"href":"https:\/\/www.gamaprofessional.com\/fr\/wp-json\/wp\/v2\/media?parent=2612"}],"curies":[{"name":"wp","href":"https:\/\/api.w.org\/{rel}","templated":true}]}}