{"id":4012,"date":"2024-10-02T12:29:31","date_gmt":"2024-10-02T10:29:31","guid":{"rendered":"https:\/\/www.gamaprofessional.com\/privacy-policy\/"},"modified":"2025-01-20T17:34:30","modified_gmt":"2025-01-20T16:34:30","slug":"privacy-policy","status":"publish","type":"page","link":"https:\/\/www.gamaprofessional.com\/fr\/privacy-policy\/","title":{"rendered":"Privacy Policy"},"content":{"rendered":"\t\t<div data-elementor-type=\"wp-page\" data-elementor-id=\"4012\" class=\"elementor elementor-4012 elementor-3\" data-elementor-post-type=\"page\">\n\t\t\t\t<div class=\"wd-negative-gap elementor-element elementor-element-3be81a8d e-flex e-con-boxed e-con e-parent\" data-id=\"3be81a8d\" data-element_type=\"container\">\n\t\t\t\t\t<div class=\"e-con-inner\">\n\t\t\t\t<div class=\"elementor-element elementor-element-7fd041fc color-scheme-inherit text-left elementor-widget elementor-widget-text-editor\" data-id=\"7fd041fc\" data-element_type=\"widget\" data-widget_type=\"text-editor.default\">\n\t\t\t\t<div class=\"elementor-widget-container\">\n\t\t\t\t\t\t\t\t\t<h1>Politique de confidentialit\u00e9<\/h1>\n<p><strong>Pour acc\u00e9der imm\u00e9diatement \u00e0 la politique relative aux cookies, cliquer<a href=\"https:\/\/www.gamaprofessional.com\/cookie-policy\/\"> ici <\/a><\/strong><\/p>\n<p>Mise \u00e0 jour le 20.01.2025<\/p>\n<p>Cette politique est r\u00e9dig\u00e9e et personnalis\u00e9e pour les visiteurs du site Web www.gamaprofessional.com. Le pr\u00e9sent document annule et remplace int\u00e9gralement le document qui avait \u00e9t\u00e9 pr\u00e9c\u00e9demment publi\u00e9 au sujet des cookies. <\/p>\n<p><strong>POLITIQUE DE CONFIDENTIALIT\u00c9 &#8211; POLITIQUE DU SITE WEB AUX SENS DE L\u2019ART. 13 DU R\u00c8GLEMENT EUROP\u00c9EN 2016\/679 (RGPD)<\/strong><\/p>\n<p>Les politiques de synth\u00e8se sp\u00e9cifiques sont progressivement indiqu\u00e9es ou affich\u00e9es sur les pages du site d\u00e9di\u00e9es \u00e0 des services particuliers \u00e0 la demande qui pr\u00e9voient un formulaire pour la collecte des donn\u00e9es. Nous vous informons par ailleurs que, pour fournir un service complet, notre site peut contenir des liens vers d\u2019autres sites Web, non g\u00e9r\u00e9s par GA.MA Srl. GA.MA Srl n\u2019est pas responsable des erreurs, contenus, cookies, publications de contenu moral illicite, publicit\u00e9s, banni\u00e8res ou fichiers non conformes aux dispositions l\u00e9gislatives en vigueur et du respect de la politique de confidentialit\u00e9 de la part des sites non g\u00e9r\u00e9s par le Responsable.  <\/p>\n<p>En sa qualit\u00e9 de Responsable du traitement des vos donn\u00e9es personnelles aux sens et pour les effets de l\u2019art. 13 du R\u00e8glement europ\u00e9en de 2016\/679, GA.MA Srl vous informe par la pr\u00e9sente que la politique de confidentialit\u00e9 cit\u00e9e pr\u00e9voit la protection des personnes concern\u00e9es par rapport au traitement des donn\u00e9es personnelles et que ce traitement sera caract\u00e9ris\u00e9 par les principes d\u2019exactitude, de lic\u00e9it\u00e9, de transparence et de protection de votre vie priv\u00e9e et de vos droits. Les informations et les donn\u00e9es personnelles fournies par vous-m\u00eame ou autrement acquises dans le cadre de l\u2019utilisation du site seront trait\u00e9es conform\u00e9ment aux dispositions l\u00e9gislatives de la politique rappel\u00e9e ci-dessus et des obligations de confidentialit\u00e9 qui y sont pr\u00e9vues <\/p>\n<p><strong>PERSONNES CONCERN\u00c9ES ET DUR\u00c9E DE CONSERVATION<\/strong><\/p>\n<ol>\n<li><strong>A) utilisateurs (navigateurs) du site Web www.gamaprofessional.com<\/strong><\/li>\n<\/ol>\n<p><strong>Type de donn\u00e9es trait\u00e9es<\/strong><\/p>\n<ul>\n<li>Donn\u00e9es de navigation : les adresses IP ou les noms de domaine des ordinateurs et d\u2019autres appareils employ\u00e9s par les utilisateurs qui se connectent au site ; les adresses en notation URI (Uniform Resource Identifier) des ressources demand\u00e9es et leurs \u00e9ventuelles indications temporelles ; param\u00e8tres relatifs au syst\u00e8me d\u2019exploitation et \u00e0 l\u2019environnement informatique de l\u2019utilisateur ; pages de d\u00e9part et d\u2019arriv\u00e9e ; indice de navigation et comportements d\u2019identifications durant la consultation des pages du site.<\/li>\n<li>Donn\u00e9es personnelles fournies volontairement par l\u2019utilisateur : l\u2019envoi facultatif, expr\u00e8s et volontaire de courrier \u00e9lectronique aux adresses indiqu\u00e9es sur ce site et le remplissage de formulaires qui s\u2019y trouvent entraine l\u2019acquisition ult\u00e9rieure des donn\u00e9es personnelles de l\u2019exp\u00e9diteur (\u00e0 simple titre d\u2019exemple : nom, pr\u00e9nom, adresse e-mail). Les politiques sp\u00e9cifiques de synth\u00e8se figurent sur les pages o\u00f9 se trouvent les formulaires. <\/li>\n<\/ul>\n<p>Finalit\u00e9s du traitement : vos donn\u00e9es collect\u00e9es pendant la navigation seront trait\u00e9es pour les finalit\u00e9s suivantes :<\/p>\n<ul>\n<li>1) ex\u00e9cution d\u2019op\u00e9rations strictement li\u00e9es et vou\u00e9es \u00e0 la gestion des rapports avec les utilisateurs ou des visiteurs du site ;<\/li>\n<li>2) collecte, conservation et pr\u00e9paration de vos donn\u00e9es pour des analyses statistiques, \u00e9galement sous forme anonyme et\/ou agr\u00e9g\u00e9e ; analyses statistiques d\u00e9di\u00e9es \u00e0 la v\u00e9rification de la qualit\u00e9 des services propos\u00e9s par le site ;<\/li>\n<li>3) partager avec les gestionnaires des r\u00e9seaux sociaux les interactions effectu\u00e9es et des donn\u00e9es d\u2019utilisation relatives aux pages sur lesquelles sont plac\u00e9s les cookies qui int\u00e8grent des produits ou des fonctions logicielles<\/li>\n<\/ul>\n<p>Le traitement des donn\u00e9es pour atteindre la finalit\u00e9 vis\u00e9e au point 1 est n\u00e9cessaire pour r\u00e9pondre \u00e0 une demande de votre part et un refus \u00e9ventuel pourrait limiter et\/ou emp\u00eacher d\u2019utiliser la totalit\u00e9 des fonctionnalit\u00e9s et des services pr\u00e9sents sur le site. La base juridique pour le traitement de vos donn\u00e9es pour les finalit\u00e9s vis\u00e9es au point 1 est l\u2019int\u00e9r\u00eat l\u00e9gitime, art. 6 lettre f) et tenant compte du 47 du RGPD. Le traitement est n\u00e9cessaire pour l\u2019accomplissement de l\u2019int\u00e9r\u00eat l\u00e9gitime du responsable du traitement ou de tiers, \u00e0 condition que ne pr\u00e9valent pas les int\u00e9r\u00eats ou les droits et les libert\u00e9s fondamentaux de la personne concern\u00e9e qui exigent la protection des donn\u00e9es personnelles, compte tenu des attentes raisonnables de la personne concern\u00e9e sur la base de sa relation avec le responsable du traitement. Activit\u00e9s strictement n\u00e9cessaires au fonctionnement du site et \u00e0 la fourniture du service de navigation sur la plateforme. La fourniture des donn\u00e9es indiqu\u00e9es dans la finalit\u00e9 2 et 3 est facultative sur la base juridique du consentement, et votre \u00e9ventuel refus du traitement ne compromet pas les fonctionnalit\u00e9s et les services pr\u00e9sents sur le site. La base juridique pour le traitement de vos donn\u00e9es pour la finalit\u00e9 vis\u00e9e aux points 2 et 3 est facultative, aux sens de l\u2019article 6.1.a). Le consentement est donn\u00e9 par le biais de la br\u00e8ve politique en cliquant sur \u00ab TOUT ACCEPTER \u00bb qui se trouve dans cette politique. En ce qui concerne la fourniture facultative, de plus amples informations relatives aux cookies pr\u00e9sents sur le site sont disponibles dans le document de politique relative aux cookies, accessible \u00e9galement depuis la br\u00e8ve politique.       <\/p>\n<p>Les donn\u00e9es de navigation sont conserv\u00e9es pour les dur\u00e9es indiqu\u00e9es dans la politique relative aux cookies disponible sur le site.<\/p>\n<p><strong>COOKIES ET AUTRES SYST\u00c8MES DE TRA\u00c7AGE<\/strong><\/p>\n<p>Vos donn\u00e9es sont \u00e9galement collect\u00e9es \u00e0 l\u2019aide d\u2019outils et de services fournis par des tiers et conserv\u00e9s par eux. Pour de plus amples informations et pour consulter la liste, reportez-vous au document \u00ab <a href=\"https:\/\/www.gamaprofessional.com\/cookie-policy\/\">politique relative aux cookies<\/a> \u00bb. <\/p>\n<p>Nous vous signalons que GA.MA Srl fait seulement office d\u2019interm\u00e9diaire pour les liens qui se trouvent dans la politique relative aux cookies et ne peut assumer aucune responsabilit\u00e9 en cas de modification \u00e9ventuelle.<\/p>\n<p><strong>MODALIT\u00c9S DU TRAITEMENT DES DONN\u00c9ES PERSONNELLES<\/strong><\/p>\n<p>Vos donn\u00e9es personnelles seront trait\u00e9es par des moyens \u00e9lectroniques et\/ou t\u00e9l\u00e9matiques, par le biais de l\u2019utilisation de cookies (comme indiqu\u00e9 dans la <a href=\"https:\/\/www.gamaprofessional.com\/cookie-policy\/\">politique relative aux cookies<\/a> disponible sur le site), et \u00e0 l\u2019aide de calculateurs \u00e9lectroniques en utilisant des logiciels tiers, dans le respect des modalit\u00e9s vis\u00e9es aux art. 6 et 32 du RGPD et en adoptant les mesures de s\u00e9curit\u00e9 pr\u00e9vues adapt\u00e9es. <br \/>Link alla cookie policy presente sul sito<\/p>\n<p><strong>UTILISATION DE PLATEFORMES DE R\u00c9SEAUX SOCIAUX <\/strong><br \/>GA.MA Srl peut \u00e9galement fournir des liens vers d\u2019autres plateformes de r\u00e9seaux sociaux qui conduisent \u00e0 des serveurs install\u00e9s par des individus ou des organisations sur lesquels elle n\u2019a aucun contr\u00f4le. GA.MA Srl ne fournit aucune repr\u00e9sentation, ni n\u2019assume aucune responsabilit\u00e9 quant \u00e0 l\u2019exactitude ou tout autre aspect des informations figurant sur ces sites. Le lien vers un site d\u2019un tiers ne peut \u00eatre interpr\u00e9t\u00e9 comme une validation, ni de la part de GA.MA Srl ni de ce tiers, des produits et services d\u2019autres tiers ou de ce tiers. GA.MA Srl n\u2019\u00e9met aucune d\u00e9claration ou garantie quant \u00e0 l\u2019utilisation ou l\u2019archivage des donn\u00e9es de l\u2019utilisateur sur les sites de tiers. Les utilisateurs sont invit\u00e9s \u00e0 \u00e9tudier soigneusement la politique de confidentialit\u00e9 qui r\u00e9git les sites de tiers li\u00e9s \u00e0 notre site Web pour avoir une vision compl\u00e8te de l\u2019utilisation possible de vos donn\u00e9es personnelles.    <\/p>\n<p><strong>DESTINATAIRES DES DONN\u00c9ES PERSONNELLES ET DIFFUSION DES DONN\u00c9ES<\/strong><\/p>\n<p>Vos donn\u00e9es seront trait\u00e9es par du personnel d\u00fbment nomm\u00e9 et pourront \u00eatre trait\u00e9es par des tiers appartenant, \u00e0 titre d\u2019exemple, aux cat\u00e9gories suivantes :<\/p>\n<ul>\n<li>intervenants externes qui fournissent des services dans le cloud ;<\/li>\n<li>prestataires de services d\u2019assistance technique ;<\/li>\n<li>soci\u00e9t\u00e9s tierces qui fournissent des services pour la gestion du syst\u00e8me informatique, y compris les services d\u2019h\u00e9bergement des serveurs et de sauvegarde ;<\/li>\n<li>soci\u00e9t\u00e9s tierces qui fournissent des services de tiers<\/li>\n<\/ul>\n<p>Les intervenants appartenant aux cat\u00e9gories indiqu\u00e9es ci-dessus agissent, dans certains cas, en qualit\u00e9 de sous-traitants du traitement sp\u00e9cifiquement nomm\u00e9s par le Responsable du traitement dans le respect de l\u2019article 28 du RGPD, dans d\u2019autres cas en totale autonomie en tant que responsables du traitement distincts, restant entendu que, dans ce dernier cas, la communication de vos donn\u00e9es personnelles est effectu\u00e9e aux fins de poursuivre les finalit\u00e9s indiqu\u00e9es dans la pr\u00e9sente politique.<br \/>La liste de ces intervenants est disponible en en faisant la demande \u00e0 envoyer aux coordonn\u00e9es figurant dans la pr\u00e9sente politique.<\/p>\n<p>Vos donn\u00e9es ne seront pas rendues publiques.<\/p>\n<p><strong>DUR\u00c9E DE CONSERVATION<\/strong><\/p>\n<p>Nous vous informons que, dans le respect des principes de lic\u00e9it\u00e9, de limitation des finalit\u00e9s et de minimisation des donn\u00e9es, aux sens<\/p>\n<p>de l\u2019art. 5 du RGPD, les donn\u00e9es de navigation sont conserv\u00e9es pour les dur\u00e9es indiqu\u00e9es dans la politique relative aux cookies disponible sur le site. <\/p>\n<p><strong>TRANSFERT DES DONN\u00c9ES<\/strong><\/p>\n<p>Pour v\u00e9rifier les \u00e9ventuels transferts de vos donn\u00e9es en dehors du territoire national et\/ou europ\u00e9en, nous vous invitons \u00e0 prendre connaissance du contenu de la politique relative aux cookies des soci\u00e9t\u00e9s qui fournissent les services li\u00e9s aux cookies de tiers. Pour de plus amples informations, \u00e9crire \u00e0 <a href=\"mailto:privacy@gama.eu\">privacy@gama.eu<\/a> <\/p>\n<p>Pour des besoins techniques et\/ou li\u00e9s \u00e0 l\u2019organisation, vos donn\u00e9es sont transf\u00e9r\u00e9es vers des pays membres de l\u2019Union europ\u00e9enne.<\/p>\n<p><strong>MINEURS<\/strong><\/p>\n<p>Le site n\u2019est pas destin\u00e9 \u00e0 \u00eatre utilis\u00e9 par des mineurs et le Responsable ne collecte pas de donn\u00e9es de mineurs. Si le Responsable a connaissance de la collecte de telles donn\u00e9es (par ex., par le biais de formulaires pr\u00e9sents sur le site), il les annulera imm\u00e9diatement. Le Responsable r\u00e9pondra aux demandes d\u2019informations conform\u00e9ment aux lois applicables. Nous vous rappelons que la personne qui exerce l\u2019autorit\u00e9 parentale est tenue de nous donner son consentement \u00e0 la collecte des donn\u00e9es personnelles du mineur en cas de demandes d\u2019informations.   <\/p>\n<p><strong>RESPONSABLE DU TRAITEMENT<\/strong><\/p>\n<p>Le responsable du traitement est GA.MA Unipersonale S.r.l., dont le si\u00e8ge se trouve via Sant&rsquo;Alberto, 1714 \u2013 40018 San Pietro in Casale (province de Bologne) \u2013 Italie, e-mail <a href=\"mailto:privacy@gama.eu\">privacy@gama.eu<\/a> \u2013 t\u00e9l. + 39 051 6668811 en la personne de son repr\u00e9sentant l\u00e9gal en exercice.<\/p>\n<p>Vous avez le droit de demander au Responsable l\u2019annulation (droit \u00e0 l\u2019oubli), la limitation, la mise \u00e0 jour, la rectification, la portabilit\u00e9, l\u2019opposition au traitement des donn\u00e9es personnelles vous concernant, et, de mani\u00e8re g\u00e9n\u00e9rale, vous pouvez exercer tous les droits pr\u00e9vus par les art. 15 et suivants du R\u00e8glement europ\u00e9en 2016\/679 en \u00e9crivant \u00e0 l\u2019adresse <a href=\"mailto:privacy@gama.eu\">privacy@gama.eu<\/a> ou en contactant le Responsable aux coordonn\u00e9es d\u2019entreprise figurant dans ce document. La personne concern\u00e9e a le droit de <strong>d\u00e9poser une r\u00e9clamation aupr\u00e8s de l\u2019autorit\u00e9 de <\/strong><strong>contr\u00f4le<\/strong>. <\/p>\n<p><strong>APPLICATION DE LA PR\u00c9SENTE POLITIQUE<\/strong><\/p>\n<p>Si vous avez des doutes au sujet de cette politique, contactez en premier lieu GA.MA Unipersonale Srl en envoyant un e-mail \u00e0 l\u2019adresse <a href=\"mailto:privacy@gama.eu\">privacy@gama.eu<\/a> ou en contactant le Responsable aux coordonn\u00e9es figurant dans le pr\u00e9sent document.<\/p>\n<p><strong>MODIFICATIONS DE LA PR\u00c9SENTE POLITIQUE<\/strong><\/p>\n<p>GA.MA Unipersonale Srl se r\u00e9serve le droit de mette \u00e0 jour la pr\u00e9sente politique pour l\u2019adapter au droit en vigueur, mais aussi pour tenir d\u00fbment compte des suggestions transmises par ses employ\u00e9s, ses clients, ses collaborateurs et ses utilisateurs. En cas de modifications de la part de GA.MA Unipersonale Srl, la politique de confidentialit\u00e9 qui se trouve sur la page principale d\u00e9di\u00e9e \u00e0 la confidentialit\u00e9 et sur la page d\u2019accueil du site Web <a href=\"https:\/\/www.gamaprofessional.com\">www.gamaprofessional.com<\/a> sera mise \u00e0 jour dans les plus brefs d\u00e9lais.<\/p>\n<p><strong>DROITS DES PERSONNES CONCERN\u00c9ES<\/strong><\/p>\n<p>R\u00e8glement (UE) 2016\/679 : Art. 15, 16, 17, 18, 19, 20, 21, 22 &#8211; Droits de la personne concern\u00e9e<\/p>\n<ol>\n<li>La personne concern\u00e9e a le droit d\u2019obtenir la confirmation de l\u2019existence ou non de donn\u00e9es personnelles \u00e0 son sujet, m\u00eame si elles ne sont pas encore enregistr\u00e9es, et leur communication sous forme intelligible. Elle a \u00e9galement la possibilit\u00e9 d\u2019effectuer une r\u00e9clamation aupr\u00e8s de l\u2019Autorit\u00e9 de contr\u00f4le.<\/li>\n<li>La personne concern\u00e9e a le droit d\u2019obtenir l\u2019indication :\n<ol>\n<li>de l\u2019origine des donn\u00e9es personnelles ;<\/li>\n<li>des finalit\u00e9s et des modalit\u00e9s du traitement ;<\/li>\n<li>de la logique appliqu\u00e9e en cas de traitement effectu\u00e9 \u00e0 l\u2019aide d\u2019outils \u00e9lectroniques ;<\/li>\n<li>des donn\u00e9es d\u2019identification du responsable, des sous-traitants et du repr\u00e9sentant d\u00e9sign\u00e9 en vertu de l\u2019article 5, alin\u00e9a 2 ;<\/li>\n<li>des intervenants ou des cat\u00e9gories d\u2019intervenants auxquels les donn\u00e9es personnelles peuvent \u00eatre communiqu\u00e9es ou qui peuvent en avoir connaissance en leur qualit\u00e9 de repr\u00e9sentants d\u00e9sign\u00e9s sur le territoire de l\u2019\u00c9tat, de sous-traitants ou de personnel autoris\u00e9 au traitement des donn\u00e9es personnelles.<\/li>\n<\/ol>\n<\/li>\n<li>La personne concern\u00e9e a le droit d\u2019obtenir :\n<ol>\n<li>la mise \u00e0 jour, la rectification ou, lorsqu\u2019elle y a un int\u00e9r\u00eat, l\u2019int\u00e9gration des donn\u00e9es ;<\/li>\n<li>l\u2019annulation, la transformation sous forme anonyme ou le blocage des donn\u00e9es trait\u00e9es en violation de la loi, y compris celles dont la conservation n\u2019est pas n\u00e9cessaire vis-\u00e0-vis des objectifs pour lesquels les donn\u00e9es ont \u00e9t\u00e9 collect\u00e9es ou trait\u00e9es par la suite ;<\/li>\n<li>l\u2019attestation que les op\u00e9rations vis\u00e9es aux lettres a) et b) ont \u00e9t\u00e9 port\u00e9es \u00e0 connaissance, \u00e9galement pour ce qui est de leur contenu, de ceux \u00e0 qui les donn\u00e9es ont \u00e9t\u00e9 communiqu\u00e9es ou diffus\u00e9es, except\u00e9 le cas o\u00f9 cette obligation se r\u00e9v\u00e8le impossible ou comporte l\u2019utilisation de moyens manifestement disproportionn\u00e9s par rapport au droit prot\u00e9g\u00e9 ;  <\/li>\n<li>la portabilit\u00e9 des donn\u00e9es.<\/li>\n<\/ol>\n<\/li>\n<li>La personne concern\u00e9e a le droit de s\u2019opposer \u00e0 tout ou partie :\n<ol>\n<li>pour des raisons l\u00e9gitimes au traitement des donn\u00e9es personnelles qui la concernent, m\u00eame si elles sont pertinentes pour le but de la collecte ;<\/li>\n<li>au traitement des donn\u00e9es personnelles qui la concernent aux fins d\u2019envoi de mat\u00e9riel publicitaire ou de vente directe ou pour l\u2019ex\u00e9cution d\u2019\u00e9tudes de march\u00e9 ou de communication commerciale.<\/li>\n<\/ol>\n<\/li>\n<\/ol>\n\t\t\t\t\t\t\t\t<\/div>\n\t\t\t\t<\/div>\n\t\t\t\t\t<\/div>\n\t\t\t\t<\/div>\n\t\t\t\t<\/div>\n\t\t","protected":false},"excerpt":{"rendered":"<p>Politique de confidentialit\u00e9 Pour acc\u00e9der imm\u00e9diatement \u00e0 la politique relative aux cookies, cliquer ici Mise \u00e0 jour le 20.01.2025 Cette<\/p>\n","protected":false},"author":5782,"featured_media":0,"parent":0,"menu_order":0,"comment_status":"closed","ping_status":"open","template":"","meta":{"_acf_changed":false,"footnotes":""},"class_list":["post-4012","page","type-page","status-publish","hentry"],"acf":[],"yoast_head":"<!-- This site is optimized with the Yoast SEO plugin v27.5 - https:\/\/yoast.com\/product\/yoast-seo-wordpress\/ -->\n<title>Privacy Policy - Gama Professional<\/title>\n<meta name=\"robots\" content=\"index, follow, max-snippet:-1, max-image-preview:large, max-video-preview:-1\" \/>\n<link rel=\"canonical\" href=\"https:\/\/www.gamaprofessional.com\/fr\/privacy-policy\/\" \/>\n<meta property=\"og:locale\" content=\"fr_FR\" \/>\n<meta property=\"og:type\" content=\"article\" \/>\n<meta property=\"og:title\" content=\"Privacy Policy - Gama Professional\" \/>\n<meta property=\"og:description\" content=\"Politique de confidentialit\u00e9 Pour acc\u00e9der imm\u00e9diatement \u00e0 la politique relative aux cookies, cliquer ici Mise \u00e0 jour le 20.01.2025 Cette\" \/>\n<meta property=\"og:url\" content=\"https:\/\/www.gamaprofessional.com\/fr\/privacy-policy\/\" \/>\n<meta property=\"og:site_name\" content=\"Gama Professional\" \/>\n<meta property=\"article:modified_time\" content=\"2025-01-20T16:34:30+00:00\" \/>\n<meta name=\"twitter:card\" content=\"summary_large_image\" \/>\n<meta name=\"twitter:label1\" content=\"Dur\u00e9e de lecture estim\u00e9e\" \/>\n\t<meta name=\"twitter:data1\" content=\"12 minutes\" \/>\n<script type=\"application\/ld+json\" class=\"yoast-schema-graph\">{\"@context\":\"https:\\\/\\\/schema.org\",\"@graph\":[{\"@type\":\"WebPage\",\"@id\":\"https:\\\/\\\/www.gamaprofessional.com\\\/fr\\\/privacy-policy\\\/\",\"url\":\"https:\\\/\\\/www.gamaprofessional.com\\\/fr\\\/privacy-policy\\\/\",\"name\":\"Privacy Policy - Gama Professional\",\"isPartOf\":{\"@id\":\"https:\\\/\\\/www.gamaprofessional.com\\\/fr\\\/#website\"},\"datePublished\":\"2024-10-02T10:29:31+00:00\",\"dateModified\":\"2025-01-20T16:34:30+00:00\",\"breadcrumb\":{\"@id\":\"https:\\\/\\\/www.gamaprofessional.com\\\/fr\\\/privacy-policy\\\/#breadcrumb\"},\"inLanguage\":\"fr-FR\",\"potentialAction\":[{\"@type\":\"ReadAction\",\"target\":[\"https:\\\/\\\/www.gamaprofessional.com\\\/fr\\\/privacy-policy\\\/\"]}]},{\"@type\":\"BreadcrumbList\",\"@id\":\"https:\\\/\\\/www.gamaprofessional.com\\\/fr\\\/privacy-policy\\\/#breadcrumb\",\"itemListElement\":[{\"@type\":\"ListItem\",\"position\":1,\"name\":\"Home\",\"item\":\"https:\\\/\\\/www.gamaprofessional.com\\\/fr\\\/page-daccueil\\\/\"},{\"@type\":\"ListItem\",\"position\":2,\"name\":\"Privacy Policy\"}]},{\"@type\":\"WebSite\",\"@id\":\"https:\\\/\\\/www.gamaprofessional.com\\\/fr\\\/#website\",\"url\":\"https:\\\/\\\/www.gamaprofessional.com\\\/fr\\\/\",\"name\":\"Gama Professional\",\"description\":\"\",\"potentialAction\":[{\"@type\":\"SearchAction\",\"target\":{\"@type\":\"EntryPoint\",\"urlTemplate\":\"https:\\\/\\\/www.gamaprofessional.com\\\/fr\\\/?s={search_term_string}\"},\"query-input\":{\"@type\":\"PropertyValueSpecification\",\"valueRequired\":true,\"valueName\":\"search_term_string\"}}],\"inLanguage\":\"fr-FR\"}]}<\/script>\n<!-- \/ Yoast SEO plugin. -->","yoast_head_json":{"title":"Privacy Policy - Gama Professional","robots":{"index":"index","follow":"follow","max-snippet":"max-snippet:-1","max-image-preview":"max-image-preview:large","max-video-preview":"max-video-preview:-1"},"canonical":"https:\/\/www.gamaprofessional.com\/fr\/privacy-policy\/","og_locale":"fr_FR","og_type":"article","og_title":"Privacy Policy - Gama Professional","og_description":"Politique de confidentialit\u00e9 Pour acc\u00e9der imm\u00e9diatement \u00e0 la politique relative aux cookies, cliquer ici Mise \u00e0 jour le 20.01.2025 Cette","og_url":"https:\/\/www.gamaprofessional.com\/fr\/privacy-policy\/","og_site_name":"Gama Professional","article_modified_time":"2025-01-20T16:34:30+00:00","twitter_card":"summary_large_image","twitter_misc":{"Dur\u00e9e de lecture estim\u00e9e":"12 minutes"},"schema":{"@context":"https:\/\/schema.org","@graph":[{"@type":"WebPage","@id":"https:\/\/www.gamaprofessional.com\/fr\/privacy-policy\/","url":"https:\/\/www.gamaprofessional.com\/fr\/privacy-policy\/","name":"Privacy Policy - Gama Professional","isPartOf":{"@id":"https:\/\/www.gamaprofessional.com\/fr\/#website"},"datePublished":"2024-10-02T10:29:31+00:00","dateModified":"2025-01-20T16:34:30+00:00","breadcrumb":{"@id":"https:\/\/www.gamaprofessional.com\/fr\/privacy-policy\/#breadcrumb"},"inLanguage":"fr-FR","potentialAction":[{"@type":"ReadAction","target":["https:\/\/www.gamaprofessional.com\/fr\/privacy-policy\/"]}]},{"@type":"BreadcrumbList","@id":"https:\/\/www.gamaprofessional.com\/fr\/privacy-policy\/#breadcrumb","itemListElement":[{"@type":"ListItem","position":1,"name":"Home","item":"https:\/\/www.gamaprofessional.com\/fr\/page-daccueil\/"},{"@type":"ListItem","position":2,"name":"Privacy Policy"}]},{"@type":"WebSite","@id":"https:\/\/www.gamaprofessional.com\/fr\/#website","url":"https:\/\/www.gamaprofessional.com\/fr\/","name":"Gama Professional","description":"","potentialAction":[{"@type":"SearchAction","target":{"@type":"EntryPoint","urlTemplate":"https:\/\/www.gamaprofessional.com\/fr\/?s={search_term_string}"},"query-input":{"@type":"PropertyValueSpecification","valueRequired":true,"valueName":"search_term_string"}}],"inLanguage":"fr-FR"}]}},"_links":{"self":[{"href":"https:\/\/www.gamaprofessional.com\/fr\/wp-json\/wp\/v2\/pages\/4012","targetHints":{"allow":["GET"]}}],"collection":[{"href":"https:\/\/www.gamaprofessional.com\/fr\/wp-json\/wp\/v2\/pages"}],"about":[{"href":"https:\/\/www.gamaprofessional.com\/fr\/wp-json\/wp\/v2\/types\/page"}],"author":[{"embeddable":true,"href":"https:\/\/www.gamaprofessional.com\/fr\/wp-json\/wp\/v2\/users\/5782"}],"replies":[{"embeddable":true,"href":"https:\/\/www.gamaprofessional.com\/fr\/wp-json\/wp\/v2\/comments?post=4012"}],"version-history":[{"count":1,"href":"https:\/\/www.gamaprofessional.com\/fr\/wp-json\/wp\/v2\/pages\/4012\/revisions"}],"predecessor-version":[{"id":4013,"href":"https:\/\/www.gamaprofessional.com\/fr\/wp-json\/wp\/v2\/pages\/4012\/revisions\/4013"}],"wp:attachment":[{"href":"https:\/\/www.gamaprofessional.com\/fr\/wp-json\/wp\/v2\/media?parent=4012"}],"curies":[{"name":"wp","href":"https:\/\/api.w.org\/{rel}","templated":true}]}}