{"id":4060,"date":"2025-01-13T15:51:25","date_gmt":"2025-01-13T14:51:25","guid":{"rendered":"https:\/\/www.gamaprofessional.com\/cookie-policy\/"},"modified":"2025-01-28T19:47:56","modified_gmt":"2025-01-28T18:47:56","slug":"cookie-policy","status":"publish","type":"page","link":"https:\/\/www.gamaprofessional.com\/fr\/cookie-policy\/","title":{"rendered":"Cookie policy"},"content":{"rendered":"\t\t<div data-elementor-type=\"wp-page\" data-elementor-id=\"4060\" class=\"elementor elementor-4060 elementor-3914\" data-elementor-post-type=\"page\">\n\t\t\t\t<div class=\"wd-negative-gap elementor-element elementor-element-078a2cf e-flex e-con-boxed e-con e-parent\" data-id=\"078a2cf\" data-element_type=\"container\">\n\t\t\t\t\t<div class=\"e-con-inner\">\n\t\t\t\t<div class=\"elementor-element elementor-element-71154d8 elementor-widget elementor-widget-wd_text_block\" data-id=\"71154d8\" data-element_type=\"widget\" data-widget_type=\"wd_text_block.default\">\n\t\t\t\t<div class=\"elementor-widget-container\">\n\t\t\t\t\t\t\t<div class=\"wd-text-block reset-last-child text-left\">\n\t\t\t\n\t\t\t<h1>POLITIQUE RELATIVE AUX COOKIES<\/h1><p>Mise \u00e0 jour le 20\/01\/2025<\/p><h4>Politique relative \u00e0 l\u2019utilisation des cookies aux sens de la D\u00e9cision \u00e9manant du Garant de la confidentialit\u00e9 n\u00b0 231 du 10 juin 2021 et aux sens des art. 13 et 14 du R\u00e8glement europ\u00e9en 2016\/679 (RGPD) <\/h4><h4>L\u00e9gislation de r\u00e9f\u00e9rence : Art. 122 du d\u00e9cret l\u00e9gislatif italien 196\/2003, art. 4 point 11 et art. 7,12, 13 et 25 du R\u00e8glement europ\u00e9en 2016\/679<\/h4><p>L\u2019utilisation des cookies par le Responsable de ce site www.gamaprofessional.com est encadr\u00e9e par sa politique de confidentialit\u00e9 pour toutes les informations impos\u00e9es par l\u2019art. 13 du R\u00e8glement UE 2016\/679 - RGPD cliquer <a href=\"https:\/\/www.gamaprofessional.com\/fr\/privacy-policy\/\">ici<\/a>. <\/p><ol><li><h5>RESPONSABLE DU TRAITEMENT<\/h5><\/li><li><h5>QU\u2019EST-CE QUE LES COOKIES ET LESQUELS TRAITONS-NOUS<\/h5><\/li><li><h5>COMMUNICATION<\/h5><\/li><li><h5>TRANSFERT<\/h5><\/li><li><h5>DROITS DES PERSONNES CONCERN\u00c9ES<\/h5><\/li><li><h5>FINALIT\u00c9S ET LISTE DES COOKIES UTILIS\u00c9S<\/h5><\/li><\/ol><h4> <\/h4><h4>1- RESPONSABLE DU TRAITEMENT<\/h4><p>Le responsable du traitement est GA.MA S.r.l., dont le si\u00e8ge se trouve via Sant'Alberto, 1714 \u2013 40018 San Pietro in Casale (province de Bologne) \u2013 Italie, e-mail privacy@gama.eu \u2013 t\u00e9l. + 39 051 6668811 en la personne de son repr\u00e9sentant l\u00e9gal en exercice.<\/p><h4>2- <strong>QU\u2019EST-CE QUE LES COOKIES ET LESQUELS TRAITONS-NOUS <\/strong><\/h4><p><strong>D\u00e9finitions, caract\u00e9ristiques et application de la politique<\/strong><\/p><p>Les cookies sont de petits fichiers textes que les sites visit\u00e9s par l\u2019utilisateur envoient et stockent dans son ordinateur ou son appareil portable, et qui seront ensuite retransmis \u00e0 ces m\u00eames sites lors de la prochaine visite. C\u2019est gr\u00e2ce \u00e0 ces cookies qu\u2019un site se rappelle les actions et les pr\u00e9f\u00e9rences de l\u2019utilisateur (par exemple, ses donn\u00e9es de connexion, la langue choisie, la taille de la police de caract\u00e8res, d\u2019autres param\u00e8tres d\u2019affichage, etc.) de sorte qu\u2019elles n\u2019ont pas \u00e0 \u00eatre \u00e0 nouveau renseign\u00e9es lorsque l\u2019utilisateur revient visiter ce site ou navigue d\u2019une page \u00e0 l\u2019autre. Les cookies sont donc utilis\u00e9s pour effectuer des authentifications informatiques, le contr\u00f4le des sessions et la m\u00e9morisation d\u2019informations concernant les activit\u00e9s des utilisateurs qui acc\u00e8dent \u00e0 un site. Ils peuvent \u00e9galement contenir un code d\u2019identification qui permet de garder une trace de la navigation de l\u2019utilisateur sur le site \u00e0 des fins statistiques ou publicitaires.  <\/p><p>L\u2019utilisation de cookies de tiers, pr\u00e9sents sur ce site Web, est r\u00e9gie par les r\u00e8gles pr\u00e9vues par ces m\u00eames tiers. C\u2019est pourquoi la personne concern\u00e9e est invit\u00e9e \u00e0 prendre connaissance des politiques relatives au traitement des donn\u00e9es personnelles, publi\u00e9es sur les pages Web indiqu\u00e9es au point <a href=\"#punto6\"><strong>6<\/strong> <strong>Finalit\u00e9s et<\/strong> <strong>liste des cookies utilis\u00e9s par le site<\/strong><\/a>.<\/p><p><strong>Types de cookies<\/strong> : Ce site Web est analys\u00e9 avec un outil d\u2019analyse des cookies pour garder une liste qui soit la plus pr\u00e9cise possible. Les cookies qui peuvent \u00eatre d\u00e9tect\u00e9s sont class\u00e9s dans les cat\u00e9gories suivantes : <\/p><ul><li>Cookies n\u00e9cessaires : les cookies n\u00e9cessaires contribuent \u00e0 rendre un site Web exploitable en activant les fonctions de base comme la navigation de la page et l\u2019acc\u00e8s aux zones prot\u00e9g\u00e9es du site. Le site Web ne peut pas fonctionner correctement sans ces cookies. <\/li><li>Cookies pour les pr\u00e9f\u00e9rences : dans le cas o\u00f9 l\u2019utilisateur a donn\u00e9 son consentement expr\u00e8s et \u00e9clair\u00e9, ils permettent \u00e0 un site Web de se rappeler les informations qui ont une incidence sur la fa\u00e7on dont le site se comporte ou se pr\u00e9sente, comme la langue pr\u00e9f\u00e9r\u00e9e ou la r\u00e9gion d\u2019appartenance de l\u2019utilisateur.<\/li><li>Cookies statistiques : dans le cas o\u00f9 l\u2019utilisateur a donn\u00e9 un consentement expr\u00e8s et \u00e9clair\u00e9, ils aident \u00e0 comprendre de quelle fa\u00e7on les utilisateurs interagissent avec les sites en collectant et en transmettant des informations sous forme anonyme.<\/li><li>Cookies marketing et de profilage : ils sont utilis\u00e9s pour suivre les utilisateurs sur les sites Web, dans le cas o\u00f9 l\u2019utilisateur a donn\u00e9 un consentement expr\u00e8s et \u00e9clair\u00e9. Le but est de voir les annonces pertinentes et int\u00e9ressantes pour chaque utilisateur. <\/li><\/ul><p>Pour connaitre la liste et les types de cookies utilis\u00e9s par ce site, <a href=\"#punto6\">cliquer ic<\/a>i. L\u2019utilisateur pourra \u00e0 tout moment g\u00e9rer, modifier, d\u00e9sactiver ou annuler les cookies en cliquant sur le lien \u00ab <strong>revoir mes choix en mati\u00e8re de cookies<\/strong> <strong> \u00bb<\/strong> qui se trouve au bas du site ou en modifiant les param\u00e8tres de son navigateur Internet. En cas de d\u00e9sactivation g\u00e9n\u00e9rale, certaines parties du site pourraient \u00eatre ralenties ou limit\u00e9es, ou la navigation pourrait \u00eatre moins fonctionnelle. Les param\u00e8tres pour g\u00e9rer ou d\u00e9sactiver les cookies dans les navigateurs Internet peuvent varier en fonction du navigateur utilis\u00e9. Pour plus d\u2019informations sur la fa\u00e7on de r\u00e9aliser ces op\u00e9rations, nous vous recommandons de consulter le manuel de votre appareil de votre navigateur Internet. Vous trouverez ci-apr\u00e8s les liens qui indiquent comment g\u00e9rer ou d\u00e9sactiver les cookies pour les navigateurs Internet les plus courants :  <\/p><ul><li>Microsoft Edge: <a href=\"https:\/\/support.microsoft.com\/it-it\/microsoft-edge\/eliminare-i-cookie-in-microsoft-edge-63947406-40ac-c3b8-57b9-2a946a29ae09\" target=\"_blank\" rel=\"noopener\">https:\/\/support.microsoft.com\/it-it\/microsoft-edge\/eliminare-i-cookie-in-microsoft-edge-63947406-40ac-c3b8-57b9-2a946a29ae09<\/a><\/li><li>Google Chrome: <a href=\"https:\/\/support.google.com\/chrome\/answer\/95647\" target=\"_blank\" rel=\"noopener\">https:\/\/support.google.com\/chrome\/answer\/95647<\/a><\/li><li>Mozilla Firefox: <a href=\"https:\/\/support.mozilla.org\/it\/kb\/Gestione%20dei%20cookie\" target=\"_blank\" rel=\"noopener\">https:\/\/support.mozilla.org\/it\/kb\/Gestione%20dei%20cookie<\/a><\/li><li>Opera: <a href=\"https:\/\/help.opera.com\/Windows\/10.00\/it\/cookies.html\" target=\"_blank\" rel=\"noopener\">https:\/\/help.opera.com\/Windows\/10.00\/it\/cookies.html<\/a><\/li><li>Safari: <a href=\"https:\/\/support.apple.com\/it-it\/HT201265\" target=\"_blank\" rel=\"noopener\">https:\/\/support.apple.com\/it-it\/HT201265<\/a><\/li><\/ul><p>Le Responsable n\u2019est pas responsable d\u2019\u00e9ventuelles modifications apport\u00e9es aux liens ci-dessus. L\u2019utilisateur doit toujours se r\u00e9f\u00e9rer aux indications donn\u00e9es directement par les navigateurs <\/p><h4>3- COMMUNICATION<\/h4><p>Vos donn\u00e9es seront trait\u00e9es par du personnel d\u00fbment autoris\u00e9 par le Responsable et pourront \u00eatre trait\u00e9es par des tiers appartenant, \u00e0 titre d\u2019exemple, aux cat\u00e9gories suivantes :<\/p><ul><li>Soci\u00e9t\u00e9 qui fournissent l\u2019assistance pour la gestion du site Web<\/li><li>Plateforme pour la gestion et la d\u00e9tection des cookies ;<\/li><li>Autorit\u00e9 judiciaire, autorit\u00e9 de vigilance et de contr\u00f4le ;<\/li><li>Soci\u00e9t\u00e9s qui fournissent les services des cookies de tiers.<\/li><\/ul><p>Les intervenants appartenant aux cat\u00e9gories mentionn\u00e9es ci-dessus agiront, dans certains cas, en tant que sous-traitants du traitement express\u00e9ment nomm\u00e9s par le Responsable du traitement dans le respect de l\u2019art. 28 du RGPD, dans d\u2019autres cas en totale autonomie en tant que responsables du traitement distincts, restant entendu que, dans ce dernier cas, la communication de vos donn\u00e9es personnelles \u00e0 ces responsables autonomes est effectu\u00e9e uniquement aux fins de poursuivre les finalit\u00e9s indiqu\u00e9es dans la pr\u00e9sente politique.<\/p><p>Pour connaitre la liste compl\u00e8te, vous pouvez \u00e9crire \u00e0 <a href=\"mailto:privacy@gama.eu\">privacy@gama.eu<\/a> ou contacter le Responsable du traitement aux coordonn\u00e9es figurant dans ce document.<\/p><p>Vos donn\u00e9es ne seront pas rendues publiques.<\/p><h4>4- TRANSFERT DES DONN\u00c9ES<\/h4><p>Pour v\u00e9rifier les \u00e9ventuels transferts de vos donn\u00e9es en dehors du territoire national et\/ou europ\u00e9en, nous vous invitons \u00e0 prendre connaissance du contenu de la politique relative aux cookies des soci\u00e9t\u00e9s qui fournissent les services li\u00e9s aux cookies de tiers (\u00ab <strong><a href=\"#punto6\">voir point 6 \u2013 Finalit\u00e9s et liste des cookies utilis\u00e9s par le site Web <\/a><\/strong>\u00bb). Pour plus d\u2019informations, \u00e9crire \u00e0 <a href=\"mailto:privacy@gama.eu\">privacy@gama.eu<\/a> ou contacter le Responsable aux coordonn\u00e9es figurant dans ce document. <\/p><h4>5- DROITS DES PERSONNES CONCERN\u00c9ES<\/h4><p>Vous avez le droit de demander au Responsable l\u2019annulation (droit \u00e0 l\u2019oubli), la limitation, la mise \u00e0 jour, la rectification, la portabilit\u00e9, l\u2019opposition au traitement des donn\u00e9es personnelles vous concernant, et, en g\u00e9n\u00e9ral, vous pouvez exercer les droits pr\u00e9vus par les art. 15 et suivants du R\u00e8glement europ\u00e9en 2016\/679 en \u00e9crivant \u00e0 l\u2019adresse <a href=\"mailto:privacy@gama.eu\">privacy@gama.eu<\/a> ou en contactant le Responsable aux coordonn\u00e9es d\u2019entreprise figurant dans ce document.<\/p><p>Vous pourrez par ailleurs d\u00e9poser une r\u00e9clamation aupr\u00e8s de l\u2019autorit\u00e9 de contr\u00f4le comp\u00e9tente si vous estimez que le traitement de vos donn\u00e9es est contraire \u00e0 la l\u00e9gislation en vigueur.<\/p><h4 id=\"punto6\">6- Finalit\u00e9s et liste des cookies utilis\u00e9s par le site<\/h4>\n\t\t\t\t\t<\/div>\n\t\t\t\t\t\t<\/div>\n\t\t\t\t<\/div>\n\t\t\t\t<div class=\"elementor-element elementor-element-2954320 elementor-widget elementor-widget-html\" data-id=\"2954320\" data-element_type=\"widget\" data-widget_type=\"html.default\">\n\t\t\t\t<div class=\"elementor-widget-container\">\n\t\t\t\t\t<script id=\"CookieDeclaration\" src=\"https:\/\/consent.cookiebot.com\/c55903bc-1c41-44eb-88a2-227253b28fb2\/cd.js\" type=\"text\/javascript\" async><\/script>\t\t\t\t<\/div>\n\t\t\t\t<\/div>\n\t\t\t\t\t<\/div>\n\t\t\t\t<\/div>\n\t\t\t\t<\/div>\n\t\t","protected":false},"excerpt":{"rendered":"<p>POLITIQUE RELATIVE AUX COOKIES Mise \u00e0 jour le 20\/01\/2025 Politique relative \u00e0 l\u2019utilisation des cookies aux sens de la D\u00e9cision<\/p>\n","protected":false},"author":5782,"featured_media":0,"parent":0,"menu_order":0,"comment_status":"closed","ping_status":"closed","template":"","meta":{"_acf_changed":false,"footnotes":""},"class_list":["post-4060","page","type-page","status-publish","hentry"],"acf":[],"yoast_head":"<!-- This site is optimized with the Yoast SEO plugin v27.5 - https:\/\/yoast.com\/product\/yoast-seo-wordpress\/ -->\n<title>Cookie policy - Gama Professional<\/title>\n<meta name=\"robots\" content=\"index, follow, max-snippet:-1, max-image-preview:large, max-video-preview:-1\" \/>\n<link rel=\"canonical\" href=\"https:\/\/www.gamaprofessional.com\/fr\/cookie-policy\/\" \/>\n<meta property=\"og:locale\" content=\"fr_FR\" \/>\n<meta property=\"og:type\" content=\"article\" \/>\n<meta property=\"og:title\" content=\"Cookie policy - Gama Professional\" \/>\n<meta property=\"og:description\" content=\"POLITIQUE RELATIVE AUX COOKIES Mise \u00e0 jour le 20\/01\/2025 Politique relative \u00e0 l\u2019utilisation des cookies aux sens de la D\u00e9cision\" \/>\n<meta property=\"og:url\" content=\"https:\/\/www.gamaprofessional.com\/fr\/cookie-policy\/\" \/>\n<meta property=\"og:site_name\" content=\"Gama Professional\" \/>\n<meta property=\"article:modified_time\" content=\"2025-01-28T18:47:56+00:00\" \/>\n<meta name=\"twitter:card\" content=\"summary_large_image\" \/>\n<meta name=\"twitter:label1\" content=\"Dur\u00e9e de lecture estim\u00e9e\" \/>\n\t<meta name=\"twitter:data1\" content=\"7 minutes\" \/>\n<script type=\"application\/ld+json\" class=\"yoast-schema-graph\">{\"@context\":\"https:\\\/\\\/schema.org\",\"@graph\":[{\"@type\":\"WebPage\",\"@id\":\"https:\\\/\\\/www.gamaprofessional.com\\\/fr\\\/cookie-policy\\\/\",\"url\":\"https:\\\/\\\/www.gamaprofessional.com\\\/fr\\\/cookie-policy\\\/\",\"name\":\"Cookie policy - Gama Professional\",\"isPartOf\":{\"@id\":\"https:\\\/\\\/www.gamaprofessional.com\\\/fr\\\/#website\"},\"datePublished\":\"2025-01-13T14:51:25+00:00\",\"dateModified\":\"2025-01-28T18:47:56+00:00\",\"breadcrumb\":{\"@id\":\"https:\\\/\\\/www.gamaprofessional.com\\\/fr\\\/cookie-policy\\\/#breadcrumb\"},\"inLanguage\":\"fr-FR\",\"potentialAction\":[{\"@type\":\"ReadAction\",\"target\":[\"https:\\\/\\\/www.gamaprofessional.com\\\/fr\\\/cookie-policy\\\/\"]}]},{\"@type\":\"BreadcrumbList\",\"@id\":\"https:\\\/\\\/www.gamaprofessional.com\\\/fr\\\/cookie-policy\\\/#breadcrumb\",\"itemListElement\":[{\"@type\":\"ListItem\",\"position\":1,\"name\":\"Home\",\"item\":\"https:\\\/\\\/www.gamaprofessional.com\\\/fr\\\/page-daccueil\\\/\"},{\"@type\":\"ListItem\",\"position\":2,\"name\":\"Cookie policy\"}]},{\"@type\":\"WebSite\",\"@id\":\"https:\\\/\\\/www.gamaprofessional.com\\\/fr\\\/#website\",\"url\":\"https:\\\/\\\/www.gamaprofessional.com\\\/fr\\\/\",\"name\":\"Gama Professional\",\"description\":\"\",\"potentialAction\":[{\"@type\":\"SearchAction\",\"target\":{\"@type\":\"EntryPoint\",\"urlTemplate\":\"https:\\\/\\\/www.gamaprofessional.com\\\/fr\\\/?s={search_term_string}\"},\"query-input\":{\"@type\":\"PropertyValueSpecification\",\"valueRequired\":true,\"valueName\":\"search_term_string\"}}],\"inLanguage\":\"fr-FR\"}]}<\/script>\n<!-- \/ Yoast SEO plugin. -->","yoast_head_json":{"title":"Cookie policy - Gama Professional","robots":{"index":"index","follow":"follow","max-snippet":"max-snippet:-1","max-image-preview":"max-image-preview:large","max-video-preview":"max-video-preview:-1"},"canonical":"https:\/\/www.gamaprofessional.com\/fr\/cookie-policy\/","og_locale":"fr_FR","og_type":"article","og_title":"Cookie policy - Gama Professional","og_description":"POLITIQUE RELATIVE AUX COOKIES Mise \u00e0 jour le 20\/01\/2025 Politique relative \u00e0 l\u2019utilisation des cookies aux sens de la D\u00e9cision","og_url":"https:\/\/www.gamaprofessional.com\/fr\/cookie-policy\/","og_site_name":"Gama Professional","article_modified_time":"2025-01-28T18:47:56+00:00","twitter_card":"summary_large_image","twitter_misc":{"Dur\u00e9e de lecture estim\u00e9e":"7 minutes"},"schema":{"@context":"https:\/\/schema.org","@graph":[{"@type":"WebPage","@id":"https:\/\/www.gamaprofessional.com\/fr\/cookie-policy\/","url":"https:\/\/www.gamaprofessional.com\/fr\/cookie-policy\/","name":"Cookie policy - Gama Professional","isPartOf":{"@id":"https:\/\/www.gamaprofessional.com\/fr\/#website"},"datePublished":"2025-01-13T14:51:25+00:00","dateModified":"2025-01-28T18:47:56+00:00","breadcrumb":{"@id":"https:\/\/www.gamaprofessional.com\/fr\/cookie-policy\/#breadcrumb"},"inLanguage":"fr-FR","potentialAction":[{"@type":"ReadAction","target":["https:\/\/www.gamaprofessional.com\/fr\/cookie-policy\/"]}]},{"@type":"BreadcrumbList","@id":"https:\/\/www.gamaprofessional.com\/fr\/cookie-policy\/#breadcrumb","itemListElement":[{"@type":"ListItem","position":1,"name":"Home","item":"https:\/\/www.gamaprofessional.com\/fr\/page-daccueil\/"},{"@type":"ListItem","position":2,"name":"Cookie policy"}]},{"@type":"WebSite","@id":"https:\/\/www.gamaprofessional.com\/fr\/#website","url":"https:\/\/www.gamaprofessional.com\/fr\/","name":"Gama Professional","description":"","potentialAction":[{"@type":"SearchAction","target":{"@type":"EntryPoint","urlTemplate":"https:\/\/www.gamaprofessional.com\/fr\/?s={search_term_string}"},"query-input":{"@type":"PropertyValueSpecification","valueRequired":true,"valueName":"search_term_string"}}],"inLanguage":"fr-FR"}]}},"_links":{"self":[{"href":"https:\/\/www.gamaprofessional.com\/fr\/wp-json\/wp\/v2\/pages\/4060","targetHints":{"allow":["GET"]}}],"collection":[{"href":"https:\/\/www.gamaprofessional.com\/fr\/wp-json\/wp\/v2\/pages"}],"about":[{"href":"https:\/\/www.gamaprofessional.com\/fr\/wp-json\/wp\/v2\/types\/page"}],"author":[{"embeddable":true,"href":"https:\/\/www.gamaprofessional.com\/fr\/wp-json\/wp\/v2\/users\/5782"}],"replies":[{"embeddable":true,"href":"https:\/\/www.gamaprofessional.com\/fr\/wp-json\/wp\/v2\/comments?post=4060"}],"version-history":[{"count":2,"href":"https:\/\/www.gamaprofessional.com\/fr\/wp-json\/wp\/v2\/pages\/4060\/revisions"}],"predecessor-version":[{"id":4235,"href":"https:\/\/www.gamaprofessional.com\/fr\/wp-json\/wp\/v2\/pages\/4060\/revisions\/4235"}],"wp:attachment":[{"href":"https:\/\/www.gamaprofessional.com\/fr\/wp-json\/wp\/v2\/media?parent=4060"}],"curies":[{"name":"wp","href":"https:\/\/api.w.org\/{rel}","templated":true}]}}