{"id":1092,"date":"2024-11-05T20:22:02","date_gmt":"2024-11-05T19:22:02","guid":{"rendered":"https:\/\/www.gamaprofessional.com\/prodotto\/seche-cheveux-pluma-5500-oxy-active\/"},"modified":"2026-03-07T11:26:01","modified_gmt":"2026-03-07T10:26:01","slug":"phon-pluma-5500-oxy-active","status":"publish","type":"product","link":"https:\/\/www.gamaprofessional.com\/fr\/prodotto\/phon-pluma-5500-oxy-active\/","title":{"rendered":"S\u00c8CHE-CHEVEUX PLUMA 5500 OXY ACTIVE"},"content":{"rendered":"<p>Pluma 5500 Oxy Active est le s\u00e8che-cheveux id\u00e9al pour ceux qui souhaitent des cheveux sains et brillants.<\/p>\n<p>Il est \u00e9quip\u00e9 de 2 technologies importantes <strong>Syst\u00e8me C et Oxy-Active<\/strong>:<\/p>\n<ul>\n<li><strong>Syst\u00e8me C<\/strong> : brevet GAMA qui garantit des performances constantes et une s\u00e9curit\u00e9 absolue aux professionnels, en \u00e9vitant la surchauffe et en prolongeant le cycle de vie du s\u00e8che-cheveux.<\/li>\n<li><strong>Technologie Oxy-Active<\/strong>: le s\u00e8che-cheveux \u00e9met un grand nombre d&rsquo;ions et d&rsquo;oxyg\u00e8ne actif, cr\u00e9ant un effet Color Lock, qui prolonge la dur\u00e9e de vie des couleurs, am\u00e9liore la brillance et garde les cheveux lisses et soyeux.<\/li>\n<\/ul>\n<p><strong>Pluma 5500 Oxy Active<\/strong> est un incontournable pour ceux qui recherchent un s\u00e8che-cheveux fiable et performant:<\/p>\n<ul>\n<li>Puissance: 2400 W, pour un s\u00e9chage rapide et des r\u00e9sultats impeccables.<\/li>\n<li>Moteur : AC italien, robuste et fiable.<\/li>\n<li>Doublure interne: Tourmaline, pour une r\u00e9partition uniforme de la chaleur et pour r\u00e9duire les frisottis.<\/li>\n<li>Longueur du c\u00e2ble: 3 m\u00e8tres, pour une plus grande libert\u00e9 de mouvement.<\/li>\n<li>Combinaisons de chaleur et de vitesse : 6 options (3 temp\u00e9ratures, 2 vitesses) pour s&rsquo;adapter \u00e0 tout type de cheveux.<\/li>\n<li>Cold Air Shot: pour fixer la coiffure avec une finition parfaite.<\/li>\n<li>Filtre amovible: facile \u00e0 nettoyer, garantit une hygi\u00e8ne et des performances maximales dans le temps.<\/li>\n<\/ul>\n","protected":false},"excerpt":{"rendered":"<p>Le Pluma 5500 Oxy Active est le s\u00e8che-cheveux professionnel Made in Italy id\u00e9al pour ceux qui recherchent tradition, puissance et technologie. Dot\u00e9 de rev\u00eatements en tourmaline, ce s\u00e8che-cheveux r\u00e9duit les frisottis et ajoute de la brillance aux cheveux. Disponible dans des couleurs \u00e9l\u00e9gantes noir et blanc.  <\/p>\n","protected":false},"featured_media":1112,"template":"","meta":{"_acf_changed":false},"product_brand":[],"product_cat":[327],"product_tag":[],"class_list":{"0":"post-1092","1":"product","2":"type-product","3":"status-publish","4":"has-post-thumbnail","6":"product_cat-seche-cheveux","8":"first","9":"instock","10":"taxable","11":"shipping-taxable","12":"purchasable","13":"product-type-variable"},"acf":[],"yoast_head":"<!-- This site is optimized with the Yoast SEO plugin v27.5 - https:\/\/yoast.com\/product\/yoast-seo-wordpress\/ -->\n<title>S\u00c8CHE-CHEVEUX PLUMA 5500 OXY ACTIVE - Gama Professional<\/title>\n<meta name=\"description\" content=\"Pluma 5500 Oxy-Active est un s\u00e8che-cheveux professionnel et une technologie ionique. Pour des cheveux brillants et jamais cr\u00e9pus.\" \/>\n<meta name=\"robots\" content=\"index, follow, max-snippet:-1, max-image-preview:large, max-video-preview:-1\" \/>\n<link rel=\"canonical\" href=\"https:\/\/www.gamaprofessional.com\/fr\/prodotto\/phon-pluma-5500-oxy-active\/\" \/>\n<meta property=\"og:locale\" content=\"fr_FR\" \/>\n<meta property=\"og:type\" content=\"article\" \/>\n<meta property=\"og:title\" content=\"S\u00c8CHE-CHEVEUX PLUMA 5500 OXY ACTIVE - Gama Professional\" \/>\n<meta property=\"og:description\" content=\"Pluma 5500 Oxy-Active est un s\u00e8che-cheveux professionnel et une technologie ionique. Pour des cheveux brillants et jamais cr\u00e9pus.\" \/>\n<meta property=\"og:url\" content=\"https:\/\/www.gamaprofessional.com\/fr\/prodotto\/phon-pluma-5500-oxy-active\/\" \/>\n<meta property=\"og:site_name\" content=\"Gama Professional\" \/>\n<meta property=\"article:modified_time\" content=\"2026-03-07T10:26:01+00:00\" \/>\n<meta property=\"og:image\" content=\"https:\/\/www.gamaprofessional.com\/wp-content\/uploads\/2024\/11\/PLUMA-5500-OXY-ACTIVE1.png\" \/>\n\t<meta property=\"og:image:width\" content=\"1080\" \/>\n\t<meta property=\"og:image:height\" content=\"1080\" \/>\n\t<meta property=\"og:image:type\" content=\"image\/png\" \/>\n<meta name=\"twitter:card\" content=\"summary_large_image\" \/>\n<meta name=\"twitter:label1\" content=\"Dur\u00e9e de lecture estim\u00e9e\" \/>\n\t<meta name=\"twitter:data1\" content=\"2 minutes\" \/>\n<script type=\"application\/ld+json\" class=\"yoast-schema-graph\">{\"@context\":\"https:\\\/\\\/schema.org\",\"@graph\":[{\"@type\":\"WebPage\",\"@id\":\"https:\\\/\\\/www.gamaprofessional.com\\\/fr\\\/prodotto\\\/phon-pluma-5500-oxy-active\\\/\",\"url\":\"https:\\\/\\\/www.gamaprofessional.com\\\/fr\\\/prodotto\\\/phon-pluma-5500-oxy-active\\\/\",\"name\":\"S\u00c8CHE-CHEVEUX PLUMA 5500 OXY ACTIVE - Gama Professional\",\"isPartOf\":{\"@id\":\"https:\\\/\\\/www.gamaprofessional.com\\\/fr\\\/#website\"},\"primaryImageOfPage\":{\"@id\":\"https:\\\/\\\/www.gamaprofessional.com\\\/fr\\\/prodotto\\\/phon-pluma-5500-oxy-active\\\/#primaryimage\"},\"image\":{\"@id\":\"https:\\\/\\\/www.gamaprofessional.com\\\/fr\\\/prodotto\\\/phon-pluma-5500-oxy-active\\\/#primaryimage\"},\"thumbnailUrl\":\"https:\\\/\\\/www.gamaprofessional.com\\\/wp-content\\\/uploads\\\/2024\\\/11\\\/PLUMA-5500-OXY-ACTIVE1.png\",\"datePublished\":\"2024-11-05T19:22:02+00:00\",\"dateModified\":\"2026-03-07T10:26:01+00:00\",\"description\":\"Pluma 5500 Oxy-Active est un s\u00e8che-cheveux professionnel et une technologie ionique. Pour des cheveux brillants et jamais cr\u00e9pus.\",\"breadcrumb\":{\"@id\":\"https:\\\/\\\/www.gamaprofessional.com\\\/fr\\\/prodotto\\\/phon-pluma-5500-oxy-active\\\/#breadcrumb\"},\"inLanguage\":\"fr-FR\",\"potentialAction\":[{\"@type\":\"ReadAction\",\"target\":[\"https:\\\/\\\/www.gamaprofessional.com\\\/fr\\\/prodotto\\\/phon-pluma-5500-oxy-active\\\/\"]}]},{\"@type\":\"ImageObject\",\"inLanguage\":\"fr-FR\",\"@id\":\"https:\\\/\\\/www.gamaprofessional.com\\\/fr\\\/prodotto\\\/phon-pluma-5500-oxy-active\\\/#primaryimage\",\"url\":\"https:\\\/\\\/www.gamaprofessional.com\\\/wp-content\\\/uploads\\\/2024\\\/11\\\/PLUMA-5500-OXY-ACTIVE1.png\",\"contentUrl\":\"https:\\\/\\\/www.gamaprofessional.com\\\/wp-content\\\/uploads\\\/2024\\\/11\\\/PLUMA-5500-OXY-ACTIVE1.png\",\"width\":1080,\"height\":1080,\"caption\":\"PLUMA 5500 OXY ACTIVE\"},{\"@type\":\"BreadcrumbList\",\"@id\":\"https:\\\/\\\/www.gamaprofessional.com\\\/fr\\\/prodotto\\\/phon-pluma-5500-oxy-active\\\/#breadcrumb\",\"itemListElement\":[{\"@type\":\"ListItem\",\"position\":1,\"name\":\"Home\",\"item\":\"https:\\\/\\\/www.gamaprofessional.com\\\/fr\\\/page-daccueil\\\/\"},{\"@type\":\"ListItem\",\"position\":2,\"name\":\"Boutique\",\"item\":\"https:\\\/\\\/www.gamaprofessional.com\\\/shop\\\/\"},{\"@type\":\"ListItem\",\"position\":3,\"name\":\"Haircare\",\"item\":\"https:\\\/\\\/www.gamaprofessional.com\\\/fr\\\/categoria-prodotto\\\/haircare-fr\\\/\"},{\"@type\":\"ListItem\",\"position\":4,\"name\":\"S\u00e8che-cheveux\",\"item\":\"https:\\\/\\\/www.gamaprofessional.com\\\/fr\\\/categoria-prodotto\\\/haircare-fr\\\/seche-cheveux\\\/\"},{\"@type\":\"ListItem\",\"position\":5,\"name\":\"S\u00c8CHE-CHEVEUX PLUMA 5500 OXY ACTIVE\"}]},{\"@type\":\"WebSite\",\"@id\":\"https:\\\/\\\/www.gamaprofessional.com\\\/fr\\\/#website\",\"url\":\"https:\\\/\\\/www.gamaprofessional.com\\\/fr\\\/\",\"name\":\"Gama Professional\",\"description\":\"\",\"potentialAction\":[{\"@type\":\"SearchAction\",\"target\":{\"@type\":\"EntryPoint\",\"urlTemplate\":\"https:\\\/\\\/www.gamaprofessional.com\\\/fr\\\/?s={search_term_string}\"},\"query-input\":{\"@type\":\"PropertyValueSpecification\",\"valueRequired\":true,\"valueName\":\"search_term_string\"}}],\"inLanguage\":\"fr-FR\"}]}<\/script>\n<!-- \/ Yoast SEO plugin. -->","yoast_head_json":{"title":"S\u00c8CHE-CHEVEUX PLUMA 5500 OXY ACTIVE - Gama Professional","description":"Pluma 5500 Oxy-Active est un s\u00e8che-cheveux professionnel et une technologie ionique. Pour des cheveux brillants et jamais cr\u00e9pus.","robots":{"index":"index","follow":"follow","max-snippet":"max-snippet:-1","max-image-preview":"max-image-preview:large","max-video-preview":"max-video-preview:-1"},"canonical":"https:\/\/www.gamaprofessional.com\/fr\/prodotto\/phon-pluma-5500-oxy-active\/","og_locale":"fr_FR","og_type":"article","og_title":"S\u00c8CHE-CHEVEUX PLUMA 5500 OXY ACTIVE - Gama Professional","og_description":"Pluma 5500 Oxy-Active est un s\u00e8che-cheveux professionnel et une technologie ionique. Pour des cheveux brillants et jamais cr\u00e9pus.","og_url":"https:\/\/www.gamaprofessional.com\/fr\/prodotto\/phon-pluma-5500-oxy-active\/","og_site_name":"Gama Professional","article_modified_time":"2026-03-07T10:26:01+00:00","og_image":[{"width":1080,"height":1080,"url":"https:\/\/www.gamaprofessional.com\/wp-content\/uploads\/2024\/11\/PLUMA-5500-OXY-ACTIVE1.png","type":"image\/png"}],"twitter_card":"summary_large_image","twitter_misc":{"Dur\u00e9e de lecture estim\u00e9e":"2 minutes"},"schema":{"@context":"https:\/\/schema.org","@graph":[{"@type":"WebPage","@id":"https:\/\/www.gamaprofessional.com\/fr\/prodotto\/phon-pluma-5500-oxy-active\/","url":"https:\/\/www.gamaprofessional.com\/fr\/prodotto\/phon-pluma-5500-oxy-active\/","name":"S\u00c8CHE-CHEVEUX PLUMA 5500 OXY ACTIVE - Gama Professional","isPartOf":{"@id":"https:\/\/www.gamaprofessional.com\/fr\/#website"},"primaryImageOfPage":{"@id":"https:\/\/www.gamaprofessional.com\/fr\/prodotto\/phon-pluma-5500-oxy-active\/#primaryimage"},"image":{"@id":"https:\/\/www.gamaprofessional.com\/fr\/prodotto\/phon-pluma-5500-oxy-active\/#primaryimage"},"thumbnailUrl":"https:\/\/www.gamaprofessional.com\/wp-content\/uploads\/2024\/11\/PLUMA-5500-OXY-ACTIVE1.png","datePublished":"2024-11-05T19:22:02+00:00","dateModified":"2026-03-07T10:26:01+00:00","description":"Pluma 5500 Oxy-Active est un s\u00e8che-cheveux professionnel et une technologie ionique. Pour des cheveux brillants et jamais cr\u00e9pus.","breadcrumb":{"@id":"https:\/\/www.gamaprofessional.com\/fr\/prodotto\/phon-pluma-5500-oxy-active\/#breadcrumb"},"inLanguage":"fr-FR","potentialAction":[{"@type":"ReadAction","target":["https:\/\/www.gamaprofessional.com\/fr\/prodotto\/phon-pluma-5500-oxy-active\/"]}]},{"@type":"ImageObject","inLanguage":"fr-FR","@id":"https:\/\/www.gamaprofessional.com\/fr\/prodotto\/phon-pluma-5500-oxy-active\/#primaryimage","url":"https:\/\/www.gamaprofessional.com\/wp-content\/uploads\/2024\/11\/PLUMA-5500-OXY-ACTIVE1.png","contentUrl":"https:\/\/www.gamaprofessional.com\/wp-content\/uploads\/2024\/11\/PLUMA-5500-OXY-ACTIVE1.png","width":1080,"height":1080,"caption":"PLUMA 5500 OXY ACTIVE"},{"@type":"BreadcrumbList","@id":"https:\/\/www.gamaprofessional.com\/fr\/prodotto\/phon-pluma-5500-oxy-active\/#breadcrumb","itemListElement":[{"@type":"ListItem","position":1,"name":"Home","item":"https:\/\/www.gamaprofessional.com\/fr\/page-daccueil\/"},{"@type":"ListItem","position":2,"name":"Boutique","item":"https:\/\/www.gamaprofessional.com\/shop\/"},{"@type":"ListItem","position":3,"name":"Haircare","item":"https:\/\/www.gamaprofessional.com\/fr\/categoria-prodotto\/haircare-fr\/"},{"@type":"ListItem","position":4,"name":"S\u00e8che-cheveux","item":"https:\/\/www.gamaprofessional.com\/fr\/categoria-prodotto\/haircare-fr\/seche-cheveux\/"},{"@type":"ListItem","position":5,"name":"S\u00c8CHE-CHEVEUX PLUMA 5500 OXY ACTIVE"}]},{"@type":"WebSite","@id":"https:\/\/www.gamaprofessional.com\/fr\/#website","url":"https:\/\/www.gamaprofessional.com\/fr\/","name":"Gama Professional","description":"","potentialAction":[{"@type":"SearchAction","target":{"@type":"EntryPoint","urlTemplate":"https:\/\/www.gamaprofessional.com\/fr\/?s={search_term_string}"},"query-input":{"@type":"PropertyValueSpecification","valueRequired":true,"valueName":"search_term_string"}}],"inLanguage":"fr-FR"}]}},"_links":{"self":[{"href":"https:\/\/www.gamaprofessional.com\/fr\/wp-json\/wp\/v2\/product\/1092","targetHints":{"allow":["GET"]}}],"collection":[{"href":"https:\/\/www.gamaprofessional.com\/fr\/wp-json\/wp\/v2\/product"}],"about":[{"href":"https:\/\/www.gamaprofessional.com\/fr\/wp-json\/wp\/v2\/types\/product"}],"wp:featuredmedia":[{"embeddable":true,"href":"https:\/\/www.gamaprofessional.com\/fr\/wp-json\/wp\/v2\/media\/1112"}],"wp:attachment":[{"href":"https:\/\/www.gamaprofessional.com\/fr\/wp-json\/wp\/v2\/media?parent=1092"}],"wp:term":[{"taxonomy":"product_brand","embeddable":true,"href":"https:\/\/www.gamaprofessional.com\/fr\/wp-json\/wp\/v2\/product_brand?post=1092"},{"taxonomy":"product_cat","embeddable":true,"href":"https:\/\/www.gamaprofessional.com\/fr\/wp-json\/wp\/v2\/product_cat?post=1092"},{"taxonomy":"product_tag","embeddable":true,"href":"https:\/\/www.gamaprofessional.com\/fr\/wp-json\/wp\/v2\/product_tag?post=1092"}],"curies":[{"name":"wp","href":"https:\/\/api.w.org\/{rel}","templated":true}]}}