{"id":1194,"date":"2024-11-06T11:07:37","date_gmt":"2024-11-06T10:07:37","guid":{"rendered":"https:\/\/www.gamaprofessional.com\/prodotto\/seche-cheveux-classic\/"},"modified":"2026-03-27T23:13:56","modified_gmt":"2026-03-27T22:13:56","slug":"classic","status":"publish","type":"product","link":"https:\/\/www.gamaprofessional.com\/fr\/prodotto\/classic\/","title":{"rendered":"S\u00c8CHE-CHEVEUX CLASSIC"},"content":{"rendered":"<p><strong>Classic<\/strong> est un s\u00e8che-cheveux l\u00e9ger et silencieux, disponible en 7 couleurs : blanc, noir et vert. Sa conformation et sa conception particuli\u00e8res en font un s\u00e8che-cheveux <strong>extr\u00eamement silencieux<\/strong> sans pour autant sacrifier les performances. Il s\u2019agit en fait d\u2019un <strong>puissant s\u00e8che-cheveux de 2200 W<\/strong> et il est \u00e9quip\u00e9 d\u2019un moteur AC, ce qui en fait un instrument de derni\u00e8re g\u00e9n\u00e9ration, fiable et capable d\u2019assurer plus de <strong>2000 heures de travail<\/strong>.<\/p>\n<p>Il est \u00e9quip\u00e9 d\u2019un diffuseur, <strong>parfait pour cr\u00e9er des ondes et des boucles<\/strong> de mani\u00e8re totalement naturelle, et de deux embouts professionnels de 4 et 8 mm, le premier pour un flux d\u2019air particuli\u00e8rement cibl\u00e9, le deuxi\u00e8me pour un s\u00e9chage ultra rapide avec une chaleur plus diffuse.<\/p>\n<p>La version classique offre <strong>2 vitesses et 3 temp\u00e9ratures<\/strong>, que vous pouvez combiner pour trouver le degr\u00e9 de chaleur qui vous convient, et le bouton \u00ab cool shot \u00bb, c\u2019est \u00e0 dire le coup d\u2019air froid n\u00e9cessaire pour fixer le mise en plis pour longtemps. La forme et les dimensions de ce s\u00e8che-cheveux permettent <strong>une grande maniabilit\u00e9 et ne fatiguent pas les bras<\/strong> pendant son utilisation.<\/p>\n","protected":false},"excerpt":{"rendered":"<p>Un s\u00e8che-cheveux professionnel et puissant \u2013 2200 W \u2013 avec moteur AC longue dur\u00e9e et composants internes rev\u00eatus de c\u00e9ramique. Comprend deux embouts et un diffuseur. <\/p>\n","protected":false},"featured_media":1180,"template":"","meta":{"_acf_changed":false},"product_brand":[],"product_cat":[327],"product_tag":[],"class_list":{"0":"post-1194","1":"product","2":"type-product","3":"status-publish","4":"has-post-thumbnail","6":"product_cat-seche-cheveux","8":"first","9":"instock","10":"sale","11":"taxable","12":"shipping-taxable","13":"purchasable","14":"product-type-variable","15":"has-default-attributes"},"acf":[],"yoast_head":"<!-- This site is optimized with the Yoast SEO plugin v27.5 - https:\/\/yoast.com\/product\/yoast-seo-wordpress\/ -->\n<title>S\u00c8CHE-CHEVEUX CLASSIC - Gama Professional<\/title>\n<meta name=\"description\" content=\"Classic est un s\u00e8che-cheveux professionnel et puissant avec un moteur AC longue dur\u00e9e et des composants internes rev\u00eatus de c\u00e9ramique. Comprend deux embouts et un diffuseur.&quot;\" \/>\n<meta name=\"robots\" content=\"index, follow, max-snippet:-1, max-image-preview:large, max-video-preview:-1\" \/>\n<link rel=\"canonical\" href=\"https:\/\/www.gamaprofessional.com\/fr\/prodotto\/classic\/\" \/>\n<meta property=\"og:locale\" content=\"fr_FR\" \/>\n<meta property=\"og:type\" content=\"article\" \/>\n<meta property=\"og:title\" content=\"S\u00c8CHE-CHEVEUX CLASSIC - Gama Professional\" \/>\n<meta property=\"og:description\" content=\"Classic est un s\u00e8che-cheveux professionnel et puissant avec un moteur AC longue dur\u00e9e et des composants internes rev\u00eatus de c\u00e9ramique. Comprend deux embouts et un diffuseur.&quot;\" \/>\n<meta property=\"og:url\" content=\"https:\/\/www.gamaprofessional.com\/fr\/prodotto\/classic\/\" \/>\n<meta property=\"og:site_name\" content=\"Gama Professional\" \/>\n<meta property=\"article:modified_time\" content=\"2026-03-27T22:13:56+00:00\" \/>\n<meta property=\"og:image\" content=\"https:\/\/www.gamaprofessional.com\/wp-content\/uploads\/2024\/11\/classic-verde.png\" \/>\n\t<meta property=\"og:image:width\" content=\"1080\" \/>\n\t<meta property=\"og:image:height\" content=\"1080\" \/>\n\t<meta property=\"og:image:type\" content=\"image\/png\" \/>\n<meta name=\"twitter:card\" content=\"summary_large_image\" \/>\n<meta name=\"twitter:label1\" content=\"Dur\u00e9e de lecture estim\u00e9e\" \/>\n\t<meta name=\"twitter:data1\" content=\"2 minutes\" \/>\n<script type=\"application\/ld+json\" class=\"yoast-schema-graph\">{\"@context\":\"https:\\\/\\\/schema.org\",\"@graph\":[{\"@type\":\"WebPage\",\"@id\":\"https:\\\/\\\/www.gamaprofessional.com\\\/fr\\\/prodotto\\\/classic\\\/\",\"url\":\"https:\\\/\\\/www.gamaprofessional.com\\\/fr\\\/prodotto\\\/classic\\\/\",\"name\":\"S\u00c8CHE-CHEVEUX CLASSIC - Gama Professional\",\"isPartOf\":{\"@id\":\"https:\\\/\\\/www.gamaprofessional.com\\\/fr\\\/#website\"},\"primaryImageOfPage\":{\"@id\":\"https:\\\/\\\/www.gamaprofessional.com\\\/fr\\\/prodotto\\\/classic\\\/#primaryimage\"},\"image\":{\"@id\":\"https:\\\/\\\/www.gamaprofessional.com\\\/fr\\\/prodotto\\\/classic\\\/#primaryimage\"},\"thumbnailUrl\":\"https:\\\/\\\/www.gamaprofessional.com\\\/wp-content\\\/uploads\\\/2024\\\/11\\\/classic-verde.png\",\"datePublished\":\"2024-11-06T10:07:37+00:00\",\"dateModified\":\"2026-03-27T22:13:56+00:00\",\"description\":\"Classic est un s\u00e8che-cheveux professionnel et puissant avec un moteur AC longue dur\u00e9e et des composants internes rev\u00eatus de c\u00e9ramique. Comprend deux embouts et un diffuseur.\\\"\",\"breadcrumb\":{\"@id\":\"https:\\\/\\\/www.gamaprofessional.com\\\/fr\\\/prodotto\\\/classic\\\/#breadcrumb\"},\"inLanguage\":\"fr-FR\",\"potentialAction\":[{\"@type\":\"ReadAction\",\"target\":[\"https:\\\/\\\/www.gamaprofessional.com\\\/fr\\\/prodotto\\\/classic\\\/\"]}]},{\"@type\":\"ImageObject\",\"inLanguage\":\"fr-FR\",\"@id\":\"https:\\\/\\\/www.gamaprofessional.com\\\/fr\\\/prodotto\\\/classic\\\/#primaryimage\",\"url\":\"https:\\\/\\\/www.gamaprofessional.com\\\/wp-content\\\/uploads\\\/2024\\\/11\\\/classic-verde.png\",\"contentUrl\":\"https:\\\/\\\/www.gamaprofessional.com\\\/wp-content\\\/uploads\\\/2024\\\/11\\\/classic-verde.png\",\"width\":1080,\"height\":1080,\"caption\":\"classic verde\"},{\"@type\":\"BreadcrumbList\",\"@id\":\"https:\\\/\\\/www.gamaprofessional.com\\\/fr\\\/prodotto\\\/classic\\\/#breadcrumb\",\"itemListElement\":[{\"@type\":\"ListItem\",\"position\":1,\"name\":\"Home\",\"item\":\"https:\\\/\\\/www.gamaprofessional.com\\\/fr\\\/page-daccueil\\\/\"},{\"@type\":\"ListItem\",\"position\":2,\"name\":\"Boutique\",\"item\":\"https:\\\/\\\/www.gamaprofessional.com\\\/shop\\\/\"},{\"@type\":\"ListItem\",\"position\":3,\"name\":\"Haircare\",\"item\":\"https:\\\/\\\/www.gamaprofessional.com\\\/fr\\\/categoria-prodotto\\\/haircare-fr\\\/\"},{\"@type\":\"ListItem\",\"position\":4,\"name\":\"S\u00e8che-cheveux\",\"item\":\"https:\\\/\\\/www.gamaprofessional.com\\\/fr\\\/categoria-prodotto\\\/haircare-fr\\\/seche-cheveux\\\/\"},{\"@type\":\"ListItem\",\"position\":5,\"name\":\"S\u00c8CHE-CHEVEUX CLASSIC\"}]},{\"@type\":\"WebSite\",\"@id\":\"https:\\\/\\\/www.gamaprofessional.com\\\/fr\\\/#website\",\"url\":\"https:\\\/\\\/www.gamaprofessional.com\\\/fr\\\/\",\"name\":\"Gama Professional\",\"description\":\"\",\"potentialAction\":[{\"@type\":\"SearchAction\",\"target\":{\"@type\":\"EntryPoint\",\"urlTemplate\":\"https:\\\/\\\/www.gamaprofessional.com\\\/fr\\\/?s={search_term_string}\"},\"query-input\":{\"@type\":\"PropertyValueSpecification\",\"valueRequired\":true,\"valueName\":\"search_term_string\"}}],\"inLanguage\":\"fr-FR\"}]}<\/script>\n<!-- \/ Yoast SEO plugin. -->","yoast_head_json":{"title":"S\u00c8CHE-CHEVEUX CLASSIC - Gama Professional","description":"Classic est un s\u00e8che-cheveux professionnel et puissant avec un moteur AC longue dur\u00e9e et des composants internes rev\u00eatus de c\u00e9ramique. Comprend deux embouts et un diffuseur.\"","robots":{"index":"index","follow":"follow","max-snippet":"max-snippet:-1","max-image-preview":"max-image-preview:large","max-video-preview":"max-video-preview:-1"},"canonical":"https:\/\/www.gamaprofessional.com\/fr\/prodotto\/classic\/","og_locale":"fr_FR","og_type":"article","og_title":"S\u00c8CHE-CHEVEUX CLASSIC - Gama Professional","og_description":"Classic est un s\u00e8che-cheveux professionnel et puissant avec un moteur AC longue dur\u00e9e et des composants internes rev\u00eatus de c\u00e9ramique. Comprend deux embouts et un diffuseur.\"","og_url":"https:\/\/www.gamaprofessional.com\/fr\/prodotto\/classic\/","og_site_name":"Gama Professional","article_modified_time":"2026-03-27T22:13:56+00:00","og_image":[{"width":1080,"height":1080,"url":"https:\/\/www.gamaprofessional.com\/wp-content\/uploads\/2024\/11\/classic-verde.png","type":"image\/png"}],"twitter_card":"summary_large_image","twitter_misc":{"Dur\u00e9e de lecture estim\u00e9e":"2 minutes"},"schema":{"@context":"https:\/\/schema.org","@graph":[{"@type":"WebPage","@id":"https:\/\/www.gamaprofessional.com\/fr\/prodotto\/classic\/","url":"https:\/\/www.gamaprofessional.com\/fr\/prodotto\/classic\/","name":"S\u00c8CHE-CHEVEUX CLASSIC - Gama Professional","isPartOf":{"@id":"https:\/\/www.gamaprofessional.com\/fr\/#website"},"primaryImageOfPage":{"@id":"https:\/\/www.gamaprofessional.com\/fr\/prodotto\/classic\/#primaryimage"},"image":{"@id":"https:\/\/www.gamaprofessional.com\/fr\/prodotto\/classic\/#primaryimage"},"thumbnailUrl":"https:\/\/www.gamaprofessional.com\/wp-content\/uploads\/2024\/11\/classic-verde.png","datePublished":"2024-11-06T10:07:37+00:00","dateModified":"2026-03-27T22:13:56+00:00","description":"Classic est un s\u00e8che-cheveux professionnel et puissant avec un moteur AC longue dur\u00e9e et des composants internes rev\u00eatus de c\u00e9ramique. Comprend deux embouts et un diffuseur.\"","breadcrumb":{"@id":"https:\/\/www.gamaprofessional.com\/fr\/prodotto\/classic\/#breadcrumb"},"inLanguage":"fr-FR","potentialAction":[{"@type":"ReadAction","target":["https:\/\/www.gamaprofessional.com\/fr\/prodotto\/classic\/"]}]},{"@type":"ImageObject","inLanguage":"fr-FR","@id":"https:\/\/www.gamaprofessional.com\/fr\/prodotto\/classic\/#primaryimage","url":"https:\/\/www.gamaprofessional.com\/wp-content\/uploads\/2024\/11\/classic-verde.png","contentUrl":"https:\/\/www.gamaprofessional.com\/wp-content\/uploads\/2024\/11\/classic-verde.png","width":1080,"height":1080,"caption":"classic verde"},{"@type":"BreadcrumbList","@id":"https:\/\/www.gamaprofessional.com\/fr\/prodotto\/classic\/#breadcrumb","itemListElement":[{"@type":"ListItem","position":1,"name":"Home","item":"https:\/\/www.gamaprofessional.com\/fr\/page-daccueil\/"},{"@type":"ListItem","position":2,"name":"Boutique","item":"https:\/\/www.gamaprofessional.com\/shop\/"},{"@type":"ListItem","position":3,"name":"Haircare","item":"https:\/\/www.gamaprofessional.com\/fr\/categoria-prodotto\/haircare-fr\/"},{"@type":"ListItem","position":4,"name":"S\u00e8che-cheveux","item":"https:\/\/www.gamaprofessional.com\/fr\/categoria-prodotto\/haircare-fr\/seche-cheveux\/"},{"@type":"ListItem","position":5,"name":"S\u00c8CHE-CHEVEUX CLASSIC"}]},{"@type":"WebSite","@id":"https:\/\/www.gamaprofessional.com\/fr\/#website","url":"https:\/\/www.gamaprofessional.com\/fr\/","name":"Gama Professional","description":"","potentialAction":[{"@type":"SearchAction","target":{"@type":"EntryPoint","urlTemplate":"https:\/\/www.gamaprofessional.com\/fr\/?s={search_term_string}"},"query-input":{"@type":"PropertyValueSpecification","valueRequired":true,"valueName":"search_term_string"}}],"inLanguage":"fr-FR"}]}},"_links":{"self":[{"href":"https:\/\/www.gamaprofessional.com\/fr\/wp-json\/wp\/v2\/product\/1194","targetHints":{"allow":["GET"]}}],"collection":[{"href":"https:\/\/www.gamaprofessional.com\/fr\/wp-json\/wp\/v2\/product"}],"about":[{"href":"https:\/\/www.gamaprofessional.com\/fr\/wp-json\/wp\/v2\/types\/product"}],"wp:featuredmedia":[{"embeddable":true,"href":"https:\/\/www.gamaprofessional.com\/fr\/wp-json\/wp\/v2\/media\/1180"}],"wp:attachment":[{"href":"https:\/\/www.gamaprofessional.com\/fr\/wp-json\/wp\/v2\/media?parent=1194"}],"wp:term":[{"taxonomy":"product_brand","embeddable":true,"href":"https:\/\/www.gamaprofessional.com\/fr\/wp-json\/wp\/v2\/product_brand?post=1194"},{"taxonomy":"product_cat","embeddable":true,"href":"https:\/\/www.gamaprofessional.com\/fr\/wp-json\/wp\/v2\/product_cat?post=1194"},{"taxonomy":"product_tag","embeddable":true,"href":"https:\/\/www.gamaprofessional.com\/fr\/wp-json\/wp\/v2\/product_tag?post=1194"}],"curies":[{"name":"wp","href":"https:\/\/api.w.org\/{rel}","templated":true}]}}