{"id":1292,"date":"2024-11-06T15:31:21","date_gmt":"2024-11-06T14:31:21","guid":{"rendered":"https:\/\/www.gamaprofessional.com\/?post_type=product&#038;p=1292"},"modified":"2025-11-20T20:44:04","modified_gmt":"2025-11-20T19:44:04","slug":"phon-leggero","status":"publish","type":"product","link":"https:\/\/www.gamaprofessional.com\/fr\/prodotto\/phon-leggero\/","title":{"rendered":"S\u00c8CHE-CHEVEUX LEGGERO"},"content":{"rendered":"<p>Le <strong>s\u00e8che-cheveux Leggero Gama<\/strong> est un puissant s\u00e8che-cheveux <strong>Made in Italy de 2400W<\/strong>, au <strong>poids r\u00e9duit<\/strong> et au <strong>design ergonomique<\/strong> pour une utilisation fr\u00e9quente sans effort, en \u00e9vitant de fatiguer le poignet et en garantissant un maximum de contr\u00f4le.<\/p>\n<p>Le <strong>moteur professionnel AC Long Life<\/strong> fait de ce s\u00e8che-cheveux un produit fiable dans le temps, pour une utilisation prolong\u00e9e. Les 6 combinaisons de temp\u00e9rature et de vitesse donnent la possibilit\u00e9 de choisir ses propres r\u00e9glages selon le type de cheveux. Le filtre amovible facilite le nettoyage.  Le <strong>c\u00e2ble de 3 m\u00e8tres<\/strong> permet une libert\u00e9 de mouvement maximale pendant la phase de coiffage.<\/p>\n","protected":false},"excerpt":{"rendered":"<p>LEGGERO est le s\u00e8che-cheveux Made in Italy au poids r\u00e9duit et au design ergonomique pour une utilisation fr\u00e9quente sans effort. Fiabilit\u00e9 dans le temps et longue dur\u00e9e de vie garanties gr\u00e2ce au moteur professionnel AC Long Life. <\/p>\n","protected":false},"featured_media":1296,"template":"","meta":{"_acf_changed":false},"product_brand":[],"product_cat":[327],"product_tag":[],"class_list":{"0":"post-1292","1":"product","2":"type-product","3":"status-publish","4":"has-post-thumbnail","6":"product_cat-seche-cheveux","8":"first","9":"instock","10":"taxable","11":"shipping-taxable","12":"purchasable","13":"product-type-simple"},"acf":[],"yoast_head":"<!-- This site is optimized with the Yoast SEO plugin v27.5 - https:\/\/yoast.com\/product\/yoast-seo-wordpress\/ -->\n<title>S\u00c8CHE-CHEVEUX LEGGERO - Gama Professional<\/title>\n<meta name=\"description\" content=\"LEGGERO est le s\u00e8che-cheveux Made in Italy au poids r\u00e9duit et au design ergonomique pour une utilisation fr\u00e9quente sans effort. Fiabilit\u00e9 dans le temps et longue dur\u00e9e de vie garanties gr\u00e2ce au moteur professionnel AC Long Life.\" \/>\n<meta name=\"robots\" content=\"index, follow, max-snippet:-1, max-image-preview:large, max-video-preview:-1\" \/>\n<link rel=\"canonical\" href=\"https:\/\/www.gamaprofessional.com\/fr\/prodotto\/phon-leggero\/\" \/>\n<meta property=\"og:locale\" content=\"fr_FR\" \/>\n<meta property=\"og:type\" content=\"article\" \/>\n<meta property=\"og:title\" content=\"S\u00c8CHE-CHEVEUX LEGGERO - Gama Professional\" \/>\n<meta property=\"og:description\" content=\"LEGGERO est le s\u00e8che-cheveux Made in Italy au poids r\u00e9duit et au design ergonomique pour une utilisation fr\u00e9quente sans effort. Fiabilit\u00e9 dans le temps et longue dur\u00e9e de vie garanties gr\u00e2ce au moteur professionnel AC Long Life.\" \/>\n<meta property=\"og:url\" content=\"https:\/\/www.gamaprofessional.com\/fr\/prodotto\/phon-leggero\/\" \/>\n<meta property=\"og:site_name\" content=\"Gama Professional\" \/>\n<meta property=\"article:modified_time\" content=\"2025-11-20T19:44:04+00:00\" \/>\n<meta property=\"og:image\" content=\"https:\/\/www.gamaprofessional.com\/wp-content\/uploads\/2024\/11\/PHON-LEGGERO.png\" \/>\n\t<meta property=\"og:image:width\" content=\"1080\" \/>\n\t<meta property=\"og:image:height\" content=\"1080\" \/>\n\t<meta property=\"og:image:type\" content=\"image\/png\" \/>\n<meta name=\"twitter:card\" content=\"summary_large_image\" \/>\n<meta name=\"twitter:label1\" content=\"Dur\u00e9e de lecture estim\u00e9e\" \/>\n\t<meta name=\"twitter:data1\" content=\"1 minute\" \/>\n<script type=\"application\/ld+json\" class=\"yoast-schema-graph\">{\"@context\":\"https:\\\/\\\/schema.org\",\"@graph\":[{\"@type\":\"WebPage\",\"@id\":\"https:\\\/\\\/www.gamaprofessional.com\\\/fr\\\/prodotto\\\/phon-leggero\\\/\",\"url\":\"https:\\\/\\\/www.gamaprofessional.com\\\/fr\\\/prodotto\\\/phon-leggero\\\/\",\"name\":\"S\u00c8CHE-CHEVEUX LEGGERO - Gama Professional\",\"isPartOf\":{\"@id\":\"https:\\\/\\\/www.gamaprofessional.com\\\/fr\\\/#website\"},\"primaryImageOfPage\":{\"@id\":\"https:\\\/\\\/www.gamaprofessional.com\\\/fr\\\/prodotto\\\/phon-leggero\\\/#primaryimage\"},\"image\":{\"@id\":\"https:\\\/\\\/www.gamaprofessional.com\\\/fr\\\/prodotto\\\/phon-leggero\\\/#primaryimage\"},\"thumbnailUrl\":\"https:\\\/\\\/www.gamaprofessional.com\\\/wp-content\\\/uploads\\\/2024\\\/11\\\/PHON-LEGGERO.png\",\"datePublished\":\"2024-11-06T14:31:21+00:00\",\"dateModified\":\"2025-11-20T19:44:04+00:00\",\"description\":\"LEGGERO est le s\u00e8che-cheveux Made in Italy au poids r\u00e9duit et au design ergonomique pour une utilisation fr\u00e9quente sans effort. Fiabilit\u00e9 dans le temps et longue dur\u00e9e de vie garanties gr\u00e2ce au moteur professionnel AC Long Life.\",\"breadcrumb\":{\"@id\":\"https:\\\/\\\/www.gamaprofessional.com\\\/fr\\\/prodotto\\\/phon-leggero\\\/#breadcrumb\"},\"inLanguage\":\"fr-FR\",\"potentialAction\":[{\"@type\":\"ReadAction\",\"target\":[\"https:\\\/\\\/www.gamaprofessional.com\\\/fr\\\/prodotto\\\/phon-leggero\\\/\"]}]},{\"@type\":\"ImageObject\",\"inLanguage\":\"fr-FR\",\"@id\":\"https:\\\/\\\/www.gamaprofessional.com\\\/fr\\\/prodotto\\\/phon-leggero\\\/#primaryimage\",\"url\":\"https:\\\/\\\/www.gamaprofessional.com\\\/wp-content\\\/uploads\\\/2024\\\/11\\\/PHON-LEGGERO.png\",\"contentUrl\":\"https:\\\/\\\/www.gamaprofessional.com\\\/wp-content\\\/uploads\\\/2024\\\/11\\\/PHON-LEGGERO.png\",\"width\":1080,\"height\":1080,\"caption\":\"PHON LEGGERO\"},{\"@type\":\"BreadcrumbList\",\"@id\":\"https:\\\/\\\/www.gamaprofessional.com\\\/fr\\\/prodotto\\\/phon-leggero\\\/#breadcrumb\",\"itemListElement\":[{\"@type\":\"ListItem\",\"position\":1,\"name\":\"Home\",\"item\":\"https:\\\/\\\/www.gamaprofessional.com\\\/fr\\\/page-daccueil\\\/\"},{\"@type\":\"ListItem\",\"position\":2,\"name\":\"Boutique\",\"item\":\"https:\\\/\\\/www.gamaprofessional.com\\\/shop\\\/\"},{\"@type\":\"ListItem\",\"position\":3,\"name\":\"Haircare\",\"item\":\"https:\\\/\\\/www.gamaprofessional.com\\\/fr\\\/categoria-prodotto\\\/haircare-fr\\\/\"},{\"@type\":\"ListItem\",\"position\":4,\"name\":\"S\u00e8che-cheveux\",\"item\":\"https:\\\/\\\/www.gamaprofessional.com\\\/fr\\\/categoria-prodotto\\\/haircare-fr\\\/seche-cheveux\\\/\"},{\"@type\":\"ListItem\",\"position\":5,\"name\":\"S\u00c8CHE-CHEVEUX LEGGERO\"}]},{\"@type\":\"WebSite\",\"@id\":\"https:\\\/\\\/www.gamaprofessional.com\\\/fr\\\/#website\",\"url\":\"https:\\\/\\\/www.gamaprofessional.com\\\/fr\\\/\",\"name\":\"Gama Professional\",\"description\":\"\",\"potentialAction\":[{\"@type\":\"SearchAction\",\"target\":{\"@type\":\"EntryPoint\",\"urlTemplate\":\"https:\\\/\\\/www.gamaprofessional.com\\\/fr\\\/?s={search_term_string}\"},\"query-input\":{\"@type\":\"PropertyValueSpecification\",\"valueRequired\":true,\"valueName\":\"search_term_string\"}}],\"inLanguage\":\"fr-FR\"}]}<\/script>\n<!-- \/ Yoast SEO plugin. -->","yoast_head_json":{"title":"S\u00c8CHE-CHEVEUX LEGGERO - Gama Professional","description":"LEGGERO est le s\u00e8che-cheveux Made in Italy au poids r\u00e9duit et au design ergonomique pour une utilisation fr\u00e9quente sans effort. Fiabilit\u00e9 dans le temps et longue dur\u00e9e de vie garanties gr\u00e2ce au moteur professionnel AC Long Life.","robots":{"index":"index","follow":"follow","max-snippet":"max-snippet:-1","max-image-preview":"max-image-preview:large","max-video-preview":"max-video-preview:-1"},"canonical":"https:\/\/www.gamaprofessional.com\/fr\/prodotto\/phon-leggero\/","og_locale":"fr_FR","og_type":"article","og_title":"S\u00c8CHE-CHEVEUX LEGGERO - Gama Professional","og_description":"LEGGERO est le s\u00e8che-cheveux Made in Italy au poids r\u00e9duit et au design ergonomique pour une utilisation fr\u00e9quente sans effort. Fiabilit\u00e9 dans le temps et longue dur\u00e9e de vie garanties gr\u00e2ce au moteur professionnel AC Long Life.","og_url":"https:\/\/www.gamaprofessional.com\/fr\/prodotto\/phon-leggero\/","og_site_name":"Gama Professional","article_modified_time":"2025-11-20T19:44:04+00:00","og_image":[{"width":1080,"height":1080,"url":"https:\/\/www.gamaprofessional.com\/wp-content\/uploads\/2024\/11\/PHON-LEGGERO.png","type":"image\/png"}],"twitter_card":"summary_large_image","twitter_misc":{"Dur\u00e9e de lecture estim\u00e9e":"1 minute"},"schema":{"@context":"https:\/\/schema.org","@graph":[{"@type":"WebPage","@id":"https:\/\/www.gamaprofessional.com\/fr\/prodotto\/phon-leggero\/","url":"https:\/\/www.gamaprofessional.com\/fr\/prodotto\/phon-leggero\/","name":"S\u00c8CHE-CHEVEUX LEGGERO - Gama Professional","isPartOf":{"@id":"https:\/\/www.gamaprofessional.com\/fr\/#website"},"primaryImageOfPage":{"@id":"https:\/\/www.gamaprofessional.com\/fr\/prodotto\/phon-leggero\/#primaryimage"},"image":{"@id":"https:\/\/www.gamaprofessional.com\/fr\/prodotto\/phon-leggero\/#primaryimage"},"thumbnailUrl":"https:\/\/www.gamaprofessional.com\/wp-content\/uploads\/2024\/11\/PHON-LEGGERO.png","datePublished":"2024-11-06T14:31:21+00:00","dateModified":"2025-11-20T19:44:04+00:00","description":"LEGGERO est le s\u00e8che-cheveux Made in Italy au poids r\u00e9duit et au design ergonomique pour une utilisation fr\u00e9quente sans effort. Fiabilit\u00e9 dans le temps et longue dur\u00e9e de vie garanties gr\u00e2ce au moteur professionnel AC Long Life.","breadcrumb":{"@id":"https:\/\/www.gamaprofessional.com\/fr\/prodotto\/phon-leggero\/#breadcrumb"},"inLanguage":"fr-FR","potentialAction":[{"@type":"ReadAction","target":["https:\/\/www.gamaprofessional.com\/fr\/prodotto\/phon-leggero\/"]}]},{"@type":"ImageObject","inLanguage":"fr-FR","@id":"https:\/\/www.gamaprofessional.com\/fr\/prodotto\/phon-leggero\/#primaryimage","url":"https:\/\/www.gamaprofessional.com\/wp-content\/uploads\/2024\/11\/PHON-LEGGERO.png","contentUrl":"https:\/\/www.gamaprofessional.com\/wp-content\/uploads\/2024\/11\/PHON-LEGGERO.png","width":1080,"height":1080,"caption":"PHON LEGGERO"},{"@type":"BreadcrumbList","@id":"https:\/\/www.gamaprofessional.com\/fr\/prodotto\/phon-leggero\/#breadcrumb","itemListElement":[{"@type":"ListItem","position":1,"name":"Home","item":"https:\/\/www.gamaprofessional.com\/fr\/page-daccueil\/"},{"@type":"ListItem","position":2,"name":"Boutique","item":"https:\/\/www.gamaprofessional.com\/shop\/"},{"@type":"ListItem","position":3,"name":"Haircare","item":"https:\/\/www.gamaprofessional.com\/fr\/categoria-prodotto\/haircare-fr\/"},{"@type":"ListItem","position":4,"name":"S\u00e8che-cheveux","item":"https:\/\/www.gamaprofessional.com\/fr\/categoria-prodotto\/haircare-fr\/seche-cheveux\/"},{"@type":"ListItem","position":5,"name":"S\u00c8CHE-CHEVEUX LEGGERO"}]},{"@type":"WebSite","@id":"https:\/\/www.gamaprofessional.com\/fr\/#website","url":"https:\/\/www.gamaprofessional.com\/fr\/","name":"Gama Professional","description":"","potentialAction":[{"@type":"SearchAction","target":{"@type":"EntryPoint","urlTemplate":"https:\/\/www.gamaprofessional.com\/fr\/?s={search_term_string}"},"query-input":{"@type":"PropertyValueSpecification","valueRequired":true,"valueName":"search_term_string"}}],"inLanguage":"fr-FR"}]}},"_links":{"self":[{"href":"https:\/\/www.gamaprofessional.com\/fr\/wp-json\/wp\/v2\/product\/1292","targetHints":{"allow":["GET"]}}],"collection":[{"href":"https:\/\/www.gamaprofessional.com\/fr\/wp-json\/wp\/v2\/product"}],"about":[{"href":"https:\/\/www.gamaprofessional.com\/fr\/wp-json\/wp\/v2\/types\/product"}],"wp:featuredmedia":[{"embeddable":true,"href":"https:\/\/www.gamaprofessional.com\/fr\/wp-json\/wp\/v2\/media\/1296"}],"wp:attachment":[{"href":"https:\/\/www.gamaprofessional.com\/fr\/wp-json\/wp\/v2\/media?parent=1292"}],"wp:term":[{"taxonomy":"product_brand","embeddable":true,"href":"https:\/\/www.gamaprofessional.com\/fr\/wp-json\/wp\/v2\/product_brand?post=1292"},{"taxonomy":"product_cat","embeddable":true,"href":"https:\/\/www.gamaprofessional.com\/fr\/wp-json\/wp\/v2\/product_cat?post=1292"},{"taxonomy":"product_tag","embeddable":true,"href":"https:\/\/www.gamaprofessional.com\/fr\/wp-json\/wp\/v2\/product_tag?post=1292"}],"curies":[{"name":"wp","href":"https:\/\/api.w.org\/{rel}","templated":true}]}}