{"id":1300,"date":"2024-11-06T16:00:59","date_gmt":"2024-11-06T15:00:59","guid":{"rendered":"https:\/\/www.gamaprofessional.com\/?post_type=product&#038;p=1300"},"modified":"2025-10-24T17:28:37","modified_gmt":"2025-10-24T15:28:37","slug":"phon-ultra-compact-ion","status":"publish","type":"product","link":"https:\/\/www.gamaprofessional.com\/fr\/prodotto\/phon-ultra-compact-ion\/","title":{"rendered":"PHON ULTRA COMPACT ION"},"content":{"rendered":"<p><strong>Ultra Compact Ion<\/strong> est un s\u00e8che-cheveux professionnel \u00e9quip\u00e9 d\u2019un <strong>moteur AC<\/strong> extr\u00eamement fiable et durable. Son design compact le rend l\u00e9ger et maniable, id\u00e9al pour le travail quotidien. <\/p>\n<p>D\u2019autres caract\u00e9ristiques qui le distinguent sont la <strong>technologie Ion Plus<\/strong> et la <strong>Tourmaline<\/strong>, le mat\u00e9riau avec lequel la calandre et ses composants internes sont recouverts. <g id=\"gid_2\">L\u2019\u00e9mission d\u2019ions<\/g> est excellente pour reconstruire la structure mol\u00e9culaire du cheveu : elle restaure son <g id=\"gid_3\">hydratation naturelle<\/g>, augmente sa <g id=\"gid_4\">brillance<\/g> et <g id=\"gid_5\">son \u00e9lasticit\u00e9<\/g>, \u00e9vitant ainsi <g id=\"gid_6\">l\u2019effet frisottis<\/g>. La tourmaline, quant \u00e0 elle, gr\u00e2ce \u00e0 sa grande capacit\u00e9 de chauffe, garantit un s\u00e9chage efficace en r\u00e9duisant l\u2019exposition des cheveux \u00e0 la chaleur et en les rendant prot\u00e9g\u00e9s, sains et brillants.  <\/p>\n<p><strong>Les 6 combinaisons<\/strong> possibles offrent un large choix pour r\u00e9gler la vitesse et la temp\u00e9rature souhait\u00e9es. Fourni avec deux \u00e9vents et un diffuseur. <strong>Le c\u00e2ble de 3 m\u00e8tres<\/strong> avec crochet permet une libert\u00e9 de mouvement maximale, tandis que la plage de tension du s\u00e8che-cheveux est de <strong>220-240 V~<\/strong>.  <\/p>\n","protected":false},"excerpt":{"rendered":"<p>S\u00e8che-cheveux professionnel \u00e9quip\u00e9 d\u2019un moteur AC de 2200 watts qui promet une fiabilit\u00e9 maximale. Conception l\u00e9g\u00e8re et compacte, id\u00e9ale pour le travail en salon. Conception l\u00e9g\u00e8re et compacte, id\u00e9ale pour le travail quotidien en salon. <\/p>\n","protected":false},"featured_media":1304,"template":"","meta":{"_acf_changed":false},"product_brand":[],"product_cat":[327],"product_tag":[],"class_list":{"0":"post-1300","1":"product","2":"type-product","3":"status-publish","4":"has-post-thumbnail","6":"product_cat-seche-cheveux","8":"first","9":"instock","10":"taxable","11":"shipping-taxable","12":"purchasable","13":"product-type-simple"},"acf":[],"yoast_head":"<!-- This site is optimized with the Yoast SEO plugin v27.5 - https:\/\/yoast.com\/product\/yoast-seo-wordpress\/ -->\n<title>PHON ULTRA COMPACT ION - Gama Professional<\/title>\n<meta name=\"description\" content=\"S\u00e8che-cheveux professionnel \u00e9quip\u00e9 d&#039;un moteur AC de 2200 watts qui promet une fiabilit\u00e9 maximale. Conception l\u00e9g\u00e8re et compacte, id\u00e9ale pour le travail en salon. Conception l\u00e9g\u00e8re et compacte, id\u00e9ale pour le travail en salon.\" \/>\n<meta name=\"robots\" content=\"index, follow, max-snippet:-1, max-image-preview:large, max-video-preview:-1\" \/>\n<link rel=\"canonical\" href=\"https:\/\/www.gamaprofessional.com\/fr\/prodotto\/phon-ultra-compact-ion\/\" \/>\n<meta property=\"og:locale\" content=\"fr_FR\" \/>\n<meta property=\"og:type\" content=\"article\" \/>\n<meta property=\"og:title\" content=\"PHON ULTRA COMPACT ION - Gama Professional\" \/>\n<meta property=\"og:description\" content=\"S\u00e8che-cheveux professionnel \u00e9quip\u00e9 d&#039;un moteur AC de 2200 watts qui promet une fiabilit\u00e9 maximale. Conception l\u00e9g\u00e8re et compacte, id\u00e9ale pour le travail en salon. Conception l\u00e9g\u00e8re et compacte, id\u00e9ale pour le travail en salon.\" \/>\n<meta property=\"og:url\" content=\"https:\/\/www.gamaprofessional.com\/fr\/prodotto\/phon-ultra-compact-ion\/\" \/>\n<meta property=\"og:site_name\" content=\"Gama Professional\" \/>\n<meta property=\"article:modified_time\" content=\"2025-10-24T15:28:37+00:00\" \/>\n<meta property=\"og:image\" content=\"https:\/\/www.gamaprofessional.com\/wp-content\/uploads\/2024\/11\/ULTRA-COMPACT-ION-1.png\" \/>\n\t<meta property=\"og:image:width\" content=\"1080\" \/>\n\t<meta property=\"og:image:height\" content=\"1080\" \/>\n\t<meta property=\"og:image:type\" content=\"image\/png\" \/>\n<meta name=\"twitter:card\" content=\"summary_large_image\" \/>\n<meta name=\"twitter:label1\" content=\"Dur\u00e9e de lecture estim\u00e9e\" \/>\n\t<meta name=\"twitter:data1\" content=\"2 minutes\" \/>\n<script type=\"application\/ld+json\" class=\"yoast-schema-graph\">{\"@context\":\"https:\\\/\\\/schema.org\",\"@graph\":[{\"@type\":\"WebPage\",\"@id\":\"https:\\\/\\\/www.gamaprofessional.com\\\/fr\\\/prodotto\\\/phon-ultra-compact-ion\\\/\",\"url\":\"https:\\\/\\\/www.gamaprofessional.com\\\/fr\\\/prodotto\\\/phon-ultra-compact-ion\\\/\",\"name\":\"PHON ULTRA COMPACT ION - Gama Professional\",\"isPartOf\":{\"@id\":\"https:\\\/\\\/www.gamaprofessional.com\\\/fr\\\/#website\"},\"primaryImageOfPage\":{\"@id\":\"https:\\\/\\\/www.gamaprofessional.com\\\/fr\\\/prodotto\\\/phon-ultra-compact-ion\\\/#primaryimage\"},\"image\":{\"@id\":\"https:\\\/\\\/www.gamaprofessional.com\\\/fr\\\/prodotto\\\/phon-ultra-compact-ion\\\/#primaryimage\"},\"thumbnailUrl\":\"https:\\\/\\\/www.gamaprofessional.com\\\/wp-content\\\/uploads\\\/2024\\\/11\\\/ULTRA-COMPACT-ION-1.png\",\"datePublished\":\"2024-11-06T15:00:59+00:00\",\"dateModified\":\"2025-10-24T15:28:37+00:00\",\"description\":\"S\u00e8che-cheveux professionnel \u00e9quip\u00e9 d'un moteur AC de 2200 watts qui promet une fiabilit\u00e9 maximale. Conception l\u00e9g\u00e8re et compacte, id\u00e9ale pour le travail en salon. Conception l\u00e9g\u00e8re et compacte, id\u00e9ale pour le travail en salon.\",\"breadcrumb\":{\"@id\":\"https:\\\/\\\/www.gamaprofessional.com\\\/fr\\\/prodotto\\\/phon-ultra-compact-ion\\\/#breadcrumb\"},\"inLanguage\":\"fr-FR\",\"potentialAction\":[{\"@type\":\"ReadAction\",\"target\":[\"https:\\\/\\\/www.gamaprofessional.com\\\/fr\\\/prodotto\\\/phon-ultra-compact-ion\\\/\"]}]},{\"@type\":\"ImageObject\",\"inLanguage\":\"fr-FR\",\"@id\":\"https:\\\/\\\/www.gamaprofessional.com\\\/fr\\\/prodotto\\\/phon-ultra-compact-ion\\\/#primaryimage\",\"url\":\"https:\\\/\\\/www.gamaprofessional.com\\\/wp-content\\\/uploads\\\/2024\\\/11\\\/ULTRA-COMPACT-ION-1.png\",\"contentUrl\":\"https:\\\/\\\/www.gamaprofessional.com\\\/wp-content\\\/uploads\\\/2024\\\/11\\\/ULTRA-COMPACT-ION-1.png\",\"width\":1080,\"height\":1080,\"caption\":\"ULTRA COMPACT ION\"},{\"@type\":\"BreadcrumbList\",\"@id\":\"https:\\\/\\\/www.gamaprofessional.com\\\/fr\\\/prodotto\\\/phon-ultra-compact-ion\\\/#breadcrumb\",\"itemListElement\":[{\"@type\":\"ListItem\",\"position\":1,\"name\":\"Home\",\"item\":\"https:\\\/\\\/www.gamaprofessional.com\\\/fr\\\/page-daccueil\\\/\"},{\"@type\":\"ListItem\",\"position\":2,\"name\":\"Boutique\",\"item\":\"https:\\\/\\\/www.gamaprofessional.com\\\/shop\\\/\"},{\"@type\":\"ListItem\",\"position\":3,\"name\":\"Haircare\",\"item\":\"https:\\\/\\\/www.gamaprofessional.com\\\/fr\\\/categoria-prodotto\\\/haircare-fr\\\/\"},{\"@type\":\"ListItem\",\"position\":4,\"name\":\"S\u00e8che-cheveux\",\"item\":\"https:\\\/\\\/www.gamaprofessional.com\\\/fr\\\/categoria-prodotto\\\/haircare-fr\\\/seche-cheveux\\\/\"},{\"@type\":\"ListItem\",\"position\":5,\"name\":\"PHON ULTRA COMPACT ION\"}]},{\"@type\":\"WebSite\",\"@id\":\"https:\\\/\\\/www.gamaprofessional.com\\\/fr\\\/#website\",\"url\":\"https:\\\/\\\/www.gamaprofessional.com\\\/fr\\\/\",\"name\":\"Gama Professional\",\"description\":\"\",\"potentialAction\":[{\"@type\":\"SearchAction\",\"target\":{\"@type\":\"EntryPoint\",\"urlTemplate\":\"https:\\\/\\\/www.gamaprofessional.com\\\/fr\\\/?s={search_term_string}\"},\"query-input\":{\"@type\":\"PropertyValueSpecification\",\"valueRequired\":true,\"valueName\":\"search_term_string\"}}],\"inLanguage\":\"fr-FR\"}]}<\/script>\n<!-- \/ Yoast SEO plugin. -->","yoast_head_json":{"title":"PHON ULTRA COMPACT ION - Gama Professional","description":"S\u00e8che-cheveux professionnel \u00e9quip\u00e9 d'un moteur AC de 2200 watts qui promet une fiabilit\u00e9 maximale. Conception l\u00e9g\u00e8re et compacte, id\u00e9ale pour le travail en salon. Conception l\u00e9g\u00e8re et compacte, id\u00e9ale pour le travail en salon.","robots":{"index":"index","follow":"follow","max-snippet":"max-snippet:-1","max-image-preview":"max-image-preview:large","max-video-preview":"max-video-preview:-1"},"canonical":"https:\/\/www.gamaprofessional.com\/fr\/prodotto\/phon-ultra-compact-ion\/","og_locale":"fr_FR","og_type":"article","og_title":"PHON ULTRA COMPACT ION - Gama Professional","og_description":"S\u00e8che-cheveux professionnel \u00e9quip\u00e9 d'un moteur AC de 2200 watts qui promet une fiabilit\u00e9 maximale. Conception l\u00e9g\u00e8re et compacte, id\u00e9ale pour le travail en salon. Conception l\u00e9g\u00e8re et compacte, id\u00e9ale pour le travail en salon.","og_url":"https:\/\/www.gamaprofessional.com\/fr\/prodotto\/phon-ultra-compact-ion\/","og_site_name":"Gama Professional","article_modified_time":"2025-10-24T15:28:37+00:00","og_image":[{"width":1080,"height":1080,"url":"https:\/\/www.gamaprofessional.com\/wp-content\/uploads\/2024\/11\/ULTRA-COMPACT-ION-1.png","type":"image\/png"}],"twitter_card":"summary_large_image","twitter_misc":{"Dur\u00e9e de lecture estim\u00e9e":"2 minutes"},"schema":{"@context":"https:\/\/schema.org","@graph":[{"@type":"WebPage","@id":"https:\/\/www.gamaprofessional.com\/fr\/prodotto\/phon-ultra-compact-ion\/","url":"https:\/\/www.gamaprofessional.com\/fr\/prodotto\/phon-ultra-compact-ion\/","name":"PHON ULTRA COMPACT ION - Gama Professional","isPartOf":{"@id":"https:\/\/www.gamaprofessional.com\/fr\/#website"},"primaryImageOfPage":{"@id":"https:\/\/www.gamaprofessional.com\/fr\/prodotto\/phon-ultra-compact-ion\/#primaryimage"},"image":{"@id":"https:\/\/www.gamaprofessional.com\/fr\/prodotto\/phon-ultra-compact-ion\/#primaryimage"},"thumbnailUrl":"https:\/\/www.gamaprofessional.com\/wp-content\/uploads\/2024\/11\/ULTRA-COMPACT-ION-1.png","datePublished":"2024-11-06T15:00:59+00:00","dateModified":"2025-10-24T15:28:37+00:00","description":"S\u00e8che-cheveux professionnel \u00e9quip\u00e9 d'un moteur AC de 2200 watts qui promet une fiabilit\u00e9 maximale. Conception l\u00e9g\u00e8re et compacte, id\u00e9ale pour le travail en salon. Conception l\u00e9g\u00e8re et compacte, id\u00e9ale pour le travail en salon.","breadcrumb":{"@id":"https:\/\/www.gamaprofessional.com\/fr\/prodotto\/phon-ultra-compact-ion\/#breadcrumb"},"inLanguage":"fr-FR","potentialAction":[{"@type":"ReadAction","target":["https:\/\/www.gamaprofessional.com\/fr\/prodotto\/phon-ultra-compact-ion\/"]}]},{"@type":"ImageObject","inLanguage":"fr-FR","@id":"https:\/\/www.gamaprofessional.com\/fr\/prodotto\/phon-ultra-compact-ion\/#primaryimage","url":"https:\/\/www.gamaprofessional.com\/wp-content\/uploads\/2024\/11\/ULTRA-COMPACT-ION-1.png","contentUrl":"https:\/\/www.gamaprofessional.com\/wp-content\/uploads\/2024\/11\/ULTRA-COMPACT-ION-1.png","width":1080,"height":1080,"caption":"ULTRA COMPACT ION"},{"@type":"BreadcrumbList","@id":"https:\/\/www.gamaprofessional.com\/fr\/prodotto\/phon-ultra-compact-ion\/#breadcrumb","itemListElement":[{"@type":"ListItem","position":1,"name":"Home","item":"https:\/\/www.gamaprofessional.com\/fr\/page-daccueil\/"},{"@type":"ListItem","position":2,"name":"Boutique","item":"https:\/\/www.gamaprofessional.com\/shop\/"},{"@type":"ListItem","position":3,"name":"Haircare","item":"https:\/\/www.gamaprofessional.com\/fr\/categoria-prodotto\/haircare-fr\/"},{"@type":"ListItem","position":4,"name":"S\u00e8che-cheveux","item":"https:\/\/www.gamaprofessional.com\/fr\/categoria-prodotto\/haircare-fr\/seche-cheveux\/"},{"@type":"ListItem","position":5,"name":"PHON ULTRA COMPACT ION"}]},{"@type":"WebSite","@id":"https:\/\/www.gamaprofessional.com\/fr\/#website","url":"https:\/\/www.gamaprofessional.com\/fr\/","name":"Gama Professional","description":"","potentialAction":[{"@type":"SearchAction","target":{"@type":"EntryPoint","urlTemplate":"https:\/\/www.gamaprofessional.com\/fr\/?s={search_term_string}"},"query-input":{"@type":"PropertyValueSpecification","valueRequired":true,"valueName":"search_term_string"}}],"inLanguage":"fr-FR"}]}},"_links":{"self":[{"href":"https:\/\/www.gamaprofessional.com\/fr\/wp-json\/wp\/v2\/product\/1300","targetHints":{"allow":["GET"]}}],"collection":[{"href":"https:\/\/www.gamaprofessional.com\/fr\/wp-json\/wp\/v2\/product"}],"about":[{"href":"https:\/\/www.gamaprofessional.com\/fr\/wp-json\/wp\/v2\/types\/product"}],"wp:featuredmedia":[{"embeddable":true,"href":"https:\/\/www.gamaprofessional.com\/fr\/wp-json\/wp\/v2\/media\/1304"}],"wp:attachment":[{"href":"https:\/\/www.gamaprofessional.com\/fr\/wp-json\/wp\/v2\/media?parent=1300"}],"wp:term":[{"taxonomy":"product_brand","embeddable":true,"href":"https:\/\/www.gamaprofessional.com\/fr\/wp-json\/wp\/v2\/product_brand?post=1300"},{"taxonomy":"product_cat","embeddable":true,"href":"https:\/\/www.gamaprofessional.com\/fr\/wp-json\/wp\/v2\/product_cat?post=1300"},{"taxonomy":"product_tag","embeddable":true,"href":"https:\/\/www.gamaprofessional.com\/fr\/wp-json\/wp\/v2\/product_tag?post=1300"}],"curies":[{"name":"wp","href":"https:\/\/api.w.org\/{rel}","templated":true}]}}