{"id":1395,"date":"2024-11-07T16:07:25","date_gmt":"2024-11-07T15:07:25","guid":{"rendered":"https:\/\/www.gamaprofessional.com\/?post_type=product&#038;p=1395"},"modified":"2025-10-24T16:08:13","modified_gmt":"2025-10-24T14:08:13","slug":"phon-comfort-halogen-5d","status":"publish","type":"product","link":"https:\/\/www.gamaprofessional.com\/fr\/prodotto\/phon-comfort-halogen-5d\/","title":{"rendered":"S\u00c8CHE-CHEVEUX HALOGEN COMFORT 5D"},"content":{"rendered":"<p><strong>Comfort Halogen 5D Therapy<\/strong>, le s\u00e8che-cheveux qui garantit des r\u00e9sultats professionnels en toute facilit\u00e9!<\/p>\n<p>Il s&rsquo;agit en effet d&rsquo;un outil puissant, gr\u00e2ce \u00e0 ses <strong>2200 W<\/strong>, et en m\u00eame temps maniable et l\u00e9ger, id\u00e9al pour une utilisation dans n&rsquo;importe quel environnement, qu&rsquo;il soit professionnel ou priv\u00e9.<\/p>\n<p>Son moteur AC est le gage de tr\u00e8s hautes performances et de long\u00e9vit\u00e9 du produit. La <strong>technologie halog\u00e8ne<\/strong> est au c\u0153ur du Comfort Halogen 5D Therapy: une lampe situ\u00e9e \u00e0 l\u2019int\u00e9rieur de la r\u00e9sistance \u00e9met des ondes thermiques qui p\u00e9n\u00e8trent directement dans la tige du cheveu, le s\u00e9chant de l\u2019int\u00e9rieur vers l\u2019ext\u00e9rieur sans l\u2019endommager.<\/p>\n<p>Son haut pouvoir chauffant combin\u00e9 \u00e0 l\u2019\u00e9mission d\u2019ions, d\u2019ozone et de chaleur infrarouge procure cinq effets bienfaisants sur les cheveux : reconstruction et protection des cheveux, anti-\u00e2ge, anti-frisottis et ultra brillance. Les <strong>6 combinaisons<\/strong> offrent un vaste choix de r\u00e9glages de vitesse et d\u2019air, tandis que le coup d\u2019air froid aide \u00e0 fixer la coiffure.<\/p>\n<p>Gr\u00e2ce \u00e0 ses deux accessoires de s\u00e9rie, vous pourrez cr\u00e9er des coiffures diff\u00e9rentes : deux embouts pour une mise en pli ultra rapide et un diffuseur, id\u00e9al pour cr\u00e9er des coiffures ondul\u00e9es. Le filtre amovible facilite le nettoyage du s\u00e8che-cheveux, tandis que le c\u00e2ble de 2,5 m de long avec crochet permet un rangement ais\u00e9.<\/p>\n","protected":false},"excerpt":{"rendered":"<p>Un s\u00e8che-cheveux puissant, \u00e9quip\u00e9 de la technologie halog\u00e8ne pour g\u00e9n\u00e9rer une chaleur douce sur les cheveux. Avec la technologie Ozone pour un effet anti-\u00e2ge et la technologie Ion Plus pour dire adieu aux frisottis. <\/p>\n","protected":false},"featured_media":1392,"template":"","meta":{"_acf_changed":false},"product_brand":[],"product_cat":[327],"product_tag":[],"class_list":{"0":"post-1395","1":"product","2":"type-product","3":"status-publish","4":"has-post-thumbnail","6":"product_cat-seche-cheveux","8":"first","9":"outofstock","10":"taxable","11":"shipping-taxable","12":"purchasable","13":"product-type-simple"},"acf":[],"yoast_head":"<!-- This site is optimized with the Yoast SEO plugin v27.5 - https:\/\/yoast.com\/product\/yoast-seo-wordpress\/ -->\n<title>S\u00c8CHE-CHEVEUX HALOGEN COMFORT 5D - Gama Professional<\/title>\n<meta name=\"description\" content=\"Comfort Halogen 5D est un s\u00e8che-cheveux puissant, \u00e9quip\u00e9 de la technologie Halogen qui vous permet de g\u00e9n\u00e9rer une chaleur douce sur les cheveux et de dire adieu \u00e0 l&#039;effet frisottis.\" \/>\n<meta name=\"robots\" content=\"index, follow, max-snippet:-1, max-image-preview:large, max-video-preview:-1\" \/>\n<link rel=\"canonical\" href=\"https:\/\/www.gamaprofessional.com\/fr\/prodotto\/phon-comfort-halogen-5d\/\" \/>\n<meta property=\"og:locale\" content=\"fr_FR\" \/>\n<meta property=\"og:type\" content=\"article\" \/>\n<meta property=\"og:title\" content=\"S\u00c8CHE-CHEVEUX HALOGEN COMFORT 5D - Gama Professional\" \/>\n<meta property=\"og:description\" content=\"Comfort Halogen 5D est un s\u00e8che-cheveux puissant, \u00e9quip\u00e9 de la technologie Halogen qui vous permet de g\u00e9n\u00e9rer une chaleur douce sur les cheveux et de dire adieu \u00e0 l&#039;effet frisottis.\" \/>\n<meta property=\"og:url\" content=\"https:\/\/www.gamaprofessional.com\/fr\/prodotto\/phon-comfort-halogen-5d\/\" \/>\n<meta property=\"og:site_name\" content=\"Gama Professional\" \/>\n<meta property=\"article:modified_time\" content=\"2025-10-24T14:08:13+00:00\" \/>\n<meta property=\"og:image\" content=\"https:\/\/www.gamaprofessional.com\/wp-content\/uploads\/2024\/11\/HALOGEN-COMFORT-5D.png\" \/>\n\t<meta property=\"og:image:width\" content=\"1080\" \/>\n\t<meta property=\"og:image:height\" content=\"1080\" \/>\n\t<meta property=\"og:image:type\" content=\"image\/png\" \/>\n<meta name=\"twitter:card\" content=\"summary_large_image\" \/>\n<meta name=\"twitter:label1\" content=\"Dur\u00e9e de lecture estim\u00e9e\" \/>\n\t<meta name=\"twitter:data1\" content=\"2 minutes\" \/>\n<script type=\"application\/ld+json\" class=\"yoast-schema-graph\">{\"@context\":\"https:\\\/\\\/schema.org\",\"@graph\":[{\"@type\":\"WebPage\",\"@id\":\"https:\\\/\\\/www.gamaprofessional.com\\\/fr\\\/prodotto\\\/phon-comfort-halogen-5d\\\/\",\"url\":\"https:\\\/\\\/www.gamaprofessional.com\\\/fr\\\/prodotto\\\/phon-comfort-halogen-5d\\\/\",\"name\":\"S\u00c8CHE-CHEVEUX HALOGEN COMFORT 5D - Gama Professional\",\"isPartOf\":{\"@id\":\"https:\\\/\\\/www.gamaprofessional.com\\\/fr\\\/#website\"},\"primaryImageOfPage\":{\"@id\":\"https:\\\/\\\/www.gamaprofessional.com\\\/fr\\\/prodotto\\\/phon-comfort-halogen-5d\\\/#primaryimage\"},\"image\":{\"@id\":\"https:\\\/\\\/www.gamaprofessional.com\\\/fr\\\/prodotto\\\/phon-comfort-halogen-5d\\\/#primaryimage\"},\"thumbnailUrl\":\"https:\\\/\\\/www.gamaprofessional.com\\\/wp-content\\\/uploads\\\/2024\\\/11\\\/HALOGEN-COMFORT-5D.png\",\"datePublished\":\"2024-11-07T15:07:25+00:00\",\"dateModified\":\"2025-10-24T14:08:13+00:00\",\"description\":\"Comfort Halogen 5D est un s\u00e8che-cheveux puissant, \u00e9quip\u00e9 de la technologie Halogen qui vous permet de g\u00e9n\u00e9rer une chaleur douce sur les cheveux et de dire adieu \u00e0 l'effet frisottis.\",\"breadcrumb\":{\"@id\":\"https:\\\/\\\/www.gamaprofessional.com\\\/fr\\\/prodotto\\\/phon-comfort-halogen-5d\\\/#breadcrumb\"},\"inLanguage\":\"fr-FR\",\"potentialAction\":[{\"@type\":\"ReadAction\",\"target\":[\"https:\\\/\\\/www.gamaprofessional.com\\\/fr\\\/prodotto\\\/phon-comfort-halogen-5d\\\/\"]}]},{\"@type\":\"ImageObject\",\"inLanguage\":\"fr-FR\",\"@id\":\"https:\\\/\\\/www.gamaprofessional.com\\\/fr\\\/prodotto\\\/phon-comfort-halogen-5d\\\/#primaryimage\",\"url\":\"https:\\\/\\\/www.gamaprofessional.com\\\/wp-content\\\/uploads\\\/2024\\\/11\\\/HALOGEN-COMFORT-5D.png\",\"contentUrl\":\"https:\\\/\\\/www.gamaprofessional.com\\\/wp-content\\\/uploads\\\/2024\\\/11\\\/HALOGEN-COMFORT-5D.png\",\"width\":1080,\"height\":1080,\"caption\":\"HALOGEN COMFORT 5D\"},{\"@type\":\"BreadcrumbList\",\"@id\":\"https:\\\/\\\/www.gamaprofessional.com\\\/fr\\\/prodotto\\\/phon-comfort-halogen-5d\\\/#breadcrumb\",\"itemListElement\":[{\"@type\":\"ListItem\",\"position\":1,\"name\":\"Home\",\"item\":\"https:\\\/\\\/www.gamaprofessional.com\\\/fr\\\/page-daccueil\\\/\"},{\"@type\":\"ListItem\",\"position\":2,\"name\":\"Boutique\",\"item\":\"https:\\\/\\\/www.gamaprofessional.com\\\/shop\\\/\"},{\"@type\":\"ListItem\",\"position\":3,\"name\":\"Haircare\",\"item\":\"https:\\\/\\\/www.gamaprofessional.com\\\/fr\\\/categoria-prodotto\\\/haircare-fr\\\/\"},{\"@type\":\"ListItem\",\"position\":4,\"name\":\"S\u00e8che-cheveux\",\"item\":\"https:\\\/\\\/www.gamaprofessional.com\\\/fr\\\/categoria-prodotto\\\/haircare-fr\\\/seche-cheveux\\\/\"},{\"@type\":\"ListItem\",\"position\":5,\"name\":\"S\u00c8CHE-CHEVEUX HALOGEN COMFORT 5D\"}]},{\"@type\":\"WebSite\",\"@id\":\"https:\\\/\\\/www.gamaprofessional.com\\\/fr\\\/#website\",\"url\":\"https:\\\/\\\/www.gamaprofessional.com\\\/fr\\\/\",\"name\":\"Gama Professional\",\"description\":\"\",\"potentialAction\":[{\"@type\":\"SearchAction\",\"target\":{\"@type\":\"EntryPoint\",\"urlTemplate\":\"https:\\\/\\\/www.gamaprofessional.com\\\/fr\\\/?s={search_term_string}\"},\"query-input\":{\"@type\":\"PropertyValueSpecification\",\"valueRequired\":true,\"valueName\":\"search_term_string\"}}],\"inLanguage\":\"fr-FR\"}]}<\/script>\n<!-- \/ Yoast SEO plugin. -->","yoast_head_json":{"title":"S\u00c8CHE-CHEVEUX HALOGEN COMFORT 5D - Gama Professional","description":"Comfort Halogen 5D est un s\u00e8che-cheveux puissant, \u00e9quip\u00e9 de la technologie Halogen qui vous permet de g\u00e9n\u00e9rer une chaleur douce sur les cheveux et de dire adieu \u00e0 l'effet frisottis.","robots":{"index":"index","follow":"follow","max-snippet":"max-snippet:-1","max-image-preview":"max-image-preview:large","max-video-preview":"max-video-preview:-1"},"canonical":"https:\/\/www.gamaprofessional.com\/fr\/prodotto\/phon-comfort-halogen-5d\/","og_locale":"fr_FR","og_type":"article","og_title":"S\u00c8CHE-CHEVEUX HALOGEN COMFORT 5D - Gama Professional","og_description":"Comfort Halogen 5D est un s\u00e8che-cheveux puissant, \u00e9quip\u00e9 de la technologie Halogen qui vous permet de g\u00e9n\u00e9rer une chaleur douce sur les cheveux et de dire adieu \u00e0 l'effet frisottis.","og_url":"https:\/\/www.gamaprofessional.com\/fr\/prodotto\/phon-comfort-halogen-5d\/","og_site_name":"Gama Professional","article_modified_time":"2025-10-24T14:08:13+00:00","og_image":[{"width":1080,"height":1080,"url":"https:\/\/www.gamaprofessional.com\/wp-content\/uploads\/2024\/11\/HALOGEN-COMFORT-5D.png","type":"image\/png"}],"twitter_card":"summary_large_image","twitter_misc":{"Dur\u00e9e de lecture estim\u00e9e":"2 minutes"},"schema":{"@context":"https:\/\/schema.org","@graph":[{"@type":"WebPage","@id":"https:\/\/www.gamaprofessional.com\/fr\/prodotto\/phon-comfort-halogen-5d\/","url":"https:\/\/www.gamaprofessional.com\/fr\/prodotto\/phon-comfort-halogen-5d\/","name":"S\u00c8CHE-CHEVEUX HALOGEN COMFORT 5D - Gama Professional","isPartOf":{"@id":"https:\/\/www.gamaprofessional.com\/fr\/#website"},"primaryImageOfPage":{"@id":"https:\/\/www.gamaprofessional.com\/fr\/prodotto\/phon-comfort-halogen-5d\/#primaryimage"},"image":{"@id":"https:\/\/www.gamaprofessional.com\/fr\/prodotto\/phon-comfort-halogen-5d\/#primaryimage"},"thumbnailUrl":"https:\/\/www.gamaprofessional.com\/wp-content\/uploads\/2024\/11\/HALOGEN-COMFORT-5D.png","datePublished":"2024-11-07T15:07:25+00:00","dateModified":"2025-10-24T14:08:13+00:00","description":"Comfort Halogen 5D est un s\u00e8che-cheveux puissant, \u00e9quip\u00e9 de la technologie Halogen qui vous permet de g\u00e9n\u00e9rer une chaleur douce sur les cheveux et de dire adieu \u00e0 l'effet frisottis.","breadcrumb":{"@id":"https:\/\/www.gamaprofessional.com\/fr\/prodotto\/phon-comfort-halogen-5d\/#breadcrumb"},"inLanguage":"fr-FR","potentialAction":[{"@type":"ReadAction","target":["https:\/\/www.gamaprofessional.com\/fr\/prodotto\/phon-comfort-halogen-5d\/"]}]},{"@type":"ImageObject","inLanguage":"fr-FR","@id":"https:\/\/www.gamaprofessional.com\/fr\/prodotto\/phon-comfort-halogen-5d\/#primaryimage","url":"https:\/\/www.gamaprofessional.com\/wp-content\/uploads\/2024\/11\/HALOGEN-COMFORT-5D.png","contentUrl":"https:\/\/www.gamaprofessional.com\/wp-content\/uploads\/2024\/11\/HALOGEN-COMFORT-5D.png","width":1080,"height":1080,"caption":"HALOGEN COMFORT 5D"},{"@type":"BreadcrumbList","@id":"https:\/\/www.gamaprofessional.com\/fr\/prodotto\/phon-comfort-halogen-5d\/#breadcrumb","itemListElement":[{"@type":"ListItem","position":1,"name":"Home","item":"https:\/\/www.gamaprofessional.com\/fr\/page-daccueil\/"},{"@type":"ListItem","position":2,"name":"Boutique","item":"https:\/\/www.gamaprofessional.com\/shop\/"},{"@type":"ListItem","position":3,"name":"Haircare","item":"https:\/\/www.gamaprofessional.com\/fr\/categoria-prodotto\/haircare-fr\/"},{"@type":"ListItem","position":4,"name":"S\u00e8che-cheveux","item":"https:\/\/www.gamaprofessional.com\/fr\/categoria-prodotto\/haircare-fr\/seche-cheveux\/"},{"@type":"ListItem","position":5,"name":"S\u00c8CHE-CHEVEUX HALOGEN COMFORT 5D"}]},{"@type":"WebSite","@id":"https:\/\/www.gamaprofessional.com\/fr\/#website","url":"https:\/\/www.gamaprofessional.com\/fr\/","name":"Gama Professional","description":"","potentialAction":[{"@type":"SearchAction","target":{"@type":"EntryPoint","urlTemplate":"https:\/\/www.gamaprofessional.com\/fr\/?s={search_term_string}"},"query-input":{"@type":"PropertyValueSpecification","valueRequired":true,"valueName":"search_term_string"}}],"inLanguage":"fr-FR"}]}},"_links":{"self":[{"href":"https:\/\/www.gamaprofessional.com\/fr\/wp-json\/wp\/v2\/product\/1395","targetHints":{"allow":["GET"]}}],"collection":[{"href":"https:\/\/www.gamaprofessional.com\/fr\/wp-json\/wp\/v2\/product"}],"about":[{"href":"https:\/\/www.gamaprofessional.com\/fr\/wp-json\/wp\/v2\/types\/product"}],"wp:featuredmedia":[{"embeddable":true,"href":"https:\/\/www.gamaprofessional.com\/fr\/wp-json\/wp\/v2\/media\/1392"}],"wp:attachment":[{"href":"https:\/\/www.gamaprofessional.com\/fr\/wp-json\/wp\/v2\/media?parent=1395"}],"wp:term":[{"taxonomy":"product_brand","embeddable":true,"href":"https:\/\/www.gamaprofessional.com\/fr\/wp-json\/wp\/v2\/product_brand?post=1395"},{"taxonomy":"product_cat","embeddable":true,"href":"https:\/\/www.gamaprofessional.com\/fr\/wp-json\/wp\/v2\/product_cat?post=1395"},{"taxonomy":"product_tag","embeddable":true,"href":"https:\/\/www.gamaprofessional.com\/fr\/wp-json\/wp\/v2\/product_tag?post=1395"}],"curies":[{"name":"wp","href":"https:\/\/api.w.org\/{rel}","templated":true}]}}