{"id":1462,"date":"2024-11-07T17:56:07","date_gmt":"2024-11-07T16:56:07","guid":{"rendered":"https:\/\/www.gamaprofessional.com\/?post_type=product&#038;p=1462"},"modified":"2026-01-30T18:39:21","modified_gmt":"2026-01-30T17:39:21","slug":"phon-tempo-5d-sensi","status":"publish","type":"product","link":"https:\/\/www.gamaprofessional.com\/fr\/prodotto\/phon-tempo-5d-sensi\/","title":{"rendered":"S\u00c8CHE-CHEVEUX TEMPO 5D SENSI"},"content":{"rendered":"<p><strong>Tempo 5D Sensi<\/strong> est le s\u00e8che-cheveux de la <strong>ligne Sensi<\/strong>, \u00e9tudi\u00e9e pour prot\u00e9ger la peau et les cheveux qui risquent de s\u2019ab\u00eemer et de perdre leur brillant sous l\u2019effet des agents ext\u00e9rieurs et des radicaux libres.<\/p>\n<p>Gr\u00e2ce \u00e0 sa <strong>technologie 5D Ultra Ozone Ion Protect<\/strong>, l\u2019exc\u00e8s de s\u00e9bum et les impuret\u00e9s qui bouchent les pores capillaires sont \u00e9limin\u00e9s. Les cheveux retrouvent une meilleure oxyg\u00e9nation et se renforcent de la racine jusqu\u2019\u00e0 la pointe.<\/p>\n<p>Du haut de ses <strong>2200 W<\/strong> de puissance, ce s\u00e8che-cheveux se veut un outil puissant, fiable et durable : un filtre amovible facilite en effet son nettoyage tout en pr\u00e9servant le bon fonctionnement du <strong>moteur AC. <\/strong> Ses 6 combinaisons de 3 temp\u00e9ratures et 2 vitesses vous permettront de choisir la plus adapt\u00e9e \u00e0 vos besoins et le bouton coup d\u2019air froid fixera la mise en plis pour longtemps.<\/p>\n","protected":false},"excerpt":{"rendered":"<p>Un s\u00e8che-cheveux \u00e9l\u00e9gant aux performances professionnelles avec des rev\u00eatements en c\u00e9ramique pour un effet d\u00e9licat sur les cheveux qui deviennent brillants, rajeunis, jamais cr\u00e9pus. Vendu avec l\u2019embout pratique et l\u2019\u00e9tui diffuseur. <\/p>\n","protected":false},"featured_media":1436,"template":"","meta":{"_acf_changed":false},"product_brand":[],"product_cat":[327],"product_tag":[],"class_list":{"0":"post-1462","1":"product","2":"type-product","3":"status-publish","4":"has-post-thumbnail","6":"product_cat-seche-cheveux","8":"first","9":"instock","10":"sale","11":"taxable","12":"shipping-taxable","13":"purchasable","14":"product-type-variable"},"acf":[],"yoast_head":"<!-- This site is optimized with the Yoast SEO plugin v27.5 - https:\/\/yoast.com\/product\/yoast-seo-wordpress\/ -->\n<title>S\u00c8CHE-CHEVEUX TEMPO 5D SENSI - Gama Professional<\/title>\n<meta name=\"description\" content=\"Tempo Sensi 5D est un s\u00e8che-cheveux aux performances professionnelles pour un effet d\u00e9licat sur les cheveux qui deviennent brillants, rajeunis et jamais cr\u00e9pus.\" \/>\n<meta name=\"robots\" content=\"index, follow, max-snippet:-1, max-image-preview:large, max-video-preview:-1\" \/>\n<link rel=\"canonical\" href=\"https:\/\/www.gamaprofessional.com\/fr\/prodotto\/phon-tempo-5d-sensi\/\" \/>\n<meta property=\"og:locale\" content=\"fr_FR\" \/>\n<meta property=\"og:type\" content=\"article\" \/>\n<meta property=\"og:title\" content=\"S\u00c8CHE-CHEVEUX TEMPO 5D SENSI - Gama Professional\" \/>\n<meta property=\"og:description\" content=\"Tempo Sensi 5D est un s\u00e8che-cheveux aux performances professionnelles pour un effet d\u00e9licat sur les cheveux qui deviennent brillants, rajeunis et jamais cr\u00e9pus.\" \/>\n<meta property=\"og:url\" content=\"https:\/\/www.gamaprofessional.com\/fr\/prodotto\/phon-tempo-5d-sensi\/\" \/>\n<meta property=\"og:site_name\" content=\"Gama Professional\" \/>\n<meta property=\"article:modified_time\" content=\"2026-01-30T17:39:21+00:00\" \/>\n<meta property=\"og:image\" content=\"https:\/\/www.gamaprofessional.com\/wp-content\/uploads\/2024\/11\/TEMPO-5D-SENSI-2.png\" \/>\n\t<meta property=\"og:image:width\" content=\"1080\" \/>\n\t<meta property=\"og:image:height\" content=\"1080\" \/>\n\t<meta property=\"og:image:type\" content=\"image\/png\" \/>\n<meta name=\"twitter:card\" content=\"summary_large_image\" \/>\n<meta name=\"twitter:label1\" content=\"Dur\u00e9e de lecture estim\u00e9e\" \/>\n\t<meta name=\"twitter:data1\" content=\"1 minute\" \/>\n<script type=\"application\/ld+json\" class=\"yoast-schema-graph\">{\"@context\":\"https:\\\/\\\/schema.org\",\"@graph\":[{\"@type\":\"WebPage\",\"@id\":\"https:\\\/\\\/www.gamaprofessional.com\\\/fr\\\/prodotto\\\/phon-tempo-5d-sensi\\\/\",\"url\":\"https:\\\/\\\/www.gamaprofessional.com\\\/fr\\\/prodotto\\\/phon-tempo-5d-sensi\\\/\",\"name\":\"S\u00c8CHE-CHEVEUX TEMPO 5D SENSI - Gama Professional\",\"isPartOf\":{\"@id\":\"https:\\\/\\\/www.gamaprofessional.com\\\/fr\\\/#website\"},\"primaryImageOfPage\":{\"@id\":\"https:\\\/\\\/www.gamaprofessional.com\\\/fr\\\/prodotto\\\/phon-tempo-5d-sensi\\\/#primaryimage\"},\"image\":{\"@id\":\"https:\\\/\\\/www.gamaprofessional.com\\\/fr\\\/prodotto\\\/phon-tempo-5d-sensi\\\/#primaryimage\"},\"thumbnailUrl\":\"https:\\\/\\\/www.gamaprofessional.com\\\/wp-content\\\/uploads\\\/2024\\\/11\\\/TEMPO-5D-SENSI-2.png\",\"datePublished\":\"2024-11-07T16:56:07+00:00\",\"dateModified\":\"2026-01-30T17:39:21+00:00\",\"description\":\"Tempo Sensi 5D est un s\u00e8che-cheveux aux performances professionnelles pour un effet d\u00e9licat sur les cheveux qui deviennent brillants, rajeunis et jamais cr\u00e9pus.\",\"breadcrumb\":{\"@id\":\"https:\\\/\\\/www.gamaprofessional.com\\\/fr\\\/prodotto\\\/phon-tempo-5d-sensi\\\/#breadcrumb\"},\"inLanguage\":\"fr-FR\",\"potentialAction\":[{\"@type\":\"ReadAction\",\"target\":[\"https:\\\/\\\/www.gamaprofessional.com\\\/fr\\\/prodotto\\\/phon-tempo-5d-sensi\\\/\"]}]},{\"@type\":\"ImageObject\",\"inLanguage\":\"fr-FR\",\"@id\":\"https:\\\/\\\/www.gamaprofessional.com\\\/fr\\\/prodotto\\\/phon-tempo-5d-sensi\\\/#primaryimage\",\"url\":\"https:\\\/\\\/www.gamaprofessional.com\\\/wp-content\\\/uploads\\\/2024\\\/11\\\/TEMPO-5D-SENSI-2.png\",\"contentUrl\":\"https:\\\/\\\/www.gamaprofessional.com\\\/wp-content\\\/uploads\\\/2024\\\/11\\\/TEMPO-5D-SENSI-2.png\",\"width\":1080,\"height\":1080,\"caption\":\"TEMPO 5D SENSI\"},{\"@type\":\"BreadcrumbList\",\"@id\":\"https:\\\/\\\/www.gamaprofessional.com\\\/fr\\\/prodotto\\\/phon-tempo-5d-sensi\\\/#breadcrumb\",\"itemListElement\":[{\"@type\":\"ListItem\",\"position\":1,\"name\":\"Home\",\"item\":\"https:\\\/\\\/www.gamaprofessional.com\\\/fr\\\/page-daccueil\\\/\"},{\"@type\":\"ListItem\",\"position\":2,\"name\":\"Boutique\",\"item\":\"https:\\\/\\\/www.gamaprofessional.com\\\/shop\\\/\"},{\"@type\":\"ListItem\",\"position\":3,\"name\":\"Haircare\",\"item\":\"https:\\\/\\\/www.gamaprofessional.com\\\/fr\\\/categoria-prodotto\\\/haircare-fr\\\/\"},{\"@type\":\"ListItem\",\"position\":4,\"name\":\"S\u00e8che-cheveux\",\"item\":\"https:\\\/\\\/www.gamaprofessional.com\\\/fr\\\/categoria-prodotto\\\/haircare-fr\\\/seche-cheveux\\\/\"},{\"@type\":\"ListItem\",\"position\":5,\"name\":\"S\u00c8CHE-CHEVEUX TEMPO 5D SENSI\"}]},{\"@type\":\"WebSite\",\"@id\":\"https:\\\/\\\/www.gamaprofessional.com\\\/fr\\\/#website\",\"url\":\"https:\\\/\\\/www.gamaprofessional.com\\\/fr\\\/\",\"name\":\"Gama Professional\",\"description\":\"\",\"potentialAction\":[{\"@type\":\"SearchAction\",\"target\":{\"@type\":\"EntryPoint\",\"urlTemplate\":\"https:\\\/\\\/www.gamaprofessional.com\\\/fr\\\/?s={search_term_string}\"},\"query-input\":{\"@type\":\"PropertyValueSpecification\",\"valueRequired\":true,\"valueName\":\"search_term_string\"}}],\"inLanguage\":\"fr-FR\"}]}<\/script>\n<!-- \/ Yoast SEO plugin. -->","yoast_head_json":{"title":"S\u00c8CHE-CHEVEUX TEMPO 5D SENSI - Gama Professional","description":"Tempo Sensi 5D est un s\u00e8che-cheveux aux performances professionnelles pour un effet d\u00e9licat sur les cheveux qui deviennent brillants, rajeunis et jamais cr\u00e9pus.","robots":{"index":"index","follow":"follow","max-snippet":"max-snippet:-1","max-image-preview":"max-image-preview:large","max-video-preview":"max-video-preview:-1"},"canonical":"https:\/\/www.gamaprofessional.com\/fr\/prodotto\/phon-tempo-5d-sensi\/","og_locale":"fr_FR","og_type":"article","og_title":"S\u00c8CHE-CHEVEUX TEMPO 5D SENSI - Gama Professional","og_description":"Tempo Sensi 5D est un s\u00e8che-cheveux aux performances professionnelles pour un effet d\u00e9licat sur les cheveux qui deviennent brillants, rajeunis et jamais cr\u00e9pus.","og_url":"https:\/\/www.gamaprofessional.com\/fr\/prodotto\/phon-tempo-5d-sensi\/","og_site_name":"Gama Professional","article_modified_time":"2026-01-30T17:39:21+00:00","og_image":[{"width":1080,"height":1080,"url":"https:\/\/www.gamaprofessional.com\/wp-content\/uploads\/2024\/11\/TEMPO-5D-SENSI-2.png","type":"image\/png"}],"twitter_card":"summary_large_image","twitter_misc":{"Dur\u00e9e de lecture estim\u00e9e":"1 minute"},"schema":{"@context":"https:\/\/schema.org","@graph":[{"@type":"WebPage","@id":"https:\/\/www.gamaprofessional.com\/fr\/prodotto\/phon-tempo-5d-sensi\/","url":"https:\/\/www.gamaprofessional.com\/fr\/prodotto\/phon-tempo-5d-sensi\/","name":"S\u00c8CHE-CHEVEUX TEMPO 5D SENSI - Gama Professional","isPartOf":{"@id":"https:\/\/www.gamaprofessional.com\/fr\/#website"},"primaryImageOfPage":{"@id":"https:\/\/www.gamaprofessional.com\/fr\/prodotto\/phon-tempo-5d-sensi\/#primaryimage"},"image":{"@id":"https:\/\/www.gamaprofessional.com\/fr\/prodotto\/phon-tempo-5d-sensi\/#primaryimage"},"thumbnailUrl":"https:\/\/www.gamaprofessional.com\/wp-content\/uploads\/2024\/11\/TEMPO-5D-SENSI-2.png","datePublished":"2024-11-07T16:56:07+00:00","dateModified":"2026-01-30T17:39:21+00:00","description":"Tempo Sensi 5D est un s\u00e8che-cheveux aux performances professionnelles pour un effet d\u00e9licat sur les cheveux qui deviennent brillants, rajeunis et jamais cr\u00e9pus.","breadcrumb":{"@id":"https:\/\/www.gamaprofessional.com\/fr\/prodotto\/phon-tempo-5d-sensi\/#breadcrumb"},"inLanguage":"fr-FR","potentialAction":[{"@type":"ReadAction","target":["https:\/\/www.gamaprofessional.com\/fr\/prodotto\/phon-tempo-5d-sensi\/"]}]},{"@type":"ImageObject","inLanguage":"fr-FR","@id":"https:\/\/www.gamaprofessional.com\/fr\/prodotto\/phon-tempo-5d-sensi\/#primaryimage","url":"https:\/\/www.gamaprofessional.com\/wp-content\/uploads\/2024\/11\/TEMPO-5D-SENSI-2.png","contentUrl":"https:\/\/www.gamaprofessional.com\/wp-content\/uploads\/2024\/11\/TEMPO-5D-SENSI-2.png","width":1080,"height":1080,"caption":"TEMPO 5D SENSI"},{"@type":"BreadcrumbList","@id":"https:\/\/www.gamaprofessional.com\/fr\/prodotto\/phon-tempo-5d-sensi\/#breadcrumb","itemListElement":[{"@type":"ListItem","position":1,"name":"Home","item":"https:\/\/www.gamaprofessional.com\/fr\/page-daccueil\/"},{"@type":"ListItem","position":2,"name":"Boutique","item":"https:\/\/www.gamaprofessional.com\/shop\/"},{"@type":"ListItem","position":3,"name":"Haircare","item":"https:\/\/www.gamaprofessional.com\/fr\/categoria-prodotto\/haircare-fr\/"},{"@type":"ListItem","position":4,"name":"S\u00e8che-cheveux","item":"https:\/\/www.gamaprofessional.com\/fr\/categoria-prodotto\/haircare-fr\/seche-cheveux\/"},{"@type":"ListItem","position":5,"name":"S\u00c8CHE-CHEVEUX TEMPO 5D SENSI"}]},{"@type":"WebSite","@id":"https:\/\/www.gamaprofessional.com\/fr\/#website","url":"https:\/\/www.gamaprofessional.com\/fr\/","name":"Gama Professional","description":"","potentialAction":[{"@type":"SearchAction","target":{"@type":"EntryPoint","urlTemplate":"https:\/\/www.gamaprofessional.com\/fr\/?s={search_term_string}"},"query-input":{"@type":"PropertyValueSpecification","valueRequired":true,"valueName":"search_term_string"}}],"inLanguage":"fr-FR"}]}},"_links":{"self":[{"href":"https:\/\/www.gamaprofessional.com\/fr\/wp-json\/wp\/v2\/product\/1462","targetHints":{"allow":["GET"]}}],"collection":[{"href":"https:\/\/www.gamaprofessional.com\/fr\/wp-json\/wp\/v2\/product"}],"about":[{"href":"https:\/\/www.gamaprofessional.com\/fr\/wp-json\/wp\/v2\/types\/product"}],"wp:featuredmedia":[{"embeddable":true,"href":"https:\/\/www.gamaprofessional.com\/fr\/wp-json\/wp\/v2\/media\/1436"}],"wp:attachment":[{"href":"https:\/\/www.gamaprofessional.com\/fr\/wp-json\/wp\/v2\/media?parent=1462"}],"wp:term":[{"taxonomy":"product_brand","embeddable":true,"href":"https:\/\/www.gamaprofessional.com\/fr\/wp-json\/wp\/v2\/product_brand?post=1462"},{"taxonomy":"product_cat","embeddable":true,"href":"https:\/\/www.gamaprofessional.com\/fr\/wp-json\/wp\/v2\/product_cat?post=1462"},{"taxonomy":"product_tag","embeddable":true,"href":"https:\/\/www.gamaprofessional.com\/fr\/wp-json\/wp\/v2\/product_tag?post=1462"}],"curies":[{"name":"wp","href":"https:\/\/api.w.org\/{rel}","templated":true}]}}