{"id":1560,"date":"2024-11-08T12:54:04","date_gmt":"2024-11-08T11:54:04","guid":{"rendered":"https:\/\/www.gamaprofessional.com\/?post_type=product&#038;p=1560"},"modified":"2026-04-01T18:55:56","modified_gmt":"2026-04-01T16:55:56","slug":"fer-a-lisser-vera-ceramica","status":"publish","type":"product","link":"https:\/\/www.gamaprofessional.com\/fr\/prodotto\/fer-a-lisser-vera-ceramica\/","title":{"rendered":"FER \u00c0 LISSER VERA CERAMICA"},"content":{"rendered":"<p>G-Evo Vera Ceramica est le fer \u00e0 lisser avec les plaques 100% <strong>c\u00e9ramique<\/strong>, mat\u00e9riau connu pour sa capacit\u00e9 \u00e0 distribuer la chaleur de mani\u00e8re homog\u00e8ne et uniforme et qui lui conf\u00e8re une plus grande douceur sur les cheveux.<\/p>\n<p>Dot\u00e9e de la technologie <strong>Ultra Heat<\/strong> qui permet \u00e0 la plaque d\u2019atteindre des temp\u00e9ratures maximales de 250 \u00baC et un effet lisse de mani\u00e8re simple et rapide.<\/p>\n<p>La technologie innovante <strong>Oxy-Active<\/strong> permet d\u2019obtenir <strong>l\u2019effet Color Lock<\/strong>, c\u2019est-\u00e0-dire une plus longue dur\u00e9e des colorations et l\u2019exaltation de la brillance des cheveux gr\u00e2ce \u00e0 l\u2019action de l\u2019oxyg\u00e8ne actif qui nettoie en profondeur le cuir chevelu.<\/p>\n<p>Avec ce lisseur Gama, vos cheveux seront prot\u00e9g\u00e9s gr\u00e2ce \u00e0 la possibilit\u00e9 de choisir la temp\u00e9rature de travail qui vous convient le mieux dans une gamme entre 170\u00b0 et 250 \u00b0C.<\/p>\n<p>G-Evo Vera Ceramica est un lisseur facile \u00e0 manier gr\u00e2ce \u00e0 son cordon pivotant de 3 m\u00e8tres \u00e0 360\u00b0, qui permet d\u2019optimiser les performances lors du coiffage. Il est \u00e9galement \u00e9quip\u00e9 d\u2019un arr\u00eat automatique apr\u00e8s 60 minutes de fonctionnement, garantissant une s\u00e9curit\u00e9 maximale si vous l\u2019oubliez accidentellement allum\u00e9. <\/p>\n","protected":false},"excerpt":{"rendered":"<p>G-Evo Vera Ceramica est votre solution ultime pour obtenir des cheveux lisses, impeccables et sains<\/p>\n<p>Ce lisseur est \u00e9quip\u00e9 de plaques 100 % c\u00e9ramique, garantissant une glisse parfaite sur les cheveux pour un r\u00e9sultat lisse et imm\u00e9diat. Ses technologies innovantes laissent les cheveux doux et brillants.<\/p>\n","protected":false},"featured_media":1564,"template":"","meta":{"_acf_changed":false},"product_brand":[],"product_cat":[441],"product_tag":[],"class_list":{"0":"post-1560","1":"product","2":"type-product","3":"status-publish","4":"has-post-thumbnail","6":"product_cat-fer-a-lisser","8":"first","9":"instock","10":"sale","11":"taxable","12":"shipping-taxable","13":"purchasable","14":"product-type-simple"},"acf":[],"yoast_head":"<!-- This site is optimized with the Yoast SEO plugin v27.5 - https:\/\/yoast.com\/product\/yoast-seo-wordpress\/ -->\n<title>FER \u00c0 LISSER VERA CERAMICA - Gama Professional<\/title>\n<meta name=\"description\" content=\"G-Evo Vera Ceramica est la lisseur avec plaques en c\u00e9ramique qui garantissent un glissement parfait sur les cheveux pour assurer un effet lisse et imm\u00e9diat.\" \/>\n<meta name=\"robots\" content=\"index, follow, max-snippet:-1, max-image-preview:large, max-video-preview:-1\" \/>\n<link rel=\"canonical\" href=\"https:\/\/www.gamaprofessional.com\/fr\/prodotto\/fer-a-lisser-vera-ceramica\/\" \/>\n<meta property=\"og:locale\" content=\"fr_FR\" \/>\n<meta property=\"og:type\" content=\"article\" \/>\n<meta property=\"og:title\" content=\"FER \u00c0 LISSER VERA CERAMICA - Gama Professional\" \/>\n<meta property=\"og:description\" content=\"G-Evo Vera Ceramica est la lisseur avec plaques en c\u00e9ramique qui garantissent un glissement parfait sur les cheveux pour assurer un effet lisse et imm\u00e9diat.\" \/>\n<meta property=\"og:url\" content=\"https:\/\/www.gamaprofessional.com\/fr\/prodotto\/fer-a-lisser-vera-ceramica\/\" \/>\n<meta property=\"og:site_name\" content=\"Gama Professional\" \/>\n<meta property=\"article:modified_time\" content=\"2026-04-01T16:55:56+00:00\" \/>\n<meta property=\"og:image\" content=\"https:\/\/www.gamaprofessional.com\/wp-content\/uploads\/2024\/11\/G-EVO-VERA-CERAMICA.png\" \/>\n\t<meta property=\"og:image:width\" content=\"1080\" \/>\n\t<meta property=\"og:image:height\" content=\"1080\" \/>\n\t<meta property=\"og:image:type\" content=\"image\/png\" \/>\n<meta name=\"twitter:card\" content=\"summary_large_image\" \/>\n<meta name=\"twitter:label1\" content=\"Dur\u00e9e de lecture estim\u00e9e\" \/>\n\t<meta name=\"twitter:data1\" content=\"1 minute\" \/>\n<script type=\"application\/ld+json\" class=\"yoast-schema-graph\">{\"@context\":\"https:\\\/\\\/schema.org\",\"@graph\":[{\"@type\":\"WebPage\",\"@id\":\"https:\\\/\\\/www.gamaprofessional.com\\\/fr\\\/prodotto\\\/fer-a-lisser-vera-ceramica\\\/\",\"url\":\"https:\\\/\\\/www.gamaprofessional.com\\\/fr\\\/prodotto\\\/fer-a-lisser-vera-ceramica\\\/\",\"name\":\"FER \u00c0 LISSER VERA CERAMICA - Gama Professional\",\"isPartOf\":{\"@id\":\"https:\\\/\\\/www.gamaprofessional.com\\\/fr\\\/#website\"},\"primaryImageOfPage\":{\"@id\":\"https:\\\/\\\/www.gamaprofessional.com\\\/fr\\\/prodotto\\\/fer-a-lisser-vera-ceramica\\\/#primaryimage\"},\"image\":{\"@id\":\"https:\\\/\\\/www.gamaprofessional.com\\\/fr\\\/prodotto\\\/fer-a-lisser-vera-ceramica\\\/#primaryimage\"},\"thumbnailUrl\":\"https:\\\/\\\/www.gamaprofessional.com\\\/wp-content\\\/uploads\\\/2024\\\/11\\\/G-EVO-VERA-CERAMICA.png\",\"datePublished\":\"2024-11-08T11:54:04+00:00\",\"dateModified\":\"2026-04-01T16:55:56+00:00\",\"description\":\"G-Evo Vera Ceramica est la lisseur avec plaques en c\u00e9ramique qui garantissent un glissement parfait sur les cheveux pour assurer un effet lisse et imm\u00e9diat.\",\"breadcrumb\":{\"@id\":\"https:\\\/\\\/www.gamaprofessional.com\\\/fr\\\/prodotto\\\/fer-a-lisser-vera-ceramica\\\/#breadcrumb\"},\"inLanguage\":\"fr-FR\",\"potentialAction\":[{\"@type\":\"ReadAction\",\"target\":[\"https:\\\/\\\/www.gamaprofessional.com\\\/fr\\\/prodotto\\\/fer-a-lisser-vera-ceramica\\\/\"]}]},{\"@type\":\"ImageObject\",\"inLanguage\":\"fr-FR\",\"@id\":\"https:\\\/\\\/www.gamaprofessional.com\\\/fr\\\/prodotto\\\/fer-a-lisser-vera-ceramica\\\/#primaryimage\",\"url\":\"https:\\\/\\\/www.gamaprofessional.com\\\/wp-content\\\/uploads\\\/2024\\\/11\\\/G-EVO-VERA-CERAMICA.png\",\"contentUrl\":\"https:\\\/\\\/www.gamaprofessional.com\\\/wp-content\\\/uploads\\\/2024\\\/11\\\/G-EVO-VERA-CERAMICA.png\",\"width\":1080,\"height\":1080,\"caption\":\"G-EVO VERA CERAMICA\"},{\"@type\":\"BreadcrumbList\",\"@id\":\"https:\\\/\\\/www.gamaprofessional.com\\\/fr\\\/prodotto\\\/fer-a-lisser-vera-ceramica\\\/#breadcrumb\",\"itemListElement\":[{\"@type\":\"ListItem\",\"position\":1,\"name\":\"Home\",\"item\":\"https:\\\/\\\/www.gamaprofessional.com\\\/fr\\\/page-daccueil\\\/\"},{\"@type\":\"ListItem\",\"position\":2,\"name\":\"Boutique\",\"item\":\"https:\\\/\\\/www.gamaprofessional.com\\\/shop\\\/\"},{\"@type\":\"ListItem\",\"position\":3,\"name\":\"Haircare\",\"item\":\"https:\\\/\\\/www.gamaprofessional.com\\\/fr\\\/categoria-prodotto\\\/haircare-fr\\\/\"},{\"@type\":\"ListItem\",\"position\":4,\"name\":\"Fer \u00e0 Lisser\",\"item\":\"https:\\\/\\\/www.gamaprofessional.com\\\/fr\\\/categoria-prodotto\\\/haircare-fr\\\/fer-a-lisser\\\/\"},{\"@type\":\"ListItem\",\"position\":5,\"name\":\"FER \u00c0 LISSER VERA CERAMICA\"}]},{\"@type\":\"WebSite\",\"@id\":\"https:\\\/\\\/www.gamaprofessional.com\\\/fr\\\/#website\",\"url\":\"https:\\\/\\\/www.gamaprofessional.com\\\/fr\\\/\",\"name\":\"Gama Professional\",\"description\":\"\",\"potentialAction\":[{\"@type\":\"SearchAction\",\"target\":{\"@type\":\"EntryPoint\",\"urlTemplate\":\"https:\\\/\\\/www.gamaprofessional.com\\\/fr\\\/?s={search_term_string}\"},\"query-input\":{\"@type\":\"PropertyValueSpecification\",\"valueRequired\":true,\"valueName\":\"search_term_string\"}}],\"inLanguage\":\"fr-FR\"}]}<\/script>\n<!-- \/ Yoast SEO plugin. -->","yoast_head_json":{"title":"FER \u00c0 LISSER VERA CERAMICA - Gama Professional","description":"G-Evo Vera Ceramica est la lisseur avec plaques en c\u00e9ramique qui garantissent un glissement parfait sur les cheveux pour assurer un effet lisse et imm\u00e9diat.","robots":{"index":"index","follow":"follow","max-snippet":"max-snippet:-1","max-image-preview":"max-image-preview:large","max-video-preview":"max-video-preview:-1"},"canonical":"https:\/\/www.gamaprofessional.com\/fr\/prodotto\/fer-a-lisser-vera-ceramica\/","og_locale":"fr_FR","og_type":"article","og_title":"FER \u00c0 LISSER VERA CERAMICA - Gama Professional","og_description":"G-Evo Vera Ceramica est la lisseur avec plaques en c\u00e9ramique qui garantissent un glissement parfait sur les cheveux pour assurer un effet lisse et imm\u00e9diat.","og_url":"https:\/\/www.gamaprofessional.com\/fr\/prodotto\/fer-a-lisser-vera-ceramica\/","og_site_name":"Gama Professional","article_modified_time":"2026-04-01T16:55:56+00:00","og_image":[{"width":1080,"height":1080,"url":"https:\/\/www.gamaprofessional.com\/wp-content\/uploads\/2024\/11\/G-EVO-VERA-CERAMICA.png","type":"image\/png"}],"twitter_card":"summary_large_image","twitter_misc":{"Dur\u00e9e de lecture estim\u00e9e":"1 minute"},"schema":{"@context":"https:\/\/schema.org","@graph":[{"@type":"WebPage","@id":"https:\/\/www.gamaprofessional.com\/fr\/prodotto\/fer-a-lisser-vera-ceramica\/","url":"https:\/\/www.gamaprofessional.com\/fr\/prodotto\/fer-a-lisser-vera-ceramica\/","name":"FER \u00c0 LISSER VERA CERAMICA - Gama Professional","isPartOf":{"@id":"https:\/\/www.gamaprofessional.com\/fr\/#website"},"primaryImageOfPage":{"@id":"https:\/\/www.gamaprofessional.com\/fr\/prodotto\/fer-a-lisser-vera-ceramica\/#primaryimage"},"image":{"@id":"https:\/\/www.gamaprofessional.com\/fr\/prodotto\/fer-a-lisser-vera-ceramica\/#primaryimage"},"thumbnailUrl":"https:\/\/www.gamaprofessional.com\/wp-content\/uploads\/2024\/11\/G-EVO-VERA-CERAMICA.png","datePublished":"2024-11-08T11:54:04+00:00","dateModified":"2026-04-01T16:55:56+00:00","description":"G-Evo Vera Ceramica est la lisseur avec plaques en c\u00e9ramique qui garantissent un glissement parfait sur les cheveux pour assurer un effet lisse et imm\u00e9diat.","breadcrumb":{"@id":"https:\/\/www.gamaprofessional.com\/fr\/prodotto\/fer-a-lisser-vera-ceramica\/#breadcrumb"},"inLanguage":"fr-FR","potentialAction":[{"@type":"ReadAction","target":["https:\/\/www.gamaprofessional.com\/fr\/prodotto\/fer-a-lisser-vera-ceramica\/"]}]},{"@type":"ImageObject","inLanguage":"fr-FR","@id":"https:\/\/www.gamaprofessional.com\/fr\/prodotto\/fer-a-lisser-vera-ceramica\/#primaryimage","url":"https:\/\/www.gamaprofessional.com\/wp-content\/uploads\/2024\/11\/G-EVO-VERA-CERAMICA.png","contentUrl":"https:\/\/www.gamaprofessional.com\/wp-content\/uploads\/2024\/11\/G-EVO-VERA-CERAMICA.png","width":1080,"height":1080,"caption":"G-EVO VERA CERAMICA"},{"@type":"BreadcrumbList","@id":"https:\/\/www.gamaprofessional.com\/fr\/prodotto\/fer-a-lisser-vera-ceramica\/#breadcrumb","itemListElement":[{"@type":"ListItem","position":1,"name":"Home","item":"https:\/\/www.gamaprofessional.com\/fr\/page-daccueil\/"},{"@type":"ListItem","position":2,"name":"Boutique","item":"https:\/\/www.gamaprofessional.com\/shop\/"},{"@type":"ListItem","position":3,"name":"Haircare","item":"https:\/\/www.gamaprofessional.com\/fr\/categoria-prodotto\/haircare-fr\/"},{"@type":"ListItem","position":4,"name":"Fer \u00e0 Lisser","item":"https:\/\/www.gamaprofessional.com\/fr\/categoria-prodotto\/haircare-fr\/fer-a-lisser\/"},{"@type":"ListItem","position":5,"name":"FER \u00c0 LISSER VERA CERAMICA"}]},{"@type":"WebSite","@id":"https:\/\/www.gamaprofessional.com\/fr\/#website","url":"https:\/\/www.gamaprofessional.com\/fr\/","name":"Gama Professional","description":"","potentialAction":[{"@type":"SearchAction","target":{"@type":"EntryPoint","urlTemplate":"https:\/\/www.gamaprofessional.com\/fr\/?s={search_term_string}"},"query-input":{"@type":"PropertyValueSpecification","valueRequired":true,"valueName":"search_term_string"}}],"inLanguage":"fr-FR"}]}},"_links":{"self":[{"href":"https:\/\/www.gamaprofessional.com\/fr\/wp-json\/wp\/v2\/product\/1560","targetHints":{"allow":["GET"]}}],"collection":[{"href":"https:\/\/www.gamaprofessional.com\/fr\/wp-json\/wp\/v2\/product"}],"about":[{"href":"https:\/\/www.gamaprofessional.com\/fr\/wp-json\/wp\/v2\/types\/product"}],"wp:featuredmedia":[{"embeddable":true,"href":"https:\/\/www.gamaprofessional.com\/fr\/wp-json\/wp\/v2\/media\/1564"}],"wp:attachment":[{"href":"https:\/\/www.gamaprofessional.com\/fr\/wp-json\/wp\/v2\/media?parent=1560"}],"wp:term":[{"taxonomy":"product_brand","embeddable":true,"href":"https:\/\/www.gamaprofessional.com\/fr\/wp-json\/wp\/v2\/product_brand?post=1560"},{"taxonomy":"product_cat","embeddable":true,"href":"https:\/\/www.gamaprofessional.com\/fr\/wp-json\/wp\/v2\/product_cat?post=1560"},{"taxonomy":"product_tag","embeddable":true,"href":"https:\/\/www.gamaprofessional.com\/fr\/wp-json\/wp\/v2\/product_tag?post=1560"}],"curies":[{"name":"wp","href":"https:\/\/api.w.org\/{rel}","templated":true}]}}