{"id":1597,"date":"2024-11-08T16:18:56","date_gmt":"2024-11-08T15:18:56","guid":{"rendered":"https:\/\/www.gamaprofessional.com\/?post_type=product&#038;p=1597"},"modified":"2026-01-22T01:42:24","modified_gmt":"2026-01-22T00:42:24","slug":"piastra-innova-steam","status":"publish","type":"product","link":"https:\/\/www.gamaprofessional.com\/fr\/prodotto\/piastra-innova-steam\/","title":{"rendered":"FER \u00c0 LISSER INNOVA STEAM"},"content":{"rendered":"<p><strong>Innova Steam<\/strong>, le <strong>fer \u00c0 lisser \u00e0 vapeur<\/strong>, s\u2019emploie de fa\u00e7on traditionnelle ou avec la fonction micro-vapeur pour un effet accentu\u00e9 de d\u00e9licatesse et d\u2019hydratation sur les cheveux. La haute hydratation permet \u00e0 ce fer \u00e0 lisser de rendre les cheveux soyeux et <strong>parfaitement lisses<\/strong>, m\u00eame pour les chevelures particuli\u00e8rement cr\u00e9pues et boucl\u00e9es. <\/p>\n<p>La vapeur ne dess\u00e8che pas les cheveux mais leur procure du brillant et <strong>\u00e9limine l\u2019effet frisottis<\/strong>. La combinaison de la vapeur avec les rev\u00eatements en c\u00e9ramique garantit une protection maximale des cheveux pendant la coiffure en <strong>\u00e9vitant des stress thermiques inutiles<\/strong>. <\/p>\n<p>De plus, sa <strong>technologie Nano Silver<\/strong> fait office d\u2019antibact\u00e9rien, en d\u00e9barrassant les plaques lissantes des bact\u00e9ries qui les peuplent et menacent les cheveux. <\/p>\n","protected":false},"excerpt":{"rendered":"<p>Gr\u00e2ce \u00e0 l\u2019affichage num\u00e9rique, la temp\u00e9rature r\u00e9glable de 130 \u00b0C \u00e0 230 \u00b0C est tenue sous contr\u00f4le. <\/p>\n","protected":false},"featured_media":1594,"template":"","meta":{"_acf_changed":false},"product_brand":[],"product_cat":[441],"product_tag":[],"class_list":{"0":"post-1597","1":"product","2":"type-product","3":"status-publish","4":"has-post-thumbnail","6":"product_cat-fer-a-lisser","8":"first","9":"instock","10":"taxable","11":"shipping-taxable","12":"purchasable","13":"product-type-simple"},"acf":[],"yoast_head":"<!-- This site is optimized with the Yoast SEO plugin v27.5 - https:\/\/yoast.com\/product\/yoast-seo-wordpress\/ -->\n<title>FER \u00c0 LISSER INNOVA STEAM - Gama Professional<\/title>\n<meta name=\"description\" content=\"Innova Steam est un lisseur vapeur qui assure des cheveux soyeux, parfaitement lisses et hydrat\u00e9s.\" \/>\n<meta name=\"robots\" content=\"index, follow, max-snippet:-1, max-image-preview:large, max-video-preview:-1\" \/>\n<link rel=\"canonical\" href=\"https:\/\/www.gamaprofessional.com\/fr\/prodotto\/piastra-innova-steam\/\" \/>\n<meta property=\"og:locale\" content=\"fr_FR\" \/>\n<meta property=\"og:type\" content=\"article\" \/>\n<meta property=\"og:title\" content=\"FER \u00c0 LISSER INNOVA STEAM - Gama Professional\" \/>\n<meta property=\"og:description\" content=\"Innova Steam est un lisseur vapeur qui assure des cheveux soyeux, parfaitement lisses et hydrat\u00e9s.\" \/>\n<meta property=\"og:url\" content=\"https:\/\/www.gamaprofessional.com\/fr\/prodotto\/piastra-innova-steam\/\" \/>\n<meta property=\"og:site_name\" content=\"Gama Professional\" \/>\n<meta property=\"article:modified_time\" content=\"2026-01-22T00:42:24+00:00\" \/>\n<meta property=\"og:image\" content=\"https:\/\/www.gamaprofessional.com\/wp-content\/uploads\/2024\/11\/PIASTRA-INNOVA-STEAM.png\" \/>\n\t<meta property=\"og:image:width\" content=\"1080\" \/>\n\t<meta property=\"og:image:height\" content=\"1080\" \/>\n\t<meta property=\"og:image:type\" content=\"image\/png\" \/>\n<meta name=\"twitter:card\" content=\"summary_large_image\" \/>\n<meta name=\"twitter:label1\" content=\"Dur\u00e9e de lecture estim\u00e9e\" \/>\n\t<meta name=\"twitter:data1\" content=\"1 minute\" \/>\n<script type=\"application\/ld+json\" class=\"yoast-schema-graph\">{\"@context\":\"https:\\\/\\\/schema.org\",\"@graph\":[{\"@type\":\"WebPage\",\"@id\":\"https:\\\/\\\/www.gamaprofessional.com\\\/fr\\\/prodotto\\\/piastra-innova-steam\\\/\",\"url\":\"https:\\\/\\\/www.gamaprofessional.com\\\/fr\\\/prodotto\\\/piastra-innova-steam\\\/\",\"name\":\"FER \u00c0 LISSER INNOVA STEAM - Gama Professional\",\"isPartOf\":{\"@id\":\"https:\\\/\\\/www.gamaprofessional.com\\\/fr\\\/#website\"},\"primaryImageOfPage\":{\"@id\":\"https:\\\/\\\/www.gamaprofessional.com\\\/fr\\\/prodotto\\\/piastra-innova-steam\\\/#primaryimage\"},\"image\":{\"@id\":\"https:\\\/\\\/www.gamaprofessional.com\\\/fr\\\/prodotto\\\/piastra-innova-steam\\\/#primaryimage\"},\"thumbnailUrl\":\"https:\\\/\\\/www.gamaprofessional.com\\\/wp-content\\\/uploads\\\/2024\\\/11\\\/PIASTRA-INNOVA-STEAM.png\",\"datePublished\":\"2024-11-08T15:18:56+00:00\",\"dateModified\":\"2026-01-22T00:42:24+00:00\",\"description\":\"Innova Steam est un lisseur vapeur qui assure des cheveux soyeux, parfaitement lisses et hydrat\u00e9s.\",\"breadcrumb\":{\"@id\":\"https:\\\/\\\/www.gamaprofessional.com\\\/fr\\\/prodotto\\\/piastra-innova-steam\\\/#breadcrumb\"},\"inLanguage\":\"fr-FR\",\"potentialAction\":[{\"@type\":\"ReadAction\",\"target\":[\"https:\\\/\\\/www.gamaprofessional.com\\\/fr\\\/prodotto\\\/piastra-innova-steam\\\/\"]}]},{\"@type\":\"ImageObject\",\"inLanguage\":\"fr-FR\",\"@id\":\"https:\\\/\\\/www.gamaprofessional.com\\\/fr\\\/prodotto\\\/piastra-innova-steam\\\/#primaryimage\",\"url\":\"https:\\\/\\\/www.gamaprofessional.com\\\/wp-content\\\/uploads\\\/2024\\\/11\\\/PIASTRA-INNOVA-STEAM.png\",\"contentUrl\":\"https:\\\/\\\/www.gamaprofessional.com\\\/wp-content\\\/uploads\\\/2024\\\/11\\\/PIASTRA-INNOVA-STEAM.png\",\"width\":1080,\"height\":1080,\"caption\":\"PIASTRA INNOVA STEAM\"},{\"@type\":\"BreadcrumbList\",\"@id\":\"https:\\\/\\\/www.gamaprofessional.com\\\/fr\\\/prodotto\\\/piastra-innova-steam\\\/#breadcrumb\",\"itemListElement\":[{\"@type\":\"ListItem\",\"position\":1,\"name\":\"Home\",\"item\":\"https:\\\/\\\/www.gamaprofessional.com\\\/fr\\\/page-daccueil\\\/\"},{\"@type\":\"ListItem\",\"position\":2,\"name\":\"Boutique\",\"item\":\"https:\\\/\\\/www.gamaprofessional.com\\\/shop\\\/\"},{\"@type\":\"ListItem\",\"position\":3,\"name\":\"Haircare\",\"item\":\"https:\\\/\\\/www.gamaprofessional.com\\\/fr\\\/categoria-prodotto\\\/haircare-fr\\\/\"},{\"@type\":\"ListItem\",\"position\":4,\"name\":\"Fer \u00e0 Lisser\",\"item\":\"https:\\\/\\\/www.gamaprofessional.com\\\/fr\\\/categoria-prodotto\\\/haircare-fr\\\/fer-a-lisser\\\/\"},{\"@type\":\"ListItem\",\"position\":5,\"name\":\"FER \u00c0 LISSER INNOVA STEAM\"}]},{\"@type\":\"WebSite\",\"@id\":\"https:\\\/\\\/www.gamaprofessional.com\\\/fr\\\/#website\",\"url\":\"https:\\\/\\\/www.gamaprofessional.com\\\/fr\\\/\",\"name\":\"Gama Professional\",\"description\":\"\",\"potentialAction\":[{\"@type\":\"SearchAction\",\"target\":{\"@type\":\"EntryPoint\",\"urlTemplate\":\"https:\\\/\\\/www.gamaprofessional.com\\\/fr\\\/?s={search_term_string}\"},\"query-input\":{\"@type\":\"PropertyValueSpecification\",\"valueRequired\":true,\"valueName\":\"search_term_string\"}}],\"inLanguage\":\"fr-FR\"}]}<\/script>\n<!-- \/ Yoast SEO plugin. -->","yoast_head_json":{"title":"FER \u00c0 LISSER INNOVA STEAM - Gama Professional","description":"Innova Steam est un lisseur vapeur qui assure des cheveux soyeux, parfaitement lisses et hydrat\u00e9s.","robots":{"index":"index","follow":"follow","max-snippet":"max-snippet:-1","max-image-preview":"max-image-preview:large","max-video-preview":"max-video-preview:-1"},"canonical":"https:\/\/www.gamaprofessional.com\/fr\/prodotto\/piastra-innova-steam\/","og_locale":"fr_FR","og_type":"article","og_title":"FER \u00c0 LISSER INNOVA STEAM - Gama Professional","og_description":"Innova Steam est un lisseur vapeur qui assure des cheveux soyeux, parfaitement lisses et hydrat\u00e9s.","og_url":"https:\/\/www.gamaprofessional.com\/fr\/prodotto\/piastra-innova-steam\/","og_site_name":"Gama Professional","article_modified_time":"2026-01-22T00:42:24+00:00","og_image":[{"width":1080,"height":1080,"url":"https:\/\/www.gamaprofessional.com\/wp-content\/uploads\/2024\/11\/PIASTRA-INNOVA-STEAM.png","type":"image\/png"}],"twitter_card":"summary_large_image","twitter_misc":{"Dur\u00e9e de lecture estim\u00e9e":"1 minute"},"schema":{"@context":"https:\/\/schema.org","@graph":[{"@type":"WebPage","@id":"https:\/\/www.gamaprofessional.com\/fr\/prodotto\/piastra-innova-steam\/","url":"https:\/\/www.gamaprofessional.com\/fr\/prodotto\/piastra-innova-steam\/","name":"FER \u00c0 LISSER INNOVA STEAM - Gama Professional","isPartOf":{"@id":"https:\/\/www.gamaprofessional.com\/fr\/#website"},"primaryImageOfPage":{"@id":"https:\/\/www.gamaprofessional.com\/fr\/prodotto\/piastra-innova-steam\/#primaryimage"},"image":{"@id":"https:\/\/www.gamaprofessional.com\/fr\/prodotto\/piastra-innova-steam\/#primaryimage"},"thumbnailUrl":"https:\/\/www.gamaprofessional.com\/wp-content\/uploads\/2024\/11\/PIASTRA-INNOVA-STEAM.png","datePublished":"2024-11-08T15:18:56+00:00","dateModified":"2026-01-22T00:42:24+00:00","description":"Innova Steam est un lisseur vapeur qui assure des cheveux soyeux, parfaitement lisses et hydrat\u00e9s.","breadcrumb":{"@id":"https:\/\/www.gamaprofessional.com\/fr\/prodotto\/piastra-innova-steam\/#breadcrumb"},"inLanguage":"fr-FR","potentialAction":[{"@type":"ReadAction","target":["https:\/\/www.gamaprofessional.com\/fr\/prodotto\/piastra-innova-steam\/"]}]},{"@type":"ImageObject","inLanguage":"fr-FR","@id":"https:\/\/www.gamaprofessional.com\/fr\/prodotto\/piastra-innova-steam\/#primaryimage","url":"https:\/\/www.gamaprofessional.com\/wp-content\/uploads\/2024\/11\/PIASTRA-INNOVA-STEAM.png","contentUrl":"https:\/\/www.gamaprofessional.com\/wp-content\/uploads\/2024\/11\/PIASTRA-INNOVA-STEAM.png","width":1080,"height":1080,"caption":"PIASTRA INNOVA STEAM"},{"@type":"BreadcrumbList","@id":"https:\/\/www.gamaprofessional.com\/fr\/prodotto\/piastra-innova-steam\/#breadcrumb","itemListElement":[{"@type":"ListItem","position":1,"name":"Home","item":"https:\/\/www.gamaprofessional.com\/fr\/page-daccueil\/"},{"@type":"ListItem","position":2,"name":"Boutique","item":"https:\/\/www.gamaprofessional.com\/shop\/"},{"@type":"ListItem","position":3,"name":"Haircare","item":"https:\/\/www.gamaprofessional.com\/fr\/categoria-prodotto\/haircare-fr\/"},{"@type":"ListItem","position":4,"name":"Fer \u00e0 Lisser","item":"https:\/\/www.gamaprofessional.com\/fr\/categoria-prodotto\/haircare-fr\/fer-a-lisser\/"},{"@type":"ListItem","position":5,"name":"FER \u00c0 LISSER INNOVA STEAM"}]},{"@type":"WebSite","@id":"https:\/\/www.gamaprofessional.com\/fr\/#website","url":"https:\/\/www.gamaprofessional.com\/fr\/","name":"Gama Professional","description":"","potentialAction":[{"@type":"SearchAction","target":{"@type":"EntryPoint","urlTemplate":"https:\/\/www.gamaprofessional.com\/fr\/?s={search_term_string}"},"query-input":{"@type":"PropertyValueSpecification","valueRequired":true,"valueName":"search_term_string"}}],"inLanguage":"fr-FR"}]}},"_links":{"self":[{"href":"https:\/\/www.gamaprofessional.com\/fr\/wp-json\/wp\/v2\/product\/1597","targetHints":{"allow":["GET"]}}],"collection":[{"href":"https:\/\/www.gamaprofessional.com\/fr\/wp-json\/wp\/v2\/product"}],"about":[{"href":"https:\/\/www.gamaprofessional.com\/fr\/wp-json\/wp\/v2\/types\/product"}],"wp:featuredmedia":[{"embeddable":true,"href":"https:\/\/www.gamaprofessional.com\/fr\/wp-json\/wp\/v2\/media\/1594"}],"wp:attachment":[{"href":"https:\/\/www.gamaprofessional.com\/fr\/wp-json\/wp\/v2\/media?parent=1597"}],"wp:term":[{"taxonomy":"product_brand","embeddable":true,"href":"https:\/\/www.gamaprofessional.com\/fr\/wp-json\/wp\/v2\/product_brand?post=1597"},{"taxonomy":"product_cat","embeddable":true,"href":"https:\/\/www.gamaprofessional.com\/fr\/wp-json\/wp\/v2\/product_cat?post=1597"},{"taxonomy":"product_tag","embeddable":true,"href":"https:\/\/www.gamaprofessional.com\/fr\/wp-json\/wp\/v2\/product_tag?post=1597"}],"curies":[{"name":"wp","href":"https:\/\/api.w.org\/{rel}","templated":true}]}}