{"id":1610,"date":"2024-11-08T16:45:39","date_gmt":"2024-11-08T15:45:39","guid":{"rendered":"https:\/\/www.gamaprofessional.com\/?post_type=product&#038;p=1610"},"modified":"2026-03-04T10:04:15","modified_gmt":"2026-03-04T09:04:15","slug":"piastra-keration-x-wide-digital","status":"publish","type":"product","link":"https:\/\/www.gamaprofessional.com\/fr\/prodotto\/piastra-keration-x-wide-digital\/","title":{"rendered":"FER \u00c0 LISSER KERATION X-WIDE DIGITAL"},"content":{"rendered":"<p>Le fer \u00e0 lisser <strong>X-Wide Digital Keration<\/strong> est \u00e9quip\u00e9e de la <strong>technologie innovante Micro Glitt.<\/strong> Avec l\u2019utilisation de produits chimiques ou en raison de proc\u00e9d\u00e9s m\u00e9caniques, les cheveux deviennent sensibles, cassants et manquent de brillance. <\/p>\n<p>La technologie Micro Glitt, un mat\u00e9riau qui recouvre les plaques lissantes, a \u00e9t\u00e9 cr\u00e9\u00e9e pour <strong>prot\u00e9ger la k\u00e9ratine naturelle des cheveux<\/strong> et am\u00e9liore \u00e9galement la texture et la douceur des cheveux qui semblent beaucoup plus lisses et plus forts. Le fer \u00e0 lisser X-Wide Digital Keration permet de r\u00e9gler la temp\u00e9rature entre 150\u00b0 et 230\u00b0 gr\u00e2ce \u00e0 son affichage num\u00e9rique, s\u2019adaptant ainsi \u00e0 tout type de cheveux. <\/p>\n<p>Les plaques lissantes oscillantes extra larges de 40\u00d7100 mm permettent de <strong>lisser facilement les m\u00e8ches volumineuses.<\/strong> <\/p>\n","protected":false},"excerpt":{"rendered":"<p>La s\u00e9curit\u00e9 du fer \u00e0 lisser est garantie par le syst\u00e8me d\u2019extinction automatique. <\/p>\n","protected":false},"featured_media":1603,"template":"","meta":{"_acf_changed":false},"product_brand":[],"product_cat":[441],"product_tag":[],"class_list":{"0":"post-1610","1":"product","2":"type-product","3":"status-publish","4":"has-post-thumbnail","6":"product_cat-fer-a-lisser","8":"first","9":"instock","10":"taxable","11":"shipping-taxable","12":"purchasable","13":"product-type-simple"},"acf":[],"yoast_head":"<!-- This site is optimized with the Yoast SEO plugin v27.5 - https:\/\/yoast.com\/product\/yoast-seo-wordpress\/ -->\n<title>FER \u00c0 LISSER KERATION X-WIDE DIGITAL - Gama Professional<\/title>\n<meta name=\"description\" content=\"Le lisseur X-Wide Digital Keration est id\u00e9al pour les cheveux longs et volumineux. Le fer \u00e0 lisser X-Wide Digital Keration est \u00e9quip\u00e9e de la technologie innovante Micro Glitt.\" \/>\n<meta name=\"robots\" content=\"index, follow, max-snippet:-1, max-image-preview:large, max-video-preview:-1\" \/>\n<link rel=\"canonical\" href=\"https:\/\/www.gamaprofessional.com\/fr\/prodotto\/piastra-keration-x-wide-digital\/\" \/>\n<meta property=\"og:locale\" content=\"fr_FR\" \/>\n<meta property=\"og:type\" content=\"article\" \/>\n<meta property=\"og:title\" content=\"FER \u00c0 LISSER KERATION X-WIDE DIGITAL - Gama Professional\" \/>\n<meta property=\"og:description\" content=\"Le lisseur X-Wide Digital Keration est id\u00e9al pour les cheveux longs et volumineux. Le fer \u00e0 lisser X-Wide Digital Keration est \u00e9quip\u00e9e de la technologie innovante Micro Glitt.\" \/>\n<meta property=\"og:url\" content=\"https:\/\/www.gamaprofessional.com\/fr\/prodotto\/piastra-keration-x-wide-digital\/\" \/>\n<meta property=\"og:site_name\" content=\"Gama Professional\" \/>\n<meta property=\"article:modified_time\" content=\"2026-03-04T09:04:15+00:00\" \/>\n<meta property=\"og:image\" content=\"https:\/\/www.gamaprofessional.com\/wp-content\/uploads\/2024\/11\/KERATION-X-WIDE-DIGITAL-1.png\" \/>\n\t<meta property=\"og:image:width\" content=\"1080\" \/>\n\t<meta property=\"og:image:height\" content=\"1080\" \/>\n\t<meta property=\"og:image:type\" content=\"image\/png\" \/>\n<meta name=\"twitter:card\" content=\"summary_large_image\" \/>\n<meta name=\"twitter:label1\" content=\"Dur\u00e9e de lecture estim\u00e9e\" \/>\n\t<meta name=\"twitter:data1\" content=\"1 minute\" \/>\n<script type=\"application\/ld+json\" class=\"yoast-schema-graph\">{\"@context\":\"https:\\\/\\\/schema.org\",\"@graph\":[{\"@type\":\"WebPage\",\"@id\":\"https:\\\/\\\/www.gamaprofessional.com\\\/fr\\\/prodotto\\\/piastra-keration-x-wide-digital\\\/\",\"url\":\"https:\\\/\\\/www.gamaprofessional.com\\\/fr\\\/prodotto\\\/piastra-keration-x-wide-digital\\\/\",\"name\":\"FER \u00c0 LISSER KERATION X-WIDE DIGITAL - Gama Professional\",\"isPartOf\":{\"@id\":\"https:\\\/\\\/www.gamaprofessional.com\\\/fr\\\/#website\"},\"primaryImageOfPage\":{\"@id\":\"https:\\\/\\\/www.gamaprofessional.com\\\/fr\\\/prodotto\\\/piastra-keration-x-wide-digital\\\/#primaryimage\"},\"image\":{\"@id\":\"https:\\\/\\\/www.gamaprofessional.com\\\/fr\\\/prodotto\\\/piastra-keration-x-wide-digital\\\/#primaryimage\"},\"thumbnailUrl\":\"https:\\\/\\\/www.gamaprofessional.com\\\/wp-content\\\/uploads\\\/2024\\\/11\\\/KERATION-X-WIDE-DIGITAL-1.png\",\"datePublished\":\"2024-11-08T15:45:39+00:00\",\"dateModified\":\"2026-03-04T09:04:15+00:00\",\"description\":\"Le lisseur X-Wide Digital Keration est id\u00e9al pour les cheveux longs et volumineux. Le fer \u00e0 lisser X-Wide Digital Keration est \u00e9quip\u00e9e de la technologie innovante Micro Glitt.\",\"breadcrumb\":{\"@id\":\"https:\\\/\\\/www.gamaprofessional.com\\\/fr\\\/prodotto\\\/piastra-keration-x-wide-digital\\\/#breadcrumb\"},\"inLanguage\":\"fr-FR\",\"potentialAction\":[{\"@type\":\"ReadAction\",\"target\":[\"https:\\\/\\\/www.gamaprofessional.com\\\/fr\\\/prodotto\\\/piastra-keration-x-wide-digital\\\/\"]}]},{\"@type\":\"ImageObject\",\"inLanguage\":\"fr-FR\",\"@id\":\"https:\\\/\\\/www.gamaprofessional.com\\\/fr\\\/prodotto\\\/piastra-keration-x-wide-digital\\\/#primaryimage\",\"url\":\"https:\\\/\\\/www.gamaprofessional.com\\\/wp-content\\\/uploads\\\/2024\\\/11\\\/KERATION-X-WIDE-DIGITAL-1.png\",\"contentUrl\":\"https:\\\/\\\/www.gamaprofessional.com\\\/wp-content\\\/uploads\\\/2024\\\/11\\\/KERATION-X-WIDE-DIGITAL-1.png\",\"width\":1080,\"height\":1080,\"caption\":\"KERATION X-WIDE DIGITAL\"},{\"@type\":\"BreadcrumbList\",\"@id\":\"https:\\\/\\\/www.gamaprofessional.com\\\/fr\\\/prodotto\\\/piastra-keration-x-wide-digital\\\/#breadcrumb\",\"itemListElement\":[{\"@type\":\"ListItem\",\"position\":1,\"name\":\"Home\",\"item\":\"https:\\\/\\\/www.gamaprofessional.com\\\/fr\\\/page-daccueil\\\/\"},{\"@type\":\"ListItem\",\"position\":2,\"name\":\"Boutique\",\"item\":\"https:\\\/\\\/www.gamaprofessional.com\\\/shop\\\/\"},{\"@type\":\"ListItem\",\"position\":3,\"name\":\"Haircare\",\"item\":\"https:\\\/\\\/www.gamaprofessional.com\\\/fr\\\/categoria-prodotto\\\/haircare-fr\\\/\"},{\"@type\":\"ListItem\",\"position\":4,\"name\":\"Fer \u00e0 Lisser\",\"item\":\"https:\\\/\\\/www.gamaprofessional.com\\\/fr\\\/categoria-prodotto\\\/haircare-fr\\\/fer-a-lisser\\\/\"},{\"@type\":\"ListItem\",\"position\":5,\"name\":\"FER \u00c0 LISSER KERATION X-WIDE DIGITAL\"}]},{\"@type\":\"WebSite\",\"@id\":\"https:\\\/\\\/www.gamaprofessional.com\\\/fr\\\/#website\",\"url\":\"https:\\\/\\\/www.gamaprofessional.com\\\/fr\\\/\",\"name\":\"Gama Professional\",\"description\":\"\",\"potentialAction\":[{\"@type\":\"SearchAction\",\"target\":{\"@type\":\"EntryPoint\",\"urlTemplate\":\"https:\\\/\\\/www.gamaprofessional.com\\\/fr\\\/?s={search_term_string}\"},\"query-input\":{\"@type\":\"PropertyValueSpecification\",\"valueRequired\":true,\"valueName\":\"search_term_string\"}}],\"inLanguage\":\"fr-FR\"}]}<\/script>\n<!-- \/ Yoast SEO plugin. -->","yoast_head_json":{"title":"FER \u00c0 LISSER KERATION X-WIDE DIGITAL - Gama Professional","description":"Le lisseur X-Wide Digital Keration est id\u00e9al pour les cheveux longs et volumineux. Le fer \u00e0 lisser X-Wide Digital Keration est \u00e9quip\u00e9e de la technologie innovante Micro Glitt.","robots":{"index":"index","follow":"follow","max-snippet":"max-snippet:-1","max-image-preview":"max-image-preview:large","max-video-preview":"max-video-preview:-1"},"canonical":"https:\/\/www.gamaprofessional.com\/fr\/prodotto\/piastra-keration-x-wide-digital\/","og_locale":"fr_FR","og_type":"article","og_title":"FER \u00c0 LISSER KERATION X-WIDE DIGITAL - Gama Professional","og_description":"Le lisseur X-Wide Digital Keration est id\u00e9al pour les cheveux longs et volumineux. Le fer \u00e0 lisser X-Wide Digital Keration est \u00e9quip\u00e9e de la technologie innovante Micro Glitt.","og_url":"https:\/\/www.gamaprofessional.com\/fr\/prodotto\/piastra-keration-x-wide-digital\/","og_site_name":"Gama Professional","article_modified_time":"2026-03-04T09:04:15+00:00","og_image":[{"width":1080,"height":1080,"url":"https:\/\/www.gamaprofessional.com\/wp-content\/uploads\/2024\/11\/KERATION-X-WIDE-DIGITAL-1.png","type":"image\/png"}],"twitter_card":"summary_large_image","twitter_misc":{"Dur\u00e9e de lecture estim\u00e9e":"1 minute"},"schema":{"@context":"https:\/\/schema.org","@graph":[{"@type":"WebPage","@id":"https:\/\/www.gamaprofessional.com\/fr\/prodotto\/piastra-keration-x-wide-digital\/","url":"https:\/\/www.gamaprofessional.com\/fr\/prodotto\/piastra-keration-x-wide-digital\/","name":"FER \u00c0 LISSER KERATION X-WIDE DIGITAL - Gama Professional","isPartOf":{"@id":"https:\/\/www.gamaprofessional.com\/fr\/#website"},"primaryImageOfPage":{"@id":"https:\/\/www.gamaprofessional.com\/fr\/prodotto\/piastra-keration-x-wide-digital\/#primaryimage"},"image":{"@id":"https:\/\/www.gamaprofessional.com\/fr\/prodotto\/piastra-keration-x-wide-digital\/#primaryimage"},"thumbnailUrl":"https:\/\/www.gamaprofessional.com\/wp-content\/uploads\/2024\/11\/KERATION-X-WIDE-DIGITAL-1.png","datePublished":"2024-11-08T15:45:39+00:00","dateModified":"2026-03-04T09:04:15+00:00","description":"Le lisseur X-Wide Digital Keration est id\u00e9al pour les cheveux longs et volumineux. Le fer \u00e0 lisser X-Wide Digital Keration est \u00e9quip\u00e9e de la technologie innovante Micro Glitt.","breadcrumb":{"@id":"https:\/\/www.gamaprofessional.com\/fr\/prodotto\/piastra-keration-x-wide-digital\/#breadcrumb"},"inLanguage":"fr-FR","potentialAction":[{"@type":"ReadAction","target":["https:\/\/www.gamaprofessional.com\/fr\/prodotto\/piastra-keration-x-wide-digital\/"]}]},{"@type":"ImageObject","inLanguage":"fr-FR","@id":"https:\/\/www.gamaprofessional.com\/fr\/prodotto\/piastra-keration-x-wide-digital\/#primaryimage","url":"https:\/\/www.gamaprofessional.com\/wp-content\/uploads\/2024\/11\/KERATION-X-WIDE-DIGITAL-1.png","contentUrl":"https:\/\/www.gamaprofessional.com\/wp-content\/uploads\/2024\/11\/KERATION-X-WIDE-DIGITAL-1.png","width":1080,"height":1080,"caption":"KERATION X-WIDE DIGITAL"},{"@type":"BreadcrumbList","@id":"https:\/\/www.gamaprofessional.com\/fr\/prodotto\/piastra-keration-x-wide-digital\/#breadcrumb","itemListElement":[{"@type":"ListItem","position":1,"name":"Home","item":"https:\/\/www.gamaprofessional.com\/fr\/page-daccueil\/"},{"@type":"ListItem","position":2,"name":"Boutique","item":"https:\/\/www.gamaprofessional.com\/shop\/"},{"@type":"ListItem","position":3,"name":"Haircare","item":"https:\/\/www.gamaprofessional.com\/fr\/categoria-prodotto\/haircare-fr\/"},{"@type":"ListItem","position":4,"name":"Fer \u00e0 Lisser","item":"https:\/\/www.gamaprofessional.com\/fr\/categoria-prodotto\/haircare-fr\/fer-a-lisser\/"},{"@type":"ListItem","position":5,"name":"FER \u00c0 LISSER KERATION X-WIDE DIGITAL"}]},{"@type":"WebSite","@id":"https:\/\/www.gamaprofessional.com\/fr\/#website","url":"https:\/\/www.gamaprofessional.com\/fr\/","name":"Gama Professional","description":"","potentialAction":[{"@type":"SearchAction","target":{"@type":"EntryPoint","urlTemplate":"https:\/\/www.gamaprofessional.com\/fr\/?s={search_term_string}"},"query-input":{"@type":"PropertyValueSpecification","valueRequired":true,"valueName":"search_term_string"}}],"inLanguage":"fr-FR"}]}},"_links":{"self":[{"href":"https:\/\/www.gamaprofessional.com\/fr\/wp-json\/wp\/v2\/product\/1610","targetHints":{"allow":["GET"]}}],"collection":[{"href":"https:\/\/www.gamaprofessional.com\/fr\/wp-json\/wp\/v2\/product"}],"about":[{"href":"https:\/\/www.gamaprofessional.com\/fr\/wp-json\/wp\/v2\/types\/product"}],"wp:featuredmedia":[{"embeddable":true,"href":"https:\/\/www.gamaprofessional.com\/fr\/wp-json\/wp\/v2\/media\/1603"}],"wp:attachment":[{"href":"https:\/\/www.gamaprofessional.com\/fr\/wp-json\/wp\/v2\/media?parent=1610"}],"wp:term":[{"taxonomy":"product_brand","embeddable":true,"href":"https:\/\/www.gamaprofessional.com\/fr\/wp-json\/wp\/v2\/product_brand?post=1610"},{"taxonomy":"product_cat","embeddable":true,"href":"https:\/\/www.gamaprofessional.com\/fr\/wp-json\/wp\/v2\/product_cat?post=1610"},{"taxonomy":"product_tag","embeddable":true,"href":"https:\/\/www.gamaprofessional.com\/fr\/wp-json\/wp\/v2\/product_tag?post=1610"}],"curies":[{"name":"wp","href":"https:\/\/api.w.org\/{rel}","templated":true}]}}