{"id":1669,"date":"2024-11-19T11:53:34","date_gmt":"2024-11-19T10:53:34","guid":{"rendered":"https:\/\/www.gamaprofessional.com\/?post_type=product&#038;p=1669"},"modified":"2026-03-15T18:00:48","modified_gmt":"2026-03-15T17:00:48","slug":"piastra-absolute-touch","status":"publish","type":"product","link":"https:\/\/www.gamaprofessional.com\/fr\/prodotto\/piastra-absolute-touch\/","title":{"rendered":"FER \u00c0 LISSER GBS ABSOLUTE TOUCH"},"content":{"rendered":"<p><strong>ABSOLUTE TOUCH<\/strong> est la <strong>fer \u00e0 lisser aux dimensions r\u00e9duites<\/strong> et au poids de seulement 68 grammes, parfaite pour se consacrer aux derni\u00e8res retouches, obtenant ainsi une finition super \u00e0 la mode ! Le <strong>trafi-le en c\u00e9ramique<\/strong> permettent la r\u00e9alisation de coiffures lisses; en particulier en rangeant de petites m\u00e8ches, touffes ou franges, pour cheveux jamais hors de place. La plaque est \u00e9quip\u00e9e de la <g id=\"gid_3\">technologie Nano Silver<\/g> qui garantit une action antibact\u00e9rienne sur les fili\u00e8res. Gr\u00e2ce \u00e0 son \u00eatre si \u201c<strong>mini<\/strong>\u201d (taille du produit : 15,4 x 1,7 x 1,9 cm; taille des fili\u00e8res : 16 x 61 mm) et la gamme de tension <strong>110-240 V~<\/strong> est parfaite pour \u00eatre transport\u00e9e en voyage. La temp\u00e9rature toujours fixe \u00e0 210 degr\u00e9s C \u00e9vite le risque de modifier par erreur la gradation.    <\/p>\n","protected":false},"excerpt":{"rendered":"<p>Absolute Touch est la fer a lisser de dimensions r\u00e9duites et tr\u00e9fil\u00e9es en c\u00e9ramique, parfaite pour les retouches finales et ne jamais avoir de cheveux hors de place.<\/p>\n","protected":false},"featured_media":1666,"template":"","meta":{"_acf_changed":false},"product_brand":[],"product_cat":[441],"product_tag":[],"class_list":{"0":"post-1669","1":"product","2":"type-product","3":"status-publish","4":"has-post-thumbnail","6":"product_cat-fer-a-lisser","8":"first","9":"outofstock","10":"taxable","11":"shipping-taxable","12":"purchasable","13":"product-type-simple"},"acf":[],"yoast_head":"<!-- This site is optimized with the Yoast SEO plugin v27.5 - https:\/\/yoast.com\/product\/yoast-seo-wordpress\/ -->\n<title>FER \u00c0 LISSER GBS ABSOLUTE TOUCH - Gama Professional<\/title>\n<meta name=\"description\" content=\"Absolute Touch est la fer a lisser de dimensions r\u00e9duites et tr\u00e9fil\u00e9es en c\u00e9ramique, parfaite pour les retouches finales et ne jamais avoir de cheveux hors de place.\" \/>\n<meta name=\"robots\" content=\"index, follow, max-snippet:-1, max-image-preview:large, max-video-preview:-1\" \/>\n<link rel=\"canonical\" href=\"https:\/\/www.gamaprofessional.com\/fr\/prodotto\/piastra-absolute-touch\/\" \/>\n<meta property=\"og:locale\" content=\"fr_FR\" \/>\n<meta property=\"og:type\" content=\"article\" \/>\n<meta property=\"og:title\" content=\"FER \u00c0 LISSER GBS ABSOLUTE TOUCH - Gama Professional\" \/>\n<meta property=\"og:description\" content=\"Absolute Touch est la fer a lisser de dimensions r\u00e9duites et tr\u00e9fil\u00e9es en c\u00e9ramique, parfaite pour les retouches finales et ne jamais avoir de cheveux hors de place.\" \/>\n<meta property=\"og:url\" content=\"https:\/\/www.gamaprofessional.com\/fr\/prodotto\/piastra-absolute-touch\/\" \/>\n<meta property=\"og:site_name\" content=\"Gama Professional\" \/>\n<meta property=\"article:modified_time\" content=\"2026-03-15T17:00:48+00:00\" \/>\n<meta property=\"og:image\" content=\"https:\/\/www.gamaprofessional.com\/wp-content\/uploads\/2024\/11\/PIASTRA-GBS-ABSOLUTE-TOUCH.png\" \/>\n\t<meta property=\"og:image:width\" content=\"1080\" \/>\n\t<meta property=\"og:image:height\" content=\"1080\" \/>\n\t<meta property=\"og:image:type\" content=\"image\/png\" \/>\n<meta name=\"twitter:card\" content=\"summary_large_image\" \/>\n<meta name=\"twitter:label1\" content=\"Dur\u00e9e de lecture estim\u00e9e\" \/>\n\t<meta name=\"twitter:data1\" content=\"1 minute\" \/>\n<script type=\"application\/ld+json\" class=\"yoast-schema-graph\">{\"@context\":\"https:\\\/\\\/schema.org\",\"@graph\":[{\"@type\":\"WebPage\",\"@id\":\"https:\\\/\\\/www.gamaprofessional.com\\\/fr\\\/prodotto\\\/piastra-absolute-touch\\\/\",\"url\":\"https:\\\/\\\/www.gamaprofessional.com\\\/fr\\\/prodotto\\\/piastra-absolute-touch\\\/\",\"name\":\"FER \u00c0 LISSER GBS ABSOLUTE TOUCH - Gama Professional\",\"isPartOf\":{\"@id\":\"https:\\\/\\\/www.gamaprofessional.com\\\/fr\\\/#website\"},\"primaryImageOfPage\":{\"@id\":\"https:\\\/\\\/www.gamaprofessional.com\\\/fr\\\/prodotto\\\/piastra-absolute-touch\\\/#primaryimage\"},\"image\":{\"@id\":\"https:\\\/\\\/www.gamaprofessional.com\\\/fr\\\/prodotto\\\/piastra-absolute-touch\\\/#primaryimage\"},\"thumbnailUrl\":\"https:\\\/\\\/www.gamaprofessional.com\\\/wp-content\\\/uploads\\\/2024\\\/11\\\/PIASTRA-GBS-ABSOLUTE-TOUCH.png\",\"datePublished\":\"2024-11-19T10:53:34+00:00\",\"dateModified\":\"2026-03-15T17:00:48+00:00\",\"description\":\"Absolute Touch est la fer a lisser de dimensions r\u00e9duites et tr\u00e9fil\u00e9es en c\u00e9ramique, parfaite pour les retouches finales et ne jamais avoir de cheveux hors de place.\",\"breadcrumb\":{\"@id\":\"https:\\\/\\\/www.gamaprofessional.com\\\/fr\\\/prodotto\\\/piastra-absolute-touch\\\/#breadcrumb\"},\"inLanguage\":\"fr-FR\",\"potentialAction\":[{\"@type\":\"ReadAction\",\"target\":[\"https:\\\/\\\/www.gamaprofessional.com\\\/fr\\\/prodotto\\\/piastra-absolute-touch\\\/\"]}]},{\"@type\":\"ImageObject\",\"inLanguage\":\"fr-FR\",\"@id\":\"https:\\\/\\\/www.gamaprofessional.com\\\/fr\\\/prodotto\\\/piastra-absolute-touch\\\/#primaryimage\",\"url\":\"https:\\\/\\\/www.gamaprofessional.com\\\/wp-content\\\/uploads\\\/2024\\\/11\\\/PIASTRA-GBS-ABSOLUTE-TOUCH.png\",\"contentUrl\":\"https:\\\/\\\/www.gamaprofessional.com\\\/wp-content\\\/uploads\\\/2024\\\/11\\\/PIASTRA-GBS-ABSOLUTE-TOUCH.png\",\"width\":1080,\"height\":1080,\"caption\":\"PIASTRA GBS ABSOLUTE TOUCH\"},{\"@type\":\"BreadcrumbList\",\"@id\":\"https:\\\/\\\/www.gamaprofessional.com\\\/fr\\\/prodotto\\\/piastra-absolute-touch\\\/#breadcrumb\",\"itemListElement\":[{\"@type\":\"ListItem\",\"position\":1,\"name\":\"Home\",\"item\":\"https:\\\/\\\/www.gamaprofessional.com\\\/fr\\\/page-daccueil\\\/\"},{\"@type\":\"ListItem\",\"position\":2,\"name\":\"Boutique\",\"item\":\"https:\\\/\\\/www.gamaprofessional.com\\\/shop\\\/\"},{\"@type\":\"ListItem\",\"position\":3,\"name\":\"Haircare\",\"item\":\"https:\\\/\\\/www.gamaprofessional.com\\\/fr\\\/categoria-prodotto\\\/haircare-fr\\\/\"},{\"@type\":\"ListItem\",\"position\":4,\"name\":\"Fer \u00e0 Lisser\",\"item\":\"https:\\\/\\\/www.gamaprofessional.com\\\/fr\\\/categoria-prodotto\\\/haircare-fr\\\/fer-a-lisser\\\/\"},{\"@type\":\"ListItem\",\"position\":5,\"name\":\"FER \u00c0 LISSER GBS ABSOLUTE TOUCH\"}]},{\"@type\":\"WebSite\",\"@id\":\"https:\\\/\\\/www.gamaprofessional.com\\\/fr\\\/#website\",\"url\":\"https:\\\/\\\/www.gamaprofessional.com\\\/fr\\\/\",\"name\":\"Gama Professional\",\"description\":\"\",\"potentialAction\":[{\"@type\":\"SearchAction\",\"target\":{\"@type\":\"EntryPoint\",\"urlTemplate\":\"https:\\\/\\\/www.gamaprofessional.com\\\/fr\\\/?s={search_term_string}\"},\"query-input\":{\"@type\":\"PropertyValueSpecification\",\"valueRequired\":true,\"valueName\":\"search_term_string\"}}],\"inLanguage\":\"fr-FR\"}]}<\/script>\n<!-- \/ Yoast SEO plugin. -->","yoast_head_json":{"title":"FER \u00c0 LISSER GBS ABSOLUTE TOUCH - Gama Professional","description":"Absolute Touch est la fer a lisser de dimensions r\u00e9duites et tr\u00e9fil\u00e9es en c\u00e9ramique, parfaite pour les retouches finales et ne jamais avoir de cheveux hors de place.","robots":{"index":"index","follow":"follow","max-snippet":"max-snippet:-1","max-image-preview":"max-image-preview:large","max-video-preview":"max-video-preview:-1"},"canonical":"https:\/\/www.gamaprofessional.com\/fr\/prodotto\/piastra-absolute-touch\/","og_locale":"fr_FR","og_type":"article","og_title":"FER \u00c0 LISSER GBS ABSOLUTE TOUCH - Gama Professional","og_description":"Absolute Touch est la fer a lisser de dimensions r\u00e9duites et tr\u00e9fil\u00e9es en c\u00e9ramique, parfaite pour les retouches finales et ne jamais avoir de cheveux hors de place.","og_url":"https:\/\/www.gamaprofessional.com\/fr\/prodotto\/piastra-absolute-touch\/","og_site_name":"Gama Professional","article_modified_time":"2026-03-15T17:00:48+00:00","og_image":[{"width":1080,"height":1080,"url":"https:\/\/www.gamaprofessional.com\/wp-content\/uploads\/2024\/11\/PIASTRA-GBS-ABSOLUTE-TOUCH.png","type":"image\/png"}],"twitter_card":"summary_large_image","twitter_misc":{"Dur\u00e9e de lecture estim\u00e9e":"1 minute"},"schema":{"@context":"https:\/\/schema.org","@graph":[{"@type":"WebPage","@id":"https:\/\/www.gamaprofessional.com\/fr\/prodotto\/piastra-absolute-touch\/","url":"https:\/\/www.gamaprofessional.com\/fr\/prodotto\/piastra-absolute-touch\/","name":"FER \u00c0 LISSER GBS ABSOLUTE TOUCH - Gama Professional","isPartOf":{"@id":"https:\/\/www.gamaprofessional.com\/fr\/#website"},"primaryImageOfPage":{"@id":"https:\/\/www.gamaprofessional.com\/fr\/prodotto\/piastra-absolute-touch\/#primaryimage"},"image":{"@id":"https:\/\/www.gamaprofessional.com\/fr\/prodotto\/piastra-absolute-touch\/#primaryimage"},"thumbnailUrl":"https:\/\/www.gamaprofessional.com\/wp-content\/uploads\/2024\/11\/PIASTRA-GBS-ABSOLUTE-TOUCH.png","datePublished":"2024-11-19T10:53:34+00:00","dateModified":"2026-03-15T17:00:48+00:00","description":"Absolute Touch est la fer a lisser de dimensions r\u00e9duites et tr\u00e9fil\u00e9es en c\u00e9ramique, parfaite pour les retouches finales et ne jamais avoir de cheveux hors de place.","breadcrumb":{"@id":"https:\/\/www.gamaprofessional.com\/fr\/prodotto\/piastra-absolute-touch\/#breadcrumb"},"inLanguage":"fr-FR","potentialAction":[{"@type":"ReadAction","target":["https:\/\/www.gamaprofessional.com\/fr\/prodotto\/piastra-absolute-touch\/"]}]},{"@type":"ImageObject","inLanguage":"fr-FR","@id":"https:\/\/www.gamaprofessional.com\/fr\/prodotto\/piastra-absolute-touch\/#primaryimage","url":"https:\/\/www.gamaprofessional.com\/wp-content\/uploads\/2024\/11\/PIASTRA-GBS-ABSOLUTE-TOUCH.png","contentUrl":"https:\/\/www.gamaprofessional.com\/wp-content\/uploads\/2024\/11\/PIASTRA-GBS-ABSOLUTE-TOUCH.png","width":1080,"height":1080,"caption":"PIASTRA GBS ABSOLUTE TOUCH"},{"@type":"BreadcrumbList","@id":"https:\/\/www.gamaprofessional.com\/fr\/prodotto\/piastra-absolute-touch\/#breadcrumb","itemListElement":[{"@type":"ListItem","position":1,"name":"Home","item":"https:\/\/www.gamaprofessional.com\/fr\/page-daccueil\/"},{"@type":"ListItem","position":2,"name":"Boutique","item":"https:\/\/www.gamaprofessional.com\/shop\/"},{"@type":"ListItem","position":3,"name":"Haircare","item":"https:\/\/www.gamaprofessional.com\/fr\/categoria-prodotto\/haircare-fr\/"},{"@type":"ListItem","position":4,"name":"Fer \u00e0 Lisser","item":"https:\/\/www.gamaprofessional.com\/fr\/categoria-prodotto\/haircare-fr\/fer-a-lisser\/"},{"@type":"ListItem","position":5,"name":"FER \u00c0 LISSER GBS ABSOLUTE TOUCH"}]},{"@type":"WebSite","@id":"https:\/\/www.gamaprofessional.com\/fr\/#website","url":"https:\/\/www.gamaprofessional.com\/fr\/","name":"Gama Professional","description":"","potentialAction":[{"@type":"SearchAction","target":{"@type":"EntryPoint","urlTemplate":"https:\/\/www.gamaprofessional.com\/fr\/?s={search_term_string}"},"query-input":{"@type":"PropertyValueSpecification","valueRequired":true,"valueName":"search_term_string"}}],"inLanguage":"fr-FR"}]}},"_links":{"self":[{"href":"https:\/\/www.gamaprofessional.com\/fr\/wp-json\/wp\/v2\/product\/1669","targetHints":{"allow":["GET"]}}],"collection":[{"href":"https:\/\/www.gamaprofessional.com\/fr\/wp-json\/wp\/v2\/product"}],"about":[{"href":"https:\/\/www.gamaprofessional.com\/fr\/wp-json\/wp\/v2\/types\/product"}],"wp:featuredmedia":[{"embeddable":true,"href":"https:\/\/www.gamaprofessional.com\/fr\/wp-json\/wp\/v2\/media\/1666"}],"wp:attachment":[{"href":"https:\/\/www.gamaprofessional.com\/fr\/wp-json\/wp\/v2\/media?parent=1669"}],"wp:term":[{"taxonomy":"product_brand","embeddable":true,"href":"https:\/\/www.gamaprofessional.com\/fr\/wp-json\/wp\/v2\/product_brand?post=1669"},{"taxonomy":"product_cat","embeddable":true,"href":"https:\/\/www.gamaprofessional.com\/fr\/wp-json\/wp\/v2\/product_cat?post=1669"},{"taxonomy":"product_tag","embeddable":true,"href":"https:\/\/www.gamaprofessional.com\/fr\/wp-json\/wp\/v2\/product_tag?post=1669"}],"curies":[{"name":"wp","href":"https:\/\/api.w.org\/{rel}","templated":true}]}}