{"id":1681,"date":"2024-11-19T12:17:16","date_gmt":"2024-11-19T11:17:16","guid":{"rendered":"https:\/\/www.gamaprofessional.com\/?post_type=product&#038;p=1681"},"modified":"2026-01-06T15:54:16","modified_gmt":"2026-01-06T14:54:16","slug":"piastra-g-style-oxy-active-iht","status":"publish","type":"product","link":"https:\/\/www.gamaprofessional.com\/fr\/prodotto\/piastra-g-style-oxy-active-iht\/","title":{"rendered":"FER \u00c0 LISSER G-STYLE OXY-ACTIVE IHT"},"content":{"rendered":"<p>L<strong>elisseur G-Style<\/strong> est \u00e9quip\u00e9 de la <strong>technologie innovante Oxy-Activequipermet<\/strong> d\u2019obtenir l\u2019<strong>effet Color Lock<\/strong>, c\u2019est-\u00e0-dire une dur\u00e9e plus longue des couleurs et l\u2019am\u00e9lioration de la brillance des cheveux gr\u00e2ce \u00e0 l\u2019action de l\u2019oxyg\u00e8ne actif qui nettoie en profondeur le cuir chevelu. Les ions reconstruisent la surface externe des cheveux, \u00e9liminent les frisottis et rendent les cheveux plus doux et plus sains. Une fois allum\u00e9, le lisseur atteint <strong>la temp\u00e9rature souhait\u00e9e en quelques secondes seulement<\/strong>. La <strong>technologie IHT<\/strong> permet une <strong>parfaite adaptation en une seule \u00e9tape<\/strong>, assurant une position de la petite chapelle \u00e0 la chaleur, gr\u00e2ce au chauffage homog\u00e8ne et constant des matrices et du grand et grand perroquet de 33 mm x 110 mm. Le lisseur est \u00e9quip\u00e9 de la <strong>technologie Nano Silver<\/strong> qui garantit une action antibact\u00e9rienne sur les dies. Les plaques du fer \u00e0 lisser sont recouvertes de <strong>Silk Chrome<\/strong> pour un glissement tr\u00e8s facile et garantissent imm\u00e9diatement d\u2019excellents r\u00e9sultats lors du coiffage, tout en \u00e9vitant un stress thermique inutile sur les cheveux. Le lisseur est \u00e9galement \u00e9quip\u00e9 d\u2019une <strong>poign\u00e9e antid\u00e9rapante<\/strong> pour assurer une prise en main plus s\u00fbre, tandis que la plage de tension du lisseur est de <strong>220-240 V~<\/strong>. Les ions reconstruisent la surface externe des cheveux, \u00e9liminent les frisottis et rendent les cheveux plus doux et plus sains. Une fois allum\u00e9, le lisseur atteint latemp\u00e9rature souhait\u00e9e en quelques secondes seulement. La La technologie IHT permet une parfaite adaptation en une seule \u00e9tape, assurant une position de la petite chapelle \u00e0 la chaleur, gr\u00e2ce au chauffage homog\u00e8ne et constant des matrices et du grand et grand perroquet de 33 mm x 110 mm.     <\/p>\n","protected":false},"excerpt":{"rendered":"<p>Le lisseur G-Style Oxy Active IHT permet d\u2019obtenir un lissage parfait en un seul passage. De plus, il am\u00e9liore la brillance des cheveux et \u00e9limine les frisottis. De plus, il am\u00e9liore la brillance des cheveux et \u00e9limine les frisottis. <\/p>\n","protected":false},"featured_media":1678,"template":"","meta":{"_acf_changed":false},"product_brand":[],"product_cat":[441],"product_tag":[],"class_list":{"0":"post-1681","1":"product","2":"type-product","3":"status-publish","4":"has-post-thumbnail","6":"product_cat-fer-a-lisser","8":"first","9":"instock","10":"taxable","11":"shipping-taxable","12":"purchasable","13":"product-type-simple"},"acf":[],"yoast_head":"<!-- This site is optimized with the Yoast SEO plugin v27.5 - https:\/\/yoast.com\/product\/yoast-seo-wordpress\/ -->\n<title>FER \u00c0 LISSER G-STYLE OXY-ACTIVE IHT - Gama Professional<\/title>\n<meta name=\"description\" content=\"Le lisseur G-Style Oxy Active IHT permet d&#039;obtenir une douceur parfaite en un seul passage et am\u00e9liore la brillance des cheveux en \u00e9liminant les frisottis.\" \/>\n<meta name=\"robots\" content=\"index, follow, max-snippet:-1, max-image-preview:large, max-video-preview:-1\" \/>\n<link rel=\"canonical\" href=\"https:\/\/www.gamaprofessional.com\/fr\/prodotto\/piastra-g-style-oxy-active-iht\/\" \/>\n<meta property=\"og:locale\" content=\"fr_FR\" \/>\n<meta property=\"og:type\" content=\"article\" \/>\n<meta property=\"og:title\" content=\"FER \u00c0 LISSER G-STYLE OXY-ACTIVE IHT - Gama Professional\" \/>\n<meta property=\"og:description\" content=\"Le lisseur G-Style Oxy Active IHT permet d&#039;obtenir une douceur parfaite en un seul passage et am\u00e9liore la brillance des cheveux en \u00e9liminant les frisottis.\" \/>\n<meta property=\"og:url\" content=\"https:\/\/www.gamaprofessional.com\/fr\/prodotto\/piastra-g-style-oxy-active-iht\/\" \/>\n<meta property=\"og:site_name\" content=\"Gama Professional\" \/>\n<meta property=\"article:modified_time\" content=\"2026-01-06T14:54:16+00:00\" \/>\n<meta property=\"og:image\" content=\"https:\/\/www.gamaprofessional.com\/wp-content\/uploads\/2024\/11\/G-STYLE-OXY-ACTIVE-IHT.png\" \/>\n\t<meta property=\"og:image:width\" content=\"1080\" \/>\n\t<meta property=\"og:image:height\" content=\"1080\" \/>\n\t<meta property=\"og:image:type\" content=\"image\/png\" \/>\n<meta name=\"twitter:card\" content=\"summary_large_image\" \/>\n<meta name=\"twitter:label1\" content=\"Dur\u00e9e de lecture estim\u00e9e\" \/>\n\t<meta name=\"twitter:data1\" content=\"2 minutes\" \/>\n<script type=\"application\/ld+json\" class=\"yoast-schema-graph\">{\"@context\":\"https:\\\/\\\/schema.org\",\"@graph\":[{\"@type\":\"WebPage\",\"@id\":\"https:\\\/\\\/www.gamaprofessional.com\\\/fr\\\/prodotto\\\/piastra-g-style-oxy-active-iht\\\/\",\"url\":\"https:\\\/\\\/www.gamaprofessional.com\\\/fr\\\/prodotto\\\/piastra-g-style-oxy-active-iht\\\/\",\"name\":\"FER \u00c0 LISSER G-STYLE OXY-ACTIVE IHT - Gama Professional\",\"isPartOf\":{\"@id\":\"https:\\\/\\\/www.gamaprofessional.com\\\/fr\\\/#website\"},\"primaryImageOfPage\":{\"@id\":\"https:\\\/\\\/www.gamaprofessional.com\\\/fr\\\/prodotto\\\/piastra-g-style-oxy-active-iht\\\/#primaryimage\"},\"image\":{\"@id\":\"https:\\\/\\\/www.gamaprofessional.com\\\/fr\\\/prodotto\\\/piastra-g-style-oxy-active-iht\\\/#primaryimage\"},\"thumbnailUrl\":\"https:\\\/\\\/www.gamaprofessional.com\\\/wp-content\\\/uploads\\\/2024\\\/11\\\/G-STYLE-OXY-ACTIVE-IHT.png\",\"datePublished\":\"2024-11-19T11:17:16+00:00\",\"dateModified\":\"2026-01-06T14:54:16+00:00\",\"description\":\"Le lisseur G-Style Oxy Active IHT permet d'obtenir une douceur parfaite en un seul passage et am\u00e9liore la brillance des cheveux en \u00e9liminant les frisottis.\",\"breadcrumb\":{\"@id\":\"https:\\\/\\\/www.gamaprofessional.com\\\/fr\\\/prodotto\\\/piastra-g-style-oxy-active-iht\\\/#breadcrumb\"},\"inLanguage\":\"fr-FR\",\"potentialAction\":[{\"@type\":\"ReadAction\",\"target\":[\"https:\\\/\\\/www.gamaprofessional.com\\\/fr\\\/prodotto\\\/piastra-g-style-oxy-active-iht\\\/\"]}]},{\"@type\":\"ImageObject\",\"inLanguage\":\"fr-FR\",\"@id\":\"https:\\\/\\\/www.gamaprofessional.com\\\/fr\\\/prodotto\\\/piastra-g-style-oxy-active-iht\\\/#primaryimage\",\"url\":\"https:\\\/\\\/www.gamaprofessional.com\\\/wp-content\\\/uploads\\\/2024\\\/11\\\/G-STYLE-OXY-ACTIVE-IHT.png\",\"contentUrl\":\"https:\\\/\\\/www.gamaprofessional.com\\\/wp-content\\\/uploads\\\/2024\\\/11\\\/G-STYLE-OXY-ACTIVE-IHT.png\",\"width\":1080,\"height\":1080,\"caption\":\"G-STYLE OXY-ACTIVE IHT\"},{\"@type\":\"BreadcrumbList\",\"@id\":\"https:\\\/\\\/www.gamaprofessional.com\\\/fr\\\/prodotto\\\/piastra-g-style-oxy-active-iht\\\/#breadcrumb\",\"itemListElement\":[{\"@type\":\"ListItem\",\"position\":1,\"name\":\"Home\",\"item\":\"https:\\\/\\\/www.gamaprofessional.com\\\/fr\\\/page-daccueil\\\/\"},{\"@type\":\"ListItem\",\"position\":2,\"name\":\"Boutique\",\"item\":\"https:\\\/\\\/www.gamaprofessional.com\\\/shop\\\/\"},{\"@type\":\"ListItem\",\"position\":3,\"name\":\"Haircare\",\"item\":\"https:\\\/\\\/www.gamaprofessional.com\\\/fr\\\/categoria-prodotto\\\/haircare-fr\\\/\"},{\"@type\":\"ListItem\",\"position\":4,\"name\":\"Fer \u00e0 Lisser\",\"item\":\"https:\\\/\\\/www.gamaprofessional.com\\\/fr\\\/categoria-prodotto\\\/haircare-fr\\\/fer-a-lisser\\\/\"},{\"@type\":\"ListItem\",\"position\":5,\"name\":\"FER \u00c0 LISSER G-STYLE OXY-ACTIVE IHT\"}]},{\"@type\":\"WebSite\",\"@id\":\"https:\\\/\\\/www.gamaprofessional.com\\\/fr\\\/#website\",\"url\":\"https:\\\/\\\/www.gamaprofessional.com\\\/fr\\\/\",\"name\":\"Gama Professional\",\"description\":\"\",\"potentialAction\":[{\"@type\":\"SearchAction\",\"target\":{\"@type\":\"EntryPoint\",\"urlTemplate\":\"https:\\\/\\\/www.gamaprofessional.com\\\/fr\\\/?s={search_term_string}\"},\"query-input\":{\"@type\":\"PropertyValueSpecification\",\"valueRequired\":true,\"valueName\":\"search_term_string\"}}],\"inLanguage\":\"fr-FR\"}]}<\/script>\n<!-- \/ Yoast SEO plugin. -->","yoast_head_json":{"title":"FER \u00c0 LISSER G-STYLE OXY-ACTIVE IHT - Gama Professional","description":"Le lisseur G-Style Oxy Active IHT permet d'obtenir une douceur parfaite en un seul passage et am\u00e9liore la brillance des cheveux en \u00e9liminant les frisottis.","robots":{"index":"index","follow":"follow","max-snippet":"max-snippet:-1","max-image-preview":"max-image-preview:large","max-video-preview":"max-video-preview:-1"},"canonical":"https:\/\/www.gamaprofessional.com\/fr\/prodotto\/piastra-g-style-oxy-active-iht\/","og_locale":"fr_FR","og_type":"article","og_title":"FER \u00c0 LISSER G-STYLE OXY-ACTIVE IHT - Gama Professional","og_description":"Le lisseur G-Style Oxy Active IHT permet d'obtenir une douceur parfaite en un seul passage et am\u00e9liore la brillance des cheveux en \u00e9liminant les frisottis.","og_url":"https:\/\/www.gamaprofessional.com\/fr\/prodotto\/piastra-g-style-oxy-active-iht\/","og_site_name":"Gama Professional","article_modified_time":"2026-01-06T14:54:16+00:00","og_image":[{"width":1080,"height":1080,"url":"https:\/\/www.gamaprofessional.com\/wp-content\/uploads\/2024\/11\/G-STYLE-OXY-ACTIVE-IHT.png","type":"image\/png"}],"twitter_card":"summary_large_image","twitter_misc":{"Dur\u00e9e de lecture estim\u00e9e":"2 minutes"},"schema":{"@context":"https:\/\/schema.org","@graph":[{"@type":"WebPage","@id":"https:\/\/www.gamaprofessional.com\/fr\/prodotto\/piastra-g-style-oxy-active-iht\/","url":"https:\/\/www.gamaprofessional.com\/fr\/prodotto\/piastra-g-style-oxy-active-iht\/","name":"FER \u00c0 LISSER G-STYLE OXY-ACTIVE IHT - Gama Professional","isPartOf":{"@id":"https:\/\/www.gamaprofessional.com\/fr\/#website"},"primaryImageOfPage":{"@id":"https:\/\/www.gamaprofessional.com\/fr\/prodotto\/piastra-g-style-oxy-active-iht\/#primaryimage"},"image":{"@id":"https:\/\/www.gamaprofessional.com\/fr\/prodotto\/piastra-g-style-oxy-active-iht\/#primaryimage"},"thumbnailUrl":"https:\/\/www.gamaprofessional.com\/wp-content\/uploads\/2024\/11\/G-STYLE-OXY-ACTIVE-IHT.png","datePublished":"2024-11-19T11:17:16+00:00","dateModified":"2026-01-06T14:54:16+00:00","description":"Le lisseur G-Style Oxy Active IHT permet d'obtenir une douceur parfaite en un seul passage et am\u00e9liore la brillance des cheveux en \u00e9liminant les frisottis.","breadcrumb":{"@id":"https:\/\/www.gamaprofessional.com\/fr\/prodotto\/piastra-g-style-oxy-active-iht\/#breadcrumb"},"inLanguage":"fr-FR","potentialAction":[{"@type":"ReadAction","target":["https:\/\/www.gamaprofessional.com\/fr\/prodotto\/piastra-g-style-oxy-active-iht\/"]}]},{"@type":"ImageObject","inLanguage":"fr-FR","@id":"https:\/\/www.gamaprofessional.com\/fr\/prodotto\/piastra-g-style-oxy-active-iht\/#primaryimage","url":"https:\/\/www.gamaprofessional.com\/wp-content\/uploads\/2024\/11\/G-STYLE-OXY-ACTIVE-IHT.png","contentUrl":"https:\/\/www.gamaprofessional.com\/wp-content\/uploads\/2024\/11\/G-STYLE-OXY-ACTIVE-IHT.png","width":1080,"height":1080,"caption":"G-STYLE OXY-ACTIVE IHT"},{"@type":"BreadcrumbList","@id":"https:\/\/www.gamaprofessional.com\/fr\/prodotto\/piastra-g-style-oxy-active-iht\/#breadcrumb","itemListElement":[{"@type":"ListItem","position":1,"name":"Home","item":"https:\/\/www.gamaprofessional.com\/fr\/page-daccueil\/"},{"@type":"ListItem","position":2,"name":"Boutique","item":"https:\/\/www.gamaprofessional.com\/shop\/"},{"@type":"ListItem","position":3,"name":"Haircare","item":"https:\/\/www.gamaprofessional.com\/fr\/categoria-prodotto\/haircare-fr\/"},{"@type":"ListItem","position":4,"name":"Fer \u00e0 Lisser","item":"https:\/\/www.gamaprofessional.com\/fr\/categoria-prodotto\/haircare-fr\/fer-a-lisser\/"},{"@type":"ListItem","position":5,"name":"FER \u00c0 LISSER G-STYLE OXY-ACTIVE IHT"}]},{"@type":"WebSite","@id":"https:\/\/www.gamaprofessional.com\/fr\/#website","url":"https:\/\/www.gamaprofessional.com\/fr\/","name":"Gama Professional","description":"","potentialAction":[{"@type":"SearchAction","target":{"@type":"EntryPoint","urlTemplate":"https:\/\/www.gamaprofessional.com\/fr\/?s={search_term_string}"},"query-input":{"@type":"PropertyValueSpecification","valueRequired":true,"valueName":"search_term_string"}}],"inLanguage":"fr-FR"}]}},"_links":{"self":[{"href":"https:\/\/www.gamaprofessional.com\/fr\/wp-json\/wp\/v2\/product\/1681","targetHints":{"allow":["GET"]}}],"collection":[{"href":"https:\/\/www.gamaprofessional.com\/fr\/wp-json\/wp\/v2\/product"}],"about":[{"href":"https:\/\/www.gamaprofessional.com\/fr\/wp-json\/wp\/v2\/types\/product"}],"wp:featuredmedia":[{"embeddable":true,"href":"https:\/\/www.gamaprofessional.com\/fr\/wp-json\/wp\/v2\/media\/1678"}],"wp:attachment":[{"href":"https:\/\/www.gamaprofessional.com\/fr\/wp-json\/wp\/v2\/media?parent=1681"}],"wp:term":[{"taxonomy":"product_brand","embeddable":true,"href":"https:\/\/www.gamaprofessional.com\/fr\/wp-json\/wp\/v2\/product_brand?post=1681"},{"taxonomy":"product_cat","embeddable":true,"href":"https:\/\/www.gamaprofessional.com\/fr\/wp-json\/wp\/v2\/product_cat?post=1681"},{"taxonomy":"product_tag","embeddable":true,"href":"https:\/\/www.gamaprofessional.com\/fr\/wp-json\/wp\/v2\/product_tag?post=1681"}],"curies":[{"name":"wp","href":"https:\/\/api.w.org\/{rel}","templated":true}]}}