{"id":1693,"date":"2024-11-19T14:06:14","date_gmt":"2024-11-19T13:06:14","guid":{"rendered":"https:\/\/www.gamaprofessional.com\/?post_type=product&#038;p=1693"},"modified":"2025-12-16T16:48:20","modified_gmt":"2025-12-16T15:48:20","slug":"piastra-keration-starlight-digital","status":"publish","type":"product","link":"https:\/\/www.gamaprofessional.com\/fr\/prodotto\/piastra-keration-starlight-digital\/","title":{"rendered":"PIASTRA KERATION STARLIGHT DIGITAL"},"content":{"rendered":"<p><strong>KERATION STARLIGHT DIGITAL<\/strong> est la plaque con\u00e7ue avec la technologie innovante MICRO GLITT, qui prot\u00e8ge la k\u00e9ratine des cheveux. Pour l\u2019utilisation de produits chimiques ou en raison de processus m\u00e9caniques, les cheveux deviennent plus sensibles, cassants et sans \u00e9clat. La technologie MICRO GLITT, qui recouvre les fili\u00e8res de la plaque, prot\u00e8ge la k\u00e9ratine naturelle des cheveux. Cette plaque est \u00e9galement \u00e9quip\u00e9e de la technologie 3D Therapy Ultra Ion qui stimule la reconstruction mol\u00e9culaire des cheveux en \u00e9liminant les frisottis. La poign\u00e9e antid\u00e9rapante et le c\u00e2ble pivotant en font un outil de travail pratique et efficace. L\u2019\u00e9l\u00e9gance du design est rehauss\u00e9e par la couleur pastel satin\u00e9. Les lignes douces et arrondies de cette plaque permettent de r\u00e9aliser des coiffures coups. L\u2019\u00e9cran num\u00e9rique permet de garder toujours la temp\u00e9rature sous contr\u00f4le, tandis que le c\u00e2ble de 2,5 m\u00e8tres avec crochet permet un maximum de confort d\u2019utilisation. La plage de tension est de 220 \u2013 240 V ~.        <\/p>\n","protected":false},"excerpt":{"rendered":"<p>Fer a lisser sp\u00e9cialis\u00e9e dans les anti-frisottis. Pour les cheveux fabuleux. <\/p>\n","protected":false},"featured_media":1690,"template":"","meta":{"_acf_changed":false},"product_brand":[],"product_cat":[441],"product_tag":[],"class_list":{"0":"post-1693","1":"product","2":"type-product","3":"status-publish","4":"has-post-thumbnail","6":"product_cat-fer-a-lisser","8":"first","9":"instock","10":"taxable","11":"shipping-taxable","12":"purchasable","13":"product-type-simple"},"acf":[],"yoast_head":"<!-- This site is optimized with the Yoast SEO plugin v27.5 - https:\/\/yoast.com\/product\/yoast-seo-wordpress\/ -->\n<title>PIASTRA KERATION STARLIGHT DIGITAL - Gama Professional<\/title>\n<meta name=\"description\" content=\"KERATION STARLIGHT DIGITAL est la plaque con\u00e7ue avec la technologie innovante MICRO GLITT, qui prot\u00e8ge la k\u00e9ratine des cheveux. Pour l\u2019utilisation de produits chimiques ou en raison de processus m\u00e9caniques, les cheveux deviennent plus sensibles, cassants et sans \u00e9clat. La technologie MICRO GLITT, qui recouvre les fili\u00e8res de la plaque, prot\u00e8ge la k\u00e9ratine naturelle des cheveux.\" \/>\n<meta name=\"robots\" content=\"index, follow, max-snippet:-1, max-image-preview:large, max-video-preview:-1\" \/>\n<link rel=\"canonical\" href=\"https:\/\/www.gamaprofessional.com\/fr\/prodotto\/piastra-keration-starlight-digital\/\" \/>\n<meta property=\"og:locale\" content=\"fr_FR\" \/>\n<meta property=\"og:type\" content=\"article\" \/>\n<meta property=\"og:title\" content=\"PIASTRA KERATION STARLIGHT DIGITAL - Gama Professional\" \/>\n<meta property=\"og:description\" content=\"KERATION STARLIGHT DIGITAL est la plaque con\u00e7ue avec la technologie innovante MICRO GLITT, qui prot\u00e8ge la k\u00e9ratine des cheveux. Pour l\u2019utilisation de produits chimiques ou en raison de processus m\u00e9caniques, les cheveux deviennent plus sensibles, cassants et sans \u00e9clat. La technologie MICRO GLITT, qui recouvre les fili\u00e8res de la plaque, prot\u00e8ge la k\u00e9ratine naturelle des cheveux.\" \/>\n<meta property=\"og:url\" content=\"https:\/\/www.gamaprofessional.com\/fr\/prodotto\/piastra-keration-starlight-digital\/\" \/>\n<meta property=\"og:site_name\" content=\"Gama Professional\" \/>\n<meta property=\"article:modified_time\" content=\"2025-12-16T15:48:20+00:00\" \/>\n<meta property=\"og:image\" content=\"https:\/\/www.gamaprofessional.com\/wp-content\/uploads\/2024\/11\/KERATION-STARLIGHT-DIGITAL.png\" \/>\n\t<meta property=\"og:image:width\" content=\"1080\" \/>\n\t<meta property=\"og:image:height\" content=\"1080\" \/>\n\t<meta property=\"og:image:type\" content=\"image\/png\" \/>\n<meta name=\"twitter:card\" content=\"summary_large_image\" \/>\n<meta name=\"twitter:label1\" content=\"Dur\u00e9e de lecture estim\u00e9e\" \/>\n\t<meta name=\"twitter:data1\" content=\"2 minutes\" \/>\n<script type=\"application\/ld+json\" class=\"yoast-schema-graph\">{\"@context\":\"https:\\\/\\\/schema.org\",\"@graph\":[{\"@type\":\"WebPage\",\"@id\":\"https:\\\/\\\/www.gamaprofessional.com\\\/fr\\\/prodotto\\\/piastra-keration-starlight-digital\\\/\",\"url\":\"https:\\\/\\\/www.gamaprofessional.com\\\/fr\\\/prodotto\\\/piastra-keration-starlight-digital\\\/\",\"name\":\"PIASTRA KERATION STARLIGHT DIGITAL - Gama Professional\",\"isPartOf\":{\"@id\":\"https:\\\/\\\/www.gamaprofessional.com\\\/fr\\\/#website\"},\"primaryImageOfPage\":{\"@id\":\"https:\\\/\\\/www.gamaprofessional.com\\\/fr\\\/prodotto\\\/piastra-keration-starlight-digital\\\/#primaryimage\"},\"image\":{\"@id\":\"https:\\\/\\\/www.gamaprofessional.com\\\/fr\\\/prodotto\\\/piastra-keration-starlight-digital\\\/#primaryimage\"},\"thumbnailUrl\":\"https:\\\/\\\/www.gamaprofessional.com\\\/wp-content\\\/uploads\\\/2024\\\/11\\\/KERATION-STARLIGHT-DIGITAL.png\",\"datePublished\":\"2024-11-19T13:06:14+00:00\",\"dateModified\":\"2025-12-16T15:48:20+00:00\",\"description\":\"KERATION STARLIGHT DIGITAL est la plaque con\u00e7ue avec la technologie innovante MICRO GLITT, qui prot\u00e8ge la k\u00e9ratine des cheveux. Pour l\u2019utilisation de produits chimiques ou en raison de processus m\u00e9caniques, les cheveux deviennent plus sensibles, cassants et sans \u00e9clat. La technologie MICRO GLITT, qui recouvre les fili\u00e8res de la plaque, prot\u00e8ge la k\u00e9ratine naturelle des cheveux.\",\"breadcrumb\":{\"@id\":\"https:\\\/\\\/www.gamaprofessional.com\\\/fr\\\/prodotto\\\/piastra-keration-starlight-digital\\\/#breadcrumb\"},\"inLanguage\":\"fr-FR\",\"potentialAction\":[{\"@type\":\"ReadAction\",\"target\":[\"https:\\\/\\\/www.gamaprofessional.com\\\/fr\\\/prodotto\\\/piastra-keration-starlight-digital\\\/\"]}]},{\"@type\":\"ImageObject\",\"inLanguage\":\"fr-FR\",\"@id\":\"https:\\\/\\\/www.gamaprofessional.com\\\/fr\\\/prodotto\\\/piastra-keration-starlight-digital\\\/#primaryimage\",\"url\":\"https:\\\/\\\/www.gamaprofessional.com\\\/wp-content\\\/uploads\\\/2024\\\/11\\\/KERATION-STARLIGHT-DIGITAL.png\",\"contentUrl\":\"https:\\\/\\\/www.gamaprofessional.com\\\/wp-content\\\/uploads\\\/2024\\\/11\\\/KERATION-STARLIGHT-DIGITAL.png\",\"width\":1080,\"height\":1080,\"caption\":\"KERATION STARLIGHT DIGITAL\"},{\"@type\":\"BreadcrumbList\",\"@id\":\"https:\\\/\\\/www.gamaprofessional.com\\\/fr\\\/prodotto\\\/piastra-keration-starlight-digital\\\/#breadcrumb\",\"itemListElement\":[{\"@type\":\"ListItem\",\"position\":1,\"name\":\"Home\",\"item\":\"https:\\\/\\\/www.gamaprofessional.com\\\/fr\\\/page-daccueil\\\/\"},{\"@type\":\"ListItem\",\"position\":2,\"name\":\"Boutique\",\"item\":\"https:\\\/\\\/www.gamaprofessional.com\\\/shop\\\/\"},{\"@type\":\"ListItem\",\"position\":3,\"name\":\"Haircare\",\"item\":\"https:\\\/\\\/www.gamaprofessional.com\\\/fr\\\/categoria-prodotto\\\/haircare-fr\\\/\"},{\"@type\":\"ListItem\",\"position\":4,\"name\":\"Fer \u00e0 Lisser\",\"item\":\"https:\\\/\\\/www.gamaprofessional.com\\\/fr\\\/categoria-prodotto\\\/haircare-fr\\\/fer-a-lisser\\\/\"},{\"@type\":\"ListItem\",\"position\":5,\"name\":\"PIASTRA KERATION STARLIGHT DIGITAL\"}]},{\"@type\":\"WebSite\",\"@id\":\"https:\\\/\\\/www.gamaprofessional.com\\\/fr\\\/#website\",\"url\":\"https:\\\/\\\/www.gamaprofessional.com\\\/fr\\\/\",\"name\":\"Gama Professional\",\"description\":\"\",\"potentialAction\":[{\"@type\":\"SearchAction\",\"target\":{\"@type\":\"EntryPoint\",\"urlTemplate\":\"https:\\\/\\\/www.gamaprofessional.com\\\/fr\\\/?s={search_term_string}\"},\"query-input\":{\"@type\":\"PropertyValueSpecification\",\"valueRequired\":true,\"valueName\":\"search_term_string\"}}],\"inLanguage\":\"fr-FR\"}]}<\/script>\n<!-- \/ Yoast SEO plugin. -->","yoast_head_json":{"title":"PIASTRA KERATION STARLIGHT DIGITAL - Gama Professional","description":"KERATION STARLIGHT DIGITAL est la plaque con\u00e7ue avec la technologie innovante MICRO GLITT, qui prot\u00e8ge la k\u00e9ratine des cheveux. Pour l\u2019utilisation de produits chimiques ou en raison de processus m\u00e9caniques, les cheveux deviennent plus sensibles, cassants et sans \u00e9clat. La technologie MICRO GLITT, qui recouvre les fili\u00e8res de la plaque, prot\u00e8ge la k\u00e9ratine naturelle des cheveux.","robots":{"index":"index","follow":"follow","max-snippet":"max-snippet:-1","max-image-preview":"max-image-preview:large","max-video-preview":"max-video-preview:-1"},"canonical":"https:\/\/www.gamaprofessional.com\/fr\/prodotto\/piastra-keration-starlight-digital\/","og_locale":"fr_FR","og_type":"article","og_title":"PIASTRA KERATION STARLIGHT DIGITAL - Gama Professional","og_description":"KERATION STARLIGHT DIGITAL est la plaque con\u00e7ue avec la technologie innovante MICRO GLITT, qui prot\u00e8ge la k\u00e9ratine des cheveux. Pour l\u2019utilisation de produits chimiques ou en raison de processus m\u00e9caniques, les cheveux deviennent plus sensibles, cassants et sans \u00e9clat. La technologie MICRO GLITT, qui recouvre les fili\u00e8res de la plaque, prot\u00e8ge la k\u00e9ratine naturelle des cheveux.","og_url":"https:\/\/www.gamaprofessional.com\/fr\/prodotto\/piastra-keration-starlight-digital\/","og_site_name":"Gama Professional","article_modified_time":"2025-12-16T15:48:20+00:00","og_image":[{"width":1080,"height":1080,"url":"https:\/\/www.gamaprofessional.com\/wp-content\/uploads\/2024\/11\/KERATION-STARLIGHT-DIGITAL.png","type":"image\/png"}],"twitter_card":"summary_large_image","twitter_misc":{"Dur\u00e9e de lecture estim\u00e9e":"2 minutes"},"schema":{"@context":"https:\/\/schema.org","@graph":[{"@type":"WebPage","@id":"https:\/\/www.gamaprofessional.com\/fr\/prodotto\/piastra-keration-starlight-digital\/","url":"https:\/\/www.gamaprofessional.com\/fr\/prodotto\/piastra-keration-starlight-digital\/","name":"PIASTRA KERATION STARLIGHT DIGITAL - Gama Professional","isPartOf":{"@id":"https:\/\/www.gamaprofessional.com\/fr\/#website"},"primaryImageOfPage":{"@id":"https:\/\/www.gamaprofessional.com\/fr\/prodotto\/piastra-keration-starlight-digital\/#primaryimage"},"image":{"@id":"https:\/\/www.gamaprofessional.com\/fr\/prodotto\/piastra-keration-starlight-digital\/#primaryimage"},"thumbnailUrl":"https:\/\/www.gamaprofessional.com\/wp-content\/uploads\/2024\/11\/KERATION-STARLIGHT-DIGITAL.png","datePublished":"2024-11-19T13:06:14+00:00","dateModified":"2025-12-16T15:48:20+00:00","description":"KERATION STARLIGHT DIGITAL est la plaque con\u00e7ue avec la technologie innovante MICRO GLITT, qui prot\u00e8ge la k\u00e9ratine des cheveux. Pour l\u2019utilisation de produits chimiques ou en raison de processus m\u00e9caniques, les cheveux deviennent plus sensibles, cassants et sans \u00e9clat. La technologie MICRO GLITT, qui recouvre les fili\u00e8res de la plaque, prot\u00e8ge la k\u00e9ratine naturelle des cheveux.","breadcrumb":{"@id":"https:\/\/www.gamaprofessional.com\/fr\/prodotto\/piastra-keration-starlight-digital\/#breadcrumb"},"inLanguage":"fr-FR","potentialAction":[{"@type":"ReadAction","target":["https:\/\/www.gamaprofessional.com\/fr\/prodotto\/piastra-keration-starlight-digital\/"]}]},{"@type":"ImageObject","inLanguage":"fr-FR","@id":"https:\/\/www.gamaprofessional.com\/fr\/prodotto\/piastra-keration-starlight-digital\/#primaryimage","url":"https:\/\/www.gamaprofessional.com\/wp-content\/uploads\/2024\/11\/KERATION-STARLIGHT-DIGITAL.png","contentUrl":"https:\/\/www.gamaprofessional.com\/wp-content\/uploads\/2024\/11\/KERATION-STARLIGHT-DIGITAL.png","width":1080,"height":1080,"caption":"KERATION STARLIGHT DIGITAL"},{"@type":"BreadcrumbList","@id":"https:\/\/www.gamaprofessional.com\/fr\/prodotto\/piastra-keration-starlight-digital\/#breadcrumb","itemListElement":[{"@type":"ListItem","position":1,"name":"Home","item":"https:\/\/www.gamaprofessional.com\/fr\/page-daccueil\/"},{"@type":"ListItem","position":2,"name":"Boutique","item":"https:\/\/www.gamaprofessional.com\/shop\/"},{"@type":"ListItem","position":3,"name":"Haircare","item":"https:\/\/www.gamaprofessional.com\/fr\/categoria-prodotto\/haircare-fr\/"},{"@type":"ListItem","position":4,"name":"Fer \u00e0 Lisser","item":"https:\/\/www.gamaprofessional.com\/fr\/categoria-prodotto\/haircare-fr\/fer-a-lisser\/"},{"@type":"ListItem","position":5,"name":"PIASTRA KERATION STARLIGHT DIGITAL"}]},{"@type":"WebSite","@id":"https:\/\/www.gamaprofessional.com\/fr\/#website","url":"https:\/\/www.gamaprofessional.com\/fr\/","name":"Gama Professional","description":"","potentialAction":[{"@type":"SearchAction","target":{"@type":"EntryPoint","urlTemplate":"https:\/\/www.gamaprofessional.com\/fr\/?s={search_term_string}"},"query-input":{"@type":"PropertyValueSpecification","valueRequired":true,"valueName":"search_term_string"}}],"inLanguage":"fr-FR"}]}},"_links":{"self":[{"href":"https:\/\/www.gamaprofessional.com\/fr\/wp-json\/wp\/v2\/product\/1693","targetHints":{"allow":["GET"]}}],"collection":[{"href":"https:\/\/www.gamaprofessional.com\/fr\/wp-json\/wp\/v2\/product"}],"about":[{"href":"https:\/\/www.gamaprofessional.com\/fr\/wp-json\/wp\/v2\/types\/product"}],"wp:featuredmedia":[{"embeddable":true,"href":"https:\/\/www.gamaprofessional.com\/fr\/wp-json\/wp\/v2\/media\/1690"}],"wp:attachment":[{"href":"https:\/\/www.gamaprofessional.com\/fr\/wp-json\/wp\/v2\/media?parent=1693"}],"wp:term":[{"taxonomy":"product_brand","embeddable":true,"href":"https:\/\/www.gamaprofessional.com\/fr\/wp-json\/wp\/v2\/product_brand?post=1693"},{"taxonomy":"product_cat","embeddable":true,"href":"https:\/\/www.gamaprofessional.com\/fr\/wp-json\/wp\/v2\/product_cat?post=1693"},{"taxonomy":"product_tag","embeddable":true,"href":"https:\/\/www.gamaprofessional.com\/fr\/wp-json\/wp\/v2\/product_tag?post=1693"}],"curies":[{"name":"wp","href":"https:\/\/api.w.org\/{rel}","templated":true}]}}