{"id":1725,"date":"2024-11-19T14:53:36","date_gmt":"2024-11-19T13:53:36","guid":{"rendered":"https:\/\/www.gamaprofessional.com\/?post_type=product&#038;p=1725"},"modified":"2026-05-01T09:18:46","modified_gmt":"2026-05-01T07:18:46","slug":"fer-a-lisser-g-evo-silk-chrome-titanium","status":"publish","type":"product","link":"https:\/\/www.gamaprofessional.com\/fr\/prodotto\/fer-a-lisser-g-evo-silk-chrome-titanium\/","title":{"rendered":"FER \u00c0 LISSER G-EVO SILK CHROME TITANIUM"},"content":{"rendered":"<p>Lisseur rev\u00eatues de titane et la possibilit\u00e9 de s\u00e9lectionner la temp\u00e9rature d\u2019utilisation id\u00e9ale pour assurer <strong>un maximum de d\u00e9licatesse \u00e0 vos cheveux.<\/strong><\/p>\n<p>Est \u00e9quip\u00e9 de la technologie innovante Oxy-Activequipermet d\u2019obtenir l\u2019effet Color Lock, c\u2019est-\u00e0-dire une dur\u00e9e plus longue des couleurs et l\u2019am\u00e9lioration de la brillance des cheveux gr\u00e2ce \u00e0 l\u2019action de l\u2019oxyg\u00e8ne actif qui nettoie en profondeur le cuir chevelu.<\/p>\n<p>Les plaques, rev\u00eatues de <strong>Silk Chrome Titanium<\/strong>, garantissent d\u2019excellentes performances pendant le coiffage et sont \u00e9quip\u00e9es d\u2019un <strong>syst\u00e8me de suspension<\/strong> qui \u00e9vite tout stress thermique inutile.<\/p>\n<p>Avec le lisseur G-Evo Silk Chrome Titanium, vous respecterez et prot\u00e9gerez vos cheveux, gr\u00e2ce \u00e9galement \u00e0 la possibilit\u00e9 de choisir la temp\u00e9rature de travail la mieux adapt\u00e9e \u00e0 vos besoins, dans <strong>une plage de 170\u00b0C \u00e0 250\u00b0C<\/strong>.<\/p>\n<p>Le G-Evo Silk Chrome Titanium est un lisseur tr\u00e8s pratique gr\u00e2ce \u00e0 sa l\u00e9g\u00e8ret\u00e9 et \u00e0 son c\u00e2ble de 3 m\u00e8tres pivotant \u00e0 360\u00b0, qui permet d\u2019optimiser les performances pendant le coiffage.<\/p>\n<p>Il est \u00e9galement \u00e9quip\u00e9 d\u2019un arr\u00eat automatique apr\u00e8s 60 minutes de mise en marche, pour garantir une s\u00e9curit\u00e9 maximale en cas d\u2019oubli d\u2019extinction.<\/p>\n","protected":false},"excerpt":{"rendered":"<p>Lisseur rev\u00eatues de titane et possibilit\u00e9 de choisir la temp\u00e9rature de fonctionnement id\u00e9ale pour garantir une d\u00e9licatesse extraordinaire \u00e0 vos cheveux. Lisse parfait, cheveux prot\u00e9g\u00e9s. <\/p>\n","protected":false},"featured_media":1723,"template":"","meta":{"_acf_changed":false},"product_brand":[],"product_cat":[441],"product_tag":[],"class_list":{"0":"post-1725","1":"product","2":"type-product","3":"status-publish","4":"has-post-thumbnail","6":"product_cat-fer-a-lisser","8":"first","9":"instock","10":"taxable","11":"shipping-taxable","12":"purchasable","13":"product-type-simple"},"acf":[],"yoast_head":"<!-- This site is optimized with the Yoast SEO plugin v27.5 - https:\/\/yoast.com\/product\/yoast-seo-wordpress\/ -->\n<title>FER \u00c0 LISSER G-EVO SILK CHROME TITANIUM - Gama Professional<\/title>\n<meta name=\"description\" content=\"Lisseur rev\u00eatues de titane et possibilit\u00e9 de choisir la temp\u00e9rature de fonctionnement id\u00e9ale pour garantir une d\u00e9licatesse extraordinaire \u00e0 vos cheveux.\" \/>\n<meta name=\"robots\" content=\"index, follow, max-snippet:-1, max-image-preview:large, max-video-preview:-1\" \/>\n<link rel=\"canonical\" href=\"https:\/\/www.gamaprofessional.com\/fr\/prodotto\/fer-a-lisser-g-evo-silk-chrome-titanium\/\" \/>\n<meta property=\"og:locale\" content=\"fr_FR\" \/>\n<meta property=\"og:type\" content=\"article\" \/>\n<meta property=\"og:title\" content=\"FER \u00c0 LISSER G-EVO SILK CHROME TITANIUM - Gama Professional\" \/>\n<meta property=\"og:description\" content=\"Lisseur rev\u00eatues de titane et possibilit\u00e9 de choisir la temp\u00e9rature de fonctionnement id\u00e9ale pour garantir une d\u00e9licatesse extraordinaire \u00e0 vos cheveux.\" \/>\n<meta property=\"og:url\" content=\"https:\/\/www.gamaprofessional.com\/fr\/prodotto\/fer-a-lisser-g-evo-silk-chrome-titanium\/\" \/>\n<meta property=\"og:site_name\" content=\"Gama Professional\" \/>\n<meta property=\"article:modified_time\" content=\"2026-05-01T07:18:46+00:00\" \/>\n<meta property=\"og:image\" content=\"https:\/\/www.gamaprofessional.com\/wp-content\/uploads\/2024\/11\/G-EVO-SILK-CHROME-TITANIUM-1.png\" \/>\n\t<meta property=\"og:image:width\" content=\"1080\" \/>\n\t<meta property=\"og:image:height\" content=\"1080\" \/>\n\t<meta property=\"og:image:type\" content=\"image\/png\" \/>\n<meta name=\"twitter:card\" content=\"summary_large_image\" \/>\n<meta name=\"twitter:label1\" content=\"Dur\u00e9e de lecture estim\u00e9e\" \/>\n\t<meta name=\"twitter:data1\" content=\"1 minute\" \/>\n<script type=\"application\/ld+json\" class=\"yoast-schema-graph\">{\"@context\":\"https:\\\/\\\/schema.org\",\"@graph\":[{\"@type\":\"WebPage\",\"@id\":\"https:\\\/\\\/www.gamaprofessional.com\\\/fr\\\/prodotto\\\/fer-a-lisser-g-evo-silk-chrome-titanium\\\/\",\"url\":\"https:\\\/\\\/www.gamaprofessional.com\\\/fr\\\/prodotto\\\/fer-a-lisser-g-evo-silk-chrome-titanium\\\/\",\"name\":\"FER \u00c0 LISSER G-EVO SILK CHROME TITANIUM - Gama Professional\",\"isPartOf\":{\"@id\":\"https:\\\/\\\/www.gamaprofessional.com\\\/fr\\\/#website\"},\"primaryImageOfPage\":{\"@id\":\"https:\\\/\\\/www.gamaprofessional.com\\\/fr\\\/prodotto\\\/fer-a-lisser-g-evo-silk-chrome-titanium\\\/#primaryimage\"},\"image\":{\"@id\":\"https:\\\/\\\/www.gamaprofessional.com\\\/fr\\\/prodotto\\\/fer-a-lisser-g-evo-silk-chrome-titanium\\\/#primaryimage\"},\"thumbnailUrl\":\"https:\\\/\\\/www.gamaprofessional.com\\\/wp-content\\\/uploads\\\/2024\\\/11\\\/G-EVO-SILK-CHROME-TITANIUM-1.png\",\"datePublished\":\"2024-11-19T13:53:36+00:00\",\"dateModified\":\"2026-05-01T07:18:46+00:00\",\"description\":\"Lisseur rev\u00eatues de titane et possibilit\u00e9 de choisir la temp\u00e9rature de fonctionnement id\u00e9ale pour garantir une d\u00e9licatesse extraordinaire \u00e0 vos cheveux.\",\"breadcrumb\":{\"@id\":\"https:\\\/\\\/www.gamaprofessional.com\\\/fr\\\/prodotto\\\/fer-a-lisser-g-evo-silk-chrome-titanium\\\/#breadcrumb\"},\"inLanguage\":\"fr-FR\",\"potentialAction\":[{\"@type\":\"ReadAction\",\"target\":[\"https:\\\/\\\/www.gamaprofessional.com\\\/fr\\\/prodotto\\\/fer-a-lisser-g-evo-silk-chrome-titanium\\\/\"]}]},{\"@type\":\"ImageObject\",\"inLanguage\":\"fr-FR\",\"@id\":\"https:\\\/\\\/www.gamaprofessional.com\\\/fr\\\/prodotto\\\/fer-a-lisser-g-evo-silk-chrome-titanium\\\/#primaryimage\",\"url\":\"https:\\\/\\\/www.gamaprofessional.com\\\/wp-content\\\/uploads\\\/2024\\\/11\\\/G-EVO-SILK-CHROME-TITANIUM-1.png\",\"contentUrl\":\"https:\\\/\\\/www.gamaprofessional.com\\\/wp-content\\\/uploads\\\/2024\\\/11\\\/G-EVO-SILK-CHROME-TITANIUM-1.png\",\"width\":1080,\"height\":1080,\"caption\":\"G-EVO SILK CHROME TITANIUM\"},{\"@type\":\"BreadcrumbList\",\"@id\":\"https:\\\/\\\/www.gamaprofessional.com\\\/fr\\\/prodotto\\\/fer-a-lisser-g-evo-silk-chrome-titanium\\\/#breadcrumb\",\"itemListElement\":[{\"@type\":\"ListItem\",\"position\":1,\"name\":\"Home\",\"item\":\"https:\\\/\\\/www.gamaprofessional.com\\\/fr\\\/page-daccueil\\\/\"},{\"@type\":\"ListItem\",\"position\":2,\"name\":\"Boutique\",\"item\":\"https:\\\/\\\/www.gamaprofessional.com\\\/shop\\\/\"},{\"@type\":\"ListItem\",\"position\":3,\"name\":\"Haircare\",\"item\":\"https:\\\/\\\/www.gamaprofessional.com\\\/fr\\\/categoria-prodotto\\\/haircare-fr\\\/\"},{\"@type\":\"ListItem\",\"position\":4,\"name\":\"Fer \u00e0 Lisser\",\"item\":\"https:\\\/\\\/www.gamaprofessional.com\\\/fr\\\/categoria-prodotto\\\/haircare-fr\\\/fer-a-lisser\\\/\"},{\"@type\":\"ListItem\",\"position\":5,\"name\":\"FER \u00c0 LISSER G-EVO SILK CHROME TITANIUM\"}]},{\"@type\":\"WebSite\",\"@id\":\"https:\\\/\\\/www.gamaprofessional.com\\\/fr\\\/#website\",\"url\":\"https:\\\/\\\/www.gamaprofessional.com\\\/fr\\\/\",\"name\":\"Gama Professional\",\"description\":\"\",\"potentialAction\":[{\"@type\":\"SearchAction\",\"target\":{\"@type\":\"EntryPoint\",\"urlTemplate\":\"https:\\\/\\\/www.gamaprofessional.com\\\/fr\\\/?s={search_term_string}\"},\"query-input\":{\"@type\":\"PropertyValueSpecification\",\"valueRequired\":true,\"valueName\":\"search_term_string\"}}],\"inLanguage\":\"fr-FR\"}]}<\/script>\n<!-- \/ Yoast SEO plugin. -->","yoast_head_json":{"title":"FER \u00c0 LISSER G-EVO SILK CHROME TITANIUM - Gama Professional","description":"Lisseur rev\u00eatues de titane et possibilit\u00e9 de choisir la temp\u00e9rature de fonctionnement id\u00e9ale pour garantir une d\u00e9licatesse extraordinaire \u00e0 vos cheveux.","robots":{"index":"index","follow":"follow","max-snippet":"max-snippet:-1","max-image-preview":"max-image-preview:large","max-video-preview":"max-video-preview:-1"},"canonical":"https:\/\/www.gamaprofessional.com\/fr\/prodotto\/fer-a-lisser-g-evo-silk-chrome-titanium\/","og_locale":"fr_FR","og_type":"article","og_title":"FER \u00c0 LISSER G-EVO SILK CHROME TITANIUM - Gama Professional","og_description":"Lisseur rev\u00eatues de titane et possibilit\u00e9 de choisir la temp\u00e9rature de fonctionnement id\u00e9ale pour garantir une d\u00e9licatesse extraordinaire \u00e0 vos cheveux.","og_url":"https:\/\/www.gamaprofessional.com\/fr\/prodotto\/fer-a-lisser-g-evo-silk-chrome-titanium\/","og_site_name":"Gama Professional","article_modified_time":"2026-05-01T07:18:46+00:00","og_image":[{"width":1080,"height":1080,"url":"https:\/\/www.gamaprofessional.com\/wp-content\/uploads\/2024\/11\/G-EVO-SILK-CHROME-TITANIUM-1.png","type":"image\/png"}],"twitter_card":"summary_large_image","twitter_misc":{"Dur\u00e9e de lecture estim\u00e9e":"1 minute"},"schema":{"@context":"https:\/\/schema.org","@graph":[{"@type":"WebPage","@id":"https:\/\/www.gamaprofessional.com\/fr\/prodotto\/fer-a-lisser-g-evo-silk-chrome-titanium\/","url":"https:\/\/www.gamaprofessional.com\/fr\/prodotto\/fer-a-lisser-g-evo-silk-chrome-titanium\/","name":"FER \u00c0 LISSER G-EVO SILK CHROME TITANIUM - Gama Professional","isPartOf":{"@id":"https:\/\/www.gamaprofessional.com\/fr\/#website"},"primaryImageOfPage":{"@id":"https:\/\/www.gamaprofessional.com\/fr\/prodotto\/fer-a-lisser-g-evo-silk-chrome-titanium\/#primaryimage"},"image":{"@id":"https:\/\/www.gamaprofessional.com\/fr\/prodotto\/fer-a-lisser-g-evo-silk-chrome-titanium\/#primaryimage"},"thumbnailUrl":"https:\/\/www.gamaprofessional.com\/wp-content\/uploads\/2024\/11\/G-EVO-SILK-CHROME-TITANIUM-1.png","datePublished":"2024-11-19T13:53:36+00:00","dateModified":"2026-05-01T07:18:46+00:00","description":"Lisseur rev\u00eatues de titane et possibilit\u00e9 de choisir la temp\u00e9rature de fonctionnement id\u00e9ale pour garantir une d\u00e9licatesse extraordinaire \u00e0 vos cheveux.","breadcrumb":{"@id":"https:\/\/www.gamaprofessional.com\/fr\/prodotto\/fer-a-lisser-g-evo-silk-chrome-titanium\/#breadcrumb"},"inLanguage":"fr-FR","potentialAction":[{"@type":"ReadAction","target":["https:\/\/www.gamaprofessional.com\/fr\/prodotto\/fer-a-lisser-g-evo-silk-chrome-titanium\/"]}]},{"@type":"ImageObject","inLanguage":"fr-FR","@id":"https:\/\/www.gamaprofessional.com\/fr\/prodotto\/fer-a-lisser-g-evo-silk-chrome-titanium\/#primaryimage","url":"https:\/\/www.gamaprofessional.com\/wp-content\/uploads\/2024\/11\/G-EVO-SILK-CHROME-TITANIUM-1.png","contentUrl":"https:\/\/www.gamaprofessional.com\/wp-content\/uploads\/2024\/11\/G-EVO-SILK-CHROME-TITANIUM-1.png","width":1080,"height":1080,"caption":"G-EVO SILK CHROME TITANIUM"},{"@type":"BreadcrumbList","@id":"https:\/\/www.gamaprofessional.com\/fr\/prodotto\/fer-a-lisser-g-evo-silk-chrome-titanium\/#breadcrumb","itemListElement":[{"@type":"ListItem","position":1,"name":"Home","item":"https:\/\/www.gamaprofessional.com\/fr\/page-daccueil\/"},{"@type":"ListItem","position":2,"name":"Boutique","item":"https:\/\/www.gamaprofessional.com\/shop\/"},{"@type":"ListItem","position":3,"name":"Haircare","item":"https:\/\/www.gamaprofessional.com\/fr\/categoria-prodotto\/haircare-fr\/"},{"@type":"ListItem","position":4,"name":"Fer \u00e0 Lisser","item":"https:\/\/www.gamaprofessional.com\/fr\/categoria-prodotto\/haircare-fr\/fer-a-lisser\/"},{"@type":"ListItem","position":5,"name":"FER \u00c0 LISSER G-EVO SILK CHROME TITANIUM"}]},{"@type":"WebSite","@id":"https:\/\/www.gamaprofessional.com\/fr\/#website","url":"https:\/\/www.gamaprofessional.com\/fr\/","name":"Gama Professional","description":"","potentialAction":[{"@type":"SearchAction","target":{"@type":"EntryPoint","urlTemplate":"https:\/\/www.gamaprofessional.com\/fr\/?s={search_term_string}"},"query-input":{"@type":"PropertyValueSpecification","valueRequired":true,"valueName":"search_term_string"}}],"inLanguage":"fr-FR"}]}},"_links":{"self":[{"href":"https:\/\/www.gamaprofessional.com\/fr\/wp-json\/wp\/v2\/product\/1725","targetHints":{"allow":["GET"]}}],"collection":[{"href":"https:\/\/www.gamaprofessional.com\/fr\/wp-json\/wp\/v2\/product"}],"about":[{"href":"https:\/\/www.gamaprofessional.com\/fr\/wp-json\/wp\/v2\/types\/product"}],"wp:featuredmedia":[{"embeddable":true,"href":"https:\/\/www.gamaprofessional.com\/fr\/wp-json\/wp\/v2\/media\/1723"}],"wp:attachment":[{"href":"https:\/\/www.gamaprofessional.com\/fr\/wp-json\/wp\/v2\/media?parent=1725"}],"wp:term":[{"taxonomy":"product_brand","embeddable":true,"href":"https:\/\/www.gamaprofessional.com\/fr\/wp-json\/wp\/v2\/product_brand?post=1725"},{"taxonomy":"product_cat","embeddable":true,"href":"https:\/\/www.gamaprofessional.com\/fr\/wp-json\/wp\/v2\/product_cat?post=1725"},{"taxonomy":"product_tag","embeddable":true,"href":"https:\/\/www.gamaprofessional.com\/fr\/wp-json\/wp\/v2\/product_tag?post=1725"}],"curies":[{"name":"wp","href":"https:\/\/api.w.org\/{rel}","templated":true}]}}