{"id":1745,"date":"2024-11-19T15:25:07","date_gmt":"2024-11-19T14:25:07","guid":{"rendered":"https:\/\/www.gamaprofessional.com\/?post_type=product&#038;p=1745"},"modified":"2026-05-02T22:28:56","modified_gmt":"2026-05-02T20:28:56","slug":"fer-a-lisser-led-titanio-4d","status":"publish","type":"product","link":"https:\/\/www.gamaprofessional.com\/fr\/prodotto\/fer-a-lisser-led-titanio-4d\/","title":{"rendered":"FER \u00c0 LISSER LED TITANIO 4D"},"content":{"rendered":"<p>Le fer \u00e0 lisser LED Titanio 4D est con\u00e7u pour r\u00e9pondre aux besoins de ceux qui veulent prendre soin efficacement et en toute s\u00e9curit\u00e9 des cheveux difficiles, trait\u00e9s et color\u00e9s. Avec ses plaques en <strong>titane poli<\/strong>, ce fer \u00e0 lisser assure une distribution uniforme de la chaleur, prot\u00e9geant les cheveux des dommages caus\u00e9s par les variations de temp\u00e9rature. <\/p>\n<p>Le titane, connu pour sa lib\u00e9ration de <strong>chaleur infrarouge<\/strong> et <strong>d\u2019ions n\u00e9gatifs<\/strong>, s\u00e8che les cheveux de l\u2019int\u00e9rieur vers l\u2019ext\u00e9rieur, scellant les cuticules et \u00e9liminant les <strong>frisottis<\/strong> tout en maintenant l\u2019hydratation naturelle des cheveux. La <strong>technologie 4D<\/strong> de ce fer \u00e0 lisser \u00e9met de l\u2019ozone, un puissant agent antibact\u00e9rien qui nettoie en profondeur le cuir chevelu, contribuant \u00e0 le maintenir sain et exempt d\u2019impuret\u00e9s. <\/p>\n<p>Les <strong>plaques larges de 120 mm<\/strong> et le <strong>design arrondi<\/strong> permettent de cr\u00e9er facilement et pr\u00e9cis\u00e9ment des looks boucl\u00e9s ou lisses sur des cheveux \u00e9pais et volumineux. Pour assurer une commodit\u00e9 et une s\u00e9curit\u00e9 maximales, le fer \u00e0 lisser est dot\u00e9 d\u2019une fonction d\u2019arr\u00eat automatique apr\u00e8s 60 minutes et d\u2019un cordon de 3 m\u00e8tres avec un crochet, offrant une flexibilit\u00e9 maximale pendant l\u2019utilisation. <\/p>\n<p>D\u00e9couvrez le fer \u00e0 lisser LED Titanio 4D pour obtenir des cheveux parfaitement lisses, brillants et bien entretenus sans effort et avec l\u2019assurance d\u2019un traitement professionnel directement chez vous.<\/p>\n","protected":false},"excerpt":{"rendered":"<p>Le Fer \u00c0 Lisser Led Titanio 4D offre \u00e0 vos cheveux une distribution uniforme de la chaleur, un effet anti-frisottis et un nettoyage en profondeur gr\u00e2ce \u00e0 la technologie \u00e0 l&rsquo;ozone.<\/p>\n","protected":false},"featured_media":1742,"template":"","meta":{"_acf_changed":false},"product_brand":[],"product_cat":[441],"product_tag":[],"class_list":{"0":"post-1745","1":"product","2":"type-product","3":"status-publish","4":"has-post-thumbnail","6":"product_cat-fer-a-lisser","8":"first","9":"instock","10":"taxable","11":"shipping-taxable","12":"purchasable","13":"product-type-simple"},"acf":[],"yoast_head":"<!-- This site is optimized with the Yoast SEO plugin v27.5 - https:\/\/yoast.com\/product\/yoast-seo-wordpress\/ -->\n<title>FER \u00c0 LISSER LED TITANIO 4D - Gama Professional<\/title>\n<meta name=\"description\" content=\"Le Fer \u00c0 Lisser Led Titanio 4D offre \u00e0 vos cheveux une distribution uniforme de la chaleur, un effet anti-frisottis et un nettoyage en profondeur gr\u00e2ce \u00e0 la technologie \u00e0 l&#039;ozone.\" \/>\n<meta name=\"robots\" content=\"index, follow, max-snippet:-1, max-image-preview:large, max-video-preview:-1\" \/>\n<link rel=\"canonical\" href=\"https:\/\/www.gamaprofessional.com\/fr\/prodotto\/fer-a-lisser-led-titanio-4d\/\" \/>\n<meta property=\"og:locale\" content=\"fr_FR\" \/>\n<meta property=\"og:type\" content=\"article\" \/>\n<meta property=\"og:title\" content=\"FER \u00c0 LISSER LED TITANIO 4D - Gama Professional\" \/>\n<meta property=\"og:description\" content=\"Le Fer \u00c0 Lisser Led Titanio 4D offre \u00e0 vos cheveux une distribution uniforme de la chaleur, un effet anti-frisottis et un nettoyage en profondeur gr\u00e2ce \u00e0 la technologie \u00e0 l&#039;ozone.\" \/>\n<meta property=\"og:url\" content=\"https:\/\/www.gamaprofessional.com\/fr\/prodotto\/fer-a-lisser-led-titanio-4d\/\" \/>\n<meta property=\"og:site_name\" content=\"Gama Professional\" \/>\n<meta property=\"article:modified_time\" content=\"2026-05-02T20:28:56+00:00\" \/>\n<meta property=\"og:image\" content=\"https:\/\/www.gamaprofessional.com\/wp-content\/uploads\/2024\/11\/CP14-TITANIO-LED-4D.png\" \/>\n\t<meta property=\"og:image:width\" content=\"1080\" \/>\n\t<meta property=\"og:image:height\" content=\"1080\" \/>\n\t<meta property=\"og:image:type\" content=\"image\/png\" \/>\n<meta name=\"twitter:card\" content=\"summary_large_image\" \/>\n<meta name=\"twitter:label1\" content=\"Dur\u00e9e de lecture estim\u00e9e\" \/>\n\t<meta name=\"twitter:data1\" content=\"1 minute\" \/>\n<script type=\"application\/ld+json\" class=\"yoast-schema-graph\">{\"@context\":\"https:\\\/\\\/schema.org\",\"@graph\":[{\"@type\":\"WebPage\",\"@id\":\"https:\\\/\\\/www.gamaprofessional.com\\\/fr\\\/prodotto\\\/fer-a-lisser-led-titanio-4d\\\/\",\"url\":\"https:\\\/\\\/www.gamaprofessional.com\\\/fr\\\/prodotto\\\/fer-a-lisser-led-titanio-4d\\\/\",\"name\":\"FER \u00c0 LISSER LED TITANIO 4D - Gama Professional\",\"isPartOf\":{\"@id\":\"https:\\\/\\\/www.gamaprofessional.com\\\/fr\\\/#website\"},\"primaryImageOfPage\":{\"@id\":\"https:\\\/\\\/www.gamaprofessional.com\\\/fr\\\/prodotto\\\/fer-a-lisser-led-titanio-4d\\\/#primaryimage\"},\"image\":{\"@id\":\"https:\\\/\\\/www.gamaprofessional.com\\\/fr\\\/prodotto\\\/fer-a-lisser-led-titanio-4d\\\/#primaryimage\"},\"thumbnailUrl\":\"https:\\\/\\\/www.gamaprofessional.com\\\/wp-content\\\/uploads\\\/2024\\\/11\\\/CP14-TITANIO-LED-4D.png\",\"datePublished\":\"2024-11-19T14:25:07+00:00\",\"dateModified\":\"2026-05-02T20:28:56+00:00\",\"description\":\"Le Fer \u00c0 Lisser Led Titanio 4D offre \u00e0 vos cheveux une distribution uniforme de la chaleur, un effet anti-frisottis et un nettoyage en profondeur gr\u00e2ce \u00e0 la technologie \u00e0 l'ozone.\",\"breadcrumb\":{\"@id\":\"https:\\\/\\\/www.gamaprofessional.com\\\/fr\\\/prodotto\\\/fer-a-lisser-led-titanio-4d\\\/#breadcrumb\"},\"inLanguage\":\"fr-FR\",\"potentialAction\":[{\"@type\":\"ReadAction\",\"target\":[\"https:\\\/\\\/www.gamaprofessional.com\\\/fr\\\/prodotto\\\/fer-a-lisser-led-titanio-4d\\\/\"]}]},{\"@type\":\"ImageObject\",\"inLanguage\":\"fr-FR\",\"@id\":\"https:\\\/\\\/www.gamaprofessional.com\\\/fr\\\/prodotto\\\/fer-a-lisser-led-titanio-4d\\\/#primaryimage\",\"url\":\"https:\\\/\\\/www.gamaprofessional.com\\\/wp-content\\\/uploads\\\/2024\\\/11\\\/CP14-TITANIO-LED-4D.png\",\"contentUrl\":\"https:\\\/\\\/www.gamaprofessional.com\\\/wp-content\\\/uploads\\\/2024\\\/11\\\/CP14-TITANIO-LED-4D.png\",\"width\":1080,\"height\":1080,\"caption\":\"CP14 TITANIO LED 4D\"},{\"@type\":\"BreadcrumbList\",\"@id\":\"https:\\\/\\\/www.gamaprofessional.com\\\/fr\\\/prodotto\\\/fer-a-lisser-led-titanio-4d\\\/#breadcrumb\",\"itemListElement\":[{\"@type\":\"ListItem\",\"position\":1,\"name\":\"Home\",\"item\":\"https:\\\/\\\/www.gamaprofessional.com\\\/fr\\\/page-daccueil\\\/\"},{\"@type\":\"ListItem\",\"position\":2,\"name\":\"Boutique\",\"item\":\"https:\\\/\\\/www.gamaprofessional.com\\\/shop\\\/\"},{\"@type\":\"ListItem\",\"position\":3,\"name\":\"Haircare\",\"item\":\"https:\\\/\\\/www.gamaprofessional.com\\\/fr\\\/categoria-prodotto\\\/haircare-fr\\\/\"},{\"@type\":\"ListItem\",\"position\":4,\"name\":\"Fer \u00e0 Lisser\",\"item\":\"https:\\\/\\\/www.gamaprofessional.com\\\/fr\\\/categoria-prodotto\\\/haircare-fr\\\/fer-a-lisser\\\/\"},{\"@type\":\"ListItem\",\"position\":5,\"name\":\"FER \u00c0 LISSER LED TITANIO 4D\"}]},{\"@type\":\"WebSite\",\"@id\":\"https:\\\/\\\/www.gamaprofessional.com\\\/fr\\\/#website\",\"url\":\"https:\\\/\\\/www.gamaprofessional.com\\\/fr\\\/\",\"name\":\"Gama Professional\",\"description\":\"\",\"potentialAction\":[{\"@type\":\"SearchAction\",\"target\":{\"@type\":\"EntryPoint\",\"urlTemplate\":\"https:\\\/\\\/www.gamaprofessional.com\\\/fr\\\/?s={search_term_string}\"},\"query-input\":{\"@type\":\"PropertyValueSpecification\",\"valueRequired\":true,\"valueName\":\"search_term_string\"}}],\"inLanguage\":\"fr-FR\"}]}<\/script>\n<!-- \/ Yoast SEO plugin. -->","yoast_head_json":{"title":"FER \u00c0 LISSER LED TITANIO 4D - Gama Professional","description":"Le Fer \u00c0 Lisser Led Titanio 4D offre \u00e0 vos cheveux une distribution uniforme de la chaleur, un effet anti-frisottis et un nettoyage en profondeur gr\u00e2ce \u00e0 la technologie \u00e0 l'ozone.","robots":{"index":"index","follow":"follow","max-snippet":"max-snippet:-1","max-image-preview":"max-image-preview:large","max-video-preview":"max-video-preview:-1"},"canonical":"https:\/\/www.gamaprofessional.com\/fr\/prodotto\/fer-a-lisser-led-titanio-4d\/","og_locale":"fr_FR","og_type":"article","og_title":"FER \u00c0 LISSER LED TITANIO 4D - Gama Professional","og_description":"Le Fer \u00c0 Lisser Led Titanio 4D offre \u00e0 vos cheveux une distribution uniforme de la chaleur, un effet anti-frisottis et un nettoyage en profondeur gr\u00e2ce \u00e0 la technologie \u00e0 l'ozone.","og_url":"https:\/\/www.gamaprofessional.com\/fr\/prodotto\/fer-a-lisser-led-titanio-4d\/","og_site_name":"Gama Professional","article_modified_time":"2026-05-02T20:28:56+00:00","og_image":[{"width":1080,"height":1080,"url":"https:\/\/www.gamaprofessional.com\/wp-content\/uploads\/2024\/11\/CP14-TITANIO-LED-4D.png","type":"image\/png"}],"twitter_card":"summary_large_image","twitter_misc":{"Dur\u00e9e de lecture estim\u00e9e":"1 minute"},"schema":{"@context":"https:\/\/schema.org","@graph":[{"@type":"WebPage","@id":"https:\/\/www.gamaprofessional.com\/fr\/prodotto\/fer-a-lisser-led-titanio-4d\/","url":"https:\/\/www.gamaprofessional.com\/fr\/prodotto\/fer-a-lisser-led-titanio-4d\/","name":"FER \u00c0 LISSER LED TITANIO 4D - Gama Professional","isPartOf":{"@id":"https:\/\/www.gamaprofessional.com\/fr\/#website"},"primaryImageOfPage":{"@id":"https:\/\/www.gamaprofessional.com\/fr\/prodotto\/fer-a-lisser-led-titanio-4d\/#primaryimage"},"image":{"@id":"https:\/\/www.gamaprofessional.com\/fr\/prodotto\/fer-a-lisser-led-titanio-4d\/#primaryimage"},"thumbnailUrl":"https:\/\/www.gamaprofessional.com\/wp-content\/uploads\/2024\/11\/CP14-TITANIO-LED-4D.png","datePublished":"2024-11-19T14:25:07+00:00","dateModified":"2026-05-02T20:28:56+00:00","description":"Le Fer \u00c0 Lisser Led Titanio 4D offre \u00e0 vos cheveux une distribution uniforme de la chaleur, un effet anti-frisottis et un nettoyage en profondeur gr\u00e2ce \u00e0 la technologie \u00e0 l'ozone.","breadcrumb":{"@id":"https:\/\/www.gamaprofessional.com\/fr\/prodotto\/fer-a-lisser-led-titanio-4d\/#breadcrumb"},"inLanguage":"fr-FR","potentialAction":[{"@type":"ReadAction","target":["https:\/\/www.gamaprofessional.com\/fr\/prodotto\/fer-a-lisser-led-titanio-4d\/"]}]},{"@type":"ImageObject","inLanguage":"fr-FR","@id":"https:\/\/www.gamaprofessional.com\/fr\/prodotto\/fer-a-lisser-led-titanio-4d\/#primaryimage","url":"https:\/\/www.gamaprofessional.com\/wp-content\/uploads\/2024\/11\/CP14-TITANIO-LED-4D.png","contentUrl":"https:\/\/www.gamaprofessional.com\/wp-content\/uploads\/2024\/11\/CP14-TITANIO-LED-4D.png","width":1080,"height":1080,"caption":"CP14 TITANIO LED 4D"},{"@type":"BreadcrumbList","@id":"https:\/\/www.gamaprofessional.com\/fr\/prodotto\/fer-a-lisser-led-titanio-4d\/#breadcrumb","itemListElement":[{"@type":"ListItem","position":1,"name":"Home","item":"https:\/\/www.gamaprofessional.com\/fr\/page-daccueil\/"},{"@type":"ListItem","position":2,"name":"Boutique","item":"https:\/\/www.gamaprofessional.com\/shop\/"},{"@type":"ListItem","position":3,"name":"Haircare","item":"https:\/\/www.gamaprofessional.com\/fr\/categoria-prodotto\/haircare-fr\/"},{"@type":"ListItem","position":4,"name":"Fer \u00e0 Lisser","item":"https:\/\/www.gamaprofessional.com\/fr\/categoria-prodotto\/haircare-fr\/fer-a-lisser\/"},{"@type":"ListItem","position":5,"name":"FER \u00c0 LISSER LED TITANIO 4D"}]},{"@type":"WebSite","@id":"https:\/\/www.gamaprofessional.com\/fr\/#website","url":"https:\/\/www.gamaprofessional.com\/fr\/","name":"Gama Professional","description":"","potentialAction":[{"@type":"SearchAction","target":{"@type":"EntryPoint","urlTemplate":"https:\/\/www.gamaprofessional.com\/fr\/?s={search_term_string}"},"query-input":{"@type":"PropertyValueSpecification","valueRequired":true,"valueName":"search_term_string"}}],"inLanguage":"fr-FR"}]}},"_links":{"self":[{"href":"https:\/\/www.gamaprofessional.com\/fr\/wp-json\/wp\/v2\/product\/1745","targetHints":{"allow":["GET"]}}],"collection":[{"href":"https:\/\/www.gamaprofessional.com\/fr\/wp-json\/wp\/v2\/product"}],"about":[{"href":"https:\/\/www.gamaprofessional.com\/fr\/wp-json\/wp\/v2\/types\/product"}],"wp:featuredmedia":[{"embeddable":true,"href":"https:\/\/www.gamaprofessional.com\/fr\/wp-json\/wp\/v2\/media\/1742"}],"wp:attachment":[{"href":"https:\/\/www.gamaprofessional.com\/fr\/wp-json\/wp\/v2\/media?parent=1745"}],"wp:term":[{"taxonomy":"product_brand","embeddable":true,"href":"https:\/\/www.gamaprofessional.com\/fr\/wp-json\/wp\/v2\/product_brand?post=1745"},{"taxonomy":"product_cat","embeddable":true,"href":"https:\/\/www.gamaprofessional.com\/fr\/wp-json\/wp\/v2\/product_cat?post=1745"},{"taxonomy":"product_tag","embeddable":true,"href":"https:\/\/www.gamaprofessional.com\/fr\/wp-json\/wp\/v2\/product_tag?post=1745"}],"curies":[{"name":"wp","href":"https:\/\/api.w.org\/{rel}","templated":true}]}}