{"id":1765,"date":"2024-11-19T16:01:34","date_gmt":"2024-11-19T15:01:34","guid":{"rendered":"https:\/\/www.gamaprofessional.com\/?post_type=product&#038;p=1765"},"modified":"2026-01-23T19:33:55","modified_gmt":"2026-01-23T18:33:55","slug":"fer-a-lisser-x-wide-digital-titanio-4d","status":"publish","type":"product","link":"https:\/\/www.gamaprofessional.com\/fr\/prodotto\/fer-a-lisser-x-wide-digital-titanio-4d\/","title":{"rendered":"FER A LISSER X-WIDE DIGITAL TITANIO 4D"},"content":{"rendered":"<p>Le Fer \u00e0 lisser X-Wide Digital Titanio 4D est une solution avanc\u00e9e pour le coiffage des cheveux, con\u00e7ue pour offrir des r\u00e9sultats \u00e9tonnants. Ses plaques rev\u00eatues de <strong>titane poli<\/strong>, un mat\u00e9riau l\u00e9ger et durable, peuvent maintenir une temp\u00e9rature constante, assurant un transfert rapide et uniforme de la chaleur tout en prot\u00e9geant la fibre capillaire. <\/p>\n<p>La triple \u00e9mission <strong>d\u2019ozone<\/strong> et <strong>d\u2019ions<\/strong> assure non seulement un nettoyage en profondeur du cuir chevelu et une hydratation profonde, mais contr\u00f4le \u00e9galement les frisottis, garantissant des cheveux lisses et bien entretenus.<\/p>\n<p><strong>Les plaques extra larges et basculantes<\/strong> permettent au lisseur de s\u2019adapter parfaitement aux courbes naturelles des cheveux, r\u00e9duisant la pression et le stress pendant le coiffage et \u00e9vitant les dommages ou la casse des cheveux. Cette caract\u00e9ristique est particuli\u00e8rement avantageuse pour ceux qui ont des cheveux longs et \u00e9pais, permettant de compl\u00e9ter la mise en pli en une seule passe. La temp\u00e9rature r\u00e9glable, variant <strong>de 150\u00b0C \u00e0 230\u00b0C<\/strong>, permet de s\u00e9lectionner le niveau de chaleur optimal pour chaque type de cheveux.  <\/p>\n<p>Le Fer \u00e0 lisser X-Wide Digital Titanio 4D est \u00e9quip\u00e9 d\u2019un cordon pivotant \u00e0 360\u00b0, rendant la phase de coiffage encore plus confortable et pratique.<\/p>\n<p>D\u00e9couvrez la puissance et l\u2019efficacit\u00e9 du fer \u00e0 lisser X-Wide Digital Titanio 4D pour obtenir une mise en pli impeccable et durable. Des r\u00e9sultats professionnels m\u00eame \u00e0 la maison. <\/p>\n","protected":false},"excerpt":{"rendered":"<p>Le Fer \u00e0 lisser X-Wide Digital Titanio 4D offre une mise en pli durable, contr\u00f4le les frisottis et hydrate les cheveux gr\u00e2ce \u00e0 une triple \u00e9mission d\u2019ozone et d\u2019ions. Id\u00e9al pour ceux qui ont beaucoup de cheveux, des cheveux longs et \u00e9pais. <\/p>\n","protected":false},"featured_media":1762,"template":"","meta":{"_acf_changed":false},"product_brand":[],"product_cat":[441],"product_tag":[],"class_list":{"0":"post-1765","1":"product","2":"type-product","3":"status-publish","4":"has-post-thumbnail","6":"product_cat-fer-a-lisser","8":"first","9":"instock","10":"sale","11":"taxable","12":"shipping-taxable","13":"purchasable","14":"product-type-simple"},"acf":[],"yoast_head":"<!-- This site is optimized with the Yoast SEO plugin v27.5 - https:\/\/yoast.com\/product\/yoast-seo-wordpress\/ -->\n<title>FER A LISSER X-WIDE DIGITAL TITANIO 4D - Gama Professional<\/title>\n<meta name=\"description\" content=\"X-Wide Digital Titanio 4D est le lisseur id\u00e9al pour les cheveux longs et \u00e9pais. La triple \u00e9mission d&#039;ozone et d&#039;ions offre un coiffage longue dur\u00e9e, contr\u00f4le les frisottis et hydrate les cheveux.\" \/>\n<meta name=\"robots\" content=\"index, follow, max-snippet:-1, max-image-preview:large, max-video-preview:-1\" \/>\n<link rel=\"canonical\" href=\"https:\/\/www.gamaprofessional.com\/fr\/prodotto\/fer-a-lisser-x-wide-digital-titanio-4d\/\" \/>\n<meta property=\"og:locale\" content=\"fr_FR\" \/>\n<meta property=\"og:type\" content=\"article\" \/>\n<meta property=\"og:title\" content=\"FER A LISSER X-WIDE DIGITAL TITANIO 4D - Gama Professional\" \/>\n<meta property=\"og:description\" content=\"X-Wide Digital Titanio 4D est le lisseur id\u00e9al pour les cheveux longs et \u00e9pais. La triple \u00e9mission d&#039;ozone et d&#039;ions offre un coiffage longue dur\u00e9e, contr\u00f4le les frisottis et hydrate les cheveux.\" \/>\n<meta property=\"og:url\" content=\"https:\/\/www.gamaprofessional.com\/fr\/prodotto\/fer-a-lisser-x-wide-digital-titanio-4d\/\" \/>\n<meta property=\"og:site_name\" content=\"Gama Professional\" \/>\n<meta property=\"article:modified_time\" content=\"2026-01-23T18:33:55+00:00\" \/>\n<meta property=\"og:image\" content=\"https:\/\/www.gamaprofessional.com\/wp-content\/uploads\/2024\/11\/X-WIDE-DIGITAL-TITANIO-4D.png\" \/>\n\t<meta property=\"og:image:width\" content=\"1080\" \/>\n\t<meta property=\"og:image:height\" content=\"1080\" \/>\n\t<meta property=\"og:image:type\" content=\"image\/png\" \/>\n<meta name=\"twitter:card\" content=\"summary_large_image\" \/>\n<meta name=\"twitter:label1\" content=\"Dur\u00e9e de lecture estim\u00e9e\" \/>\n\t<meta name=\"twitter:data1\" content=\"1 minute\" \/>\n<script type=\"application\/ld+json\" class=\"yoast-schema-graph\">{\"@context\":\"https:\\\/\\\/schema.org\",\"@graph\":[{\"@type\":\"WebPage\",\"@id\":\"https:\\\/\\\/www.gamaprofessional.com\\\/fr\\\/prodotto\\\/fer-a-lisser-x-wide-digital-titanio-4d\\\/\",\"url\":\"https:\\\/\\\/www.gamaprofessional.com\\\/fr\\\/prodotto\\\/fer-a-lisser-x-wide-digital-titanio-4d\\\/\",\"name\":\"FER A LISSER X-WIDE DIGITAL TITANIO 4D - Gama Professional\",\"isPartOf\":{\"@id\":\"https:\\\/\\\/www.gamaprofessional.com\\\/fr\\\/#website\"},\"primaryImageOfPage\":{\"@id\":\"https:\\\/\\\/www.gamaprofessional.com\\\/fr\\\/prodotto\\\/fer-a-lisser-x-wide-digital-titanio-4d\\\/#primaryimage\"},\"image\":{\"@id\":\"https:\\\/\\\/www.gamaprofessional.com\\\/fr\\\/prodotto\\\/fer-a-lisser-x-wide-digital-titanio-4d\\\/#primaryimage\"},\"thumbnailUrl\":\"https:\\\/\\\/www.gamaprofessional.com\\\/wp-content\\\/uploads\\\/2024\\\/11\\\/X-WIDE-DIGITAL-TITANIO-4D.png\",\"datePublished\":\"2024-11-19T15:01:34+00:00\",\"dateModified\":\"2026-01-23T18:33:55+00:00\",\"description\":\"X-Wide Digital Titanio 4D est le lisseur id\u00e9al pour les cheveux longs et \u00e9pais. La triple \u00e9mission d'ozone et d'ions offre un coiffage longue dur\u00e9e, contr\u00f4le les frisottis et hydrate les cheveux.\",\"breadcrumb\":{\"@id\":\"https:\\\/\\\/www.gamaprofessional.com\\\/fr\\\/prodotto\\\/fer-a-lisser-x-wide-digital-titanio-4d\\\/#breadcrumb\"},\"inLanguage\":\"fr-FR\",\"potentialAction\":[{\"@type\":\"ReadAction\",\"target\":[\"https:\\\/\\\/www.gamaprofessional.com\\\/fr\\\/prodotto\\\/fer-a-lisser-x-wide-digital-titanio-4d\\\/\"]}]},{\"@type\":\"ImageObject\",\"inLanguage\":\"fr-FR\",\"@id\":\"https:\\\/\\\/www.gamaprofessional.com\\\/fr\\\/prodotto\\\/fer-a-lisser-x-wide-digital-titanio-4d\\\/#primaryimage\",\"url\":\"https:\\\/\\\/www.gamaprofessional.com\\\/wp-content\\\/uploads\\\/2024\\\/11\\\/X-WIDE-DIGITAL-TITANIO-4D.png\",\"contentUrl\":\"https:\\\/\\\/www.gamaprofessional.com\\\/wp-content\\\/uploads\\\/2024\\\/11\\\/X-WIDE-DIGITAL-TITANIO-4D.png\",\"width\":1080,\"height\":1080,\"caption\":\"X-WIDE DIGITAL TITANIO 4D\"},{\"@type\":\"BreadcrumbList\",\"@id\":\"https:\\\/\\\/www.gamaprofessional.com\\\/fr\\\/prodotto\\\/fer-a-lisser-x-wide-digital-titanio-4d\\\/#breadcrumb\",\"itemListElement\":[{\"@type\":\"ListItem\",\"position\":1,\"name\":\"Home\",\"item\":\"https:\\\/\\\/www.gamaprofessional.com\\\/fr\\\/page-daccueil\\\/\"},{\"@type\":\"ListItem\",\"position\":2,\"name\":\"Boutique\",\"item\":\"https:\\\/\\\/www.gamaprofessional.com\\\/shop\\\/\"},{\"@type\":\"ListItem\",\"position\":3,\"name\":\"Haircare\",\"item\":\"https:\\\/\\\/www.gamaprofessional.com\\\/fr\\\/categoria-prodotto\\\/haircare-fr\\\/\"},{\"@type\":\"ListItem\",\"position\":4,\"name\":\"Fer \u00e0 Lisser\",\"item\":\"https:\\\/\\\/www.gamaprofessional.com\\\/fr\\\/categoria-prodotto\\\/haircare-fr\\\/fer-a-lisser\\\/\"},{\"@type\":\"ListItem\",\"position\":5,\"name\":\"FER A LISSER X-WIDE DIGITAL TITANIO 4D\"}]},{\"@type\":\"WebSite\",\"@id\":\"https:\\\/\\\/www.gamaprofessional.com\\\/fr\\\/#website\",\"url\":\"https:\\\/\\\/www.gamaprofessional.com\\\/fr\\\/\",\"name\":\"Gama Professional\",\"description\":\"\",\"potentialAction\":[{\"@type\":\"SearchAction\",\"target\":{\"@type\":\"EntryPoint\",\"urlTemplate\":\"https:\\\/\\\/www.gamaprofessional.com\\\/fr\\\/?s={search_term_string}\"},\"query-input\":{\"@type\":\"PropertyValueSpecification\",\"valueRequired\":true,\"valueName\":\"search_term_string\"}}],\"inLanguage\":\"fr-FR\"}]}<\/script>\n<!-- \/ Yoast SEO plugin. -->","yoast_head_json":{"title":"FER A LISSER X-WIDE DIGITAL TITANIO 4D - Gama Professional","description":"X-Wide Digital Titanio 4D est le lisseur id\u00e9al pour les cheveux longs et \u00e9pais. La triple \u00e9mission d'ozone et d'ions offre un coiffage longue dur\u00e9e, contr\u00f4le les frisottis et hydrate les cheveux.","robots":{"index":"index","follow":"follow","max-snippet":"max-snippet:-1","max-image-preview":"max-image-preview:large","max-video-preview":"max-video-preview:-1"},"canonical":"https:\/\/www.gamaprofessional.com\/fr\/prodotto\/fer-a-lisser-x-wide-digital-titanio-4d\/","og_locale":"fr_FR","og_type":"article","og_title":"FER A LISSER X-WIDE DIGITAL TITANIO 4D - Gama Professional","og_description":"X-Wide Digital Titanio 4D est le lisseur id\u00e9al pour les cheveux longs et \u00e9pais. La triple \u00e9mission d'ozone et d'ions offre un coiffage longue dur\u00e9e, contr\u00f4le les frisottis et hydrate les cheveux.","og_url":"https:\/\/www.gamaprofessional.com\/fr\/prodotto\/fer-a-lisser-x-wide-digital-titanio-4d\/","og_site_name":"Gama Professional","article_modified_time":"2026-01-23T18:33:55+00:00","og_image":[{"width":1080,"height":1080,"url":"https:\/\/www.gamaprofessional.com\/wp-content\/uploads\/2024\/11\/X-WIDE-DIGITAL-TITANIO-4D.png","type":"image\/png"}],"twitter_card":"summary_large_image","twitter_misc":{"Dur\u00e9e de lecture estim\u00e9e":"1 minute"},"schema":{"@context":"https:\/\/schema.org","@graph":[{"@type":"WebPage","@id":"https:\/\/www.gamaprofessional.com\/fr\/prodotto\/fer-a-lisser-x-wide-digital-titanio-4d\/","url":"https:\/\/www.gamaprofessional.com\/fr\/prodotto\/fer-a-lisser-x-wide-digital-titanio-4d\/","name":"FER A LISSER X-WIDE DIGITAL TITANIO 4D - Gama Professional","isPartOf":{"@id":"https:\/\/www.gamaprofessional.com\/fr\/#website"},"primaryImageOfPage":{"@id":"https:\/\/www.gamaprofessional.com\/fr\/prodotto\/fer-a-lisser-x-wide-digital-titanio-4d\/#primaryimage"},"image":{"@id":"https:\/\/www.gamaprofessional.com\/fr\/prodotto\/fer-a-lisser-x-wide-digital-titanio-4d\/#primaryimage"},"thumbnailUrl":"https:\/\/www.gamaprofessional.com\/wp-content\/uploads\/2024\/11\/X-WIDE-DIGITAL-TITANIO-4D.png","datePublished":"2024-11-19T15:01:34+00:00","dateModified":"2026-01-23T18:33:55+00:00","description":"X-Wide Digital Titanio 4D est le lisseur id\u00e9al pour les cheveux longs et \u00e9pais. La triple \u00e9mission d'ozone et d'ions offre un coiffage longue dur\u00e9e, contr\u00f4le les frisottis et hydrate les cheveux.","breadcrumb":{"@id":"https:\/\/www.gamaprofessional.com\/fr\/prodotto\/fer-a-lisser-x-wide-digital-titanio-4d\/#breadcrumb"},"inLanguage":"fr-FR","potentialAction":[{"@type":"ReadAction","target":["https:\/\/www.gamaprofessional.com\/fr\/prodotto\/fer-a-lisser-x-wide-digital-titanio-4d\/"]}]},{"@type":"ImageObject","inLanguage":"fr-FR","@id":"https:\/\/www.gamaprofessional.com\/fr\/prodotto\/fer-a-lisser-x-wide-digital-titanio-4d\/#primaryimage","url":"https:\/\/www.gamaprofessional.com\/wp-content\/uploads\/2024\/11\/X-WIDE-DIGITAL-TITANIO-4D.png","contentUrl":"https:\/\/www.gamaprofessional.com\/wp-content\/uploads\/2024\/11\/X-WIDE-DIGITAL-TITANIO-4D.png","width":1080,"height":1080,"caption":"X-WIDE DIGITAL TITANIO 4D"},{"@type":"BreadcrumbList","@id":"https:\/\/www.gamaprofessional.com\/fr\/prodotto\/fer-a-lisser-x-wide-digital-titanio-4d\/#breadcrumb","itemListElement":[{"@type":"ListItem","position":1,"name":"Home","item":"https:\/\/www.gamaprofessional.com\/fr\/page-daccueil\/"},{"@type":"ListItem","position":2,"name":"Boutique","item":"https:\/\/www.gamaprofessional.com\/shop\/"},{"@type":"ListItem","position":3,"name":"Haircare","item":"https:\/\/www.gamaprofessional.com\/fr\/categoria-prodotto\/haircare-fr\/"},{"@type":"ListItem","position":4,"name":"Fer \u00e0 Lisser","item":"https:\/\/www.gamaprofessional.com\/fr\/categoria-prodotto\/haircare-fr\/fer-a-lisser\/"},{"@type":"ListItem","position":5,"name":"FER A LISSER X-WIDE DIGITAL TITANIO 4D"}]},{"@type":"WebSite","@id":"https:\/\/www.gamaprofessional.com\/fr\/#website","url":"https:\/\/www.gamaprofessional.com\/fr\/","name":"Gama Professional","description":"","potentialAction":[{"@type":"SearchAction","target":{"@type":"EntryPoint","urlTemplate":"https:\/\/www.gamaprofessional.com\/fr\/?s={search_term_string}"},"query-input":{"@type":"PropertyValueSpecification","valueRequired":true,"valueName":"search_term_string"}}],"inLanguage":"fr-FR"}]}},"_links":{"self":[{"href":"https:\/\/www.gamaprofessional.com\/fr\/wp-json\/wp\/v2\/product\/1765","targetHints":{"allow":["GET"]}}],"collection":[{"href":"https:\/\/www.gamaprofessional.com\/fr\/wp-json\/wp\/v2\/product"}],"about":[{"href":"https:\/\/www.gamaprofessional.com\/fr\/wp-json\/wp\/v2\/types\/product"}],"wp:featuredmedia":[{"embeddable":true,"href":"https:\/\/www.gamaprofessional.com\/fr\/wp-json\/wp\/v2\/media\/1762"}],"wp:attachment":[{"href":"https:\/\/www.gamaprofessional.com\/fr\/wp-json\/wp\/v2\/media?parent=1765"}],"wp:term":[{"taxonomy":"product_brand","embeddable":true,"href":"https:\/\/www.gamaprofessional.com\/fr\/wp-json\/wp\/v2\/product_brand?post=1765"},{"taxonomy":"product_cat","embeddable":true,"href":"https:\/\/www.gamaprofessional.com\/fr\/wp-json\/wp\/v2\/product_cat?post=1765"},{"taxonomy":"product_tag","embeddable":true,"href":"https:\/\/www.gamaprofessional.com\/fr\/wp-json\/wp\/v2\/product_tag?post=1765"}],"curies":[{"name":"wp","href":"https:\/\/api.w.org\/{rel}","templated":true}]}}