{"id":1773,"date":"2024-11-19T16:26:14","date_gmt":"2024-11-19T15:26:14","guid":{"rendered":"https:\/\/www.gamaprofessional.com\/?post_type=product&#038;p=1773"},"modified":"2025-05-01T01:00:07","modified_gmt":"2025-04-30T23:00:07","slug":"fer-a-lisser-g-style-on-off-wide-long","status":"publish","type":"product","link":"https:\/\/www.gamaprofessional.com\/fr\/prodotto\/fer-a-lisser-g-style-on-off-wide-long\/","title":{"rendered":"FER \u00c0 LISSER G-STYLE ON-OFF WIDE &amp; LONG"},"content":{"rendered":"<p>G-Style On-Off Wide &amp; Long est \u00e9quip\u00e9 de <strong>plaques larges, longues <\/strong> et <strong>basculantes<\/strong> qui vous permettent d\u2019obtenir le style souhait\u00e9 en quelques passages simples. Gr\u00e2ce \u00e0 la forme et \u00e0 l\u2019oscillation de ces plaques, la chaleur est r\u00e9partie uniform\u00e9ment, r\u00e9duisant le stress sur les cheveux et pr\u00e9venant les dommages et les cassures. <\/p>\n<p>Les plaques rev\u00eatues de <strong> Silk Chrome<\/strong> assurent un glissement doux et facile sur les cheveux, offrant des performances optimales, notamment sur les cheveux trait\u00e9s chimiquement.<\/p>\n<p>La forme arrondie des plaques externes permet la cr\u00e9ation de styles <strong>lisses<\/strong> ou <strong>ondul\u00e9s<\/strong> avec facilit\u00e9. La poign\u00e9e antid\u00e9rapante et le cordon pivotant de 3 m\u00e8tres \u00e0 360\u00b0 offrent une plus grande libert\u00e9 de mouvement pendant l\u2019utilisation, garantissant une exp\u00e9rience de coiffage confortable et doucement. <\/p>\n<p>Choisissez G-Style On-Off Wide &amp; Long, le choix parfait pour un coiffage sans effort et impeccable.<\/p>\n","protected":false},"excerpt":{"rendered":"<p>Un fer \u00e0 lisser au design arrondi pour obtenir des cheveux lisses et des boucles. Les plaques sont antibact\u00e9riennes et pivotantes pour \u00e9viter tout stress thermique inutile. La technologie Silk-Chrome permet un glissement facile et d\u00e9licat. Temp\u00e9rature fixe \u00e0 230\u00b0C.   <\/p>\n","protected":false},"featured_media":1770,"template":"","meta":{"_acf_changed":false},"product_brand":[],"product_cat":[441],"product_tag":[],"class_list":{"0":"post-1773","1":"product","2":"type-product","3":"status-publish","4":"has-post-thumbnail","6":"product_cat-fer-a-lisser","8":"first","9":"instock","10":"taxable","11":"shipping-taxable","12":"purchasable","13":"product-type-simple"},"acf":[],"yoast_head":"<!-- This site is optimized with the Yoast SEO plugin v27.5 - https:\/\/yoast.com\/product\/yoast-seo-wordpress\/ -->\n<title>FER \u00c0 LISSER G-STYLE ON-OFF WIDE &amp; LONG - Gama Professional<\/title>\n<meta name=\"description\" content=\"Fer \u00e0 lisser au design arrondi pour obtenir des cheveux lisses et des boucles en quelques passages seulement.La technologie Silk-Chrome permet une glisse facile et d\u00e9licate.\" \/>\n<meta name=\"robots\" content=\"index, follow, max-snippet:-1, max-image-preview:large, max-video-preview:-1\" \/>\n<link rel=\"canonical\" href=\"https:\/\/www.gamaprofessional.com\/fr\/prodotto\/fer-a-lisser-g-style-on-off-wide-long\/\" \/>\n<meta property=\"og:locale\" content=\"fr_FR\" \/>\n<meta property=\"og:type\" content=\"article\" \/>\n<meta property=\"og:title\" content=\"FER \u00c0 LISSER G-STYLE ON-OFF WIDE &amp; LONG - Gama Professional\" \/>\n<meta property=\"og:description\" content=\"Fer \u00e0 lisser au design arrondi pour obtenir des cheveux lisses et des boucles en quelques passages seulement.La technologie Silk-Chrome permet une glisse facile et d\u00e9licate.\" \/>\n<meta property=\"og:url\" content=\"https:\/\/www.gamaprofessional.com\/fr\/prodotto\/fer-a-lisser-g-style-on-off-wide-long\/\" \/>\n<meta property=\"og:site_name\" content=\"Gama Professional\" \/>\n<meta property=\"article:modified_time\" content=\"2025-04-30T23:00:07+00:00\" \/>\n<meta property=\"og:image\" content=\"https:\/\/www.gamaprofessional.com\/wp-content\/uploads\/2024\/11\/G-STYLE-ON-OFF-WIDE-LONG.png\" \/>\n\t<meta property=\"og:image:width\" content=\"1080\" \/>\n\t<meta property=\"og:image:height\" content=\"1080\" \/>\n\t<meta property=\"og:image:type\" content=\"image\/png\" \/>\n<meta name=\"twitter:card\" content=\"summary_large_image\" \/>\n<meta name=\"twitter:label1\" content=\"Dur\u00e9e de lecture estim\u00e9e\" \/>\n\t<meta name=\"twitter:data1\" content=\"1 minute\" \/>\n<script type=\"application\/ld+json\" class=\"yoast-schema-graph\">{\"@context\":\"https:\\\/\\\/schema.org\",\"@graph\":[{\"@type\":\"WebPage\",\"@id\":\"https:\\\/\\\/www.gamaprofessional.com\\\/fr\\\/prodotto\\\/fer-a-lisser-g-style-on-off-wide-long\\\/\",\"url\":\"https:\\\/\\\/www.gamaprofessional.com\\\/fr\\\/prodotto\\\/fer-a-lisser-g-style-on-off-wide-long\\\/\",\"name\":\"FER \u00c0 LISSER G-STYLE ON-OFF WIDE &amp; LONG - Gama Professional\",\"isPartOf\":{\"@id\":\"https:\\\/\\\/www.gamaprofessional.com\\\/fr\\\/#website\"},\"primaryImageOfPage\":{\"@id\":\"https:\\\/\\\/www.gamaprofessional.com\\\/fr\\\/prodotto\\\/fer-a-lisser-g-style-on-off-wide-long\\\/#primaryimage\"},\"image\":{\"@id\":\"https:\\\/\\\/www.gamaprofessional.com\\\/fr\\\/prodotto\\\/fer-a-lisser-g-style-on-off-wide-long\\\/#primaryimage\"},\"thumbnailUrl\":\"https:\\\/\\\/www.gamaprofessional.com\\\/wp-content\\\/uploads\\\/2024\\\/11\\\/G-STYLE-ON-OFF-WIDE-LONG.png\",\"datePublished\":\"2024-11-19T15:26:14+00:00\",\"dateModified\":\"2025-04-30T23:00:07+00:00\",\"description\":\"Fer \u00e0 lisser au design arrondi pour obtenir des cheveux lisses et des boucles en quelques passages seulement.La technologie Silk-Chrome permet une glisse facile et d\u00e9licate.\",\"breadcrumb\":{\"@id\":\"https:\\\/\\\/www.gamaprofessional.com\\\/fr\\\/prodotto\\\/fer-a-lisser-g-style-on-off-wide-long\\\/#breadcrumb\"},\"inLanguage\":\"fr-FR\",\"potentialAction\":[{\"@type\":\"ReadAction\",\"target\":[\"https:\\\/\\\/www.gamaprofessional.com\\\/fr\\\/prodotto\\\/fer-a-lisser-g-style-on-off-wide-long\\\/\"]}]},{\"@type\":\"ImageObject\",\"inLanguage\":\"fr-FR\",\"@id\":\"https:\\\/\\\/www.gamaprofessional.com\\\/fr\\\/prodotto\\\/fer-a-lisser-g-style-on-off-wide-long\\\/#primaryimage\",\"url\":\"https:\\\/\\\/www.gamaprofessional.com\\\/wp-content\\\/uploads\\\/2024\\\/11\\\/G-STYLE-ON-OFF-WIDE-LONG.png\",\"contentUrl\":\"https:\\\/\\\/www.gamaprofessional.com\\\/wp-content\\\/uploads\\\/2024\\\/11\\\/G-STYLE-ON-OFF-WIDE-LONG.png\",\"width\":1080,\"height\":1080,\"caption\":\"G-STYLE ON-OFF WIDE & LONG\"},{\"@type\":\"BreadcrumbList\",\"@id\":\"https:\\\/\\\/www.gamaprofessional.com\\\/fr\\\/prodotto\\\/fer-a-lisser-g-style-on-off-wide-long\\\/#breadcrumb\",\"itemListElement\":[{\"@type\":\"ListItem\",\"position\":1,\"name\":\"Home\",\"item\":\"https:\\\/\\\/www.gamaprofessional.com\\\/fr\\\/page-daccueil\\\/\"},{\"@type\":\"ListItem\",\"position\":2,\"name\":\"Boutique\",\"item\":\"https:\\\/\\\/www.gamaprofessional.com\\\/shop\\\/\"},{\"@type\":\"ListItem\",\"position\":3,\"name\":\"Haircare\",\"item\":\"https:\\\/\\\/www.gamaprofessional.com\\\/fr\\\/categoria-prodotto\\\/haircare-fr\\\/\"},{\"@type\":\"ListItem\",\"position\":4,\"name\":\"Fer \u00e0 Lisser\",\"item\":\"https:\\\/\\\/www.gamaprofessional.com\\\/fr\\\/categoria-prodotto\\\/haircare-fr\\\/fer-a-lisser\\\/\"},{\"@type\":\"ListItem\",\"position\":5,\"name\":\"FER \u00c0 LISSER G-STYLE ON-OFF WIDE &amp; LONG\"}]},{\"@type\":\"WebSite\",\"@id\":\"https:\\\/\\\/www.gamaprofessional.com\\\/fr\\\/#website\",\"url\":\"https:\\\/\\\/www.gamaprofessional.com\\\/fr\\\/\",\"name\":\"Gama Professional\",\"description\":\"\",\"potentialAction\":[{\"@type\":\"SearchAction\",\"target\":{\"@type\":\"EntryPoint\",\"urlTemplate\":\"https:\\\/\\\/www.gamaprofessional.com\\\/fr\\\/?s={search_term_string}\"},\"query-input\":{\"@type\":\"PropertyValueSpecification\",\"valueRequired\":true,\"valueName\":\"search_term_string\"}}],\"inLanguage\":\"fr-FR\"}]}<\/script>\n<!-- \/ Yoast SEO plugin. -->","yoast_head_json":{"title":"FER \u00c0 LISSER G-STYLE ON-OFF WIDE &amp; LONG - Gama Professional","description":"Fer \u00e0 lisser au design arrondi pour obtenir des cheveux lisses et des boucles en quelques passages seulement.La technologie Silk-Chrome permet une glisse facile et d\u00e9licate.","robots":{"index":"index","follow":"follow","max-snippet":"max-snippet:-1","max-image-preview":"max-image-preview:large","max-video-preview":"max-video-preview:-1"},"canonical":"https:\/\/www.gamaprofessional.com\/fr\/prodotto\/fer-a-lisser-g-style-on-off-wide-long\/","og_locale":"fr_FR","og_type":"article","og_title":"FER \u00c0 LISSER G-STYLE ON-OFF WIDE &amp; LONG - Gama Professional","og_description":"Fer \u00e0 lisser au design arrondi pour obtenir des cheveux lisses et des boucles en quelques passages seulement.La technologie Silk-Chrome permet une glisse facile et d\u00e9licate.","og_url":"https:\/\/www.gamaprofessional.com\/fr\/prodotto\/fer-a-lisser-g-style-on-off-wide-long\/","og_site_name":"Gama Professional","article_modified_time":"2025-04-30T23:00:07+00:00","og_image":[{"width":1080,"height":1080,"url":"https:\/\/www.gamaprofessional.com\/wp-content\/uploads\/2024\/11\/G-STYLE-ON-OFF-WIDE-LONG.png","type":"image\/png"}],"twitter_card":"summary_large_image","twitter_misc":{"Dur\u00e9e de lecture estim\u00e9e":"1 minute"},"schema":{"@context":"https:\/\/schema.org","@graph":[{"@type":"WebPage","@id":"https:\/\/www.gamaprofessional.com\/fr\/prodotto\/fer-a-lisser-g-style-on-off-wide-long\/","url":"https:\/\/www.gamaprofessional.com\/fr\/prodotto\/fer-a-lisser-g-style-on-off-wide-long\/","name":"FER \u00c0 LISSER G-STYLE ON-OFF WIDE &amp; LONG - Gama Professional","isPartOf":{"@id":"https:\/\/www.gamaprofessional.com\/fr\/#website"},"primaryImageOfPage":{"@id":"https:\/\/www.gamaprofessional.com\/fr\/prodotto\/fer-a-lisser-g-style-on-off-wide-long\/#primaryimage"},"image":{"@id":"https:\/\/www.gamaprofessional.com\/fr\/prodotto\/fer-a-lisser-g-style-on-off-wide-long\/#primaryimage"},"thumbnailUrl":"https:\/\/www.gamaprofessional.com\/wp-content\/uploads\/2024\/11\/G-STYLE-ON-OFF-WIDE-LONG.png","datePublished":"2024-11-19T15:26:14+00:00","dateModified":"2025-04-30T23:00:07+00:00","description":"Fer \u00e0 lisser au design arrondi pour obtenir des cheveux lisses et des boucles en quelques passages seulement.La technologie Silk-Chrome permet une glisse facile et d\u00e9licate.","breadcrumb":{"@id":"https:\/\/www.gamaprofessional.com\/fr\/prodotto\/fer-a-lisser-g-style-on-off-wide-long\/#breadcrumb"},"inLanguage":"fr-FR","potentialAction":[{"@type":"ReadAction","target":["https:\/\/www.gamaprofessional.com\/fr\/prodotto\/fer-a-lisser-g-style-on-off-wide-long\/"]}]},{"@type":"ImageObject","inLanguage":"fr-FR","@id":"https:\/\/www.gamaprofessional.com\/fr\/prodotto\/fer-a-lisser-g-style-on-off-wide-long\/#primaryimage","url":"https:\/\/www.gamaprofessional.com\/wp-content\/uploads\/2024\/11\/G-STYLE-ON-OFF-WIDE-LONG.png","contentUrl":"https:\/\/www.gamaprofessional.com\/wp-content\/uploads\/2024\/11\/G-STYLE-ON-OFF-WIDE-LONG.png","width":1080,"height":1080,"caption":"G-STYLE ON-OFF WIDE & LONG"},{"@type":"BreadcrumbList","@id":"https:\/\/www.gamaprofessional.com\/fr\/prodotto\/fer-a-lisser-g-style-on-off-wide-long\/#breadcrumb","itemListElement":[{"@type":"ListItem","position":1,"name":"Home","item":"https:\/\/www.gamaprofessional.com\/fr\/page-daccueil\/"},{"@type":"ListItem","position":2,"name":"Boutique","item":"https:\/\/www.gamaprofessional.com\/shop\/"},{"@type":"ListItem","position":3,"name":"Haircare","item":"https:\/\/www.gamaprofessional.com\/fr\/categoria-prodotto\/haircare-fr\/"},{"@type":"ListItem","position":4,"name":"Fer \u00e0 Lisser","item":"https:\/\/www.gamaprofessional.com\/fr\/categoria-prodotto\/haircare-fr\/fer-a-lisser\/"},{"@type":"ListItem","position":5,"name":"FER \u00c0 LISSER G-STYLE ON-OFF WIDE &amp; LONG"}]},{"@type":"WebSite","@id":"https:\/\/www.gamaprofessional.com\/fr\/#website","url":"https:\/\/www.gamaprofessional.com\/fr\/","name":"Gama Professional","description":"","potentialAction":[{"@type":"SearchAction","target":{"@type":"EntryPoint","urlTemplate":"https:\/\/www.gamaprofessional.com\/fr\/?s={search_term_string}"},"query-input":{"@type":"PropertyValueSpecification","valueRequired":true,"valueName":"search_term_string"}}],"inLanguage":"fr-FR"}]}},"_links":{"self":[{"href":"https:\/\/www.gamaprofessional.com\/fr\/wp-json\/wp\/v2\/product\/1773","targetHints":{"allow":["GET"]}}],"collection":[{"href":"https:\/\/www.gamaprofessional.com\/fr\/wp-json\/wp\/v2\/product"}],"about":[{"href":"https:\/\/www.gamaprofessional.com\/fr\/wp-json\/wp\/v2\/types\/product"}],"wp:featuredmedia":[{"embeddable":true,"href":"https:\/\/www.gamaprofessional.com\/fr\/wp-json\/wp\/v2\/media\/1770"}],"wp:attachment":[{"href":"https:\/\/www.gamaprofessional.com\/fr\/wp-json\/wp\/v2\/media?parent=1773"}],"wp:term":[{"taxonomy":"product_brand","embeddable":true,"href":"https:\/\/www.gamaprofessional.com\/fr\/wp-json\/wp\/v2\/product_brand?post=1773"},{"taxonomy":"product_cat","embeddable":true,"href":"https:\/\/www.gamaprofessional.com\/fr\/wp-json\/wp\/v2\/product_cat?post=1773"},{"taxonomy":"product_tag","embeddable":true,"href":"https:\/\/www.gamaprofessional.com\/fr\/wp-json\/wp\/v2\/product_tag?post=1773"}],"curies":[{"name":"wp","href":"https:\/\/api.w.org\/{rel}","templated":true}]}}