{"id":1781,"date":"2024-11-19T16:36:52","date_gmt":"2024-11-19T15:36:52","guid":{"rendered":"https:\/\/www.gamaprofessional.com\/?post_type=product&#038;p=1781"},"modified":"2026-02-23T14:11:35","modified_gmt":"2026-02-23T13:11:35","slug":"fer-a-lisser-g-style-oxy-active-wide-long","status":"publish","type":"product","link":"https:\/\/www.gamaprofessional.com\/fr\/prodotto\/fer-a-lisser-g-style-oxy-active-wide-long\/","title":{"rendered":"FER A LISSER G-STYLE OXY-ACTIVE WIDE &amp; LONG"},"content":{"rendered":"<p>Active qui exploite les incroyables propri\u00e9t\u00e9s antibact\u00e9riennes, antifongiques et rajeunissantes de l\u2019<g id=\"gid_0\">oxyg\u00e8ne actif<\/g> et des <g id=\"gid_1\">ions n\u00e9gatifs<\/g>, elle promet des cheveux sains, hydrat\u00e9s, sans frisottis, brillants et r\u00e9g\u00e9n\u00e9r\u00e9s des cuticules aux pointes. Elle permet \u00e9galement d\u2019obtenir l\u2019effet Color Lock, offrant ainsi une plus grande long\u00e9vit\u00e9 des colorations.  <\/p>\n<p>Les <strong>plaques larges, grandes<\/strong> et <strong>basculantes<\/strong> permettent au fer de mieux s\u2019adapter aux m\u00e8ches volumineuses et garantissent une distribution uniforme de la chaleur, \u00e9vitant ainsi le stress sur les cheveux, surtout lors de l\u2019utilisation fr\u00e9quente d\u2019outils thermiques. L\u2019adaptabilit\u00e9 des plaques contribue \u00e9galement \u00e0 r\u00e9duire le risque d\u2019irritation du cuir chevelu, surtout lorsqu\u2019on travaille pr\u00e8s des racines des cheveux. <\/p>\n<p>Les plaques, rev\u00eatues de <strong>Silk Chrome<\/strong>, offrent d\u2019excellentes performances lors du coiffage gr\u00e2ce \u00e0 un glissement facile et d\u00e9licat. La <strong>conception arrondie<\/strong> rend cette plaque id\u00e9ale pour cr\u00e9er facilement des styles \u00e0 la fois lisses et ondul\u00e9s. <\/p>\n<p>Profitez de la libert\u00e9 de mouvement lors du coiffage gr\u00e2ce \u00e0 la poign\u00e9e antid\u00e9rapante et au cordon pivotant \u00e0 360\u00b0 de 3 m\u00e8tres. D\u00e9couvrez la puissance de la technologie Oxy Active avec G G-Style Oxy Active Wide &amp; Long, le choix parfait pour une coiffure avanc\u00e9e et des soins capillaires complets. <\/p>\n","protected":false},"excerpt":{"rendered":"<p>Fer \u00e0 lisser id\u00e9ale pour obtenir des cheveux parfaitement lisses ou boucl\u00e9s. L\u2019action combin\u00e9e de l\u2019oxyg\u00e8ne actif et des ions garantit une plus grande long\u00e9vit\u00e9 des colorations, donne plus de brillance aux cheveux et \u00e9limine l\u2019effet frisottis. Temp\u00e9rature fixe \u00e0 230\u00b0C.  <\/p>\n","protected":false},"featured_media":1778,"template":"","meta":{"_acf_changed":false},"product_brand":[],"product_cat":[441],"product_tag":[],"class_list":{"0":"post-1781","1":"product","2":"type-product","3":"status-publish","4":"has-post-thumbnail","6":"product_cat-fer-a-lisser","8":"first","9":"instock","10":"taxable","11":"shipping-taxable","12":"purchasable","13":"product-type-simple"},"acf":[],"yoast_head":"<!-- This site is optimized with the Yoast SEO plugin v27.5 - https:\/\/yoast.com\/product\/yoast-seo-wordpress\/ -->\n<title>FER A LISSER G-STYLE OXY-ACTIVE WIDE &amp; LONG - Gama Professional<\/title>\n<meta name=\"description\" content=\"Lisseur polyvalent pour cheveux lisses ou boucl\u00e9s. La combinaison d&#039;oxyg\u00e8ne actif et d&#039;ions assure une couleur plus durable, une plus grande brillance aux cheveux et \u00e9limine les frisottis.\" \/>\n<meta name=\"robots\" content=\"index, follow, max-snippet:-1, max-image-preview:large, max-video-preview:-1\" \/>\n<link rel=\"canonical\" href=\"https:\/\/www.gamaprofessional.com\/fr\/prodotto\/fer-a-lisser-g-style-oxy-active-wide-long\/\" \/>\n<meta property=\"og:locale\" content=\"fr_FR\" \/>\n<meta property=\"og:type\" content=\"article\" \/>\n<meta property=\"og:title\" content=\"FER A LISSER G-STYLE OXY-ACTIVE WIDE &amp; LONG - Gama Professional\" \/>\n<meta property=\"og:description\" content=\"Lisseur polyvalent pour cheveux lisses ou boucl\u00e9s. La combinaison d&#039;oxyg\u00e8ne actif et d&#039;ions assure une couleur plus durable, une plus grande brillance aux cheveux et \u00e9limine les frisottis.\" \/>\n<meta property=\"og:url\" content=\"https:\/\/www.gamaprofessional.com\/fr\/prodotto\/fer-a-lisser-g-style-oxy-active-wide-long\/\" \/>\n<meta property=\"og:site_name\" content=\"Gama Professional\" \/>\n<meta property=\"article:modified_time\" content=\"2026-02-23T13:11:35+00:00\" \/>\n<meta property=\"og:image\" content=\"https:\/\/www.gamaprofessional.com\/wp-content\/uploads\/2024\/11\/G-STYLE-OXY-ACTIVE-WIDE-LONG.png\" \/>\n\t<meta property=\"og:image:width\" content=\"1080\" \/>\n\t<meta property=\"og:image:height\" content=\"1080\" \/>\n\t<meta property=\"og:image:type\" content=\"image\/png\" \/>\n<meta name=\"twitter:card\" content=\"summary_large_image\" \/>\n<meta name=\"twitter:label1\" content=\"Dur\u00e9e de lecture estim\u00e9e\" \/>\n\t<meta name=\"twitter:data1\" content=\"1 minute\" \/>\n<script type=\"application\/ld+json\" class=\"yoast-schema-graph\">{\"@context\":\"https:\\\/\\\/schema.org\",\"@graph\":[{\"@type\":\"WebPage\",\"@id\":\"https:\\\/\\\/www.gamaprofessional.com\\\/fr\\\/prodotto\\\/fer-a-lisser-g-style-oxy-active-wide-long\\\/\",\"url\":\"https:\\\/\\\/www.gamaprofessional.com\\\/fr\\\/prodotto\\\/fer-a-lisser-g-style-oxy-active-wide-long\\\/\",\"name\":\"FER A LISSER G-STYLE OXY-ACTIVE WIDE &amp; LONG - Gama Professional\",\"isPartOf\":{\"@id\":\"https:\\\/\\\/www.gamaprofessional.com\\\/fr\\\/#website\"},\"primaryImageOfPage\":{\"@id\":\"https:\\\/\\\/www.gamaprofessional.com\\\/fr\\\/prodotto\\\/fer-a-lisser-g-style-oxy-active-wide-long\\\/#primaryimage\"},\"image\":{\"@id\":\"https:\\\/\\\/www.gamaprofessional.com\\\/fr\\\/prodotto\\\/fer-a-lisser-g-style-oxy-active-wide-long\\\/#primaryimage\"},\"thumbnailUrl\":\"https:\\\/\\\/www.gamaprofessional.com\\\/wp-content\\\/uploads\\\/2024\\\/11\\\/G-STYLE-OXY-ACTIVE-WIDE-LONG.png\",\"datePublished\":\"2024-11-19T15:36:52+00:00\",\"dateModified\":\"2026-02-23T13:11:35+00:00\",\"description\":\"Lisseur polyvalent pour cheveux lisses ou boucl\u00e9s. La combinaison d'oxyg\u00e8ne actif et d'ions assure une couleur plus durable, une plus grande brillance aux cheveux et \u00e9limine les frisottis.\",\"breadcrumb\":{\"@id\":\"https:\\\/\\\/www.gamaprofessional.com\\\/fr\\\/prodotto\\\/fer-a-lisser-g-style-oxy-active-wide-long\\\/#breadcrumb\"},\"inLanguage\":\"fr-FR\",\"potentialAction\":[{\"@type\":\"ReadAction\",\"target\":[\"https:\\\/\\\/www.gamaprofessional.com\\\/fr\\\/prodotto\\\/fer-a-lisser-g-style-oxy-active-wide-long\\\/\"]}]},{\"@type\":\"ImageObject\",\"inLanguage\":\"fr-FR\",\"@id\":\"https:\\\/\\\/www.gamaprofessional.com\\\/fr\\\/prodotto\\\/fer-a-lisser-g-style-oxy-active-wide-long\\\/#primaryimage\",\"url\":\"https:\\\/\\\/www.gamaprofessional.com\\\/wp-content\\\/uploads\\\/2024\\\/11\\\/G-STYLE-OXY-ACTIVE-WIDE-LONG.png\",\"contentUrl\":\"https:\\\/\\\/www.gamaprofessional.com\\\/wp-content\\\/uploads\\\/2024\\\/11\\\/G-STYLE-OXY-ACTIVE-WIDE-LONG.png\",\"width\":1080,\"height\":1080,\"caption\":\"G-STYLE OXY-ACTIVE WIDE & LONG\"},{\"@type\":\"BreadcrumbList\",\"@id\":\"https:\\\/\\\/www.gamaprofessional.com\\\/fr\\\/prodotto\\\/fer-a-lisser-g-style-oxy-active-wide-long\\\/#breadcrumb\",\"itemListElement\":[{\"@type\":\"ListItem\",\"position\":1,\"name\":\"Home\",\"item\":\"https:\\\/\\\/www.gamaprofessional.com\\\/fr\\\/page-daccueil\\\/\"},{\"@type\":\"ListItem\",\"position\":2,\"name\":\"Boutique\",\"item\":\"https:\\\/\\\/www.gamaprofessional.com\\\/shop\\\/\"},{\"@type\":\"ListItem\",\"position\":3,\"name\":\"Haircare\",\"item\":\"https:\\\/\\\/www.gamaprofessional.com\\\/fr\\\/categoria-prodotto\\\/haircare-fr\\\/\"},{\"@type\":\"ListItem\",\"position\":4,\"name\":\"Fer \u00e0 Lisser\",\"item\":\"https:\\\/\\\/www.gamaprofessional.com\\\/fr\\\/categoria-prodotto\\\/haircare-fr\\\/fer-a-lisser\\\/\"},{\"@type\":\"ListItem\",\"position\":5,\"name\":\"FER A LISSER G-STYLE OXY-ACTIVE WIDE &amp; LONG\"}]},{\"@type\":\"WebSite\",\"@id\":\"https:\\\/\\\/www.gamaprofessional.com\\\/fr\\\/#website\",\"url\":\"https:\\\/\\\/www.gamaprofessional.com\\\/fr\\\/\",\"name\":\"Gama Professional\",\"description\":\"\",\"potentialAction\":[{\"@type\":\"SearchAction\",\"target\":{\"@type\":\"EntryPoint\",\"urlTemplate\":\"https:\\\/\\\/www.gamaprofessional.com\\\/fr\\\/?s={search_term_string}\"},\"query-input\":{\"@type\":\"PropertyValueSpecification\",\"valueRequired\":true,\"valueName\":\"search_term_string\"}}],\"inLanguage\":\"fr-FR\"}]}<\/script>\n<!-- \/ Yoast SEO plugin. -->","yoast_head_json":{"title":"FER A LISSER G-STYLE OXY-ACTIVE WIDE &amp; LONG - Gama Professional","description":"Lisseur polyvalent pour cheveux lisses ou boucl\u00e9s. La combinaison d'oxyg\u00e8ne actif et d'ions assure une couleur plus durable, une plus grande brillance aux cheveux et \u00e9limine les frisottis.","robots":{"index":"index","follow":"follow","max-snippet":"max-snippet:-1","max-image-preview":"max-image-preview:large","max-video-preview":"max-video-preview:-1"},"canonical":"https:\/\/www.gamaprofessional.com\/fr\/prodotto\/fer-a-lisser-g-style-oxy-active-wide-long\/","og_locale":"fr_FR","og_type":"article","og_title":"FER A LISSER G-STYLE OXY-ACTIVE WIDE &amp; LONG - Gama Professional","og_description":"Lisseur polyvalent pour cheveux lisses ou boucl\u00e9s. La combinaison d'oxyg\u00e8ne actif et d'ions assure une couleur plus durable, une plus grande brillance aux cheveux et \u00e9limine les frisottis.","og_url":"https:\/\/www.gamaprofessional.com\/fr\/prodotto\/fer-a-lisser-g-style-oxy-active-wide-long\/","og_site_name":"Gama Professional","article_modified_time":"2026-02-23T13:11:35+00:00","og_image":[{"width":1080,"height":1080,"url":"https:\/\/www.gamaprofessional.com\/wp-content\/uploads\/2024\/11\/G-STYLE-OXY-ACTIVE-WIDE-LONG.png","type":"image\/png"}],"twitter_card":"summary_large_image","twitter_misc":{"Dur\u00e9e de lecture estim\u00e9e":"1 minute"},"schema":{"@context":"https:\/\/schema.org","@graph":[{"@type":"WebPage","@id":"https:\/\/www.gamaprofessional.com\/fr\/prodotto\/fer-a-lisser-g-style-oxy-active-wide-long\/","url":"https:\/\/www.gamaprofessional.com\/fr\/prodotto\/fer-a-lisser-g-style-oxy-active-wide-long\/","name":"FER A LISSER G-STYLE OXY-ACTIVE WIDE &amp; LONG - Gama Professional","isPartOf":{"@id":"https:\/\/www.gamaprofessional.com\/fr\/#website"},"primaryImageOfPage":{"@id":"https:\/\/www.gamaprofessional.com\/fr\/prodotto\/fer-a-lisser-g-style-oxy-active-wide-long\/#primaryimage"},"image":{"@id":"https:\/\/www.gamaprofessional.com\/fr\/prodotto\/fer-a-lisser-g-style-oxy-active-wide-long\/#primaryimage"},"thumbnailUrl":"https:\/\/www.gamaprofessional.com\/wp-content\/uploads\/2024\/11\/G-STYLE-OXY-ACTIVE-WIDE-LONG.png","datePublished":"2024-11-19T15:36:52+00:00","dateModified":"2026-02-23T13:11:35+00:00","description":"Lisseur polyvalent pour cheveux lisses ou boucl\u00e9s. La combinaison d'oxyg\u00e8ne actif et d'ions assure une couleur plus durable, une plus grande brillance aux cheveux et \u00e9limine les frisottis.","breadcrumb":{"@id":"https:\/\/www.gamaprofessional.com\/fr\/prodotto\/fer-a-lisser-g-style-oxy-active-wide-long\/#breadcrumb"},"inLanguage":"fr-FR","potentialAction":[{"@type":"ReadAction","target":["https:\/\/www.gamaprofessional.com\/fr\/prodotto\/fer-a-lisser-g-style-oxy-active-wide-long\/"]}]},{"@type":"ImageObject","inLanguage":"fr-FR","@id":"https:\/\/www.gamaprofessional.com\/fr\/prodotto\/fer-a-lisser-g-style-oxy-active-wide-long\/#primaryimage","url":"https:\/\/www.gamaprofessional.com\/wp-content\/uploads\/2024\/11\/G-STYLE-OXY-ACTIVE-WIDE-LONG.png","contentUrl":"https:\/\/www.gamaprofessional.com\/wp-content\/uploads\/2024\/11\/G-STYLE-OXY-ACTIVE-WIDE-LONG.png","width":1080,"height":1080,"caption":"G-STYLE OXY-ACTIVE WIDE & LONG"},{"@type":"BreadcrumbList","@id":"https:\/\/www.gamaprofessional.com\/fr\/prodotto\/fer-a-lisser-g-style-oxy-active-wide-long\/#breadcrumb","itemListElement":[{"@type":"ListItem","position":1,"name":"Home","item":"https:\/\/www.gamaprofessional.com\/fr\/page-daccueil\/"},{"@type":"ListItem","position":2,"name":"Boutique","item":"https:\/\/www.gamaprofessional.com\/shop\/"},{"@type":"ListItem","position":3,"name":"Haircare","item":"https:\/\/www.gamaprofessional.com\/fr\/categoria-prodotto\/haircare-fr\/"},{"@type":"ListItem","position":4,"name":"Fer \u00e0 Lisser","item":"https:\/\/www.gamaprofessional.com\/fr\/categoria-prodotto\/haircare-fr\/fer-a-lisser\/"},{"@type":"ListItem","position":5,"name":"FER A LISSER G-STYLE OXY-ACTIVE WIDE &amp; LONG"}]},{"@type":"WebSite","@id":"https:\/\/www.gamaprofessional.com\/fr\/#website","url":"https:\/\/www.gamaprofessional.com\/fr\/","name":"Gama Professional","description":"","potentialAction":[{"@type":"SearchAction","target":{"@type":"EntryPoint","urlTemplate":"https:\/\/www.gamaprofessional.com\/fr\/?s={search_term_string}"},"query-input":{"@type":"PropertyValueSpecification","valueRequired":true,"valueName":"search_term_string"}}],"inLanguage":"fr-FR"}]}},"_links":{"self":[{"href":"https:\/\/www.gamaprofessional.com\/fr\/wp-json\/wp\/v2\/product\/1781","targetHints":{"allow":["GET"]}}],"collection":[{"href":"https:\/\/www.gamaprofessional.com\/fr\/wp-json\/wp\/v2\/product"}],"about":[{"href":"https:\/\/www.gamaprofessional.com\/fr\/wp-json\/wp\/v2\/types\/product"}],"wp:featuredmedia":[{"embeddable":true,"href":"https:\/\/www.gamaprofessional.com\/fr\/wp-json\/wp\/v2\/media\/1778"}],"wp:attachment":[{"href":"https:\/\/www.gamaprofessional.com\/fr\/wp-json\/wp\/v2\/media?parent=1781"}],"wp:term":[{"taxonomy":"product_brand","embeddable":true,"href":"https:\/\/www.gamaprofessional.com\/fr\/wp-json\/wp\/v2\/product_brand?post=1781"},{"taxonomy":"product_cat","embeddable":true,"href":"https:\/\/www.gamaprofessional.com\/fr\/wp-json\/wp\/v2\/product_cat?post=1781"},{"taxonomy":"product_tag","embeddable":true,"href":"https:\/\/www.gamaprofessional.com\/fr\/wp-json\/wp\/v2\/product_tag?post=1781"}],"curies":[{"name":"wp","href":"https:\/\/api.w.org\/{rel}","templated":true}]}}