{"id":1838,"date":"2024-11-20T12:13:45","date_gmt":"2024-11-20T11:13:45","guid":{"rendered":"https:\/\/www.gamaprofessional.com\/?post_type=product&#038;p=1838"},"modified":"2025-11-24T17:38:29","modified_gmt":"2025-11-24T16:38:29","slug":"regolabarba-gt527-sport","status":"publish","type":"product","link":"https:\/\/www.gamaprofessional.com\/fr\/prodotto\/regolabarba-gt527-sport\/","title":{"rendered":"R\u00c9GULATEUR DE RASAGE GT527 SPORT"},"content":{"rendered":"<p>La <strong>tondeuse \u00e0 barbe GT527 Sport<\/strong> dispose de <strong>5 r\u00e9glages de coupe<\/strong>, de 3 \u00e0 7 mm avec le peigne conducteur fourni. Utilis\u00e9e sans peigne, la hauteur de coupe est de 0,4 mm. <\/p>\n<p>L\u2019appareil doit \u00eatre charg\u00e9 via le port USB du PC\/ordinateur portable\/tablette ou \u00e0 l\u2019aide d\u2019un adaptateur USB standard 5V 1000 Ma (non inclus dans l\u2019emballage).<\/p>\n<p>L\u2019autonomie d\u2019utilisation \u00e0 pleine charge est de <strong>45 minutes<\/strong>. Si l\u2019appareil se d\u00e9charge pendant son utilisation, s\u2019agissant d\u2019un produit Cordless, il devra \u00eatre remis en charge avant de pouvoir le r\u00e9utiliser. <\/p>\n<p>La t\u00eate de la lame est amovible, ce qui facilite le nettoyage quotidien \u00e0 l\u2019aide du kit d\u2019utilisation qui se trouve \u00e0 l\u2019int\u00e9rieur de l\u2019emballage.<\/p>\n","protected":false},"excerpt":{"rendered":"<p>Tondeuse \u00e0 barbe sans fil avec lame en acier inoxydable \u00e9quip\u00e9e d\u2019un peigne coulissant. Vendu avec kit d\u2019entretien : c\u00e2ble USB pour recharger la batterie, huile de graissage, brosse de nettoyage. <\/p>\n","protected":false},"featured_media":1827,"template":"","meta":{"_acf_changed":false},"product_brand":[],"product_cat":[453],"product_tag":[],"class_list":{"0":"post-1838","1":"product","2":"type-product","3":"status-publish","4":"has-post-thumbnail","6":"product_cat-tondeuse-a-barbe","8":"first","9":"instock","10":"taxable","11":"shipping-taxable","12":"purchasable","13":"product-type-simple"},"acf":[],"yoast_head":"<!-- This site is optimized with the Yoast SEO plugin v27.5 - https:\/\/yoast.com\/product\/yoast-seo-wordpress\/ -->\n<title>R\u00c9GULATEUR DE RASAGE GT527 SPORT - Gama Professional<\/title>\n<meta name=\"description\" content=\"T527 Sport est une tondeuse \u00e0 barbe sans fil \u00e9quip\u00e9e de 5 r\u00e9glages de coupe avec lame en acier inoxydable et \u00e9quip\u00e9e d&#039;un peigne coulissant.\" \/>\n<meta name=\"robots\" content=\"index, follow, max-snippet:-1, max-image-preview:large, max-video-preview:-1\" \/>\n<link rel=\"canonical\" href=\"https:\/\/www.gamaprofessional.com\/fr\/prodotto\/regolabarba-gt527-sport\/\" \/>\n<meta property=\"og:locale\" content=\"fr_FR\" \/>\n<meta property=\"og:type\" content=\"article\" \/>\n<meta property=\"og:title\" content=\"R\u00c9GULATEUR DE RASAGE GT527 SPORT - Gama Professional\" \/>\n<meta property=\"og:description\" content=\"T527 Sport est une tondeuse \u00e0 barbe sans fil \u00e9quip\u00e9e de 5 r\u00e9glages de coupe avec lame en acier inoxydable et \u00e9quip\u00e9e d&#039;un peigne coulissant.\" \/>\n<meta property=\"og:url\" content=\"https:\/\/www.gamaprofessional.com\/fr\/prodotto\/regolabarba-gt527-sport\/\" \/>\n<meta property=\"og:site_name\" content=\"Gama Professional\" \/>\n<meta property=\"article:modified_time\" content=\"2025-11-24T16:38:29+00:00\" \/>\n<meta property=\"og:image\" content=\"https:\/\/www.gamaprofessional.com\/wp-content\/uploads\/2024\/11\/REGOLABARBA-GT527-SPORT-1.png\" \/>\n\t<meta property=\"og:image:width\" content=\"1080\" \/>\n\t<meta property=\"og:image:height\" content=\"1080\" \/>\n\t<meta property=\"og:image:type\" content=\"image\/png\" \/>\n<meta name=\"twitter:card\" content=\"summary_large_image\" \/>\n<meta name=\"twitter:label1\" content=\"Dur\u00e9e de lecture estim\u00e9e\" \/>\n\t<meta name=\"twitter:data1\" content=\"1 minute\" \/>\n<script type=\"application\/ld+json\" class=\"yoast-schema-graph\">{\"@context\":\"https:\\\/\\\/schema.org\",\"@graph\":[{\"@type\":\"WebPage\",\"@id\":\"https:\\\/\\\/www.gamaprofessional.com\\\/fr\\\/prodotto\\\/regolabarba-gt527-sport\\\/\",\"url\":\"https:\\\/\\\/www.gamaprofessional.com\\\/fr\\\/prodotto\\\/regolabarba-gt527-sport\\\/\",\"name\":\"R\u00c9GULATEUR DE RASAGE GT527 SPORT - Gama Professional\",\"isPartOf\":{\"@id\":\"https:\\\/\\\/www.gamaprofessional.com\\\/fr\\\/#website\"},\"primaryImageOfPage\":{\"@id\":\"https:\\\/\\\/www.gamaprofessional.com\\\/fr\\\/prodotto\\\/regolabarba-gt527-sport\\\/#primaryimage\"},\"image\":{\"@id\":\"https:\\\/\\\/www.gamaprofessional.com\\\/fr\\\/prodotto\\\/regolabarba-gt527-sport\\\/#primaryimage\"},\"thumbnailUrl\":\"https:\\\/\\\/www.gamaprofessional.com\\\/wp-content\\\/uploads\\\/2024\\\/11\\\/REGOLABARBA-GT527-SPORT-1.png\",\"datePublished\":\"2024-11-20T11:13:45+00:00\",\"dateModified\":\"2025-11-24T16:38:29+00:00\",\"description\":\"T527 Sport est une tondeuse \u00e0 barbe sans fil \u00e9quip\u00e9e de 5 r\u00e9glages de coupe avec lame en acier inoxydable et \u00e9quip\u00e9e d'un peigne coulissant.\",\"breadcrumb\":{\"@id\":\"https:\\\/\\\/www.gamaprofessional.com\\\/fr\\\/prodotto\\\/regolabarba-gt527-sport\\\/#breadcrumb\"},\"inLanguage\":\"fr-FR\",\"potentialAction\":[{\"@type\":\"ReadAction\",\"target\":[\"https:\\\/\\\/www.gamaprofessional.com\\\/fr\\\/prodotto\\\/regolabarba-gt527-sport\\\/\"]}]},{\"@type\":\"ImageObject\",\"inLanguage\":\"fr-FR\",\"@id\":\"https:\\\/\\\/www.gamaprofessional.com\\\/fr\\\/prodotto\\\/regolabarba-gt527-sport\\\/#primaryimage\",\"url\":\"https:\\\/\\\/www.gamaprofessional.com\\\/wp-content\\\/uploads\\\/2024\\\/11\\\/REGOLABARBA-GT527-SPORT-1.png\",\"contentUrl\":\"https:\\\/\\\/www.gamaprofessional.com\\\/wp-content\\\/uploads\\\/2024\\\/11\\\/REGOLABARBA-GT527-SPORT-1.png\",\"width\":1080,\"height\":1080,\"caption\":\"REGOLABARBA GT527 SPORT\"},{\"@type\":\"BreadcrumbList\",\"@id\":\"https:\\\/\\\/www.gamaprofessional.com\\\/fr\\\/prodotto\\\/regolabarba-gt527-sport\\\/#breadcrumb\",\"itemListElement\":[{\"@type\":\"ListItem\",\"position\":1,\"name\":\"Home\",\"item\":\"https:\\\/\\\/www.gamaprofessional.com\\\/fr\\\/page-daccueil\\\/\"},{\"@type\":\"ListItem\",\"position\":2,\"name\":\"Boutique\",\"item\":\"https:\\\/\\\/www.gamaprofessional.com\\\/shop\\\/\"},{\"@type\":\"ListItem\",\"position\":3,\"name\":\"Grooming\",\"item\":\"https:\\\/\\\/www.gamaprofessional.com\\\/fr\\\/categoria-prodotto\\\/grooming-fr\\\/\"},{\"@type\":\"ListItem\",\"position\":4,\"name\":\"Rasoir\",\"item\":\"https:\\\/\\\/www.gamaprofessional.com\\\/fr\\\/categoria-prodotto\\\/grooming-fr\\\/tondeuse-a-barbe\\\/\"},{\"@type\":\"ListItem\",\"position\":5,\"name\":\"R\u00c9GULATEUR DE RASAGE GT527 SPORT\"}]},{\"@type\":\"WebSite\",\"@id\":\"https:\\\/\\\/www.gamaprofessional.com\\\/fr\\\/#website\",\"url\":\"https:\\\/\\\/www.gamaprofessional.com\\\/fr\\\/\",\"name\":\"Gama Professional\",\"description\":\"\",\"potentialAction\":[{\"@type\":\"SearchAction\",\"target\":{\"@type\":\"EntryPoint\",\"urlTemplate\":\"https:\\\/\\\/www.gamaprofessional.com\\\/fr\\\/?s={search_term_string}\"},\"query-input\":{\"@type\":\"PropertyValueSpecification\",\"valueRequired\":true,\"valueName\":\"search_term_string\"}}],\"inLanguage\":\"fr-FR\"}]}<\/script>\n<!-- \/ Yoast SEO plugin. -->","yoast_head_json":{"title":"R\u00c9GULATEUR DE RASAGE GT527 SPORT - Gama Professional","description":"T527 Sport est une tondeuse \u00e0 barbe sans fil \u00e9quip\u00e9e de 5 r\u00e9glages de coupe avec lame en acier inoxydable et \u00e9quip\u00e9e d'un peigne coulissant.","robots":{"index":"index","follow":"follow","max-snippet":"max-snippet:-1","max-image-preview":"max-image-preview:large","max-video-preview":"max-video-preview:-1"},"canonical":"https:\/\/www.gamaprofessional.com\/fr\/prodotto\/regolabarba-gt527-sport\/","og_locale":"fr_FR","og_type":"article","og_title":"R\u00c9GULATEUR DE RASAGE GT527 SPORT - Gama Professional","og_description":"T527 Sport est une tondeuse \u00e0 barbe sans fil \u00e9quip\u00e9e de 5 r\u00e9glages de coupe avec lame en acier inoxydable et \u00e9quip\u00e9e d'un peigne coulissant.","og_url":"https:\/\/www.gamaprofessional.com\/fr\/prodotto\/regolabarba-gt527-sport\/","og_site_name":"Gama Professional","article_modified_time":"2025-11-24T16:38:29+00:00","og_image":[{"width":1080,"height":1080,"url":"https:\/\/www.gamaprofessional.com\/wp-content\/uploads\/2024\/11\/REGOLABARBA-GT527-SPORT-1.png","type":"image\/png"}],"twitter_card":"summary_large_image","twitter_misc":{"Dur\u00e9e de lecture estim\u00e9e":"1 minute"},"schema":{"@context":"https:\/\/schema.org","@graph":[{"@type":"WebPage","@id":"https:\/\/www.gamaprofessional.com\/fr\/prodotto\/regolabarba-gt527-sport\/","url":"https:\/\/www.gamaprofessional.com\/fr\/prodotto\/regolabarba-gt527-sport\/","name":"R\u00c9GULATEUR DE RASAGE GT527 SPORT - Gama Professional","isPartOf":{"@id":"https:\/\/www.gamaprofessional.com\/fr\/#website"},"primaryImageOfPage":{"@id":"https:\/\/www.gamaprofessional.com\/fr\/prodotto\/regolabarba-gt527-sport\/#primaryimage"},"image":{"@id":"https:\/\/www.gamaprofessional.com\/fr\/prodotto\/regolabarba-gt527-sport\/#primaryimage"},"thumbnailUrl":"https:\/\/www.gamaprofessional.com\/wp-content\/uploads\/2024\/11\/REGOLABARBA-GT527-SPORT-1.png","datePublished":"2024-11-20T11:13:45+00:00","dateModified":"2025-11-24T16:38:29+00:00","description":"T527 Sport est une tondeuse \u00e0 barbe sans fil \u00e9quip\u00e9e de 5 r\u00e9glages de coupe avec lame en acier inoxydable et \u00e9quip\u00e9e d'un peigne coulissant.","breadcrumb":{"@id":"https:\/\/www.gamaprofessional.com\/fr\/prodotto\/regolabarba-gt527-sport\/#breadcrumb"},"inLanguage":"fr-FR","potentialAction":[{"@type":"ReadAction","target":["https:\/\/www.gamaprofessional.com\/fr\/prodotto\/regolabarba-gt527-sport\/"]}]},{"@type":"ImageObject","inLanguage":"fr-FR","@id":"https:\/\/www.gamaprofessional.com\/fr\/prodotto\/regolabarba-gt527-sport\/#primaryimage","url":"https:\/\/www.gamaprofessional.com\/wp-content\/uploads\/2024\/11\/REGOLABARBA-GT527-SPORT-1.png","contentUrl":"https:\/\/www.gamaprofessional.com\/wp-content\/uploads\/2024\/11\/REGOLABARBA-GT527-SPORT-1.png","width":1080,"height":1080,"caption":"REGOLABARBA GT527 SPORT"},{"@type":"BreadcrumbList","@id":"https:\/\/www.gamaprofessional.com\/fr\/prodotto\/regolabarba-gt527-sport\/#breadcrumb","itemListElement":[{"@type":"ListItem","position":1,"name":"Home","item":"https:\/\/www.gamaprofessional.com\/fr\/page-daccueil\/"},{"@type":"ListItem","position":2,"name":"Boutique","item":"https:\/\/www.gamaprofessional.com\/shop\/"},{"@type":"ListItem","position":3,"name":"Grooming","item":"https:\/\/www.gamaprofessional.com\/fr\/categoria-prodotto\/grooming-fr\/"},{"@type":"ListItem","position":4,"name":"Rasoir","item":"https:\/\/www.gamaprofessional.com\/fr\/categoria-prodotto\/grooming-fr\/tondeuse-a-barbe\/"},{"@type":"ListItem","position":5,"name":"R\u00c9GULATEUR DE RASAGE GT527 SPORT"}]},{"@type":"WebSite","@id":"https:\/\/www.gamaprofessional.com\/fr\/#website","url":"https:\/\/www.gamaprofessional.com\/fr\/","name":"Gama Professional","description":"","potentialAction":[{"@type":"SearchAction","target":{"@type":"EntryPoint","urlTemplate":"https:\/\/www.gamaprofessional.com\/fr\/?s={search_term_string}"},"query-input":{"@type":"PropertyValueSpecification","valueRequired":true,"valueName":"search_term_string"}}],"inLanguage":"fr-FR"}]}},"_links":{"self":[{"href":"https:\/\/www.gamaprofessional.com\/fr\/wp-json\/wp\/v2\/product\/1838","targetHints":{"allow":["GET"]}}],"collection":[{"href":"https:\/\/www.gamaprofessional.com\/fr\/wp-json\/wp\/v2\/product"}],"about":[{"href":"https:\/\/www.gamaprofessional.com\/fr\/wp-json\/wp\/v2\/types\/product"}],"wp:featuredmedia":[{"embeddable":true,"href":"https:\/\/www.gamaprofessional.com\/fr\/wp-json\/wp\/v2\/media\/1827"}],"wp:attachment":[{"href":"https:\/\/www.gamaprofessional.com\/fr\/wp-json\/wp\/v2\/media?parent=1838"}],"wp:term":[{"taxonomy":"product_brand","embeddable":true,"href":"https:\/\/www.gamaprofessional.com\/fr\/wp-json\/wp\/v2\/product_brand?post=1838"},{"taxonomy":"product_cat","embeddable":true,"href":"https:\/\/www.gamaprofessional.com\/fr\/wp-json\/wp\/v2\/product_cat?post=1838"},{"taxonomy":"product_tag","embeddable":true,"href":"https:\/\/www.gamaprofessional.com\/fr\/wp-json\/wp\/v2\/product_tag?post=1838"}],"curies":[{"name":"wp","href":"https:\/\/api.w.org\/{rel}","templated":true}]}}