{"id":1850,"date":"2024-11-20T12:31:37","date_gmt":"2024-11-20T11:31:37","guid":{"rendered":"https:\/\/www.gamaprofessional.com\/?post_type=product&#038;p=1850"},"modified":"2026-04-30T11:01:20","modified_gmt":"2026-04-30T09:01:20","slug":"gbs-absolute-shaver-eu","status":"publish","type":"product","link":"https:\/\/www.gamaprofessional.com\/fr\/prodotto\/gbs-absolute-shaver-eu\/","title":{"rendered":"RASOIR GBS ABSOLUTE SHAVER"},"content":{"rendered":"<p>Acc\u00e9l\u00e9rez au maximum votre rasage, gr\u00e2ce \u00e0 <strong>ABSOLUTE SHAVER<\/strong>: avec sa double lame oscillante \u00e0 hauteurs diff\u00e9rentes, il s\u2019adapte parfaitement \u00e0 la forme du visage et du cou.<\/p>\n<p>Rasoir professionnel <strong>cord-cordless<\/strong> muni d\u2019une batterie au lithium offrant la possibilit\u00e9 de travailler <strong>sans c\u00e2ble pendant 90 minutes<\/strong>. Il se recharge compl\u00e8tement en 2 heures (la premi\u00e8re recharge : 8 heures) et est \u00e9quip\u00e9 de deux lames oscillantes en acier inoxydable de diff\u00e9rentes hauteurs, qui s\u2019adaptent parfaitement \u00e0 la forme du visage et du cou. Il dispose d\u2019une tondeuse r\u00e9tractable pour la finition des moustaches et des favoris.  <\/p>\n<p>Pour garantir l\u2019efficacit\u00e9 du produit au fil du temps, il est fourni avec un <strong>kit d\u2019entretien<\/strong> permettant de le nettoyer r\u00e9guli\u00e8rement. Gr\u00e2ce \u00e0 sa l\u00e9g\u00e8ret\u00e9, il facilite le travail du professionnel. ABSOLUTE SHAVER est un instrument essentiel au barber shop.  <\/p>\n","protected":false},"excerpt":{"rendered":"<p>Rasoir professionnel sans fil avec lame en acier inoxydable. Extr\u00eamement l\u00e9ger, avec une batterie au lithium \u00e0 charge rapide de 2 heures. <\/p>\n","protected":false},"featured_media":1847,"template":"","meta":{"_acf_changed":false},"product_brand":[],"product_cat":[453],"product_tag":[],"class_list":{"0":"post-1850","1":"product","2":"type-product","3":"status-publish","4":"has-post-thumbnail","6":"product_cat-tondeuse-a-barbe","8":"first","9":"outofstock","10":"taxable","11":"shipping-taxable","12":"purchasable","13":"product-type-simple"},"acf":[],"yoast_head":"<!-- This site is optimized with the Yoast SEO plugin v27.5 - https:\/\/yoast.com\/product\/yoast-seo-wordpress\/ -->\n<title>RASOIR GBS ABSOLUTE SHAVER - Gama Professional<\/title>\n<meta name=\"description\" content=\"ABSOLUTE SHAVER est un rasoir professionnel sans fil avec lame en acier inoxydable. Extr\u00eamement l\u00e9ger, il se recharge en deux heures.\" \/>\n<meta name=\"robots\" content=\"index, follow, max-snippet:-1, max-image-preview:large, max-video-preview:-1\" \/>\n<link rel=\"canonical\" href=\"https:\/\/www.gamaprofessional.com\/fr\/prodotto\/gbs-absolute-shaver-eu\/\" \/>\n<meta property=\"og:locale\" content=\"fr_FR\" \/>\n<meta property=\"og:type\" content=\"article\" \/>\n<meta property=\"og:title\" content=\"RASOIR GBS ABSOLUTE SHAVER - Gama Professional\" \/>\n<meta property=\"og:description\" content=\"ABSOLUTE SHAVER est un rasoir professionnel sans fil avec lame en acier inoxydable. Extr\u00eamement l\u00e9ger, il se recharge en deux heures.\" \/>\n<meta property=\"og:url\" content=\"https:\/\/www.gamaprofessional.com\/fr\/prodotto\/gbs-absolute-shaver-eu\/\" \/>\n<meta property=\"og:site_name\" content=\"Gama Professional\" \/>\n<meta property=\"article:modified_time\" content=\"2026-04-30T09:01:20+00:00\" \/>\n<meta property=\"og:image\" content=\"https:\/\/www.gamaprofessional.com\/wp-content\/uploads\/2024\/11\/GBS-ABSOLUTE-SHAVER.png\" \/>\n\t<meta property=\"og:image:width\" content=\"1080\" \/>\n\t<meta property=\"og:image:height\" content=\"1080\" \/>\n\t<meta property=\"og:image:type\" content=\"image\/png\" \/>\n<meta name=\"twitter:card\" content=\"summary_large_image\" \/>\n<meta name=\"twitter:label1\" content=\"Dur\u00e9e de lecture estim\u00e9e\" \/>\n\t<meta name=\"twitter:data1\" content=\"1 minute\" \/>\n<script type=\"application\/ld+json\" class=\"yoast-schema-graph\">{\"@context\":\"https:\\\/\\\/schema.org\",\"@graph\":[{\"@type\":\"WebPage\",\"@id\":\"https:\\\/\\\/www.gamaprofessional.com\\\/fr\\\/prodotto\\\/gbs-absolute-shaver-eu\\\/\",\"url\":\"https:\\\/\\\/www.gamaprofessional.com\\\/fr\\\/prodotto\\\/gbs-absolute-shaver-eu\\\/\",\"name\":\"RASOIR GBS ABSOLUTE SHAVER - Gama Professional\",\"isPartOf\":{\"@id\":\"https:\\\/\\\/www.gamaprofessional.com\\\/fr\\\/#website\"},\"primaryImageOfPage\":{\"@id\":\"https:\\\/\\\/www.gamaprofessional.com\\\/fr\\\/prodotto\\\/gbs-absolute-shaver-eu\\\/#primaryimage\"},\"image\":{\"@id\":\"https:\\\/\\\/www.gamaprofessional.com\\\/fr\\\/prodotto\\\/gbs-absolute-shaver-eu\\\/#primaryimage\"},\"thumbnailUrl\":\"https:\\\/\\\/www.gamaprofessional.com\\\/wp-content\\\/uploads\\\/2024\\\/11\\\/GBS-ABSOLUTE-SHAVER.png\",\"datePublished\":\"2024-11-20T11:31:37+00:00\",\"dateModified\":\"2026-04-30T09:01:20+00:00\",\"description\":\"ABSOLUTE SHAVER est un rasoir professionnel sans fil avec lame en acier inoxydable. Extr\u00eamement l\u00e9ger, il se recharge en deux heures.\",\"breadcrumb\":{\"@id\":\"https:\\\/\\\/www.gamaprofessional.com\\\/fr\\\/prodotto\\\/gbs-absolute-shaver-eu\\\/#breadcrumb\"},\"inLanguage\":\"fr-FR\",\"potentialAction\":[{\"@type\":\"ReadAction\",\"target\":[\"https:\\\/\\\/www.gamaprofessional.com\\\/fr\\\/prodotto\\\/gbs-absolute-shaver-eu\\\/\"]}]},{\"@type\":\"ImageObject\",\"inLanguage\":\"fr-FR\",\"@id\":\"https:\\\/\\\/www.gamaprofessional.com\\\/fr\\\/prodotto\\\/gbs-absolute-shaver-eu\\\/#primaryimage\",\"url\":\"https:\\\/\\\/www.gamaprofessional.com\\\/wp-content\\\/uploads\\\/2024\\\/11\\\/GBS-ABSOLUTE-SHAVER.png\",\"contentUrl\":\"https:\\\/\\\/www.gamaprofessional.com\\\/wp-content\\\/uploads\\\/2024\\\/11\\\/GBS-ABSOLUTE-SHAVER.png\",\"width\":1080,\"height\":1080,\"caption\":\"GBS ABSOLUTE SHAVER\"},{\"@type\":\"BreadcrumbList\",\"@id\":\"https:\\\/\\\/www.gamaprofessional.com\\\/fr\\\/prodotto\\\/gbs-absolute-shaver-eu\\\/#breadcrumb\",\"itemListElement\":[{\"@type\":\"ListItem\",\"position\":1,\"name\":\"Home\",\"item\":\"https:\\\/\\\/www.gamaprofessional.com\\\/fr\\\/page-daccueil\\\/\"},{\"@type\":\"ListItem\",\"position\":2,\"name\":\"Boutique\",\"item\":\"https:\\\/\\\/www.gamaprofessional.com\\\/shop\\\/\"},{\"@type\":\"ListItem\",\"position\":3,\"name\":\"Grooming\",\"item\":\"https:\\\/\\\/www.gamaprofessional.com\\\/fr\\\/categoria-prodotto\\\/grooming-fr\\\/\"},{\"@type\":\"ListItem\",\"position\":4,\"name\":\"Rasoir\",\"item\":\"https:\\\/\\\/www.gamaprofessional.com\\\/fr\\\/categoria-prodotto\\\/grooming-fr\\\/tondeuse-a-barbe\\\/\"},{\"@type\":\"ListItem\",\"position\":5,\"name\":\"RASOIR GBS ABSOLUTE SHAVER\"}]},{\"@type\":\"WebSite\",\"@id\":\"https:\\\/\\\/www.gamaprofessional.com\\\/fr\\\/#website\",\"url\":\"https:\\\/\\\/www.gamaprofessional.com\\\/fr\\\/\",\"name\":\"Gama Professional\",\"description\":\"\",\"potentialAction\":[{\"@type\":\"SearchAction\",\"target\":{\"@type\":\"EntryPoint\",\"urlTemplate\":\"https:\\\/\\\/www.gamaprofessional.com\\\/fr\\\/?s={search_term_string}\"},\"query-input\":{\"@type\":\"PropertyValueSpecification\",\"valueRequired\":true,\"valueName\":\"search_term_string\"}}],\"inLanguage\":\"fr-FR\"}]}<\/script>\n<!-- \/ Yoast SEO plugin. -->","yoast_head_json":{"title":"RASOIR GBS ABSOLUTE SHAVER - Gama Professional","description":"ABSOLUTE SHAVER est un rasoir professionnel sans fil avec lame en acier inoxydable. Extr\u00eamement l\u00e9ger, il se recharge en deux heures.","robots":{"index":"index","follow":"follow","max-snippet":"max-snippet:-1","max-image-preview":"max-image-preview:large","max-video-preview":"max-video-preview:-1"},"canonical":"https:\/\/www.gamaprofessional.com\/fr\/prodotto\/gbs-absolute-shaver-eu\/","og_locale":"fr_FR","og_type":"article","og_title":"RASOIR GBS ABSOLUTE SHAVER - Gama Professional","og_description":"ABSOLUTE SHAVER est un rasoir professionnel sans fil avec lame en acier inoxydable. Extr\u00eamement l\u00e9ger, il se recharge en deux heures.","og_url":"https:\/\/www.gamaprofessional.com\/fr\/prodotto\/gbs-absolute-shaver-eu\/","og_site_name":"Gama Professional","article_modified_time":"2026-04-30T09:01:20+00:00","og_image":[{"width":1080,"height":1080,"url":"https:\/\/www.gamaprofessional.com\/wp-content\/uploads\/2024\/11\/GBS-ABSOLUTE-SHAVER.png","type":"image\/png"}],"twitter_card":"summary_large_image","twitter_misc":{"Dur\u00e9e de lecture estim\u00e9e":"1 minute"},"schema":{"@context":"https:\/\/schema.org","@graph":[{"@type":"WebPage","@id":"https:\/\/www.gamaprofessional.com\/fr\/prodotto\/gbs-absolute-shaver-eu\/","url":"https:\/\/www.gamaprofessional.com\/fr\/prodotto\/gbs-absolute-shaver-eu\/","name":"RASOIR GBS ABSOLUTE SHAVER - Gama Professional","isPartOf":{"@id":"https:\/\/www.gamaprofessional.com\/fr\/#website"},"primaryImageOfPage":{"@id":"https:\/\/www.gamaprofessional.com\/fr\/prodotto\/gbs-absolute-shaver-eu\/#primaryimage"},"image":{"@id":"https:\/\/www.gamaprofessional.com\/fr\/prodotto\/gbs-absolute-shaver-eu\/#primaryimage"},"thumbnailUrl":"https:\/\/www.gamaprofessional.com\/wp-content\/uploads\/2024\/11\/GBS-ABSOLUTE-SHAVER.png","datePublished":"2024-11-20T11:31:37+00:00","dateModified":"2026-04-30T09:01:20+00:00","description":"ABSOLUTE SHAVER est un rasoir professionnel sans fil avec lame en acier inoxydable. Extr\u00eamement l\u00e9ger, il se recharge en deux heures.","breadcrumb":{"@id":"https:\/\/www.gamaprofessional.com\/fr\/prodotto\/gbs-absolute-shaver-eu\/#breadcrumb"},"inLanguage":"fr-FR","potentialAction":[{"@type":"ReadAction","target":["https:\/\/www.gamaprofessional.com\/fr\/prodotto\/gbs-absolute-shaver-eu\/"]}]},{"@type":"ImageObject","inLanguage":"fr-FR","@id":"https:\/\/www.gamaprofessional.com\/fr\/prodotto\/gbs-absolute-shaver-eu\/#primaryimage","url":"https:\/\/www.gamaprofessional.com\/wp-content\/uploads\/2024\/11\/GBS-ABSOLUTE-SHAVER.png","contentUrl":"https:\/\/www.gamaprofessional.com\/wp-content\/uploads\/2024\/11\/GBS-ABSOLUTE-SHAVER.png","width":1080,"height":1080,"caption":"GBS ABSOLUTE SHAVER"},{"@type":"BreadcrumbList","@id":"https:\/\/www.gamaprofessional.com\/fr\/prodotto\/gbs-absolute-shaver-eu\/#breadcrumb","itemListElement":[{"@type":"ListItem","position":1,"name":"Home","item":"https:\/\/www.gamaprofessional.com\/fr\/page-daccueil\/"},{"@type":"ListItem","position":2,"name":"Boutique","item":"https:\/\/www.gamaprofessional.com\/shop\/"},{"@type":"ListItem","position":3,"name":"Grooming","item":"https:\/\/www.gamaprofessional.com\/fr\/categoria-prodotto\/grooming-fr\/"},{"@type":"ListItem","position":4,"name":"Rasoir","item":"https:\/\/www.gamaprofessional.com\/fr\/categoria-prodotto\/grooming-fr\/tondeuse-a-barbe\/"},{"@type":"ListItem","position":5,"name":"RASOIR GBS ABSOLUTE SHAVER"}]},{"@type":"WebSite","@id":"https:\/\/www.gamaprofessional.com\/fr\/#website","url":"https:\/\/www.gamaprofessional.com\/fr\/","name":"Gama Professional","description":"","potentialAction":[{"@type":"SearchAction","target":{"@type":"EntryPoint","urlTemplate":"https:\/\/www.gamaprofessional.com\/fr\/?s={search_term_string}"},"query-input":{"@type":"PropertyValueSpecification","valueRequired":true,"valueName":"search_term_string"}}],"inLanguage":"fr-FR"}]}},"_links":{"self":[{"href":"https:\/\/www.gamaprofessional.com\/fr\/wp-json\/wp\/v2\/product\/1850","targetHints":{"allow":["GET"]}}],"collection":[{"href":"https:\/\/www.gamaprofessional.com\/fr\/wp-json\/wp\/v2\/product"}],"about":[{"href":"https:\/\/www.gamaprofessional.com\/fr\/wp-json\/wp\/v2\/types\/product"}],"wp:featuredmedia":[{"embeddable":true,"href":"https:\/\/www.gamaprofessional.com\/fr\/wp-json\/wp\/v2\/media\/1847"}],"wp:attachment":[{"href":"https:\/\/www.gamaprofessional.com\/fr\/wp-json\/wp\/v2\/media?parent=1850"}],"wp:term":[{"taxonomy":"product_brand","embeddable":true,"href":"https:\/\/www.gamaprofessional.com\/fr\/wp-json\/wp\/v2\/product_brand?post=1850"},{"taxonomy":"product_cat","embeddable":true,"href":"https:\/\/www.gamaprofessional.com\/fr\/wp-json\/wp\/v2\/product_cat?post=1850"},{"taxonomy":"product_tag","embeddable":true,"href":"https:\/\/www.gamaprofessional.com\/fr\/wp-json\/wp\/v2\/product_tag?post=1850"}],"curies":[{"name":"wp","href":"https:\/\/api.w.org\/{rel}","templated":true}]}}