{"id":1910,"date":"2024-11-20T16:30:40","date_gmt":"2024-11-20T15:30:40","guid":{"rendered":"https:\/\/www.gamaprofessional.com\/?post_type=product&#038;p=1910"},"modified":"2026-04-22T15:41:10","modified_gmt":"2026-04-22T13:41:10","slug":"cheveuxtondeuse-gc910","status":"publish","type":"product","link":"https:\/\/www.gamaprofessional.com\/fr\/prodotto\/cheveuxtondeuse-gc910\/","title":{"rendered":"CHEVEUX TONDEUSE GC910 ALLOY"},"content":{"rendered":"<p>La <strong>GC910<\/strong> est la cheveux tondeuse <strong>cord-cordless<\/strong> \u00e9quip\u00e9e d\u2019une batterie au lithium \u00e0 recharge rapide de <strong>2 heures<\/strong> qui vous permet de travailler sans fil pendant 60 minutes. Lors de sa premi\u00e8re utilisation, le temps n\u00e9cessaire pour la premi\u00e8re charge prendra 12 heures. <\/p>\n<p>\u00c9quip\u00e9e d\u2019une <strong>lame en acier inoxydable ultra affil\u00e9e<\/strong>, elle assure une coupe pr\u00e9cise. Les <strong>4 peignes conducteurs<\/strong> fournis permettent de diversifier la longueur de coupe <strong>de 3 \u00e0 12 mm<\/strong>. Vous pouvez \u00e9galement l\u2019utiliser sans peigne, en utilisant le levier lat\u00e9ral pour r\u00e9gler la hauteur de la lame, qui offre une longueur de coupe comprise entre 0,9 et 2 mm.  <\/p>\n<p>Le nettoyage quotidien, indispensable pour maintenir \u00e9lev\u00e9e l\u2019efficacit\u00e9 du produit, est facilit\u00e9 gr\u00e2ce aux accessoires inclus dans le kit d\u2019utilisation.<\/p>\n","protected":false},"excerpt":{"rendered":"<p>Tondeuse \u00e0 cheveux professionnelle sans fil. Moteur hautes performances. Lame en acier inoxydable ultra tranchante. Batterie au lithium \u00e0 charge rapide. Autonomie d\u2019utilisation de 60 minutes. Equip\u00e9 d\u2019un kit avec prot\u00e8ge-lame, adaptateur, huile lubrifiante, peigne, brosse de nettoyage.     <\/p>\n","protected":false},"featured_media":1907,"template":"","meta":{"_acf_changed":false},"product_brand":[],"product_cat":[456],"product_tag":[],"class_list":{"0":"post-1910","1":"product","2":"type-product","3":"status-publish","4":"has-post-thumbnail","6":"product_cat-coupeur-de-cheveux","8":"first","9":"instock","10":"taxable","11":"shipping-taxable","12":"purchasable","13":"product-type-simple"},"acf":[],"yoast_head":"<!-- This site is optimized with the Yoast SEO plugin v27.5 - https:\/\/yoast.com\/product\/yoast-seo-wordpress\/ -->\n<title>CHEVEUX TONDEUSE GC910 ALLOY - Gama Professional<\/title>\n<meta name=\"description\" content=\"GC910 est une tondeuse \u00e0 cheveux professionnelle sans fil. Moteur haute performance et lame en acier inoxydable ultra tranchante.\" \/>\n<meta name=\"robots\" content=\"index, follow, max-snippet:-1, max-image-preview:large, max-video-preview:-1\" \/>\n<link rel=\"canonical\" href=\"https:\/\/www.gamaprofessional.com\/fr\/prodotto\/cheveuxtondeuse-gc910\/\" \/>\n<meta property=\"og:locale\" content=\"fr_FR\" \/>\n<meta property=\"og:type\" content=\"article\" \/>\n<meta property=\"og:title\" content=\"CHEVEUX TONDEUSE GC910 ALLOY - Gama Professional\" \/>\n<meta property=\"og:description\" content=\"GC910 est une tondeuse \u00e0 cheveux professionnelle sans fil. Moteur haute performance et lame en acier inoxydable ultra tranchante.\" \/>\n<meta property=\"og:url\" content=\"https:\/\/www.gamaprofessional.com\/fr\/prodotto\/cheveuxtondeuse-gc910\/\" \/>\n<meta property=\"og:site_name\" content=\"Gama Professional\" \/>\n<meta property=\"article:modified_time\" content=\"2026-04-22T13:41:10+00:00\" \/>\n<meta property=\"og:image\" content=\"https:\/\/www.gamaprofessional.com\/wp-content\/uploads\/2024\/11\/TAGLIACAPELLI-GC910.png\" \/>\n\t<meta property=\"og:image:width\" content=\"1080\" \/>\n\t<meta property=\"og:image:height\" content=\"1080\" \/>\n\t<meta property=\"og:image:type\" content=\"image\/png\" \/>\n<meta name=\"twitter:card\" content=\"summary_large_image\" \/>\n<meta name=\"twitter:label1\" content=\"Dur\u00e9e de lecture estim\u00e9e\" \/>\n\t<meta name=\"twitter:data1\" content=\"1 minute\" \/>\n<script type=\"application\/ld+json\" class=\"yoast-schema-graph\">{\"@context\":\"https:\\\/\\\/schema.org\",\"@graph\":[{\"@type\":\"WebPage\",\"@id\":\"https:\\\/\\\/www.gamaprofessional.com\\\/fr\\\/prodotto\\\/cheveuxtondeuse-gc910\\\/\",\"url\":\"https:\\\/\\\/www.gamaprofessional.com\\\/fr\\\/prodotto\\\/cheveuxtondeuse-gc910\\\/\",\"name\":\"CHEVEUX TONDEUSE GC910 ALLOY - Gama Professional\",\"isPartOf\":{\"@id\":\"https:\\\/\\\/www.gamaprofessional.com\\\/fr\\\/#website\"},\"primaryImageOfPage\":{\"@id\":\"https:\\\/\\\/www.gamaprofessional.com\\\/fr\\\/prodotto\\\/cheveuxtondeuse-gc910\\\/#primaryimage\"},\"image\":{\"@id\":\"https:\\\/\\\/www.gamaprofessional.com\\\/fr\\\/prodotto\\\/cheveuxtondeuse-gc910\\\/#primaryimage\"},\"thumbnailUrl\":\"https:\\\/\\\/www.gamaprofessional.com\\\/wp-content\\\/uploads\\\/2024\\\/11\\\/TAGLIACAPELLI-GC910.png\",\"datePublished\":\"2024-11-20T15:30:40+00:00\",\"dateModified\":\"2026-04-22T13:41:10+00:00\",\"description\":\"GC910 est une tondeuse \u00e0 cheveux professionnelle sans fil. Moteur haute performance et lame en acier inoxydable ultra tranchante.\",\"breadcrumb\":{\"@id\":\"https:\\\/\\\/www.gamaprofessional.com\\\/fr\\\/prodotto\\\/cheveuxtondeuse-gc910\\\/#breadcrumb\"},\"inLanguage\":\"fr-FR\",\"potentialAction\":[{\"@type\":\"ReadAction\",\"target\":[\"https:\\\/\\\/www.gamaprofessional.com\\\/fr\\\/prodotto\\\/cheveuxtondeuse-gc910\\\/\"]}]},{\"@type\":\"ImageObject\",\"inLanguage\":\"fr-FR\",\"@id\":\"https:\\\/\\\/www.gamaprofessional.com\\\/fr\\\/prodotto\\\/cheveuxtondeuse-gc910\\\/#primaryimage\",\"url\":\"https:\\\/\\\/www.gamaprofessional.com\\\/wp-content\\\/uploads\\\/2024\\\/11\\\/TAGLIACAPELLI-GC910.png\",\"contentUrl\":\"https:\\\/\\\/www.gamaprofessional.com\\\/wp-content\\\/uploads\\\/2024\\\/11\\\/TAGLIACAPELLI-GC910.png\",\"width\":1080,\"height\":1080,\"caption\":\"TAGLIACAPELLI GC910\"},{\"@type\":\"BreadcrumbList\",\"@id\":\"https:\\\/\\\/www.gamaprofessional.com\\\/fr\\\/prodotto\\\/cheveuxtondeuse-gc910\\\/#breadcrumb\",\"itemListElement\":[{\"@type\":\"ListItem\",\"position\":1,\"name\":\"Home\",\"item\":\"https:\\\/\\\/www.gamaprofessional.com\\\/fr\\\/page-daccueil\\\/\"},{\"@type\":\"ListItem\",\"position\":2,\"name\":\"Boutique\",\"item\":\"https:\\\/\\\/www.gamaprofessional.com\\\/shop\\\/\"},{\"@type\":\"ListItem\",\"position\":3,\"name\":\"Grooming\",\"item\":\"https:\\\/\\\/www.gamaprofessional.com\\\/fr\\\/categoria-prodotto\\\/grooming-fr\\\/\"},{\"@type\":\"ListItem\",\"position\":4,\"name\":\"Tondeuses\",\"item\":\"https:\\\/\\\/www.gamaprofessional.com\\\/fr\\\/categoria-prodotto\\\/grooming-fr\\\/coupeur-de-cheveux\\\/\"},{\"@type\":\"ListItem\",\"position\":5,\"name\":\"CHEVEUX TONDEUSE GC910 ALLOY\"}]},{\"@type\":\"WebSite\",\"@id\":\"https:\\\/\\\/www.gamaprofessional.com\\\/fr\\\/#website\",\"url\":\"https:\\\/\\\/www.gamaprofessional.com\\\/fr\\\/\",\"name\":\"Gama Professional\",\"description\":\"\",\"potentialAction\":[{\"@type\":\"SearchAction\",\"target\":{\"@type\":\"EntryPoint\",\"urlTemplate\":\"https:\\\/\\\/www.gamaprofessional.com\\\/fr\\\/?s={search_term_string}\"},\"query-input\":{\"@type\":\"PropertyValueSpecification\",\"valueRequired\":true,\"valueName\":\"search_term_string\"}}],\"inLanguage\":\"fr-FR\"}]}<\/script>\n<!-- \/ Yoast SEO plugin. -->","yoast_head_json":{"title":"CHEVEUX TONDEUSE GC910 ALLOY - Gama Professional","description":"GC910 est une tondeuse \u00e0 cheveux professionnelle sans fil. Moteur haute performance et lame en acier inoxydable ultra tranchante.","robots":{"index":"index","follow":"follow","max-snippet":"max-snippet:-1","max-image-preview":"max-image-preview:large","max-video-preview":"max-video-preview:-1"},"canonical":"https:\/\/www.gamaprofessional.com\/fr\/prodotto\/cheveuxtondeuse-gc910\/","og_locale":"fr_FR","og_type":"article","og_title":"CHEVEUX TONDEUSE GC910 ALLOY - Gama Professional","og_description":"GC910 est une tondeuse \u00e0 cheveux professionnelle sans fil. Moteur haute performance et lame en acier inoxydable ultra tranchante.","og_url":"https:\/\/www.gamaprofessional.com\/fr\/prodotto\/cheveuxtondeuse-gc910\/","og_site_name":"Gama Professional","article_modified_time":"2026-04-22T13:41:10+00:00","og_image":[{"width":1080,"height":1080,"url":"https:\/\/www.gamaprofessional.com\/wp-content\/uploads\/2024\/11\/TAGLIACAPELLI-GC910.png","type":"image\/png"}],"twitter_card":"summary_large_image","twitter_misc":{"Dur\u00e9e de lecture estim\u00e9e":"1 minute"},"schema":{"@context":"https:\/\/schema.org","@graph":[{"@type":"WebPage","@id":"https:\/\/www.gamaprofessional.com\/fr\/prodotto\/cheveuxtondeuse-gc910\/","url":"https:\/\/www.gamaprofessional.com\/fr\/prodotto\/cheveuxtondeuse-gc910\/","name":"CHEVEUX TONDEUSE GC910 ALLOY - Gama Professional","isPartOf":{"@id":"https:\/\/www.gamaprofessional.com\/fr\/#website"},"primaryImageOfPage":{"@id":"https:\/\/www.gamaprofessional.com\/fr\/prodotto\/cheveuxtondeuse-gc910\/#primaryimage"},"image":{"@id":"https:\/\/www.gamaprofessional.com\/fr\/prodotto\/cheveuxtondeuse-gc910\/#primaryimage"},"thumbnailUrl":"https:\/\/www.gamaprofessional.com\/wp-content\/uploads\/2024\/11\/TAGLIACAPELLI-GC910.png","datePublished":"2024-11-20T15:30:40+00:00","dateModified":"2026-04-22T13:41:10+00:00","description":"GC910 est une tondeuse \u00e0 cheveux professionnelle sans fil. Moteur haute performance et lame en acier inoxydable ultra tranchante.","breadcrumb":{"@id":"https:\/\/www.gamaprofessional.com\/fr\/prodotto\/cheveuxtondeuse-gc910\/#breadcrumb"},"inLanguage":"fr-FR","potentialAction":[{"@type":"ReadAction","target":["https:\/\/www.gamaprofessional.com\/fr\/prodotto\/cheveuxtondeuse-gc910\/"]}]},{"@type":"ImageObject","inLanguage":"fr-FR","@id":"https:\/\/www.gamaprofessional.com\/fr\/prodotto\/cheveuxtondeuse-gc910\/#primaryimage","url":"https:\/\/www.gamaprofessional.com\/wp-content\/uploads\/2024\/11\/TAGLIACAPELLI-GC910.png","contentUrl":"https:\/\/www.gamaprofessional.com\/wp-content\/uploads\/2024\/11\/TAGLIACAPELLI-GC910.png","width":1080,"height":1080,"caption":"TAGLIACAPELLI GC910"},{"@type":"BreadcrumbList","@id":"https:\/\/www.gamaprofessional.com\/fr\/prodotto\/cheveuxtondeuse-gc910\/#breadcrumb","itemListElement":[{"@type":"ListItem","position":1,"name":"Home","item":"https:\/\/www.gamaprofessional.com\/fr\/page-daccueil\/"},{"@type":"ListItem","position":2,"name":"Boutique","item":"https:\/\/www.gamaprofessional.com\/shop\/"},{"@type":"ListItem","position":3,"name":"Grooming","item":"https:\/\/www.gamaprofessional.com\/fr\/categoria-prodotto\/grooming-fr\/"},{"@type":"ListItem","position":4,"name":"Tondeuses","item":"https:\/\/www.gamaprofessional.com\/fr\/categoria-prodotto\/grooming-fr\/coupeur-de-cheveux\/"},{"@type":"ListItem","position":5,"name":"CHEVEUX TONDEUSE GC910 ALLOY"}]},{"@type":"WebSite","@id":"https:\/\/www.gamaprofessional.com\/fr\/#website","url":"https:\/\/www.gamaprofessional.com\/fr\/","name":"Gama Professional","description":"","potentialAction":[{"@type":"SearchAction","target":{"@type":"EntryPoint","urlTemplate":"https:\/\/www.gamaprofessional.com\/fr\/?s={search_term_string}"},"query-input":{"@type":"PropertyValueSpecification","valueRequired":true,"valueName":"search_term_string"}}],"inLanguage":"fr-FR"}]}},"_links":{"self":[{"href":"https:\/\/www.gamaprofessional.com\/fr\/wp-json\/wp\/v2\/product\/1910","targetHints":{"allow":["GET"]}}],"collection":[{"href":"https:\/\/www.gamaprofessional.com\/fr\/wp-json\/wp\/v2\/product"}],"about":[{"href":"https:\/\/www.gamaprofessional.com\/fr\/wp-json\/wp\/v2\/types\/product"}],"wp:featuredmedia":[{"embeddable":true,"href":"https:\/\/www.gamaprofessional.com\/fr\/wp-json\/wp\/v2\/media\/1907"}],"wp:attachment":[{"href":"https:\/\/www.gamaprofessional.com\/fr\/wp-json\/wp\/v2\/media?parent=1910"}],"wp:term":[{"taxonomy":"product_brand","embeddable":true,"href":"https:\/\/www.gamaprofessional.com\/fr\/wp-json\/wp\/v2\/product_brand?post=1910"},{"taxonomy":"product_cat","embeddable":true,"href":"https:\/\/www.gamaprofessional.com\/fr\/wp-json\/wp\/v2\/product_cat?post=1910"},{"taxonomy":"product_tag","embeddable":true,"href":"https:\/\/www.gamaprofessional.com\/fr\/wp-json\/wp\/v2\/product_tag?post=1910"}],"curies":[{"name":"wp","href":"https:\/\/api.w.org\/{rel}","templated":true}]}}