{"id":2248,"date":"2024-11-26T16:01:55","date_gmt":"2024-11-26T15:01:55","guid":{"rendered":"https:\/\/www.gamaprofessional.com\/?post_type=product&#038;p=2248"},"modified":"2025-12-01T09:27:18","modified_gmt":"2025-12-01T08:27:18","slug":"tagliacapelli-gbs-absolute-skill","status":"publish","type":"product","link":"https:\/\/www.gamaprofessional.com\/fr\/prodotto\/tagliacapelli-gbs-absolute-skill\/","title":{"rendered":"TONDEUSE POUR CHEVEUX GBS ABSOLUTE SKILL"},"content":{"rendered":"<p>Avec ABSOLUTE SKILL de la ligne GBS, vous obtenez des coupes et des nuances parfaites gr\u00e2ce \u00e0 sa lame en acier inoxydable <strong>\u00ab F-Wedge \u00bb.<\/strong> Le moteur magn\u00e9tique professionnel permet de maintenir des performances \u00e9lev\u00e9es. <\/p>\n<p>Les 8 peignes de guidage offrent un large choix de style, en ajustant la hauteur de coupe <strong>\u00e0 1,5 \u00e0 25 mm<\/strong>. L\u2019outil peut \u00e9galement \u00eatre utilis\u00e9 sans peigne, en utilisant le levier lat\u00e9ral qui permet de r\u00e9gler la hauteur de la lame en 2 tailles diff\u00e9rentes: 0,8 mm pour les coupes ras\u00e9es et 3,8 mm pour les coupes plus longues. <\/p>\n<p>Y compris le kit d\u2019entretien, indispensable pour effectuer r\u00e9guli\u00e8rement un nettoyage et un entretien corrects, indispensable pour maintenir l\u2019efficacit\u00e9 du produit.<\/p>\n","protected":false},"excerpt":{"rendered":"<p>ABSOLUTE SKILL de la ligne GBS est la tondeuse \u00e0 cheveux avec un moteur magn\u00e9tique professionnel haute performance, \u00e9quip\u00e9 d\u2019une lame en acier inoxydable \u00ab F-Wedge \u00bb. Outil id\u00e9al pour obtenir des coupes et des nuances de lignes extr\u00eamement pr\u00e9cises. <\/p>\n","protected":false},"featured_media":2245,"template":"","meta":{"_acf_changed":false},"product_brand":[],"product_cat":[456],"product_tag":[],"class_list":{"0":"post-2248","1":"product","2":"type-product","3":"status-publish","4":"has-post-thumbnail","6":"product_cat-coupeur-de-cheveux","8":"first","9":"instock","10":"taxable","11":"shipping-taxable","12":"purchasable","13":"product-type-simple"},"acf":[],"yoast_head":"<!-- This site is optimized with the Yoast SEO plugin v27.5 - https:\/\/yoast.com\/product\/yoast-seo-wordpress\/ -->\n<title>TONDEUSE POUR CHEVEUX GBS ABSOLUTE SKILL - Gama Professional<\/title>\n<meta name=\"description\" content=\"Tondeuse \u00e0 cheveux avec un moteur magn\u00e9tique professionnel haute performance, \u00e9quip\u00e9 d\u2019une lame en acier inoxydable &quot;F-Wedge&quot;, pour obtenir des coupes et des nuances de lignes.\" \/>\n<meta name=\"robots\" content=\"index, follow, max-snippet:-1, max-image-preview:large, max-video-preview:-1\" \/>\n<link rel=\"canonical\" href=\"https:\/\/www.gamaprofessional.com\/fr\/prodotto\/tagliacapelli-gbs-absolute-skill\/\" \/>\n<meta property=\"og:locale\" content=\"fr_FR\" \/>\n<meta property=\"og:type\" content=\"article\" \/>\n<meta property=\"og:title\" content=\"TONDEUSE POUR CHEVEUX GBS ABSOLUTE SKILL - Gama Professional\" \/>\n<meta property=\"og:description\" content=\"Tondeuse \u00e0 cheveux avec un moteur magn\u00e9tique professionnel haute performance, \u00e9quip\u00e9 d\u2019une lame en acier inoxydable &quot;F-Wedge&quot;, pour obtenir des coupes et des nuances de lignes.\" \/>\n<meta property=\"og:url\" content=\"https:\/\/www.gamaprofessional.com\/fr\/prodotto\/tagliacapelli-gbs-absolute-skill\/\" \/>\n<meta property=\"og:site_name\" content=\"Gama Professional\" \/>\n<meta property=\"article:modified_time\" content=\"2025-12-01T08:27:18+00:00\" \/>\n<meta property=\"og:image\" content=\"https:\/\/www.gamaprofessional.com\/wp-content\/uploads\/2024\/11\/GBS-ABSOLUTE-SKILL.png\" \/>\n\t<meta property=\"og:image:width\" content=\"1080\" \/>\n\t<meta property=\"og:image:height\" content=\"1080\" \/>\n\t<meta property=\"og:image:type\" content=\"image\/png\" \/>\n<meta name=\"twitter:card\" content=\"summary_large_image\" \/>\n<meta name=\"twitter:label1\" content=\"Dur\u00e9e de lecture estim\u00e9e\" \/>\n\t<meta name=\"twitter:data1\" content=\"1 minute\" \/>\n<script type=\"application\/ld+json\" class=\"yoast-schema-graph\">{\"@context\":\"https:\\\/\\\/schema.org\",\"@graph\":[{\"@type\":\"WebPage\",\"@id\":\"https:\\\/\\\/www.gamaprofessional.com\\\/fr\\\/prodotto\\\/tagliacapelli-gbs-absolute-skill\\\/\",\"url\":\"https:\\\/\\\/www.gamaprofessional.com\\\/fr\\\/prodotto\\\/tagliacapelli-gbs-absolute-skill\\\/\",\"name\":\"TONDEUSE POUR CHEVEUX GBS ABSOLUTE SKILL - Gama Professional\",\"isPartOf\":{\"@id\":\"https:\\\/\\\/www.gamaprofessional.com\\\/fr\\\/#website\"},\"primaryImageOfPage\":{\"@id\":\"https:\\\/\\\/www.gamaprofessional.com\\\/fr\\\/prodotto\\\/tagliacapelli-gbs-absolute-skill\\\/#primaryimage\"},\"image\":{\"@id\":\"https:\\\/\\\/www.gamaprofessional.com\\\/fr\\\/prodotto\\\/tagliacapelli-gbs-absolute-skill\\\/#primaryimage\"},\"thumbnailUrl\":\"https:\\\/\\\/www.gamaprofessional.com\\\/wp-content\\\/uploads\\\/2024\\\/11\\\/GBS-ABSOLUTE-SKILL.png\",\"datePublished\":\"2024-11-26T15:01:55+00:00\",\"dateModified\":\"2025-12-01T08:27:18+00:00\",\"description\":\"Tondeuse \u00e0 cheveux avec un moteur magn\u00e9tique professionnel haute performance, \u00e9quip\u00e9 d\u2019une lame en acier inoxydable \\\"F-Wedge\\\", pour obtenir des coupes et des nuances de lignes.\",\"breadcrumb\":{\"@id\":\"https:\\\/\\\/www.gamaprofessional.com\\\/fr\\\/prodotto\\\/tagliacapelli-gbs-absolute-skill\\\/#breadcrumb\"},\"inLanguage\":\"fr-FR\",\"potentialAction\":[{\"@type\":\"ReadAction\",\"target\":[\"https:\\\/\\\/www.gamaprofessional.com\\\/fr\\\/prodotto\\\/tagliacapelli-gbs-absolute-skill\\\/\"]}]},{\"@type\":\"ImageObject\",\"inLanguage\":\"fr-FR\",\"@id\":\"https:\\\/\\\/www.gamaprofessional.com\\\/fr\\\/prodotto\\\/tagliacapelli-gbs-absolute-skill\\\/#primaryimage\",\"url\":\"https:\\\/\\\/www.gamaprofessional.com\\\/wp-content\\\/uploads\\\/2024\\\/11\\\/GBS-ABSOLUTE-SKILL.png\",\"contentUrl\":\"https:\\\/\\\/www.gamaprofessional.com\\\/wp-content\\\/uploads\\\/2024\\\/11\\\/GBS-ABSOLUTE-SKILL.png\",\"width\":1080,\"height\":1080,\"caption\":\"GBS ABSOLUTE SKILL\"},{\"@type\":\"BreadcrumbList\",\"@id\":\"https:\\\/\\\/www.gamaprofessional.com\\\/fr\\\/prodotto\\\/tagliacapelli-gbs-absolute-skill\\\/#breadcrumb\",\"itemListElement\":[{\"@type\":\"ListItem\",\"position\":1,\"name\":\"Home\",\"item\":\"https:\\\/\\\/www.gamaprofessional.com\\\/fr\\\/page-daccueil\\\/\"},{\"@type\":\"ListItem\",\"position\":2,\"name\":\"Boutique\",\"item\":\"https:\\\/\\\/www.gamaprofessional.com\\\/shop\\\/\"},{\"@type\":\"ListItem\",\"position\":3,\"name\":\"Grooming\",\"item\":\"https:\\\/\\\/www.gamaprofessional.com\\\/fr\\\/categoria-prodotto\\\/grooming-fr\\\/\"},{\"@type\":\"ListItem\",\"position\":4,\"name\":\"Tondeuses\",\"item\":\"https:\\\/\\\/www.gamaprofessional.com\\\/fr\\\/categoria-prodotto\\\/grooming-fr\\\/coupeur-de-cheveux\\\/\"},{\"@type\":\"ListItem\",\"position\":5,\"name\":\"TONDEUSE POUR CHEVEUX GBS ABSOLUTE SKILL\"}]},{\"@type\":\"WebSite\",\"@id\":\"https:\\\/\\\/www.gamaprofessional.com\\\/fr\\\/#website\",\"url\":\"https:\\\/\\\/www.gamaprofessional.com\\\/fr\\\/\",\"name\":\"Gama Professional\",\"description\":\"\",\"potentialAction\":[{\"@type\":\"SearchAction\",\"target\":{\"@type\":\"EntryPoint\",\"urlTemplate\":\"https:\\\/\\\/www.gamaprofessional.com\\\/fr\\\/?s={search_term_string}\"},\"query-input\":{\"@type\":\"PropertyValueSpecification\",\"valueRequired\":true,\"valueName\":\"search_term_string\"}}],\"inLanguage\":\"fr-FR\"}]}<\/script>\n<!-- \/ Yoast SEO plugin. -->","yoast_head_json":{"title":"TONDEUSE POUR CHEVEUX GBS ABSOLUTE SKILL - Gama Professional","description":"Tondeuse \u00e0 cheveux avec un moteur magn\u00e9tique professionnel haute performance, \u00e9quip\u00e9 d\u2019une lame en acier inoxydable \"F-Wedge\", pour obtenir des coupes et des nuances de lignes.","robots":{"index":"index","follow":"follow","max-snippet":"max-snippet:-1","max-image-preview":"max-image-preview:large","max-video-preview":"max-video-preview:-1"},"canonical":"https:\/\/www.gamaprofessional.com\/fr\/prodotto\/tagliacapelli-gbs-absolute-skill\/","og_locale":"fr_FR","og_type":"article","og_title":"TONDEUSE POUR CHEVEUX GBS ABSOLUTE SKILL - Gama Professional","og_description":"Tondeuse \u00e0 cheveux avec un moteur magn\u00e9tique professionnel haute performance, \u00e9quip\u00e9 d\u2019une lame en acier inoxydable \"F-Wedge\", pour obtenir des coupes et des nuances de lignes.","og_url":"https:\/\/www.gamaprofessional.com\/fr\/prodotto\/tagliacapelli-gbs-absolute-skill\/","og_site_name":"Gama Professional","article_modified_time":"2025-12-01T08:27:18+00:00","og_image":[{"width":1080,"height":1080,"url":"https:\/\/www.gamaprofessional.com\/wp-content\/uploads\/2024\/11\/GBS-ABSOLUTE-SKILL.png","type":"image\/png"}],"twitter_card":"summary_large_image","twitter_misc":{"Dur\u00e9e de lecture estim\u00e9e":"1 minute"},"schema":{"@context":"https:\/\/schema.org","@graph":[{"@type":"WebPage","@id":"https:\/\/www.gamaprofessional.com\/fr\/prodotto\/tagliacapelli-gbs-absolute-skill\/","url":"https:\/\/www.gamaprofessional.com\/fr\/prodotto\/tagliacapelli-gbs-absolute-skill\/","name":"TONDEUSE POUR CHEVEUX GBS ABSOLUTE SKILL - Gama Professional","isPartOf":{"@id":"https:\/\/www.gamaprofessional.com\/fr\/#website"},"primaryImageOfPage":{"@id":"https:\/\/www.gamaprofessional.com\/fr\/prodotto\/tagliacapelli-gbs-absolute-skill\/#primaryimage"},"image":{"@id":"https:\/\/www.gamaprofessional.com\/fr\/prodotto\/tagliacapelli-gbs-absolute-skill\/#primaryimage"},"thumbnailUrl":"https:\/\/www.gamaprofessional.com\/wp-content\/uploads\/2024\/11\/GBS-ABSOLUTE-SKILL.png","datePublished":"2024-11-26T15:01:55+00:00","dateModified":"2025-12-01T08:27:18+00:00","description":"Tondeuse \u00e0 cheveux avec un moteur magn\u00e9tique professionnel haute performance, \u00e9quip\u00e9 d\u2019une lame en acier inoxydable \"F-Wedge\", pour obtenir des coupes et des nuances de lignes.","breadcrumb":{"@id":"https:\/\/www.gamaprofessional.com\/fr\/prodotto\/tagliacapelli-gbs-absolute-skill\/#breadcrumb"},"inLanguage":"fr-FR","potentialAction":[{"@type":"ReadAction","target":["https:\/\/www.gamaprofessional.com\/fr\/prodotto\/tagliacapelli-gbs-absolute-skill\/"]}]},{"@type":"ImageObject","inLanguage":"fr-FR","@id":"https:\/\/www.gamaprofessional.com\/fr\/prodotto\/tagliacapelli-gbs-absolute-skill\/#primaryimage","url":"https:\/\/www.gamaprofessional.com\/wp-content\/uploads\/2024\/11\/GBS-ABSOLUTE-SKILL.png","contentUrl":"https:\/\/www.gamaprofessional.com\/wp-content\/uploads\/2024\/11\/GBS-ABSOLUTE-SKILL.png","width":1080,"height":1080,"caption":"GBS ABSOLUTE SKILL"},{"@type":"BreadcrumbList","@id":"https:\/\/www.gamaprofessional.com\/fr\/prodotto\/tagliacapelli-gbs-absolute-skill\/#breadcrumb","itemListElement":[{"@type":"ListItem","position":1,"name":"Home","item":"https:\/\/www.gamaprofessional.com\/fr\/page-daccueil\/"},{"@type":"ListItem","position":2,"name":"Boutique","item":"https:\/\/www.gamaprofessional.com\/shop\/"},{"@type":"ListItem","position":3,"name":"Grooming","item":"https:\/\/www.gamaprofessional.com\/fr\/categoria-prodotto\/grooming-fr\/"},{"@type":"ListItem","position":4,"name":"Tondeuses","item":"https:\/\/www.gamaprofessional.com\/fr\/categoria-prodotto\/grooming-fr\/coupeur-de-cheveux\/"},{"@type":"ListItem","position":5,"name":"TONDEUSE POUR CHEVEUX GBS ABSOLUTE SKILL"}]},{"@type":"WebSite","@id":"https:\/\/www.gamaprofessional.com\/fr\/#website","url":"https:\/\/www.gamaprofessional.com\/fr\/","name":"Gama Professional","description":"","potentialAction":[{"@type":"SearchAction","target":{"@type":"EntryPoint","urlTemplate":"https:\/\/www.gamaprofessional.com\/fr\/?s={search_term_string}"},"query-input":{"@type":"PropertyValueSpecification","valueRequired":true,"valueName":"search_term_string"}}],"inLanguage":"fr-FR"}]}},"_links":{"self":[{"href":"https:\/\/www.gamaprofessional.com\/fr\/wp-json\/wp\/v2\/product\/2248","targetHints":{"allow":["GET"]}}],"collection":[{"href":"https:\/\/www.gamaprofessional.com\/fr\/wp-json\/wp\/v2\/product"}],"about":[{"href":"https:\/\/www.gamaprofessional.com\/fr\/wp-json\/wp\/v2\/types\/product"}],"wp:featuredmedia":[{"embeddable":true,"href":"https:\/\/www.gamaprofessional.com\/fr\/wp-json\/wp\/v2\/media\/2245"}],"wp:attachment":[{"href":"https:\/\/www.gamaprofessional.com\/fr\/wp-json\/wp\/v2\/media?parent=2248"}],"wp:term":[{"taxonomy":"product_brand","embeddable":true,"href":"https:\/\/www.gamaprofessional.com\/fr\/wp-json\/wp\/v2\/product_brand?post=2248"},{"taxonomy":"product_cat","embeddable":true,"href":"https:\/\/www.gamaprofessional.com\/fr\/wp-json\/wp\/v2\/product_cat?post=2248"},{"taxonomy":"product_tag","embeddable":true,"href":"https:\/\/www.gamaprofessional.com\/fr\/wp-json\/wp\/v2\/product_tag?post=2248"}],"curies":[{"name":"wp","href":"https:\/\/api.w.org\/{rel}","templated":true}]}}