{"id":2264,"date":"2024-11-26T16:59:10","date_gmt":"2024-11-26T15:59:10","guid":{"rendered":"https:\/\/www.gamaprofessional.com\/?post_type=product&#038;p=2264"},"modified":"2026-04-22T15:41:10","modified_gmt":"2026-04-22T13:41:10","slug":"tondeuse-gc-titanium","status":"publish","type":"product","link":"https:\/\/www.gamaprofessional.com\/fr\/prodotto\/tondeuse-gc-titanium\/","title":{"rendered":"TONDEUSE GC TITANIUM"},"content":{"rendered":"<p>GC Titanium est la tondeuse cord-cordless \u00e9quip\u00e9e d\u2019une batterie lithium \u00e0 charge rapide qui se recharge compl\u00e8tement en 90 minutes, permettant une utilisation <strong>sans fil jusqu\u2019\u00e0 180 minutes<\/strong>. Pour la premi\u00e8re utilisation, il est n\u00e9cessaire de la charger pendant 12 heures. <\/p>\n<p>Sa lame en <strong>acier inoxydable ultra-aff\u00fbt\u00e9e<\/strong> garantit une coupe pr\u00e9cise et douce. La lame est rev\u00eatue de <strong>diamants \u201cDLC\u201d<\/strong> pour une durabilit\u00e9 et un aff\u00fbtage maximum. <\/p>\n<p>Les 4 sabots fournis permettent d\u2019ajuster la longueur de coupe de 3 \u00e0 13 mm, avec 4 r\u00e9glages diff\u00e9rents : 3, 6, 10 et 13 mm. GC TITANIUM permet \u00e9galement des finitions pr\u00e9cises lorsqu\u2019elle est utilis\u00e9e sans sabot, gr\u00e2ce au levier lat\u00e9ral r\u00e9glable <strong>de 0,8 \u00e0 2,0 mm<\/strong>.<\/p>\n<p>Un nettoyage quotidien de l\u2019appareil est indispensable pour garantir des performances optimales, rendu facile gr\u00e2ce aux outils inclus dans le kit.<\/p>\n","protected":false},"excerpt":{"rendered":"<p>Tondeuse professionnelle Cord-Cordless au style iconique et \u00e9l\u00e9gant qui refl\u00e8te le design italien. Lame en acier inoxydable ultra-aff\u00fbt\u00e9e rev\u00eatue de diamants \u201cDLC\u201d pour une durabilit\u00e9 maximale de l\u2019aff\u00fbtage et une friction r\u00e9duite entre les lames. Batterie lithium \u00e0 charge rapide. Autonomie de 180 minutes.   <\/p>\n","protected":false},"featured_media":2261,"template":"","meta":{"_acf_changed":false},"product_brand":[],"product_cat":[456],"product_tag":[],"class_list":{"0":"post-2264","1":"product","2":"type-product","3":"status-publish","4":"has-post-thumbnail","6":"product_cat-coupeur-de-cheveux","8":"first","9":"instock","10":"sale","11":"taxable","12":"shipping-taxable","13":"purchasable","14":"product-type-simple"},"acf":[],"yoast_head":"<!-- This site is optimized with the Yoast SEO plugin v27.5 - https:\/\/yoast.com\/product\/yoast-seo-wordpress\/ -->\n<title>TONDEUSE GC TITANIUM - Gama Professional<\/title>\n<meta name=\"description\" content=\"Tondeuse professionnelle Cord-Cordless avec lame en acier inoxydable ultra-aff\u00fbt\u00e9e rev\u00eatue de diamants \u201cDLC\u201d. Autonomie de 180 minutes.\" \/>\n<meta name=\"robots\" content=\"index, follow, max-snippet:-1, max-image-preview:large, max-video-preview:-1\" \/>\n<link rel=\"canonical\" href=\"https:\/\/www.gamaprofessional.com\/fr\/prodotto\/tondeuse-gc-titanium\/\" \/>\n<meta property=\"og:locale\" content=\"fr_FR\" \/>\n<meta property=\"og:type\" content=\"article\" \/>\n<meta property=\"og:title\" content=\"TONDEUSE GC TITANIUM - Gama Professional\" \/>\n<meta property=\"og:description\" content=\"Tondeuse professionnelle Cord-Cordless avec lame en acier inoxydable ultra-aff\u00fbt\u00e9e rev\u00eatue de diamants \u201cDLC\u201d. Autonomie de 180 minutes.\" \/>\n<meta property=\"og:url\" content=\"https:\/\/www.gamaprofessional.com\/fr\/prodotto\/tondeuse-gc-titanium\/\" \/>\n<meta property=\"og:site_name\" content=\"Gama Professional\" \/>\n<meta property=\"article:modified_time\" content=\"2026-04-22T13:41:10+00:00\" \/>\n<meta property=\"og:image\" content=\"https:\/\/www.gamaprofessional.com\/wp-content\/uploads\/2024\/11\/GC-TITANIUM.png\" \/>\n\t<meta property=\"og:image:width\" content=\"1080\" \/>\n\t<meta property=\"og:image:height\" content=\"1080\" \/>\n\t<meta property=\"og:image:type\" content=\"image\/png\" \/>\n<meta name=\"twitter:card\" content=\"summary_large_image\" \/>\n<meta name=\"twitter:label1\" content=\"Dur\u00e9e de lecture estim\u00e9e\" \/>\n\t<meta name=\"twitter:data1\" content=\"1 minute\" \/>\n<script type=\"application\/ld+json\" class=\"yoast-schema-graph\">{\"@context\":\"https:\\\/\\\/schema.org\",\"@graph\":[{\"@type\":\"WebPage\",\"@id\":\"https:\\\/\\\/www.gamaprofessional.com\\\/fr\\\/prodotto\\\/tondeuse-gc-titanium\\\/\",\"url\":\"https:\\\/\\\/www.gamaprofessional.com\\\/fr\\\/prodotto\\\/tondeuse-gc-titanium\\\/\",\"name\":\"TONDEUSE GC TITANIUM - Gama Professional\",\"isPartOf\":{\"@id\":\"https:\\\/\\\/www.gamaprofessional.com\\\/fr\\\/#website\"},\"primaryImageOfPage\":{\"@id\":\"https:\\\/\\\/www.gamaprofessional.com\\\/fr\\\/prodotto\\\/tondeuse-gc-titanium\\\/#primaryimage\"},\"image\":{\"@id\":\"https:\\\/\\\/www.gamaprofessional.com\\\/fr\\\/prodotto\\\/tondeuse-gc-titanium\\\/#primaryimage\"},\"thumbnailUrl\":\"https:\\\/\\\/www.gamaprofessional.com\\\/wp-content\\\/uploads\\\/2024\\\/11\\\/GC-TITANIUM.png\",\"datePublished\":\"2024-11-26T15:59:10+00:00\",\"dateModified\":\"2026-04-22T13:41:10+00:00\",\"description\":\"Tondeuse professionnelle Cord-Cordless avec lame en acier inoxydable ultra-aff\u00fbt\u00e9e rev\u00eatue de diamants \u201cDLC\u201d. Autonomie de 180 minutes.\",\"breadcrumb\":{\"@id\":\"https:\\\/\\\/www.gamaprofessional.com\\\/fr\\\/prodotto\\\/tondeuse-gc-titanium\\\/#breadcrumb\"},\"inLanguage\":\"fr-FR\",\"potentialAction\":[{\"@type\":\"ReadAction\",\"target\":[\"https:\\\/\\\/www.gamaprofessional.com\\\/fr\\\/prodotto\\\/tondeuse-gc-titanium\\\/\"]}]},{\"@type\":\"ImageObject\",\"inLanguage\":\"fr-FR\",\"@id\":\"https:\\\/\\\/www.gamaprofessional.com\\\/fr\\\/prodotto\\\/tondeuse-gc-titanium\\\/#primaryimage\",\"url\":\"https:\\\/\\\/www.gamaprofessional.com\\\/wp-content\\\/uploads\\\/2024\\\/11\\\/GC-TITANIUM.png\",\"contentUrl\":\"https:\\\/\\\/www.gamaprofessional.com\\\/wp-content\\\/uploads\\\/2024\\\/11\\\/GC-TITANIUM.png\",\"width\":1080,\"height\":1080,\"caption\":\"GC TITANIUM\"},{\"@type\":\"BreadcrumbList\",\"@id\":\"https:\\\/\\\/www.gamaprofessional.com\\\/fr\\\/prodotto\\\/tondeuse-gc-titanium\\\/#breadcrumb\",\"itemListElement\":[{\"@type\":\"ListItem\",\"position\":1,\"name\":\"Home\",\"item\":\"https:\\\/\\\/www.gamaprofessional.com\\\/fr\\\/page-daccueil\\\/\"},{\"@type\":\"ListItem\",\"position\":2,\"name\":\"Boutique\",\"item\":\"https:\\\/\\\/www.gamaprofessional.com\\\/shop\\\/\"},{\"@type\":\"ListItem\",\"position\":3,\"name\":\"Grooming\",\"item\":\"https:\\\/\\\/www.gamaprofessional.com\\\/fr\\\/categoria-prodotto\\\/grooming-fr\\\/\"},{\"@type\":\"ListItem\",\"position\":4,\"name\":\"Tondeuses\",\"item\":\"https:\\\/\\\/www.gamaprofessional.com\\\/fr\\\/categoria-prodotto\\\/grooming-fr\\\/coupeur-de-cheveux\\\/\"},{\"@type\":\"ListItem\",\"position\":5,\"name\":\"TONDEUSE GC TITANIUM\"}]},{\"@type\":\"WebSite\",\"@id\":\"https:\\\/\\\/www.gamaprofessional.com\\\/fr\\\/#website\",\"url\":\"https:\\\/\\\/www.gamaprofessional.com\\\/fr\\\/\",\"name\":\"Gama Professional\",\"description\":\"\",\"potentialAction\":[{\"@type\":\"SearchAction\",\"target\":{\"@type\":\"EntryPoint\",\"urlTemplate\":\"https:\\\/\\\/www.gamaprofessional.com\\\/fr\\\/?s={search_term_string}\"},\"query-input\":{\"@type\":\"PropertyValueSpecification\",\"valueRequired\":true,\"valueName\":\"search_term_string\"}}],\"inLanguage\":\"fr-FR\"}]}<\/script>\n<!-- \/ Yoast SEO plugin. -->","yoast_head_json":{"title":"TONDEUSE GC TITANIUM - Gama Professional","description":"Tondeuse professionnelle Cord-Cordless avec lame en acier inoxydable ultra-aff\u00fbt\u00e9e rev\u00eatue de diamants \u201cDLC\u201d. Autonomie de 180 minutes.","robots":{"index":"index","follow":"follow","max-snippet":"max-snippet:-1","max-image-preview":"max-image-preview:large","max-video-preview":"max-video-preview:-1"},"canonical":"https:\/\/www.gamaprofessional.com\/fr\/prodotto\/tondeuse-gc-titanium\/","og_locale":"fr_FR","og_type":"article","og_title":"TONDEUSE GC TITANIUM - Gama Professional","og_description":"Tondeuse professionnelle Cord-Cordless avec lame en acier inoxydable ultra-aff\u00fbt\u00e9e rev\u00eatue de diamants \u201cDLC\u201d. Autonomie de 180 minutes.","og_url":"https:\/\/www.gamaprofessional.com\/fr\/prodotto\/tondeuse-gc-titanium\/","og_site_name":"Gama Professional","article_modified_time":"2026-04-22T13:41:10+00:00","og_image":[{"width":1080,"height":1080,"url":"https:\/\/www.gamaprofessional.com\/wp-content\/uploads\/2024\/11\/GC-TITANIUM.png","type":"image\/png"}],"twitter_card":"summary_large_image","twitter_misc":{"Dur\u00e9e de lecture estim\u00e9e":"1 minute"},"schema":{"@context":"https:\/\/schema.org","@graph":[{"@type":"WebPage","@id":"https:\/\/www.gamaprofessional.com\/fr\/prodotto\/tondeuse-gc-titanium\/","url":"https:\/\/www.gamaprofessional.com\/fr\/prodotto\/tondeuse-gc-titanium\/","name":"TONDEUSE GC TITANIUM - Gama Professional","isPartOf":{"@id":"https:\/\/www.gamaprofessional.com\/fr\/#website"},"primaryImageOfPage":{"@id":"https:\/\/www.gamaprofessional.com\/fr\/prodotto\/tondeuse-gc-titanium\/#primaryimage"},"image":{"@id":"https:\/\/www.gamaprofessional.com\/fr\/prodotto\/tondeuse-gc-titanium\/#primaryimage"},"thumbnailUrl":"https:\/\/www.gamaprofessional.com\/wp-content\/uploads\/2024\/11\/GC-TITANIUM.png","datePublished":"2024-11-26T15:59:10+00:00","dateModified":"2026-04-22T13:41:10+00:00","description":"Tondeuse professionnelle Cord-Cordless avec lame en acier inoxydable ultra-aff\u00fbt\u00e9e rev\u00eatue de diamants \u201cDLC\u201d. Autonomie de 180 minutes.","breadcrumb":{"@id":"https:\/\/www.gamaprofessional.com\/fr\/prodotto\/tondeuse-gc-titanium\/#breadcrumb"},"inLanguage":"fr-FR","potentialAction":[{"@type":"ReadAction","target":["https:\/\/www.gamaprofessional.com\/fr\/prodotto\/tondeuse-gc-titanium\/"]}]},{"@type":"ImageObject","inLanguage":"fr-FR","@id":"https:\/\/www.gamaprofessional.com\/fr\/prodotto\/tondeuse-gc-titanium\/#primaryimage","url":"https:\/\/www.gamaprofessional.com\/wp-content\/uploads\/2024\/11\/GC-TITANIUM.png","contentUrl":"https:\/\/www.gamaprofessional.com\/wp-content\/uploads\/2024\/11\/GC-TITANIUM.png","width":1080,"height":1080,"caption":"GC TITANIUM"},{"@type":"BreadcrumbList","@id":"https:\/\/www.gamaprofessional.com\/fr\/prodotto\/tondeuse-gc-titanium\/#breadcrumb","itemListElement":[{"@type":"ListItem","position":1,"name":"Home","item":"https:\/\/www.gamaprofessional.com\/fr\/page-daccueil\/"},{"@type":"ListItem","position":2,"name":"Boutique","item":"https:\/\/www.gamaprofessional.com\/shop\/"},{"@type":"ListItem","position":3,"name":"Grooming","item":"https:\/\/www.gamaprofessional.com\/fr\/categoria-prodotto\/grooming-fr\/"},{"@type":"ListItem","position":4,"name":"Tondeuses","item":"https:\/\/www.gamaprofessional.com\/fr\/categoria-prodotto\/grooming-fr\/coupeur-de-cheveux\/"},{"@type":"ListItem","position":5,"name":"TONDEUSE GC TITANIUM"}]},{"@type":"WebSite","@id":"https:\/\/www.gamaprofessional.com\/fr\/#website","url":"https:\/\/www.gamaprofessional.com\/fr\/","name":"Gama Professional","description":"","potentialAction":[{"@type":"SearchAction","target":{"@type":"EntryPoint","urlTemplate":"https:\/\/www.gamaprofessional.com\/fr\/?s={search_term_string}"},"query-input":{"@type":"PropertyValueSpecification","valueRequired":true,"valueName":"search_term_string"}}],"inLanguage":"fr-FR"}]}},"_links":{"self":[{"href":"https:\/\/www.gamaprofessional.com\/fr\/wp-json\/wp\/v2\/product\/2264","targetHints":{"allow":["GET"]}}],"collection":[{"href":"https:\/\/www.gamaprofessional.com\/fr\/wp-json\/wp\/v2\/product"}],"about":[{"href":"https:\/\/www.gamaprofessional.com\/fr\/wp-json\/wp\/v2\/types\/product"}],"wp:featuredmedia":[{"embeddable":true,"href":"https:\/\/www.gamaprofessional.com\/fr\/wp-json\/wp\/v2\/media\/2261"}],"wp:attachment":[{"href":"https:\/\/www.gamaprofessional.com\/fr\/wp-json\/wp\/v2\/media?parent=2264"}],"wp:term":[{"taxonomy":"product_brand","embeddable":true,"href":"https:\/\/www.gamaprofessional.com\/fr\/wp-json\/wp\/v2\/product_brand?post=2264"},{"taxonomy":"product_cat","embeddable":true,"href":"https:\/\/www.gamaprofessional.com\/fr\/wp-json\/wp\/v2\/product_cat?post=2264"},{"taxonomy":"product_tag","embeddable":true,"href":"https:\/\/www.gamaprofessional.com\/fr\/wp-json\/wp\/v2\/product_tag?post=2264"}],"curies":[{"name":"wp","href":"https:\/\/api.w.org\/{rel}","templated":true}]}}