{"id":3219,"date":"2024-12-11T17:08:59","date_gmt":"2024-12-11T16:08:59","guid":{"rendered":"https:\/\/www.gamaprofessional.com\/?post_type=product&#038;p=3219"},"modified":"2025-10-24T15:00:22","modified_gmt":"2025-10-24T13:00:22","slug":"seche-cheveux-iq3-perfetto-by-rossano-ferretti-edition-limitee","status":"publish","type":"product","link":"https:\/\/www.gamaprofessional.com\/fr\/prodotto\/seche-cheveux-iq3-perfetto-by-rossano-ferretti-edition-limitee\/","title":{"rendered":"S\u00e8che-cheveux iQ3 Perfetto by Rossano Ferretti &#8211; \u00c9dition Limit\u00e9e"},"content":{"rendered":"<p><strong>Design et confort \u00e0 l&rsquo;italienne<\/strong><\/p>\n<p>L&rsquo;iQ3 Perfetto se distingue par son design ultra-l\u00e9ger : il ne p\u00e8se que 294 grammes, soit l&rsquo;\u00e9quivalent de votre smartphone. Sa l\u00e9g\u00e8ret\u00e9 r\u00e9duit la fatigue et garantit un confort d&rsquo;utilisation m\u00eame pour des sessions prolong\u00e9es. Compact mais puissant, son moteur de 120 000 tours par minute assure un s\u00e9chage rapide et pr\u00e9cis. De plus, l&rsquo;\u00e9dition limit\u00e9e arbore une finition exclusive qui ajoute une touche de luxe, sublimant n&rsquo;importe quelle salle de bain ou poste de travail.   <\/p>\n<p><strong>L&rsquo;iQ3 by Rossano Ferretti int\u00e8gre des technologies innovantes pour le soin des cheveux :<\/strong><\/p>\n<ol>\n<li>Technologie Oxy Active : Cette technologie offre une action antibact\u00e9rienne et antifongique naturelle gr\u00e2ce aux ions actifs, favorisant un effet r\u00e9g\u00e9n\u00e9rant pour les cheveux, qui restent lumineux et en bonne sant\u00e9.<\/li>\n<li>Turbo Boost et mode veille : Avec la fonction Turbo Boost, l\u2019iQ3 Perfetto atteint des performances sup\u00e9rieures, id\u00e9ales pour les coiffeurs et les utilisateurs recherchant des r\u00e9sultats professionnels. La technologie Stand-by \u00e9teint automatiquement l&rsquo;appareil lorsqu&rsquo;il est plac\u00e9 sur le Smart Pad d\u00e9di\u00e9, garantissant s\u00e9curit\u00e9 et \u00e9conomies d&rsquo;\u00e9nergie. <\/li>\n<li>eSystem-C : Ce syst\u00e8me d&rsquo;auto-diagnostic surveille en permanence les performances du s\u00e8che-cheveux, d\u00e9tectant toute anomalie pour assurer une efficacit\u00e9 maximale et une protection optimale.<\/li>\n<\/ol>\n<p>Le s\u00e8che-cheveux iQ3 by Rossano Ferretti est accompagn\u00e9 d\u2019un spray protecteur exclusif pour le s\u00e9chage, issu de la c\u00e9l\u00e8bre gamme de produits sign\u00e9e Ferretti, mondialement reconnue pour son excellence dans le soin des cheveux. Enrichi en extraits de th\u00e9 vert et de cynorhodon, ce spray de 100 ml hydrate, d\u00e9m\u00eale et prot\u00e8ge chaque m\u00e8che contre la chaleur et l\u2019humidit\u00e9, transformant le s\u00e9chage en un rituel sophistiqu\u00e9. Convient \u00e0 tous les types de cheveux, parfait pour obtenir des r\u00e9sultats \u00e9clatants et durables.<\/p>\n<p>L\u2019iQ3 est dot\u00e9 de deux filtres micro-perfor\u00e9s lavables permettant d\u2019\u00e9liminer l\u2019accumulation de poussi\u00e8re et de produits chimiques, comme la laque ou les micro-bact\u00e9ries. Ces filtres sont con\u00e7us pour emp\u00eacher m\u00eame les plus petites particules de p\u00e9n\u00e9trer dans le moteur et d\u2019atteindre le cuir chevelu.<\/p>\n<p><strong>Accessoires inclus<\/strong><\/p>\n<p>L&rsquo;iQ3 Perfetto est livr\u00e9 avec des accessoires professionnels qui renforcent sa polyvalence :<\/p>\n<ul>\n<li>Diffuseur profond pour des boucles d\u00e9finies et volumineuses<\/li>\n<li>2 concentrateurs professionnels de tailles diff\u00e9rentes pour un coiffage personnalis\u00e9<\/li>\n<li>Embout en \u00e9toile<\/li>\n<li>Smart Pad pour activer le mode veille<\/li>\n<li>Kit de nettoyage des filtres<\/li>\n<\/ul>\n","protected":false},"excerpt":{"rendered":"<p>L&rsquo;\u00e9dition limit\u00e9e iQ3 Perfetto by Rossano Ferretti combine le savoir-faire de Gama Professional et l&rsquo;expertise raffin\u00e9e de Rossano Ferretti, offrant un appareil d&rsquo;exception, con\u00e7u pour ceux qui recherchent des r\u00e9sultats de salon chez eux.<\/p>\n","protected":false},"featured_media":3704,"template":"","meta":{"_acf_changed":false},"product_brand":[],"product_cat":[327],"product_tag":[],"class_list":{"0":"post-3219","1":"product","2":"type-product","3":"status-publish","4":"has-post-thumbnail","6":"product_cat-seche-cheveux","8":"first","9":"instock","10":"sale","11":"taxable","12":"shipping-taxable","13":"purchasable","14":"product-type-simple"},"acf":[],"yoast_head":"<!-- This site is optimized with the Yoast SEO plugin v27.5 - https:\/\/yoast.com\/product\/yoast-seo-wordpress\/ -->\n<title>S\u00e8che-cheveux iQ3 Perfetto by Rossano Ferretti - \u00c9dition Limit\u00e9e - Gama Professional<\/title>\n<meta name=\"description\" content=\"D\u00e9couvrez iQ3 Perfetto by Rossano Ferretti : excellence, qualit\u00e9 et long\u00e9vit\u00e9 pour des r\u00e9sultats dignes d\u2019un salon directement chez vous. \u00c9dition limit\u00e9e unique !\" \/>\n<meta name=\"robots\" content=\"index, follow, max-snippet:-1, max-image-preview:large, max-video-preview:-1\" \/>\n<link rel=\"canonical\" href=\"https:\/\/www.gamaprofessional.com\/fr\/prodotto\/seche-cheveux-iq3-perfetto-by-rossano-ferretti-edition-limitee\/\" \/>\n<meta property=\"og:locale\" content=\"fr_FR\" \/>\n<meta property=\"og:type\" content=\"article\" \/>\n<meta property=\"og:title\" content=\"S\u00e8che-cheveux iQ3 Perfetto by Rossano Ferretti - \u00c9dition Limit\u00e9e - Gama Professional\" \/>\n<meta property=\"og:description\" content=\"D\u00e9couvrez iQ3 Perfetto by Rossano Ferretti : excellence, qualit\u00e9 et long\u00e9vit\u00e9 pour des r\u00e9sultats dignes d\u2019un salon directement chez vous. \u00c9dition limit\u00e9e unique !\" \/>\n<meta property=\"og:url\" content=\"https:\/\/www.gamaprofessional.com\/fr\/prodotto\/seche-cheveux-iq3-perfetto-by-rossano-ferretti-edition-limitee\/\" \/>\n<meta property=\"og:site_name\" content=\"Gama Professional\" \/>\n<meta property=\"article:modified_time\" content=\"2025-10-24T13:00:22+00:00\" \/>\n<meta property=\"og:image\" content=\"https:\/\/www.gamaprofessional.com\/wp-content\/uploads\/2024\/12\/iQ3-Perfetto-by-Rossano-Ferretti-bis.png\" \/>\n\t<meta property=\"og:image:width\" content=\"1080\" \/>\n\t<meta property=\"og:image:height\" content=\"1080\" \/>\n\t<meta property=\"og:image:type\" content=\"image\/png\" \/>\n<meta name=\"twitter:card\" content=\"summary_large_image\" \/>\n<meta name=\"twitter:label1\" content=\"Dur\u00e9e de lecture estim\u00e9e\" \/>\n\t<meta name=\"twitter:data1\" content=\"2 minutes\" \/>\n<script type=\"application\/ld+json\" class=\"yoast-schema-graph\">{\"@context\":\"https:\\\/\\\/schema.org\",\"@graph\":[{\"@type\":\"WebPage\",\"@id\":\"https:\\\/\\\/www.gamaprofessional.com\\\/fr\\\/prodotto\\\/seche-cheveux-iq3-perfetto-by-rossano-ferretti-edition-limitee\\\/\",\"url\":\"https:\\\/\\\/www.gamaprofessional.com\\\/fr\\\/prodotto\\\/seche-cheveux-iq3-perfetto-by-rossano-ferretti-edition-limitee\\\/\",\"name\":\"S\u00e8che-cheveux iQ3 Perfetto by Rossano Ferretti - \u00c9dition Limit\u00e9e - Gama Professional\",\"isPartOf\":{\"@id\":\"https:\\\/\\\/www.gamaprofessional.com\\\/fr\\\/#website\"},\"primaryImageOfPage\":{\"@id\":\"https:\\\/\\\/www.gamaprofessional.com\\\/fr\\\/prodotto\\\/seche-cheveux-iq3-perfetto-by-rossano-ferretti-edition-limitee\\\/#primaryimage\"},\"image\":{\"@id\":\"https:\\\/\\\/www.gamaprofessional.com\\\/fr\\\/prodotto\\\/seche-cheveux-iq3-perfetto-by-rossano-ferretti-edition-limitee\\\/#primaryimage\"},\"thumbnailUrl\":\"https:\\\/\\\/www.gamaprofessional.com\\\/wp-content\\\/uploads\\\/2024\\\/12\\\/iQ3-Perfetto-by-Rossano-Ferretti-bis.png\",\"datePublished\":\"2024-12-11T16:08:59+00:00\",\"dateModified\":\"2025-10-24T13:00:22+00:00\",\"description\":\"D\u00e9couvrez iQ3 Perfetto by Rossano Ferretti : excellence, qualit\u00e9 et long\u00e9vit\u00e9 pour des r\u00e9sultats dignes d\u2019un salon directement chez vous. \u00c9dition limit\u00e9e unique !\",\"breadcrumb\":{\"@id\":\"https:\\\/\\\/www.gamaprofessional.com\\\/fr\\\/prodotto\\\/seche-cheveux-iq3-perfetto-by-rossano-ferretti-edition-limitee\\\/#breadcrumb\"},\"inLanguage\":\"fr-FR\",\"potentialAction\":[{\"@type\":\"ReadAction\",\"target\":[\"https:\\\/\\\/www.gamaprofessional.com\\\/fr\\\/prodotto\\\/seche-cheveux-iq3-perfetto-by-rossano-ferretti-edition-limitee\\\/\"]}]},{\"@type\":\"ImageObject\",\"inLanguage\":\"fr-FR\",\"@id\":\"https:\\\/\\\/www.gamaprofessional.com\\\/fr\\\/prodotto\\\/seche-cheveux-iq3-perfetto-by-rossano-ferretti-edition-limitee\\\/#primaryimage\",\"url\":\"https:\\\/\\\/www.gamaprofessional.com\\\/wp-content\\\/uploads\\\/2024\\\/12\\\/iQ3-Perfetto-by-Rossano-Ferretti-bis.png\",\"contentUrl\":\"https:\\\/\\\/www.gamaprofessional.com\\\/wp-content\\\/uploads\\\/2024\\\/12\\\/iQ3-Perfetto-by-Rossano-Ferretti-bis.png\",\"width\":1080,\"height\":1080,\"caption\":\"iQ3 Perfetto by Rossano Ferretti\"},{\"@type\":\"BreadcrumbList\",\"@id\":\"https:\\\/\\\/www.gamaprofessional.com\\\/fr\\\/prodotto\\\/seche-cheveux-iq3-perfetto-by-rossano-ferretti-edition-limitee\\\/#breadcrumb\",\"itemListElement\":[{\"@type\":\"ListItem\",\"position\":1,\"name\":\"Home\",\"item\":\"https:\\\/\\\/www.gamaprofessional.com\\\/fr\\\/page-daccueil\\\/\"},{\"@type\":\"ListItem\",\"position\":2,\"name\":\"Boutique\",\"item\":\"https:\\\/\\\/www.gamaprofessional.com\\\/shop\\\/\"},{\"@type\":\"ListItem\",\"position\":3,\"name\":\"Haircare\",\"item\":\"https:\\\/\\\/www.gamaprofessional.com\\\/fr\\\/categoria-prodotto\\\/haircare-fr\\\/\"},{\"@type\":\"ListItem\",\"position\":4,\"name\":\"S\u00e8che-cheveux\",\"item\":\"https:\\\/\\\/www.gamaprofessional.com\\\/fr\\\/categoria-prodotto\\\/haircare-fr\\\/seche-cheveux\\\/\"},{\"@type\":\"ListItem\",\"position\":5,\"name\":\"S\u00e8che-cheveux iQ3 Perfetto by Rossano Ferretti &#8211; \u00c9dition Limit\u00e9e\"}]},{\"@type\":\"WebSite\",\"@id\":\"https:\\\/\\\/www.gamaprofessional.com\\\/fr\\\/#website\",\"url\":\"https:\\\/\\\/www.gamaprofessional.com\\\/fr\\\/\",\"name\":\"Gama Professional\",\"description\":\"\",\"potentialAction\":[{\"@type\":\"SearchAction\",\"target\":{\"@type\":\"EntryPoint\",\"urlTemplate\":\"https:\\\/\\\/www.gamaprofessional.com\\\/fr\\\/?s={search_term_string}\"},\"query-input\":{\"@type\":\"PropertyValueSpecification\",\"valueRequired\":true,\"valueName\":\"search_term_string\"}}],\"inLanguage\":\"fr-FR\"}]}<\/script>\n<!-- \/ Yoast SEO plugin. -->","yoast_head_json":{"title":"S\u00e8che-cheveux iQ3 Perfetto by Rossano Ferretti - \u00c9dition Limit\u00e9e - Gama Professional","description":"D\u00e9couvrez iQ3 Perfetto by Rossano Ferretti : excellence, qualit\u00e9 et long\u00e9vit\u00e9 pour des r\u00e9sultats dignes d\u2019un salon directement chez vous. \u00c9dition limit\u00e9e unique !","robots":{"index":"index","follow":"follow","max-snippet":"max-snippet:-1","max-image-preview":"max-image-preview:large","max-video-preview":"max-video-preview:-1"},"canonical":"https:\/\/www.gamaprofessional.com\/fr\/prodotto\/seche-cheveux-iq3-perfetto-by-rossano-ferretti-edition-limitee\/","og_locale":"fr_FR","og_type":"article","og_title":"S\u00e8che-cheveux iQ3 Perfetto by Rossano Ferretti - \u00c9dition Limit\u00e9e - Gama Professional","og_description":"D\u00e9couvrez iQ3 Perfetto by Rossano Ferretti : excellence, qualit\u00e9 et long\u00e9vit\u00e9 pour des r\u00e9sultats dignes d\u2019un salon directement chez vous. \u00c9dition limit\u00e9e unique !","og_url":"https:\/\/www.gamaprofessional.com\/fr\/prodotto\/seche-cheveux-iq3-perfetto-by-rossano-ferretti-edition-limitee\/","og_site_name":"Gama Professional","article_modified_time":"2025-10-24T13:00:22+00:00","og_image":[{"width":1080,"height":1080,"url":"https:\/\/www.gamaprofessional.com\/wp-content\/uploads\/2024\/12\/iQ3-Perfetto-by-Rossano-Ferretti-bis.png","type":"image\/png"}],"twitter_card":"summary_large_image","twitter_misc":{"Dur\u00e9e de lecture estim\u00e9e":"2 minutes"},"schema":{"@context":"https:\/\/schema.org","@graph":[{"@type":"WebPage","@id":"https:\/\/www.gamaprofessional.com\/fr\/prodotto\/seche-cheveux-iq3-perfetto-by-rossano-ferretti-edition-limitee\/","url":"https:\/\/www.gamaprofessional.com\/fr\/prodotto\/seche-cheveux-iq3-perfetto-by-rossano-ferretti-edition-limitee\/","name":"S\u00e8che-cheveux iQ3 Perfetto by Rossano Ferretti - \u00c9dition Limit\u00e9e - Gama Professional","isPartOf":{"@id":"https:\/\/www.gamaprofessional.com\/fr\/#website"},"primaryImageOfPage":{"@id":"https:\/\/www.gamaprofessional.com\/fr\/prodotto\/seche-cheveux-iq3-perfetto-by-rossano-ferretti-edition-limitee\/#primaryimage"},"image":{"@id":"https:\/\/www.gamaprofessional.com\/fr\/prodotto\/seche-cheveux-iq3-perfetto-by-rossano-ferretti-edition-limitee\/#primaryimage"},"thumbnailUrl":"https:\/\/www.gamaprofessional.com\/wp-content\/uploads\/2024\/12\/iQ3-Perfetto-by-Rossano-Ferretti-bis.png","datePublished":"2024-12-11T16:08:59+00:00","dateModified":"2025-10-24T13:00:22+00:00","description":"D\u00e9couvrez iQ3 Perfetto by Rossano Ferretti : excellence, qualit\u00e9 et long\u00e9vit\u00e9 pour des r\u00e9sultats dignes d\u2019un salon directement chez vous. \u00c9dition limit\u00e9e unique !","breadcrumb":{"@id":"https:\/\/www.gamaprofessional.com\/fr\/prodotto\/seche-cheveux-iq3-perfetto-by-rossano-ferretti-edition-limitee\/#breadcrumb"},"inLanguage":"fr-FR","potentialAction":[{"@type":"ReadAction","target":["https:\/\/www.gamaprofessional.com\/fr\/prodotto\/seche-cheveux-iq3-perfetto-by-rossano-ferretti-edition-limitee\/"]}]},{"@type":"ImageObject","inLanguage":"fr-FR","@id":"https:\/\/www.gamaprofessional.com\/fr\/prodotto\/seche-cheveux-iq3-perfetto-by-rossano-ferretti-edition-limitee\/#primaryimage","url":"https:\/\/www.gamaprofessional.com\/wp-content\/uploads\/2024\/12\/iQ3-Perfetto-by-Rossano-Ferretti-bis.png","contentUrl":"https:\/\/www.gamaprofessional.com\/wp-content\/uploads\/2024\/12\/iQ3-Perfetto-by-Rossano-Ferretti-bis.png","width":1080,"height":1080,"caption":"iQ3 Perfetto by Rossano Ferretti"},{"@type":"BreadcrumbList","@id":"https:\/\/www.gamaprofessional.com\/fr\/prodotto\/seche-cheveux-iq3-perfetto-by-rossano-ferretti-edition-limitee\/#breadcrumb","itemListElement":[{"@type":"ListItem","position":1,"name":"Home","item":"https:\/\/www.gamaprofessional.com\/fr\/page-daccueil\/"},{"@type":"ListItem","position":2,"name":"Boutique","item":"https:\/\/www.gamaprofessional.com\/shop\/"},{"@type":"ListItem","position":3,"name":"Haircare","item":"https:\/\/www.gamaprofessional.com\/fr\/categoria-prodotto\/haircare-fr\/"},{"@type":"ListItem","position":4,"name":"S\u00e8che-cheveux","item":"https:\/\/www.gamaprofessional.com\/fr\/categoria-prodotto\/haircare-fr\/seche-cheveux\/"},{"@type":"ListItem","position":5,"name":"S\u00e8che-cheveux iQ3 Perfetto by Rossano Ferretti &#8211; \u00c9dition Limit\u00e9e"}]},{"@type":"WebSite","@id":"https:\/\/www.gamaprofessional.com\/fr\/#website","url":"https:\/\/www.gamaprofessional.com\/fr\/","name":"Gama Professional","description":"","potentialAction":[{"@type":"SearchAction","target":{"@type":"EntryPoint","urlTemplate":"https:\/\/www.gamaprofessional.com\/fr\/?s={search_term_string}"},"query-input":{"@type":"PropertyValueSpecification","valueRequired":true,"valueName":"search_term_string"}}],"inLanguage":"fr-FR"}]}},"_links":{"self":[{"href":"https:\/\/www.gamaprofessional.com\/fr\/wp-json\/wp\/v2\/product\/3219","targetHints":{"allow":["GET"]}}],"collection":[{"href":"https:\/\/www.gamaprofessional.com\/fr\/wp-json\/wp\/v2\/product"}],"about":[{"href":"https:\/\/www.gamaprofessional.com\/fr\/wp-json\/wp\/v2\/types\/product"}],"wp:featuredmedia":[{"embeddable":true,"href":"https:\/\/www.gamaprofessional.com\/fr\/wp-json\/wp\/v2\/media\/3704"}],"wp:attachment":[{"href":"https:\/\/www.gamaprofessional.com\/fr\/wp-json\/wp\/v2\/media?parent=3219"}],"wp:term":[{"taxonomy":"product_brand","embeddable":true,"href":"https:\/\/www.gamaprofessional.com\/fr\/wp-json\/wp\/v2\/product_brand?post=3219"},{"taxonomy":"product_cat","embeddable":true,"href":"https:\/\/www.gamaprofessional.com\/fr\/wp-json\/wp\/v2\/product_cat?post=3219"},{"taxonomy":"product_tag","embeddable":true,"href":"https:\/\/www.gamaprofessional.com\/fr\/wp-json\/wp\/v2\/product_tag?post=3219"}],"curies":[{"name":"wp","href":"https:\/\/api.w.org\/{rel}","templated":true}]}}