{"id":496,"date":"2024-10-31T15:40:04","date_gmt":"2024-10-31T14:40:04","guid":{"rendered":"https:\/\/www.gamaprofessional.com\/prodotto\/seche-cheveux-iq-lite-red\/"},"modified":"2026-02-17T20:00:39","modified_gmt":"2026-02-17T19:00:39","slug":"seche-cheveux-iq-lite-rouge","status":"publish","type":"product","link":"https:\/\/www.gamaprofessional.com\/fr\/prodotto\/seche-cheveux-iq-lite-rouge\/","title":{"rendered":"S\u00c8CHE-CHEVEUX IQ LITE"},"content":{"rendered":"<p><b>Technologie avanc\u00e9e pour un s\u00e9chage parfait<\/b><\/p>\n<p>iQ Lite associe des fonctionnalit\u00e9s de pointe \u00e0 un poids ultra-l\u00e9ger de seulement <b>316 grammes<\/b>, offrant :<\/p>\n<p><b>Moteur brushless de derni\u00e8re g\u00e9n\u00e9ration<\/b> :<br \/>\nVitesse de <b>110 000 tours\/min<\/b>, puissance de <b>1500 W<\/b> et pression de <b>600 mmH2O<\/b>, pour un s\u00e9chage ultra-rapide et des performances \u00e9lev\u00e9es.<\/p>\n<p><b>Technologie Oxy Active <\/b>:<br \/>\nSublime l\u2019\u00e9clat et la durabilit\u00e9 de la couleur avec l\u2019effet <b>Color Lock<\/b>, tout en hydratant et prot\u00e9geant les cheveux, pour une brillance et un aspect sain sans frisottis.<\/p>\n<p><b>Effet Venturi <\/b>:<br \/>\nLe design innovant de l\u2019embout amplifie le flux d\u2019air sans augmenter la consommation d\u2019\u00e9nergie, r\u00e9duisant les temps de s\u00e9chage tout en favorisant la durabilit\u00e9.<\/p>\n<p><b>Personnalisation et praticit\u00e9 pour tous les styles<\/b><\/p>\n<p>Avec <b>6 combinaisons de temp\u00e9rature et de vitesse<\/b>, iQ Lite s\u2019adapte \u00e0 tous vos besoins de coiffure, du lisse parfait aux boucles volumineuses. Le bouton <b>Cool Shot<\/b> fixe la coiffure pour un r\u00e9sultat durable et professionnel. <\/p>\n<p><b>Hygi\u00e8ne impeccable et entretien facile<\/b><\/p>\n<p><b>Syst\u00e8me \u00e0 double filtre<\/b> :<\/p>\n<ul>\n<li>Filtre magn\u00e9tique externe pour bloquer salet\u00e9s et r\u00e9sidus chimiques.<\/li>\n<li>Filtre interne en tissu pour capturer les particules fines et garantir une longue dur\u00e9e de vie du moteur.<\/li>\n<\/ul>\n<p><b>Accessoires d\u2019entretien inclus<\/b> : Kit de nettoyage, 3 filtres suppl\u00e9mentaires en maille professionnelle et tapis thermor\u00e9sistant pour pr\u00e9server les performances dans le temps.<\/p>\n<p><b>Accessoires inclus pour un coiffage professionnel<\/b><\/p>\n<ul>\n<li><b>2 embouts professionnels<\/b> pour un coiffage pr\u00e9cis et cibl\u00e9.<\/li>\n<li><b>Diffuseur profond<\/b> pour des boucles d\u00e9finies et volumineuses.<\/li>\n<li><b>C\u00e2ble anti-enchev\u00eatrement de 3 m\u00e8tres<\/b> avec crochet int\u00e9gr\u00e9, pour une libert\u00e9 de mouvement maximale.<\/li>\n<\/ul>\n<p><b>Choisissez votre style : Noir, Rouge ou Blue ?<\/b><\/p>\n","protected":false},"excerpt":{"rendered":"<p><b>\u00c9l\u00e9gance italienne et innovation technologique<\/b> se rencontrent dans <b>iQ<\/b> <b>Lite<\/b>, le s\u00e8che-cheveux ultra-compact con\u00e7u pour garantir des r\u00e9sultats impeccables avec un confort maximal. Disponible en deux couleurs : Rouge, Noir ou Blue, pour s\u2019adapter \u00e0 votre style et \u00e0 votre personnalit\u00e9. <\/p>\n","protected":false},"featured_media":449,"template":"","meta":{"_acf_changed":false},"product_brand":[],"product_cat":[327],"product_tag":[],"class_list":{"0":"post-496","1":"product","2":"type-product","3":"status-publish","4":"has-post-thumbnail","6":"product_cat-seche-cheveux","8":"first","9":"instock","10":"taxable","11":"shipping-taxable","12":"purchasable","13":"product-type-variable","14":"has-default-attributes"},"acf":[],"yoast_head":"<!-- This site is optimized with the Yoast SEO plugin v27.5 - https:\/\/yoast.com\/product\/yoast-seo-wordpress\/ -->\n<title>S\u00c8CHE-CHEVEUX IQ LITE - Gama Professional<\/title>\n<meta name=\"description\" content=\"iQ Lite est le s\u00e8che-cheveux extr\u00eamement l\u00e9ger au design chic, \u00e9l\u00e9gant et ultra-compact, offrant des performances de s\u00e9chage \u00e9lev\u00e9es pour des cheveux brillants et soyeux.\" \/>\n<meta name=\"robots\" content=\"index, follow, max-snippet:-1, max-image-preview:large, max-video-preview:-1\" \/>\n<link rel=\"canonical\" href=\"https:\/\/www.gamaprofessional.com\/fr\/prodotto\/seche-cheveux-iq-lite-rouge\/\" \/>\n<meta property=\"og:locale\" content=\"fr_FR\" \/>\n<meta property=\"og:type\" content=\"article\" \/>\n<meta property=\"og:title\" content=\"S\u00c8CHE-CHEVEUX IQ LITE - Gama Professional\" \/>\n<meta property=\"og:description\" content=\"iQ Lite est le s\u00e8che-cheveux extr\u00eamement l\u00e9ger au design chic, \u00e9l\u00e9gant et ultra-compact, offrant des performances de s\u00e9chage \u00e9lev\u00e9es pour des cheveux brillants et soyeux.\" \/>\n<meta property=\"og:url\" content=\"https:\/\/www.gamaprofessional.com\/fr\/prodotto\/seche-cheveux-iq-lite-rouge\/\" \/>\n<meta property=\"og:site_name\" content=\"Gama Professional\" \/>\n<meta property=\"article:modified_time\" content=\"2026-02-17T19:00:39+00:00\" \/>\n<meta property=\"og:image\" content=\"https:\/\/www.gamaprofessional.com\/wp-content\/uploads\/2024\/10\/PH6030.RD_1.png\" \/>\n\t<meta property=\"og:image:width\" content=\"1080\" \/>\n\t<meta property=\"og:image:height\" content=\"1080\" \/>\n\t<meta property=\"og:image:type\" content=\"image\/png\" \/>\n<meta name=\"twitter:card\" content=\"summary_large_image\" \/>\n<meta name=\"twitter:label1\" content=\"Dur\u00e9e de lecture estim\u00e9e\" \/>\n\t<meta name=\"twitter:data1\" content=\"2 minutes\" \/>\n<script type=\"application\/ld+json\" class=\"yoast-schema-graph\">{\"@context\":\"https:\\\/\\\/schema.org\",\"@graph\":[{\"@type\":\"WebPage\",\"@id\":\"https:\\\/\\\/www.gamaprofessional.com\\\/fr\\\/prodotto\\\/seche-cheveux-iq-lite-rouge\\\/\",\"url\":\"https:\\\/\\\/www.gamaprofessional.com\\\/fr\\\/prodotto\\\/seche-cheveux-iq-lite-rouge\\\/\",\"name\":\"S\u00c8CHE-CHEVEUX IQ LITE - Gama Professional\",\"isPartOf\":{\"@id\":\"https:\\\/\\\/www.gamaprofessional.com\\\/fr\\\/#website\"},\"primaryImageOfPage\":{\"@id\":\"https:\\\/\\\/www.gamaprofessional.com\\\/fr\\\/prodotto\\\/seche-cheveux-iq-lite-rouge\\\/#primaryimage\"},\"image\":{\"@id\":\"https:\\\/\\\/www.gamaprofessional.com\\\/fr\\\/prodotto\\\/seche-cheveux-iq-lite-rouge\\\/#primaryimage\"},\"thumbnailUrl\":\"https:\\\/\\\/www.gamaprofessional.com\\\/wp-content\\\/uploads\\\/2024\\\/10\\\/PH6030.RD_1.png\",\"datePublished\":\"2024-10-31T14:40:04+00:00\",\"dateModified\":\"2026-02-17T19:00:39+00:00\",\"description\":\"iQ Lite est le s\u00e8che-cheveux extr\u00eamement l\u00e9ger au design chic, \u00e9l\u00e9gant et ultra-compact, offrant des performances de s\u00e9chage \u00e9lev\u00e9es pour des cheveux brillants et soyeux.\",\"breadcrumb\":{\"@id\":\"https:\\\/\\\/www.gamaprofessional.com\\\/fr\\\/prodotto\\\/seche-cheveux-iq-lite-rouge\\\/#breadcrumb\"},\"inLanguage\":\"fr-FR\",\"potentialAction\":[{\"@type\":\"ReadAction\",\"target\":[\"https:\\\/\\\/www.gamaprofessional.com\\\/fr\\\/prodotto\\\/seche-cheveux-iq-lite-rouge\\\/\"]}]},{\"@type\":\"ImageObject\",\"inLanguage\":\"fr-FR\",\"@id\":\"https:\\\/\\\/www.gamaprofessional.com\\\/fr\\\/prodotto\\\/seche-cheveux-iq-lite-rouge\\\/#primaryimage\",\"url\":\"https:\\\/\\\/www.gamaprofessional.com\\\/wp-content\\\/uploads\\\/2024\\\/10\\\/PH6030.RD_1.png\",\"contentUrl\":\"https:\\\/\\\/www.gamaprofessional.com\\\/wp-content\\\/uploads\\\/2024\\\/10\\\/PH6030.RD_1.png\",\"width\":1080,\"height\":1080,\"caption\":\"PH6030.RD\"},{\"@type\":\"BreadcrumbList\",\"@id\":\"https:\\\/\\\/www.gamaprofessional.com\\\/fr\\\/prodotto\\\/seche-cheveux-iq-lite-rouge\\\/#breadcrumb\",\"itemListElement\":[{\"@type\":\"ListItem\",\"position\":1,\"name\":\"Home\",\"item\":\"https:\\\/\\\/www.gamaprofessional.com\\\/fr\\\/page-daccueil\\\/\"},{\"@type\":\"ListItem\",\"position\":2,\"name\":\"Boutique\",\"item\":\"https:\\\/\\\/www.gamaprofessional.com\\\/shop\\\/\"},{\"@type\":\"ListItem\",\"position\":3,\"name\":\"Haircare\",\"item\":\"https:\\\/\\\/www.gamaprofessional.com\\\/fr\\\/categoria-prodotto\\\/haircare-fr\\\/\"},{\"@type\":\"ListItem\",\"position\":4,\"name\":\"S\u00e8che-cheveux\",\"item\":\"https:\\\/\\\/www.gamaprofessional.com\\\/fr\\\/categoria-prodotto\\\/haircare-fr\\\/seche-cheveux\\\/\"},{\"@type\":\"ListItem\",\"position\":5,\"name\":\"S\u00c8CHE-CHEVEUX IQ LITE\"}]},{\"@type\":\"WebSite\",\"@id\":\"https:\\\/\\\/www.gamaprofessional.com\\\/fr\\\/#website\",\"url\":\"https:\\\/\\\/www.gamaprofessional.com\\\/fr\\\/\",\"name\":\"Gama Professional\",\"description\":\"\",\"potentialAction\":[{\"@type\":\"SearchAction\",\"target\":{\"@type\":\"EntryPoint\",\"urlTemplate\":\"https:\\\/\\\/www.gamaprofessional.com\\\/fr\\\/?s={search_term_string}\"},\"query-input\":{\"@type\":\"PropertyValueSpecification\",\"valueRequired\":true,\"valueName\":\"search_term_string\"}}],\"inLanguage\":\"fr-FR\"}]}<\/script>\n<!-- \/ Yoast SEO plugin. -->","yoast_head_json":{"title":"S\u00c8CHE-CHEVEUX IQ LITE - Gama Professional","description":"iQ Lite est le s\u00e8che-cheveux extr\u00eamement l\u00e9ger au design chic, \u00e9l\u00e9gant et ultra-compact, offrant des performances de s\u00e9chage \u00e9lev\u00e9es pour des cheveux brillants et soyeux.","robots":{"index":"index","follow":"follow","max-snippet":"max-snippet:-1","max-image-preview":"max-image-preview:large","max-video-preview":"max-video-preview:-1"},"canonical":"https:\/\/www.gamaprofessional.com\/fr\/prodotto\/seche-cheveux-iq-lite-rouge\/","og_locale":"fr_FR","og_type":"article","og_title":"S\u00c8CHE-CHEVEUX IQ LITE - Gama Professional","og_description":"iQ Lite est le s\u00e8che-cheveux extr\u00eamement l\u00e9ger au design chic, \u00e9l\u00e9gant et ultra-compact, offrant des performances de s\u00e9chage \u00e9lev\u00e9es pour des cheveux brillants et soyeux.","og_url":"https:\/\/www.gamaprofessional.com\/fr\/prodotto\/seche-cheveux-iq-lite-rouge\/","og_site_name":"Gama Professional","article_modified_time":"2026-02-17T19:00:39+00:00","og_image":[{"width":1080,"height":1080,"url":"https:\/\/www.gamaprofessional.com\/wp-content\/uploads\/2024\/10\/PH6030.RD_1.png","type":"image\/png"}],"twitter_card":"summary_large_image","twitter_misc":{"Dur\u00e9e de lecture estim\u00e9e":"2 minutes"},"schema":{"@context":"https:\/\/schema.org","@graph":[{"@type":"WebPage","@id":"https:\/\/www.gamaprofessional.com\/fr\/prodotto\/seche-cheveux-iq-lite-rouge\/","url":"https:\/\/www.gamaprofessional.com\/fr\/prodotto\/seche-cheveux-iq-lite-rouge\/","name":"S\u00c8CHE-CHEVEUX IQ LITE - Gama Professional","isPartOf":{"@id":"https:\/\/www.gamaprofessional.com\/fr\/#website"},"primaryImageOfPage":{"@id":"https:\/\/www.gamaprofessional.com\/fr\/prodotto\/seche-cheveux-iq-lite-rouge\/#primaryimage"},"image":{"@id":"https:\/\/www.gamaprofessional.com\/fr\/prodotto\/seche-cheveux-iq-lite-rouge\/#primaryimage"},"thumbnailUrl":"https:\/\/www.gamaprofessional.com\/wp-content\/uploads\/2024\/10\/PH6030.RD_1.png","datePublished":"2024-10-31T14:40:04+00:00","dateModified":"2026-02-17T19:00:39+00:00","description":"iQ Lite est le s\u00e8che-cheveux extr\u00eamement l\u00e9ger au design chic, \u00e9l\u00e9gant et ultra-compact, offrant des performances de s\u00e9chage \u00e9lev\u00e9es pour des cheveux brillants et soyeux.","breadcrumb":{"@id":"https:\/\/www.gamaprofessional.com\/fr\/prodotto\/seche-cheveux-iq-lite-rouge\/#breadcrumb"},"inLanguage":"fr-FR","potentialAction":[{"@type":"ReadAction","target":["https:\/\/www.gamaprofessional.com\/fr\/prodotto\/seche-cheveux-iq-lite-rouge\/"]}]},{"@type":"ImageObject","inLanguage":"fr-FR","@id":"https:\/\/www.gamaprofessional.com\/fr\/prodotto\/seche-cheveux-iq-lite-rouge\/#primaryimage","url":"https:\/\/www.gamaprofessional.com\/wp-content\/uploads\/2024\/10\/PH6030.RD_1.png","contentUrl":"https:\/\/www.gamaprofessional.com\/wp-content\/uploads\/2024\/10\/PH6030.RD_1.png","width":1080,"height":1080,"caption":"PH6030.RD"},{"@type":"BreadcrumbList","@id":"https:\/\/www.gamaprofessional.com\/fr\/prodotto\/seche-cheveux-iq-lite-rouge\/#breadcrumb","itemListElement":[{"@type":"ListItem","position":1,"name":"Home","item":"https:\/\/www.gamaprofessional.com\/fr\/page-daccueil\/"},{"@type":"ListItem","position":2,"name":"Boutique","item":"https:\/\/www.gamaprofessional.com\/shop\/"},{"@type":"ListItem","position":3,"name":"Haircare","item":"https:\/\/www.gamaprofessional.com\/fr\/categoria-prodotto\/haircare-fr\/"},{"@type":"ListItem","position":4,"name":"S\u00e8che-cheveux","item":"https:\/\/www.gamaprofessional.com\/fr\/categoria-prodotto\/haircare-fr\/seche-cheveux\/"},{"@type":"ListItem","position":5,"name":"S\u00c8CHE-CHEVEUX IQ LITE"}]},{"@type":"WebSite","@id":"https:\/\/www.gamaprofessional.com\/fr\/#website","url":"https:\/\/www.gamaprofessional.com\/fr\/","name":"Gama Professional","description":"","potentialAction":[{"@type":"SearchAction","target":{"@type":"EntryPoint","urlTemplate":"https:\/\/www.gamaprofessional.com\/fr\/?s={search_term_string}"},"query-input":{"@type":"PropertyValueSpecification","valueRequired":true,"valueName":"search_term_string"}}],"inLanguage":"fr-FR"}]}},"_links":{"self":[{"href":"https:\/\/www.gamaprofessional.com\/fr\/wp-json\/wp\/v2\/product\/496","targetHints":{"allow":["GET"]}}],"collection":[{"href":"https:\/\/www.gamaprofessional.com\/fr\/wp-json\/wp\/v2\/product"}],"about":[{"href":"https:\/\/www.gamaprofessional.com\/fr\/wp-json\/wp\/v2\/types\/product"}],"wp:featuredmedia":[{"embeddable":true,"href":"https:\/\/www.gamaprofessional.com\/fr\/wp-json\/wp\/v2\/media\/449"}],"wp:attachment":[{"href":"https:\/\/www.gamaprofessional.com\/fr\/wp-json\/wp\/v2\/media?parent=496"}],"wp:term":[{"taxonomy":"product_brand","embeddable":true,"href":"https:\/\/www.gamaprofessional.com\/fr\/wp-json\/wp\/v2\/product_brand?post=496"},{"taxonomy":"product_cat","embeddable":true,"href":"https:\/\/www.gamaprofessional.com\/fr\/wp-json\/wp\/v2\/product_cat?post=496"},{"taxonomy":"product_tag","embeddable":true,"href":"https:\/\/www.gamaprofessional.com\/fr\/wp-json\/wp\/v2\/product_tag?post=496"}],"curies":[{"name":"wp","href":"https:\/\/api.w.org\/{rel}","templated":true}]}}