{"id":5142,"date":"2025-03-06T15:01:59","date_gmt":"2025-03-06T14:01:59","guid":{"rendered":"https:\/\/www.gamaprofessional.com\/?post_type=product&#038;p=5142"},"modified":"2025-11-24T16:38:17","modified_gmt":"2025-11-24T15:38:17","slug":"cheveux-tondeuse-eggo","status":"publish","type":"product","link":"https:\/\/www.gamaprofessional.com\/fr\/prodotto\/cheveux-tondeuse-eggo\/","title":{"rendered":"\u00c9PILATEUR EGGO"},"content":{"rendered":"<p>L\u2019\u00e9pilateur Eggo de Gama Italy Professional est con\u00e7u pour le soin des zones intimes. Sa lame en c\u00e9ramique de <strong>35 mm<\/strong> et son moteur de <strong>5600 RPM<\/strong> offrent une coupe pr\u00e9cise et douce jusqu\u2019\u00e0 0,6 mm, sans irritation. <\/p>\n<p><strong>Ultra l\u00e9ger<\/strong> (100 g), il fonctionne avec ou sans fil, se recharge via USB en 90 minutes et offre <strong>60 minutes d\u2019autonomie<\/strong>.<\/p>\n<p>\u00c9cran LED pour le niveau de batterie et lumi\u00e8re LED pour \u00e9clairer la zone \u00e0 traiter.<\/p>\n<p>Livr\u00e9 avec 4 sabots, base, huile, brosse et capuchon de lame.<\/p>\n<p>Pr\u00eat \u00e0 relever tous les d\u00e9fis, pour un contr\u00f4le parfait.<\/p>\n","protected":false},"excerpt":{"rendered":"<p>\u00c9pilateur professionnel ultra l\u00e9ger con\u00e7u pour les zones intimes. Recharge USB, utilisation sans fil, lame en c\u00e9ramique et lumi\u00e8re LED pour une coupe pr\u00e9cise et douce. <\/p>\n","protected":false},"featured_media":5119,"template":"","meta":{"_acf_changed":false},"product_brand":[],"product_cat":[456],"product_tag":[],"class_list":{"0":"post-5142","1":"product","2":"type-product","3":"status-publish","4":"has-post-thumbnail","6":"product_cat-coupeur-de-cheveux","8":"first","9":"instock","10":"sale","11":"taxable","12":"shipping-taxable","13":"purchasable","14":"product-type-simple"},"acf":[],"yoast_head":"<!-- This site is optimized with the Yoast SEO plugin v27.5 - https:\/\/yoast.com\/product\/yoast-seo-wordpress\/ -->\n<title>\u00c9PILATEUR EGGO - Gama Professional<\/title>\n<meta name=\"description\" content=\"\u00c9pilateur professionnel ultra l\u00e9ger con\u00e7u pour les zones intimes. Recharge USB, utilisation sans fil, lame en c\u00e9ramique et lumi\u00e8re LED pour une coupe pr\u00e9cise et douce.\" \/>\n<meta name=\"robots\" content=\"index, follow, max-snippet:-1, max-image-preview:large, max-video-preview:-1\" \/>\n<link rel=\"canonical\" href=\"https:\/\/www.gamaprofessional.com\/fr\/prodotto\/cheveux-tondeuse-eggo\/\" \/>\n<meta property=\"og:locale\" content=\"fr_FR\" \/>\n<meta property=\"og:type\" content=\"article\" \/>\n<meta property=\"og:title\" content=\"\u00c9PILATEUR EGGO - Gama Professional\" \/>\n<meta property=\"og:description\" content=\"\u00c9pilateur professionnel ultra l\u00e9ger con\u00e7u pour les zones intimes. Recharge USB, utilisation sans fil, lame en c\u00e9ramique et lumi\u00e8re LED pour une coupe pr\u00e9cise et douce.\" \/>\n<meta property=\"og:url\" content=\"https:\/\/www.gamaprofessional.com\/fr\/prodotto\/cheveux-tondeuse-eggo\/\" \/>\n<meta property=\"og:site_name\" content=\"Gama Professional\" \/>\n<meta property=\"article:modified_time\" content=\"2025-11-24T15:38:17+00:00\" \/>\n<meta property=\"og:image\" content=\"https:\/\/www.gamaprofessional.com\/wp-content\/uploads\/2025\/03\/GM6026_.png\" \/>\n\t<meta property=\"og:image:width\" content=\"1080\" \/>\n\t<meta property=\"og:image:height\" content=\"1080\" \/>\n\t<meta property=\"og:image:type\" content=\"image\/png\" \/>\n<meta name=\"twitter:card\" content=\"summary_large_image\" \/>\n<script type=\"application\/ld+json\" class=\"yoast-schema-graph\">{\"@context\":\"https:\\\/\\\/schema.org\",\"@graph\":[{\"@type\":\"WebPage\",\"@id\":\"https:\\\/\\\/www.gamaprofessional.com\\\/fr\\\/prodotto\\\/cheveux-tondeuse-eggo\\\/\",\"url\":\"https:\\\/\\\/www.gamaprofessional.com\\\/fr\\\/prodotto\\\/cheveux-tondeuse-eggo\\\/\",\"name\":\"\u00c9PILATEUR EGGO - Gama Professional\",\"isPartOf\":{\"@id\":\"https:\\\/\\\/www.gamaprofessional.com\\\/fr\\\/#website\"},\"primaryImageOfPage\":{\"@id\":\"https:\\\/\\\/www.gamaprofessional.com\\\/fr\\\/prodotto\\\/cheveux-tondeuse-eggo\\\/#primaryimage\"},\"image\":{\"@id\":\"https:\\\/\\\/www.gamaprofessional.com\\\/fr\\\/prodotto\\\/cheveux-tondeuse-eggo\\\/#primaryimage\"},\"thumbnailUrl\":\"https:\\\/\\\/www.gamaprofessional.com\\\/wp-content\\\/uploads\\\/2025\\\/03\\\/GM6026_.png\",\"datePublished\":\"2025-03-06T14:01:59+00:00\",\"dateModified\":\"2025-11-24T15:38:17+00:00\",\"description\":\"\u00c9pilateur professionnel ultra l\u00e9ger con\u00e7u pour les zones intimes. Recharge USB, utilisation sans fil, lame en c\u00e9ramique et lumi\u00e8re LED pour une coupe pr\u00e9cise et douce.\",\"breadcrumb\":{\"@id\":\"https:\\\/\\\/www.gamaprofessional.com\\\/fr\\\/prodotto\\\/cheveux-tondeuse-eggo\\\/#breadcrumb\"},\"inLanguage\":\"fr-FR\",\"potentialAction\":[{\"@type\":\"ReadAction\",\"target\":[\"https:\\\/\\\/www.gamaprofessional.com\\\/fr\\\/prodotto\\\/cheveux-tondeuse-eggo\\\/\"]}]},{\"@type\":\"ImageObject\",\"inLanguage\":\"fr-FR\",\"@id\":\"https:\\\/\\\/www.gamaprofessional.com\\\/fr\\\/prodotto\\\/cheveux-tondeuse-eggo\\\/#primaryimage\",\"url\":\"https:\\\/\\\/www.gamaprofessional.com\\\/wp-content\\\/uploads\\\/2025\\\/03\\\/GM6026_.png\",\"contentUrl\":\"https:\\\/\\\/www.gamaprofessional.com\\\/wp-content\\\/uploads\\\/2025\\\/03\\\/GM6026_.png\",\"width\":1080,\"height\":1080,\"caption\":\"TAGLIACAPELLI EGGO\"},{\"@type\":\"BreadcrumbList\",\"@id\":\"https:\\\/\\\/www.gamaprofessional.com\\\/fr\\\/prodotto\\\/cheveux-tondeuse-eggo\\\/#breadcrumb\",\"itemListElement\":[{\"@type\":\"ListItem\",\"position\":1,\"name\":\"Home\",\"item\":\"https:\\\/\\\/www.gamaprofessional.com\\\/fr\\\/page-daccueil\\\/\"},{\"@type\":\"ListItem\",\"position\":2,\"name\":\"Boutique\",\"item\":\"https:\\\/\\\/www.gamaprofessional.com\\\/shop\\\/\"},{\"@type\":\"ListItem\",\"position\":3,\"name\":\"Grooming\",\"item\":\"https:\\\/\\\/www.gamaprofessional.com\\\/fr\\\/categoria-prodotto\\\/grooming-fr\\\/\"},{\"@type\":\"ListItem\",\"position\":4,\"name\":\"Tondeuses\",\"item\":\"https:\\\/\\\/www.gamaprofessional.com\\\/fr\\\/categoria-prodotto\\\/grooming-fr\\\/coupeur-de-cheveux\\\/\"},{\"@type\":\"ListItem\",\"position\":5,\"name\":\"\u00c9PILATEUR EGGO\"}]},{\"@type\":\"WebSite\",\"@id\":\"https:\\\/\\\/www.gamaprofessional.com\\\/fr\\\/#website\",\"url\":\"https:\\\/\\\/www.gamaprofessional.com\\\/fr\\\/\",\"name\":\"Gama Professional\",\"description\":\"\",\"potentialAction\":[{\"@type\":\"SearchAction\",\"target\":{\"@type\":\"EntryPoint\",\"urlTemplate\":\"https:\\\/\\\/www.gamaprofessional.com\\\/fr\\\/?s={search_term_string}\"},\"query-input\":{\"@type\":\"PropertyValueSpecification\",\"valueRequired\":true,\"valueName\":\"search_term_string\"}}],\"inLanguage\":\"fr-FR\"}]}<\/script>\n<!-- \/ Yoast SEO plugin. -->","yoast_head_json":{"title":"\u00c9PILATEUR EGGO - Gama Professional","description":"\u00c9pilateur professionnel ultra l\u00e9ger con\u00e7u pour les zones intimes. Recharge USB, utilisation sans fil, lame en c\u00e9ramique et lumi\u00e8re LED pour une coupe pr\u00e9cise et douce.","robots":{"index":"index","follow":"follow","max-snippet":"max-snippet:-1","max-image-preview":"max-image-preview:large","max-video-preview":"max-video-preview:-1"},"canonical":"https:\/\/www.gamaprofessional.com\/fr\/prodotto\/cheveux-tondeuse-eggo\/","og_locale":"fr_FR","og_type":"article","og_title":"\u00c9PILATEUR EGGO - Gama Professional","og_description":"\u00c9pilateur professionnel ultra l\u00e9ger con\u00e7u pour les zones intimes. Recharge USB, utilisation sans fil, lame en c\u00e9ramique et lumi\u00e8re LED pour une coupe pr\u00e9cise et douce.","og_url":"https:\/\/www.gamaprofessional.com\/fr\/prodotto\/cheveux-tondeuse-eggo\/","og_site_name":"Gama Professional","article_modified_time":"2025-11-24T15:38:17+00:00","og_image":[{"width":1080,"height":1080,"url":"https:\/\/www.gamaprofessional.com\/wp-content\/uploads\/2025\/03\/GM6026_.png","type":"image\/png"}],"twitter_card":"summary_large_image","schema":{"@context":"https:\/\/schema.org","@graph":[{"@type":"WebPage","@id":"https:\/\/www.gamaprofessional.com\/fr\/prodotto\/cheveux-tondeuse-eggo\/","url":"https:\/\/www.gamaprofessional.com\/fr\/prodotto\/cheveux-tondeuse-eggo\/","name":"\u00c9PILATEUR EGGO - Gama Professional","isPartOf":{"@id":"https:\/\/www.gamaprofessional.com\/fr\/#website"},"primaryImageOfPage":{"@id":"https:\/\/www.gamaprofessional.com\/fr\/prodotto\/cheveux-tondeuse-eggo\/#primaryimage"},"image":{"@id":"https:\/\/www.gamaprofessional.com\/fr\/prodotto\/cheveux-tondeuse-eggo\/#primaryimage"},"thumbnailUrl":"https:\/\/www.gamaprofessional.com\/wp-content\/uploads\/2025\/03\/GM6026_.png","datePublished":"2025-03-06T14:01:59+00:00","dateModified":"2025-11-24T15:38:17+00:00","description":"\u00c9pilateur professionnel ultra l\u00e9ger con\u00e7u pour les zones intimes. Recharge USB, utilisation sans fil, lame en c\u00e9ramique et lumi\u00e8re LED pour une coupe pr\u00e9cise et douce.","breadcrumb":{"@id":"https:\/\/www.gamaprofessional.com\/fr\/prodotto\/cheveux-tondeuse-eggo\/#breadcrumb"},"inLanguage":"fr-FR","potentialAction":[{"@type":"ReadAction","target":["https:\/\/www.gamaprofessional.com\/fr\/prodotto\/cheveux-tondeuse-eggo\/"]}]},{"@type":"ImageObject","inLanguage":"fr-FR","@id":"https:\/\/www.gamaprofessional.com\/fr\/prodotto\/cheveux-tondeuse-eggo\/#primaryimage","url":"https:\/\/www.gamaprofessional.com\/wp-content\/uploads\/2025\/03\/GM6026_.png","contentUrl":"https:\/\/www.gamaprofessional.com\/wp-content\/uploads\/2025\/03\/GM6026_.png","width":1080,"height":1080,"caption":"TAGLIACAPELLI EGGO"},{"@type":"BreadcrumbList","@id":"https:\/\/www.gamaprofessional.com\/fr\/prodotto\/cheveux-tondeuse-eggo\/#breadcrumb","itemListElement":[{"@type":"ListItem","position":1,"name":"Home","item":"https:\/\/www.gamaprofessional.com\/fr\/page-daccueil\/"},{"@type":"ListItem","position":2,"name":"Boutique","item":"https:\/\/www.gamaprofessional.com\/shop\/"},{"@type":"ListItem","position":3,"name":"Grooming","item":"https:\/\/www.gamaprofessional.com\/fr\/categoria-prodotto\/grooming-fr\/"},{"@type":"ListItem","position":4,"name":"Tondeuses","item":"https:\/\/www.gamaprofessional.com\/fr\/categoria-prodotto\/grooming-fr\/coupeur-de-cheveux\/"},{"@type":"ListItem","position":5,"name":"\u00c9PILATEUR EGGO"}]},{"@type":"WebSite","@id":"https:\/\/www.gamaprofessional.com\/fr\/#website","url":"https:\/\/www.gamaprofessional.com\/fr\/","name":"Gama Professional","description":"","potentialAction":[{"@type":"SearchAction","target":{"@type":"EntryPoint","urlTemplate":"https:\/\/www.gamaprofessional.com\/fr\/?s={search_term_string}"},"query-input":{"@type":"PropertyValueSpecification","valueRequired":true,"valueName":"search_term_string"}}],"inLanguage":"fr-FR"}]}},"_links":{"self":[{"href":"https:\/\/www.gamaprofessional.com\/fr\/wp-json\/wp\/v2\/product\/5142","targetHints":{"allow":["GET"]}}],"collection":[{"href":"https:\/\/www.gamaprofessional.com\/fr\/wp-json\/wp\/v2\/product"}],"about":[{"href":"https:\/\/www.gamaprofessional.com\/fr\/wp-json\/wp\/v2\/types\/product"}],"wp:featuredmedia":[{"embeddable":true,"href":"https:\/\/www.gamaprofessional.com\/fr\/wp-json\/wp\/v2\/media\/5119"}],"wp:attachment":[{"href":"https:\/\/www.gamaprofessional.com\/fr\/wp-json\/wp\/v2\/media?parent=5142"}],"wp:term":[{"taxonomy":"product_brand","embeddable":true,"href":"https:\/\/www.gamaprofessional.com\/fr\/wp-json\/wp\/v2\/product_brand?post=5142"},{"taxonomy":"product_cat","embeddable":true,"href":"https:\/\/www.gamaprofessional.com\/fr\/wp-json\/wp\/v2\/product_cat?post=5142"},{"taxonomy":"product_tag","embeddable":true,"href":"https:\/\/www.gamaprofessional.com\/fr\/wp-json\/wp\/v2\/product_tag?post=5142"}],"curies":[{"name":"wp","href":"https:\/\/api.w.org\/{rel}","templated":true}]}}