{"id":5174,"date":"2025-03-06T16:16:17","date_gmt":"2025-03-06T15:16:17","guid":{"rendered":"https:\/\/www.gamaprofessional.com\/?post_type=product&#038;p=5174"},"modified":"2026-01-30T14:42:37","modified_gmt":"2026-01-30T13:42:37","slug":"fer-a-lisser-waver-brush-keration","status":"publish","type":"product","link":"https:\/\/www.gamaprofessional.com\/fr\/prodotto\/fer-a-lisser-waver-brush-keration\/","title":{"rendered":"FER A LISSER WAVER &amp; BRUSH KERATION"},"content":{"rendered":"<p>Cr\u00e9ez des vagues parfaites et domptez le volume de vos cheveux en un instant avec le r\u00e9volutionnaire <strong>Waver &amp; Brush<\/strong>, le nouveau fer \u00e0 onduler 2 en 1 de la gamme <strong>KERATION<\/strong>.<br \/>\n Con\u00e7u pour pr\u00e9server la sant\u00e9 et la beaut\u00e9 de vos cheveux, cet outil offre une chaleur douce qui prot\u00e8ge la k\u00e9ratine naturelle de vos cheveux.<\/p>\n<p><strong>CARACT\u00c9RISTIQUES PRINCIPALES<\/strong><\/p>\n<p><strong>Polyvalence<\/strong> : Un waver et une brosse lissante r\u00e9unis dans un seul outil. Le nouveau fer \u00e0 onduler 2 en 1 de la gamme KERATION est id\u00e9al pour obtenir des cheveux lisses, anti-frisottis et des vagues impeccables. <\/p>\n<p><strong>Technologie de protection de la k\u00e9ratine<\/strong> : Gr\u00e2ce \u00e0 la technologie avanc\u00e9e <strong>Micro-Glitt<\/strong>, le Waver &amp; Brush prot\u00e8ge la k\u00e9ratine naturelle de vos cheveux pendant le coiffage, permettant de cr\u00e9er des vagues parfaites et de r\u00e9duire le volume sans compromettre leur sant\u00e9.<\/p>\n<p>La <strong>chaleur infrarouge lointaine lutte<\/strong> contre les frisottis et permet d\u2019obtenir des coiffures durables tout en prot\u00e9geant vos cheveux des dommages thermiques. Cette chaleur p\u00e9n\u00e8tre au c\u0153ur du cheveu et se diffuse de l\u2019int\u00e9rieur vers l\u2019ext\u00e9rieur, pr\u00e9servant les cuticules et garantissant des cheveux lumineux et sains. La <strong>technologie antibact\u00e9rienne Nano Silver<\/strong> apporte une protection suppl\u00e9mentaire pour garder vos cheveux en pleine sant\u00e9.  <\/p>\n<p><strong>Personnalisation de la temp\u00e9rature<\/strong> : Le Waver &amp; Brush Keration permet de r\u00e9gler la temp\u00e9rature en fonction des besoins de vos cheveux. Que vous ayez des cheveux fins et d\u00e9licats ou une chevelure plus \u00e9paisse, vous pouvez choisir la temp\u00e9rature id\u00e9ale pour obtenir des r\u00e9sultats parfaits sans ab\u00eemer la structure du cheveu. <x id=\"gid_1\"><\/x>La temp\u00e9rature est r\u00e9glable de 140\u00b0 \u00e0 220\u00b0 gr\u00e2ce \u00e0 l\u2019\u00e9cran digital, et la technologie Quick Heat assure un chauffage rapide pour un coiffage efficace.  <\/p>\n<p><strong>Facilit\u00e9 d\u2019utilisation<\/strong> : Le Waver &amp; Brush a \u00e9t\u00e9 con\u00e7u pour simplifier le processus de coiffage. Son design ergonomique et ses commandes intuitives permettent de cr\u00e9er le look souhait\u00e9 sans effort. <\/p>\n<p><strong>S\u00e9curit\u00e9 maximale<\/strong> : La fonction d\u2019<strong>arr\u00eat automatique<\/strong> \u00e9teint l\u2019appareil apr\u00e8s 30 minutes d\u2019inactivit\u00e9. De plus, le <strong>bouton de verrouillage<\/strong> pratique permet de fermer l\u2019outil lorsqu\u2019il n\u2019est pas utilis\u00e9, garantissant une s\u00e9curit\u00e9 accrue et un gain de place. <\/p>\n<p><strong>MODE D\u2019EMPLOI<\/strong><\/p>\n<ol>\n<li>S\u00e9lectionnez la temp\u00e9rature en fonction de votre type de cheveux et du style que vous souhaitez obtenir.<\/li>\n<li>Divisez vos cheveux en sections pour faciliter le processus de coiffage.<\/li>\n<li>Passez le Waver &amp; Brush sur chaque section pour cr\u00e9er des vagues d\u00e9finies ou dompter le volume.<\/li>\n<li>Admirez le r\u00e9sultat final : des cheveux vibrants, avec des vagues parfaites ou un look plus disciplin\u00e9, selon votre choix.<\/li>\n<\/ol>\n","protected":false},"excerpt":{"rendered":"<p>Cr\u00e9ez des vagues parfaites et domptez le volume de vos cheveux en un instant avec le r\u00e9volutionnaire Waver &amp; Brush, le nouveau fer \u00e0 onduler 2 en 1 de la gamme KERATION. Con\u00e7u pour pr\u00e9server la sant\u00e9 et la beaut\u00e9 de vos cheveux, cet outil offre une chaleur douce qui prot\u00e8ge la k\u00e9ratine naturelle de vos cheveux.  <\/p>\n","protected":false},"featured_media":5154,"template":"","meta":{"_acf_changed":false},"product_brand":[],"product_cat":[441],"product_tag":[],"class_list":{"0":"post-5174","1":"product","2":"type-product","3":"status-publish","4":"has-post-thumbnail","6":"product_cat-fer-a-lisser","8":"first","9":"instock","10":"sale","11":"taxable","12":"shipping-taxable","13":"purchasable","14":"product-type-simple"},"acf":[],"yoast_head":"<!-- This site is optimized with the Yoast SEO plugin v27.5 - https:\/\/yoast.com\/product\/yoast-seo-wordpress\/ -->\n<title>FER A LISSER WAVER &amp; BRUSH KERATION - Gama Professional<\/title>\n<meta name=\"description\" content=\"Cr\u00e9ez des vagues parfaites et domptez le volume de vos cheveux en un instant avec le Waver &amp; Brush de la gamme Keration, dot\u00e9 d\u2019une technologie de protection de la k\u00e9ratine.\" \/>\n<meta name=\"robots\" content=\"index, follow, max-snippet:-1, max-image-preview:large, max-video-preview:-1\" \/>\n<link rel=\"canonical\" href=\"https:\/\/www.gamaprofessional.com\/fr\/prodotto\/fer-a-lisser-waver-brush-keration\/\" \/>\n<meta property=\"og:locale\" content=\"fr_FR\" \/>\n<meta property=\"og:type\" content=\"article\" \/>\n<meta property=\"og:title\" content=\"FER A LISSER WAVER &amp; BRUSH KERATION - Gama Professional\" \/>\n<meta property=\"og:description\" content=\"Cr\u00e9ez des vagues parfaites et domptez le volume de vos cheveux en un instant avec le Waver &amp; Brush de la gamme Keration, dot\u00e9 d\u2019une technologie de protection de la k\u00e9ratine.\" \/>\n<meta property=\"og:url\" content=\"https:\/\/www.gamaprofessional.com\/fr\/prodotto\/fer-a-lisser-waver-brush-keration\/\" \/>\n<meta property=\"og:site_name\" content=\"Gama Professional\" \/>\n<meta property=\"article:modified_time\" content=\"2026-01-30T13:42:37+00:00\" \/>\n<meta property=\"og:image\" content=\"https:\/\/www.gamaprofessional.com\/wp-content\/uploads\/2025\/03\/GI1901.png\" \/>\n\t<meta property=\"og:image:width\" content=\"1080\" \/>\n\t<meta property=\"og:image:height\" content=\"1080\" \/>\n\t<meta property=\"og:image:type\" content=\"image\/png\" \/>\n<meta name=\"twitter:card\" content=\"summary_large_image\" \/>\n<meta name=\"twitter:label1\" content=\"Dur\u00e9e de lecture estim\u00e9e\" \/>\n\t<meta name=\"twitter:data1\" content=\"2 minutes\" \/>\n<script type=\"application\/ld+json\" class=\"yoast-schema-graph\">{\"@context\":\"https:\\\/\\\/schema.org\",\"@graph\":[{\"@type\":\"WebPage\",\"@id\":\"https:\\\/\\\/www.gamaprofessional.com\\\/fr\\\/prodotto\\\/fer-a-lisser-waver-brush-keration\\\/\",\"url\":\"https:\\\/\\\/www.gamaprofessional.com\\\/fr\\\/prodotto\\\/fer-a-lisser-waver-brush-keration\\\/\",\"name\":\"FER A LISSER WAVER &amp; BRUSH KERATION - Gama Professional\",\"isPartOf\":{\"@id\":\"https:\\\/\\\/www.gamaprofessional.com\\\/fr\\\/#website\"},\"primaryImageOfPage\":{\"@id\":\"https:\\\/\\\/www.gamaprofessional.com\\\/fr\\\/prodotto\\\/fer-a-lisser-waver-brush-keration\\\/#primaryimage\"},\"image\":{\"@id\":\"https:\\\/\\\/www.gamaprofessional.com\\\/fr\\\/prodotto\\\/fer-a-lisser-waver-brush-keration\\\/#primaryimage\"},\"thumbnailUrl\":\"https:\\\/\\\/www.gamaprofessional.com\\\/wp-content\\\/uploads\\\/2025\\\/03\\\/GI1901.png\",\"datePublished\":\"2025-03-06T15:16:17+00:00\",\"dateModified\":\"2026-01-30T13:42:37+00:00\",\"description\":\"Cr\u00e9ez des vagues parfaites et domptez le volume de vos cheveux en un instant avec le Waver & Brush de la gamme Keration, dot\u00e9 d\u2019une technologie de protection de la k\u00e9ratine.\",\"breadcrumb\":{\"@id\":\"https:\\\/\\\/www.gamaprofessional.com\\\/fr\\\/prodotto\\\/fer-a-lisser-waver-brush-keration\\\/#breadcrumb\"},\"inLanguage\":\"fr-FR\",\"potentialAction\":[{\"@type\":\"ReadAction\",\"target\":[\"https:\\\/\\\/www.gamaprofessional.com\\\/fr\\\/prodotto\\\/fer-a-lisser-waver-brush-keration\\\/\"]}]},{\"@type\":\"ImageObject\",\"inLanguage\":\"fr-FR\",\"@id\":\"https:\\\/\\\/www.gamaprofessional.com\\\/fr\\\/prodotto\\\/fer-a-lisser-waver-brush-keration\\\/#primaryimage\",\"url\":\"https:\\\/\\\/www.gamaprofessional.com\\\/wp-content\\\/uploads\\\/2025\\\/03\\\/GI1901.png\",\"contentUrl\":\"https:\\\/\\\/www.gamaprofessional.com\\\/wp-content\\\/uploads\\\/2025\\\/03\\\/GI1901.png\",\"width\":1080,\"height\":1080,\"caption\":\"WAVER & BRUSH KERATION\"},{\"@type\":\"BreadcrumbList\",\"@id\":\"https:\\\/\\\/www.gamaprofessional.com\\\/fr\\\/prodotto\\\/fer-a-lisser-waver-brush-keration\\\/#breadcrumb\",\"itemListElement\":[{\"@type\":\"ListItem\",\"position\":1,\"name\":\"Home\",\"item\":\"https:\\\/\\\/www.gamaprofessional.com\\\/fr\\\/page-daccueil\\\/\"},{\"@type\":\"ListItem\",\"position\":2,\"name\":\"Boutique\",\"item\":\"https:\\\/\\\/www.gamaprofessional.com\\\/shop\\\/\"},{\"@type\":\"ListItem\",\"position\":3,\"name\":\"Haircare\",\"item\":\"https:\\\/\\\/www.gamaprofessional.com\\\/fr\\\/categoria-prodotto\\\/haircare-fr\\\/\"},{\"@type\":\"ListItem\",\"position\":4,\"name\":\"Fer \u00e0 Lisser\",\"item\":\"https:\\\/\\\/www.gamaprofessional.com\\\/fr\\\/categoria-prodotto\\\/haircare-fr\\\/fer-a-lisser\\\/\"},{\"@type\":\"ListItem\",\"position\":5,\"name\":\"FER A LISSER WAVER &amp; BRUSH KERATION\"}]},{\"@type\":\"WebSite\",\"@id\":\"https:\\\/\\\/www.gamaprofessional.com\\\/fr\\\/#website\",\"url\":\"https:\\\/\\\/www.gamaprofessional.com\\\/fr\\\/\",\"name\":\"Gama Professional\",\"description\":\"\",\"potentialAction\":[{\"@type\":\"SearchAction\",\"target\":{\"@type\":\"EntryPoint\",\"urlTemplate\":\"https:\\\/\\\/www.gamaprofessional.com\\\/fr\\\/?s={search_term_string}\"},\"query-input\":{\"@type\":\"PropertyValueSpecification\",\"valueRequired\":true,\"valueName\":\"search_term_string\"}}],\"inLanguage\":\"fr-FR\"}]}<\/script>\n<!-- \/ Yoast SEO plugin. -->","yoast_head_json":{"title":"FER A LISSER WAVER &amp; BRUSH KERATION - Gama Professional","description":"Cr\u00e9ez des vagues parfaites et domptez le volume de vos cheveux en un instant avec le Waver & Brush de la gamme Keration, dot\u00e9 d\u2019une technologie de protection de la k\u00e9ratine.","robots":{"index":"index","follow":"follow","max-snippet":"max-snippet:-1","max-image-preview":"max-image-preview:large","max-video-preview":"max-video-preview:-1"},"canonical":"https:\/\/www.gamaprofessional.com\/fr\/prodotto\/fer-a-lisser-waver-brush-keration\/","og_locale":"fr_FR","og_type":"article","og_title":"FER A LISSER WAVER &amp; BRUSH KERATION - Gama Professional","og_description":"Cr\u00e9ez des vagues parfaites et domptez le volume de vos cheveux en un instant avec le Waver & Brush de la gamme Keration, dot\u00e9 d\u2019une technologie de protection de la k\u00e9ratine.","og_url":"https:\/\/www.gamaprofessional.com\/fr\/prodotto\/fer-a-lisser-waver-brush-keration\/","og_site_name":"Gama Professional","article_modified_time":"2026-01-30T13:42:37+00:00","og_image":[{"width":1080,"height":1080,"url":"https:\/\/www.gamaprofessional.com\/wp-content\/uploads\/2025\/03\/GI1901.png","type":"image\/png"}],"twitter_card":"summary_large_image","twitter_misc":{"Dur\u00e9e de lecture estim\u00e9e":"2 minutes"},"schema":{"@context":"https:\/\/schema.org","@graph":[{"@type":"WebPage","@id":"https:\/\/www.gamaprofessional.com\/fr\/prodotto\/fer-a-lisser-waver-brush-keration\/","url":"https:\/\/www.gamaprofessional.com\/fr\/prodotto\/fer-a-lisser-waver-brush-keration\/","name":"FER A LISSER WAVER &amp; BRUSH KERATION - Gama Professional","isPartOf":{"@id":"https:\/\/www.gamaprofessional.com\/fr\/#website"},"primaryImageOfPage":{"@id":"https:\/\/www.gamaprofessional.com\/fr\/prodotto\/fer-a-lisser-waver-brush-keration\/#primaryimage"},"image":{"@id":"https:\/\/www.gamaprofessional.com\/fr\/prodotto\/fer-a-lisser-waver-brush-keration\/#primaryimage"},"thumbnailUrl":"https:\/\/www.gamaprofessional.com\/wp-content\/uploads\/2025\/03\/GI1901.png","datePublished":"2025-03-06T15:16:17+00:00","dateModified":"2026-01-30T13:42:37+00:00","description":"Cr\u00e9ez des vagues parfaites et domptez le volume de vos cheveux en un instant avec le Waver & Brush de la gamme Keration, dot\u00e9 d\u2019une technologie de protection de la k\u00e9ratine.","breadcrumb":{"@id":"https:\/\/www.gamaprofessional.com\/fr\/prodotto\/fer-a-lisser-waver-brush-keration\/#breadcrumb"},"inLanguage":"fr-FR","potentialAction":[{"@type":"ReadAction","target":["https:\/\/www.gamaprofessional.com\/fr\/prodotto\/fer-a-lisser-waver-brush-keration\/"]}]},{"@type":"ImageObject","inLanguage":"fr-FR","@id":"https:\/\/www.gamaprofessional.com\/fr\/prodotto\/fer-a-lisser-waver-brush-keration\/#primaryimage","url":"https:\/\/www.gamaprofessional.com\/wp-content\/uploads\/2025\/03\/GI1901.png","contentUrl":"https:\/\/www.gamaprofessional.com\/wp-content\/uploads\/2025\/03\/GI1901.png","width":1080,"height":1080,"caption":"WAVER & BRUSH KERATION"},{"@type":"BreadcrumbList","@id":"https:\/\/www.gamaprofessional.com\/fr\/prodotto\/fer-a-lisser-waver-brush-keration\/#breadcrumb","itemListElement":[{"@type":"ListItem","position":1,"name":"Home","item":"https:\/\/www.gamaprofessional.com\/fr\/page-daccueil\/"},{"@type":"ListItem","position":2,"name":"Boutique","item":"https:\/\/www.gamaprofessional.com\/shop\/"},{"@type":"ListItem","position":3,"name":"Haircare","item":"https:\/\/www.gamaprofessional.com\/fr\/categoria-prodotto\/haircare-fr\/"},{"@type":"ListItem","position":4,"name":"Fer \u00e0 Lisser","item":"https:\/\/www.gamaprofessional.com\/fr\/categoria-prodotto\/haircare-fr\/fer-a-lisser\/"},{"@type":"ListItem","position":5,"name":"FER A LISSER WAVER &amp; BRUSH KERATION"}]},{"@type":"WebSite","@id":"https:\/\/www.gamaprofessional.com\/fr\/#website","url":"https:\/\/www.gamaprofessional.com\/fr\/","name":"Gama Professional","description":"","potentialAction":[{"@type":"SearchAction","target":{"@type":"EntryPoint","urlTemplate":"https:\/\/www.gamaprofessional.com\/fr\/?s={search_term_string}"},"query-input":{"@type":"PropertyValueSpecification","valueRequired":true,"valueName":"search_term_string"}}],"inLanguage":"fr-FR"}]}},"_links":{"self":[{"href":"https:\/\/www.gamaprofessional.com\/fr\/wp-json\/wp\/v2\/product\/5174","targetHints":{"allow":["GET"]}}],"collection":[{"href":"https:\/\/www.gamaprofessional.com\/fr\/wp-json\/wp\/v2\/product"}],"about":[{"href":"https:\/\/www.gamaprofessional.com\/fr\/wp-json\/wp\/v2\/types\/product"}],"wp:featuredmedia":[{"embeddable":true,"href":"https:\/\/www.gamaprofessional.com\/fr\/wp-json\/wp\/v2\/media\/5154"}],"wp:attachment":[{"href":"https:\/\/www.gamaprofessional.com\/fr\/wp-json\/wp\/v2\/media?parent=5174"}],"wp:term":[{"taxonomy":"product_brand","embeddable":true,"href":"https:\/\/www.gamaprofessional.com\/fr\/wp-json\/wp\/v2\/product_brand?post=5174"},{"taxonomy":"product_cat","embeddable":true,"href":"https:\/\/www.gamaprofessional.com\/fr\/wp-json\/wp\/v2\/product_cat?post=5174"},{"taxonomy":"product_tag","embeddable":true,"href":"https:\/\/www.gamaprofessional.com\/fr\/wp-json\/wp\/v2\/product_tag?post=5174"}],"curies":[{"name":"wp","href":"https:\/\/api.w.org\/{rel}","templated":true}]}}