{"id":5229,"date":"2025-03-12T12:21:30","date_gmt":"2025-03-12T11:21:30","guid":{"rendered":"https:\/\/www.gamaprofessional.com\/?post_type=product&#038;p=5229"},"modified":"2026-04-05T13:49:53","modified_gmt":"2026-04-05T11:49:53","slug":"seche-cheveux-iq-lite-max","status":"publish","type":"product","link":"https:\/\/www.gamaprofessional.com\/fr\/prodotto\/seche-cheveux-iq-lite-max\/","title":{"rendered":"S\u00c8CHE-CHEVEUX IQ LITE MAX"},"content":{"rendered":"<p>Le s\u00e8che-cheveux iQ Lite Max de GAMA Italy Professional est l\u2019alli\u00e9 parfait pour ceux qui recherchent une exp\u00e9rience de coiffage professionnelle sans sacrifier la l\u00e9g\u00e8ret\u00e9. Avec un poids de seulement 318 grammes, ce s\u00e8che-cheveux ultral\u00e9ger est id\u00e9al pour les coiffeurs qui travaillent de longues heures en salon, r\u00e9duisant consid\u00e9rablement la fatigue lors d\u2019une utilisation prolong\u00e9e. Avec iQ Lite Max, votre routine beaut\u00e9 devient plus simple et plus agr\u00e9able.  <\/p>\n<p><strong>Puissance Sans Compromis<\/strong><\/p>\n<p>Le c\u0153ur de l\u2019iQ Lite Max est son moteur num\u00e9rique sans balais de 85 000 tours par minute, offrant des performances \u00e9lev\u00e9es avec une puissance variant de 1500 \u00e0 1700W. Gr\u00e2ce \u00e0 la technologie Venturi, le flux d\u2019air est multipli\u00e9, r\u00e9duisant drastiquement le temps de s\u00e9chage sans consommer d\u2019\u00e9nergie suppl\u00e9mentaire. Parfait pour ceux qui recherchent un s\u00e8che-cheveux puissant et efficace.  <\/p>\n<p><strong>Oxy-Active et Color Lock<\/strong><\/p>\n<p>La fonction Oxy-Active est une v\u00e9ritable r\u00e9volution : elle lib\u00e8re de l\u2019oxyg\u00e8ne actif avec un puissant effet antibact\u00e9rien, prot\u00e9geant les cheveux pendant le s\u00e9chage. De plus, elle permet d\u2019obtenir l\u2019effet Color Lock, qui prolonge la brillance et la tenue de la couleur, maintenant les cheveux \u00e9clatants et prot\u00e9g\u00e9s \u00e0 chaque utilisation, en particulier sur les cheveux trait\u00e9s chimiquement ou color\u00e9s. <\/p>\n<p><strong>Technologie System-C : S\u00e9curit\u00e9 et Contr\u00f4le Total de la Chaleur<\/strong><\/p>\n<p>L\u2019iQ Lite Max est \u00e9quip\u00e9 de la technologie System-C, qui g\u00e8re intelligemment la chaleur pour \u00e9viter la surchauffe et garantir une s\u00e9curit\u00e9 maximale \u00e0 chaque utilisation. Non seulement vos cheveux seront prot\u00e9g\u00e9s, mais vous b\u00e9n\u00e9ficierez \u00e9galement de performances stables et durables sans risque. <\/p>\n<p><strong>Polyvalence de Coiffage avec 6 Combinaisons de Vitesse et de Temp\u00e9rature<\/strong><\/p>\n<p>Pour s\u2019adapter aux diff\u00e9rents besoins de coiffage, l\u2019iQ Lite Max propose 6 combinaisons de 3 temp\u00e9ratures et 2 vitesses. Que vous ayez besoin d\u2019un s\u00e9chage rapide ou d\u2019une finition plus pr\u00e9cise, vous pouvez choisir le r\u00e9glage parfait pour chaque style. De plus, le bouton Cool Shot permet de fixer la coiffure, assurant un look impeccable tout au long de la journ\u00e9e.  <\/p>\n<p><strong>Fonction Turbo pour un Flux d\u2019Air Renforc\u00e9<\/strong><\/p>\n<p>Gr\u00e2ce \u00e0 la fonction Turbo, le flux d\u2019air g\u00e9n\u00e9r\u00e9 par le moteur est encore amplifi\u00e9, sans consommer d\u2019\u00e9nergie suppl\u00e9mentaire. Cela vous permet d\u2019obtenir une coiffure parfaite en moins de temps, avec moins d\u2019effort et une plus grande efficacit\u00e9, sans compromettre la qualit\u00e9 du r\u00e9sultat. <\/p>\n<p><strong>Filtres Magn\u00e9tiques Amovibles et Accessoires Professionnels<\/strong><\/p>\n<p>L\u2019iQ Lite Max n\u2019est pas seulement puissant, il est aussi pratique : ses filtres magn\u00e9tiques amovibles et lavables prot\u00e8gent \u00e0 la fois le moteur et vos cheveux des impuret\u00e9s. Le s\u00e8che-cheveux comprend \u00e9galement un ensemble complet d\u2019accessoires professionnels : deux embouts pour un contr\u00f4le pr\u00e9cis du flux d\u2019air, un diffuseur profond pour une r\u00e9partition uniforme de la chaleur sur tous les types de cheveux et trois filtres de rechange pour assurer une longue dur\u00e9e de vie. Un tapis antid\u00e9rapant compl\u00e8te le tout pour une utilisation s\u00fbre et confortable.  <\/p>\n<p>Avec l\u2019iQ Lite Max de GAMA, vous obtenez puissance, pr\u00e9cision et technologie avanc\u00e9e dans un design ultral\u00e9ger et pratique. Que vous soyez un coiffeur professionnel ou un utilisateur exigeant, ce s\u00e8che-cheveux vous garantit des performances de haut niveau et une exp\u00e9rience de coiffage parfaite. <\/p>\n","protected":false},"excerpt":{"rendered":"<p>iQ Lite Max est l\u2019\u00e9volution du s\u00e8che-cheveux traditionnel. Il int\u00e8gre toutes les caract\u00e9ristiques essentielles de la philosophie iQ dans un s\u00e8che-cheveux hybride : \u00e9l\u00e9gant, compact, ultral\u00e9ger et performant. <\/p>\n","protected":false},"featured_media":5250,"template":"","meta":{"_acf_changed":false},"product_brand":[],"product_cat":[327],"product_tag":[],"class_list":{"0":"post-5229","1":"product","2":"type-product","3":"status-publish","4":"has-post-thumbnail","6":"product_cat-seche-cheveux","8":"first","9":"instock","10":"sale","11":"taxable","12":"shipping-taxable","13":"purchasable","14":"product-type-variable","15":"has-default-attributes"},"acf":[],"yoast_head":"<!-- This site is optimized with the Yoast SEO plugin v27.5 - https:\/\/yoast.com\/product\/yoast-seo-wordpress\/ -->\n<title>S\u00c8CHE-CHEVEUX IQ LITE MAX - Gama Professional<\/title>\n<meta name=\"description\" content=\"iQ Lite Max est l\u2019\u00e9volution du s\u00e8che-cheveux traditionnel. Il int\u00e8gre toutes les caract\u00e9ristiques essentielles de la philosophie iQ dans un s\u00e8che-cheveux hybride : \u00e9l\u00e9gant, compact, ultral\u00e9ger et performant.\" \/>\n<meta name=\"robots\" content=\"index, follow, max-snippet:-1, max-image-preview:large, max-video-preview:-1\" \/>\n<link rel=\"canonical\" href=\"https:\/\/www.gamaprofessional.com\/fr\/prodotto\/seche-cheveux-iq-lite-max\/\" \/>\n<meta property=\"og:locale\" content=\"fr_FR\" \/>\n<meta property=\"og:type\" content=\"article\" \/>\n<meta property=\"og:title\" content=\"S\u00c8CHE-CHEVEUX IQ LITE MAX - Gama Professional\" \/>\n<meta property=\"og:description\" content=\"iQ Lite Max est l\u2019\u00e9volution du s\u00e8che-cheveux traditionnel. Il int\u00e8gre toutes les caract\u00e9ristiques essentielles de la philosophie iQ dans un s\u00e8che-cheveux hybride : \u00e9l\u00e9gant, compact, ultral\u00e9ger et performant.\" \/>\n<meta property=\"og:url\" content=\"https:\/\/www.gamaprofessional.com\/fr\/prodotto\/seche-cheveux-iq-lite-max\/\" \/>\n<meta property=\"og:site_name\" content=\"Gama Professional\" \/>\n<meta property=\"article:modified_time\" content=\"2026-04-05T11:49:53+00:00\" \/>\n<meta property=\"og:image\" content=\"https:\/\/www.gamaprofessional.com\/wp-content\/uploads\/2025\/03\/PH6035.BK_.png\" \/>\n\t<meta property=\"og:image:width\" content=\"1080\" \/>\n\t<meta property=\"og:image:height\" content=\"1080\" \/>\n\t<meta property=\"og:image:type\" content=\"image\/png\" \/>\n<meta name=\"twitter:card\" content=\"summary_large_image\" \/>\n<meta name=\"twitter:label1\" content=\"Dur\u00e9e de lecture estim\u00e9e\" \/>\n\t<meta name=\"twitter:data1\" content=\"3 minutes\" \/>\n<script type=\"application\/ld+json\" class=\"yoast-schema-graph\">{\"@context\":\"https:\\\/\\\/schema.org\",\"@graph\":[{\"@type\":\"WebPage\",\"@id\":\"https:\\\/\\\/www.gamaprofessional.com\\\/fr\\\/prodotto\\\/seche-cheveux-iq-lite-max\\\/\",\"url\":\"https:\\\/\\\/www.gamaprofessional.com\\\/fr\\\/prodotto\\\/seche-cheveux-iq-lite-max\\\/\",\"name\":\"S\u00c8CHE-CHEVEUX IQ LITE MAX - Gama Professional\",\"isPartOf\":{\"@id\":\"https:\\\/\\\/www.gamaprofessional.com\\\/fr\\\/#website\"},\"primaryImageOfPage\":{\"@id\":\"https:\\\/\\\/www.gamaprofessional.com\\\/fr\\\/prodotto\\\/seche-cheveux-iq-lite-max\\\/#primaryimage\"},\"image\":{\"@id\":\"https:\\\/\\\/www.gamaprofessional.com\\\/fr\\\/prodotto\\\/seche-cheveux-iq-lite-max\\\/#primaryimage\"},\"thumbnailUrl\":\"https:\\\/\\\/www.gamaprofessional.com\\\/wp-content\\\/uploads\\\/2025\\\/03\\\/PH6035.BK_.png\",\"datePublished\":\"2025-03-12T11:21:30+00:00\",\"dateModified\":\"2026-04-05T11:49:53+00:00\",\"description\":\"iQ Lite Max est l\u2019\u00e9volution du s\u00e8che-cheveux traditionnel. Il int\u00e8gre toutes les caract\u00e9ristiques essentielles de la philosophie iQ dans un s\u00e8che-cheveux hybride : \u00e9l\u00e9gant, compact, ultral\u00e9ger et performant.\",\"breadcrumb\":{\"@id\":\"https:\\\/\\\/www.gamaprofessional.com\\\/fr\\\/prodotto\\\/seche-cheveux-iq-lite-max\\\/#breadcrumb\"},\"inLanguage\":\"fr-FR\",\"potentialAction\":[{\"@type\":\"ReadAction\",\"target\":[\"https:\\\/\\\/www.gamaprofessional.com\\\/fr\\\/prodotto\\\/seche-cheveux-iq-lite-max\\\/\"]}]},{\"@type\":\"ImageObject\",\"inLanguage\":\"fr-FR\",\"@id\":\"https:\\\/\\\/www.gamaprofessional.com\\\/fr\\\/prodotto\\\/seche-cheveux-iq-lite-max\\\/#primaryimage\",\"url\":\"https:\\\/\\\/www.gamaprofessional.com\\\/wp-content\\\/uploads\\\/2025\\\/03\\\/PH6035.BK_.png\",\"contentUrl\":\"https:\\\/\\\/www.gamaprofessional.com\\\/wp-content\\\/uploads\\\/2025\\\/03\\\/PH6035.BK_.png\",\"width\":1080,\"height\":1080,\"caption\":\"PHON IQ LITE MAX\"},{\"@type\":\"BreadcrumbList\",\"@id\":\"https:\\\/\\\/www.gamaprofessional.com\\\/fr\\\/prodotto\\\/seche-cheveux-iq-lite-max\\\/#breadcrumb\",\"itemListElement\":[{\"@type\":\"ListItem\",\"position\":1,\"name\":\"Home\",\"item\":\"https:\\\/\\\/www.gamaprofessional.com\\\/fr\\\/page-daccueil\\\/\"},{\"@type\":\"ListItem\",\"position\":2,\"name\":\"Boutique\",\"item\":\"https:\\\/\\\/www.gamaprofessional.com\\\/shop\\\/\"},{\"@type\":\"ListItem\",\"position\":3,\"name\":\"Haircare\",\"item\":\"https:\\\/\\\/www.gamaprofessional.com\\\/fr\\\/categoria-prodotto\\\/haircare-fr\\\/\"},{\"@type\":\"ListItem\",\"position\":4,\"name\":\"S\u00e8che-cheveux\",\"item\":\"https:\\\/\\\/www.gamaprofessional.com\\\/fr\\\/categoria-prodotto\\\/haircare-fr\\\/seche-cheveux\\\/\"},{\"@type\":\"ListItem\",\"position\":5,\"name\":\"S\u00c8CHE-CHEVEUX IQ LITE MAX\"}]},{\"@type\":\"WebSite\",\"@id\":\"https:\\\/\\\/www.gamaprofessional.com\\\/fr\\\/#website\",\"url\":\"https:\\\/\\\/www.gamaprofessional.com\\\/fr\\\/\",\"name\":\"Gama Professional\",\"description\":\"\",\"potentialAction\":[{\"@type\":\"SearchAction\",\"target\":{\"@type\":\"EntryPoint\",\"urlTemplate\":\"https:\\\/\\\/www.gamaprofessional.com\\\/fr\\\/?s={search_term_string}\"},\"query-input\":{\"@type\":\"PropertyValueSpecification\",\"valueRequired\":true,\"valueName\":\"search_term_string\"}}],\"inLanguage\":\"fr-FR\"}]}<\/script>\n<!-- \/ Yoast SEO plugin. -->","yoast_head_json":{"title":"S\u00c8CHE-CHEVEUX IQ LITE MAX - Gama Professional","description":"iQ Lite Max est l\u2019\u00e9volution du s\u00e8che-cheveux traditionnel. Il int\u00e8gre toutes les caract\u00e9ristiques essentielles de la philosophie iQ dans un s\u00e8che-cheveux hybride : \u00e9l\u00e9gant, compact, ultral\u00e9ger et performant.","robots":{"index":"index","follow":"follow","max-snippet":"max-snippet:-1","max-image-preview":"max-image-preview:large","max-video-preview":"max-video-preview:-1"},"canonical":"https:\/\/www.gamaprofessional.com\/fr\/prodotto\/seche-cheveux-iq-lite-max\/","og_locale":"fr_FR","og_type":"article","og_title":"S\u00c8CHE-CHEVEUX IQ LITE MAX - Gama Professional","og_description":"iQ Lite Max est l\u2019\u00e9volution du s\u00e8che-cheveux traditionnel. Il int\u00e8gre toutes les caract\u00e9ristiques essentielles de la philosophie iQ dans un s\u00e8che-cheveux hybride : \u00e9l\u00e9gant, compact, ultral\u00e9ger et performant.","og_url":"https:\/\/www.gamaprofessional.com\/fr\/prodotto\/seche-cheveux-iq-lite-max\/","og_site_name":"Gama Professional","article_modified_time":"2026-04-05T11:49:53+00:00","og_image":[{"width":1080,"height":1080,"url":"https:\/\/www.gamaprofessional.com\/wp-content\/uploads\/2025\/03\/PH6035.BK_.png","type":"image\/png"}],"twitter_card":"summary_large_image","twitter_misc":{"Dur\u00e9e de lecture estim\u00e9e":"3 minutes"},"schema":{"@context":"https:\/\/schema.org","@graph":[{"@type":"WebPage","@id":"https:\/\/www.gamaprofessional.com\/fr\/prodotto\/seche-cheveux-iq-lite-max\/","url":"https:\/\/www.gamaprofessional.com\/fr\/prodotto\/seche-cheveux-iq-lite-max\/","name":"S\u00c8CHE-CHEVEUX IQ LITE MAX - Gama Professional","isPartOf":{"@id":"https:\/\/www.gamaprofessional.com\/fr\/#website"},"primaryImageOfPage":{"@id":"https:\/\/www.gamaprofessional.com\/fr\/prodotto\/seche-cheveux-iq-lite-max\/#primaryimage"},"image":{"@id":"https:\/\/www.gamaprofessional.com\/fr\/prodotto\/seche-cheveux-iq-lite-max\/#primaryimage"},"thumbnailUrl":"https:\/\/www.gamaprofessional.com\/wp-content\/uploads\/2025\/03\/PH6035.BK_.png","datePublished":"2025-03-12T11:21:30+00:00","dateModified":"2026-04-05T11:49:53+00:00","description":"iQ Lite Max est l\u2019\u00e9volution du s\u00e8che-cheveux traditionnel. Il int\u00e8gre toutes les caract\u00e9ristiques essentielles de la philosophie iQ dans un s\u00e8che-cheveux hybride : \u00e9l\u00e9gant, compact, ultral\u00e9ger et performant.","breadcrumb":{"@id":"https:\/\/www.gamaprofessional.com\/fr\/prodotto\/seche-cheveux-iq-lite-max\/#breadcrumb"},"inLanguage":"fr-FR","potentialAction":[{"@type":"ReadAction","target":["https:\/\/www.gamaprofessional.com\/fr\/prodotto\/seche-cheveux-iq-lite-max\/"]}]},{"@type":"ImageObject","inLanguage":"fr-FR","@id":"https:\/\/www.gamaprofessional.com\/fr\/prodotto\/seche-cheveux-iq-lite-max\/#primaryimage","url":"https:\/\/www.gamaprofessional.com\/wp-content\/uploads\/2025\/03\/PH6035.BK_.png","contentUrl":"https:\/\/www.gamaprofessional.com\/wp-content\/uploads\/2025\/03\/PH6035.BK_.png","width":1080,"height":1080,"caption":"PHON IQ LITE MAX"},{"@type":"BreadcrumbList","@id":"https:\/\/www.gamaprofessional.com\/fr\/prodotto\/seche-cheveux-iq-lite-max\/#breadcrumb","itemListElement":[{"@type":"ListItem","position":1,"name":"Home","item":"https:\/\/www.gamaprofessional.com\/fr\/page-daccueil\/"},{"@type":"ListItem","position":2,"name":"Boutique","item":"https:\/\/www.gamaprofessional.com\/shop\/"},{"@type":"ListItem","position":3,"name":"Haircare","item":"https:\/\/www.gamaprofessional.com\/fr\/categoria-prodotto\/haircare-fr\/"},{"@type":"ListItem","position":4,"name":"S\u00e8che-cheveux","item":"https:\/\/www.gamaprofessional.com\/fr\/categoria-prodotto\/haircare-fr\/seche-cheveux\/"},{"@type":"ListItem","position":5,"name":"S\u00c8CHE-CHEVEUX IQ LITE MAX"}]},{"@type":"WebSite","@id":"https:\/\/www.gamaprofessional.com\/fr\/#website","url":"https:\/\/www.gamaprofessional.com\/fr\/","name":"Gama Professional","description":"","potentialAction":[{"@type":"SearchAction","target":{"@type":"EntryPoint","urlTemplate":"https:\/\/www.gamaprofessional.com\/fr\/?s={search_term_string}"},"query-input":{"@type":"PropertyValueSpecification","valueRequired":true,"valueName":"search_term_string"}}],"inLanguage":"fr-FR"}]}},"_links":{"self":[{"href":"https:\/\/www.gamaprofessional.com\/fr\/wp-json\/wp\/v2\/product\/5229","targetHints":{"allow":["GET"]}}],"collection":[{"href":"https:\/\/www.gamaprofessional.com\/fr\/wp-json\/wp\/v2\/product"}],"about":[{"href":"https:\/\/www.gamaprofessional.com\/fr\/wp-json\/wp\/v2\/types\/product"}],"wp:featuredmedia":[{"embeddable":true,"href":"https:\/\/www.gamaprofessional.com\/fr\/wp-json\/wp\/v2\/media\/5250"}],"wp:attachment":[{"href":"https:\/\/www.gamaprofessional.com\/fr\/wp-json\/wp\/v2\/media?parent=5229"}],"wp:term":[{"taxonomy":"product_brand","embeddable":true,"href":"https:\/\/www.gamaprofessional.com\/fr\/wp-json\/wp\/v2\/product_brand?post=5229"},{"taxonomy":"product_cat","embeddable":true,"href":"https:\/\/www.gamaprofessional.com\/fr\/wp-json\/wp\/v2\/product_cat?post=5229"},{"taxonomy":"product_tag","embeddable":true,"href":"https:\/\/www.gamaprofessional.com\/fr\/wp-json\/wp\/v2\/product_tag?post=5229"}],"curies":[{"name":"wp","href":"https:\/\/api.w.org\/{rel}","templated":true}]}}