{"id":5330,"date":"2025-03-12T16:39:23","date_gmt":"2025-03-12T15:39:23","guid":{"rendered":"https:\/\/www.gamaprofessional.com\/?post_type=product&#038;p=5330"},"modified":"2026-04-15T21:39:28","modified_gmt":"2026-04-15T19:39:28","slug":"seche-cheveux-bravo-90-x8","status":"publish","type":"product","link":"https:\/\/www.gamaprofessional.com\/fr\/prodotto\/seche-cheveux-bravo-90-x8\/","title":{"rendered":"S\u00c8CHE-CHEVEUX BRAVO 90 X8"},"content":{"rendered":"<p><strong>Puissance, L\u00e9g\u00e8ret\u00e9 et Protection pour des Cheveux Parfaits<\/strong><\/p>\n<p>Le Bravo 90 X8 est un s\u00e8che-cheveux \u00e9quip\u00e9 du moteur innovant X8. Ce moteur AC avanc\u00e9, fabriqu\u00e9 avec des mat\u00e9riaux de haute qualit\u00e9, garantit : <\/p>\n<ul>\n<li>40 % de compacit\u00e9 et de l\u00e9g\u00e8ret\u00e9 en plus par rapport aux moteurs AC traditionnels, r\u00e9duisant la fatigue des professionnels lors d\u2019une utilisation intensive.<\/li>\n<li>Une puissance \u00e9lev\u00e9e pour un s\u00e9chage ultra-rapide.<\/li>\n<li>Une longue dur\u00e9e de vie, id\u00e9ale pour une utilisation en salon.<\/li>\n<li>Un poids ultra-l\u00e9ger de seulement 420 g, pour un confort in\u00e9gal\u00e9.<\/li>\n<\/ul>\n<p><strong><u>Technologie Oxy Active : Le Soin Ultime des Cheveux<\/u><\/strong><\/p>\n<p>Le Bravo 90 X8 est dot\u00e9 de la technologie Oxy Active, qui offre plusieurs avantages pour la sant\u00e9 des cheveux. Cette technologie innovante \u00e9met de l\u2019oxyg\u00e8ne actif et des ions n\u00e9gatifs, favorisant des cheveux plus sains et plus brillants. De plus, elle garantit l\u2019effet Color Lock, qui aide \u00e0 maintenir l\u2019\u00e9clat des colorations plus longtemps, pr\u00e9servant la couleur dans le temps. Gr\u00e2ce \u00e0 ces caract\u00e9ristiques, le s\u00e8che-cheveux r\u00e9duit les frisottis et prot\u00e8ge la fibre capillaire, laissant les cheveux doux et soyeux.   <\/p>\n<p><strong><u>Technologie System C : S\u00e9curit\u00e9 et Long\u00e9vit\u00e9 Optimales<\/u><\/strong><\/p>\n<p>Gr\u00e2ce \u00e0 ce syst\u00e8me intelligent brevet\u00e9 par GAMA, le Bravo 90 X8 assure non seulement des performances \u00e9lev\u00e9es mais aussi une plus grande durabilit\u00e9. Ce syst\u00e8me innovant surveille en permanence la temp\u00e9rature et r\u00e9duit automatiquement la puissance en cas de surchauffe pour \u00e9viter tout dommage. De plus, pour assurer une s\u00e9curit\u00e9 maximale \u00e0 l\u2019utilisateur, le s\u00e8che-cheveux s\u2019\u00e9teint imm\u00e9diatement en cas d\u2019obstruction ou de stress thermique, pr\u00e9venant ainsi tout risque et garantissant une utilisation en toute s\u00e9r\u00e9nit\u00e9.  <\/p>\n<p><strong><u>Accessoires Exclusifs pour les Professionnels les Plus Exigeants<\/u><\/strong><\/p>\n<p>Pour offrir une polyvalence maximale en mati\u00e8re de coiffage, le s\u00e8che-cheveux Bravo 90 X8 est \u00e9quip\u00e9 d\u2019accessoires con\u00e7us pour r\u00e9pondre aux exigences des professionnels les plus exigeants. Il est dot\u00e9 de 2 embouts : <\/p>\n<ul>\n<li>Embout \u00e9troit : id\u00e9al pour d\u00e9finir les ondulations et boucles avec pr\u00e9cision, apportant une brillance et une d\u00e9finition parfaites.<\/li>\n<li>Embout large : parfait pour s\u00e9cher de plus grandes sections de cheveux, r\u00e9duisant consid\u00e9rablement le temps de s\u00e9chage sans compromettre la qualit\u00e9 du coiffage.<\/li>\n<\/ul>\n<p>Gr\u00e2ce \u00e0 la technologie Cool Grip \u2013 Anti-Br\u00fblure, les embouts restent jusqu\u2019\u00e0 60 % plus frais que les mod\u00e8les traditionnels, permettant un travail plus agile et confortable. <\/p>\n<p>Enfin, pour les cheveux boucl\u00e9s ou ondul\u00e9s, le diffuseur ultra-profond r\u00e9partit uniform\u00e9ment la chaleur, pr\u00e9servant la forme naturelle des boucles et r\u00e9duisant les frisottis pour un r\u00e9sultat naturel et bien d\u00e9fini.<\/p>\n","protected":false},"excerpt":{"rendered":"<p>Le s\u00e8che-cheveux Bravo 90 X8 est \u00e9quip\u00e9 du moteur r\u00e9volutionnaire X8, con\u00e7u pour offrir une puissance, une l\u00e9g\u00e8ret\u00e9 et une durabilit\u00e9 in\u00e9gal\u00e9es. Avec un moteur AC 40 % plus compact et plus l\u00e9ger que les mod\u00e8les traditionnels, il assure une efficacit\u00e9 maximale et un s\u00e9chage rapide. La technologie Oxy Active prot\u00e8ge la couleur, r\u00e9duit les frisottis et apporte une brillance soyeuse aux cheveux. Parfait pour une utilisation intensive en salon, il garantit des performances \u00e9lev\u00e9es et un confort absolu pour les professionnels. Complet avec 2 embouts Cool Grip et un diffuseur ultra-profond, c\u2019est l\u2019outil id\u00e9al pour un coiffage impeccable.    <\/p>\n","protected":false},"featured_media":5303,"template":"","meta":{"_acf_changed":false},"product_brand":[],"product_cat":[327],"product_tag":[],"class_list":{"0":"post-5330","1":"product","2":"type-product","3":"status-publish","4":"has-post-thumbnail","6":"product_cat-seche-cheveux","8":"first","9":"instock","10":"taxable","11":"shipping-taxable","12":"purchasable","13":"product-type-simple"},"acf":[],"yoast_head":"<!-- This site is optimized with the Yoast SEO plugin v27.5 - https:\/\/yoast.com\/product\/yoast-seo-wordpress\/ -->\n<title>S\u00c8CHE-CHEVEUX BRAVO 90 X8 - Gama Professional<\/title>\n<meta name=\"description\" content=\"D\u00e9couvrez le s\u00e8che-cheveux Bravo 90 X8 avec moteur X8 : puissant, l\u00e9ger et ultra-durable. S\u00e9chage rapide, technologie Oxy Active pour des cheveux brillants et prot\u00e9g\u00e9s. Id\u00e9al pour les salons, livr\u00e9 avec 2 embouts Cool Grip et un diffuseur ultra-profond. Performance optimale pour un coiffage impeccable !\" \/>\n<meta name=\"robots\" content=\"index, follow, max-snippet:-1, max-image-preview:large, max-video-preview:-1\" \/>\n<link rel=\"canonical\" href=\"https:\/\/www.gamaprofessional.com\/fr\/prodotto\/seche-cheveux-bravo-90-x8\/\" \/>\n<meta property=\"og:locale\" content=\"fr_FR\" \/>\n<meta property=\"og:type\" content=\"article\" \/>\n<meta property=\"og:title\" content=\"S\u00c8CHE-CHEVEUX BRAVO 90 X8 - Gama Professional\" \/>\n<meta property=\"og:description\" content=\"D\u00e9couvrez le s\u00e8che-cheveux Bravo 90 X8 avec moteur X8 : puissant, l\u00e9ger et ultra-durable. S\u00e9chage rapide, technologie Oxy Active pour des cheveux brillants et prot\u00e9g\u00e9s. Id\u00e9al pour les salons, livr\u00e9 avec 2 embouts Cool Grip et un diffuseur ultra-profond. Performance optimale pour un coiffage impeccable !\" \/>\n<meta property=\"og:url\" content=\"https:\/\/www.gamaprofessional.com\/fr\/prodotto\/seche-cheveux-bravo-90-x8\/\" \/>\n<meta property=\"og:site_name\" content=\"Gama Professional\" \/>\n<meta property=\"article:modified_time\" content=\"2026-04-15T19:39:28+00:00\" \/>\n<meta property=\"og:image\" content=\"https:\/\/www.gamaprofessional.com\/wp-content\/uploads\/2025\/03\/PH0541.png\" \/>\n\t<meta property=\"og:image:width\" content=\"1080\" \/>\n\t<meta property=\"og:image:height\" content=\"1080\" \/>\n\t<meta property=\"og:image:type\" content=\"image\/png\" \/>\n<meta name=\"twitter:card\" content=\"summary_large_image\" \/>\n<meta name=\"twitter:label1\" content=\"Dur\u00e9e de lecture estim\u00e9e\" \/>\n\t<meta name=\"twitter:data1\" content=\"2 minutes\" \/>\n<script type=\"application\/ld+json\" class=\"yoast-schema-graph\">{\"@context\":\"https:\\\/\\\/schema.org\",\"@graph\":[{\"@type\":\"WebPage\",\"@id\":\"https:\\\/\\\/www.gamaprofessional.com\\\/fr\\\/prodotto\\\/seche-cheveux-bravo-90-x8\\\/\",\"url\":\"https:\\\/\\\/www.gamaprofessional.com\\\/fr\\\/prodotto\\\/seche-cheveux-bravo-90-x8\\\/\",\"name\":\"S\u00c8CHE-CHEVEUX BRAVO 90 X8 - Gama Professional\",\"isPartOf\":{\"@id\":\"https:\\\/\\\/www.gamaprofessional.com\\\/fr\\\/#website\"},\"primaryImageOfPage\":{\"@id\":\"https:\\\/\\\/www.gamaprofessional.com\\\/fr\\\/prodotto\\\/seche-cheveux-bravo-90-x8\\\/#primaryimage\"},\"image\":{\"@id\":\"https:\\\/\\\/www.gamaprofessional.com\\\/fr\\\/prodotto\\\/seche-cheveux-bravo-90-x8\\\/#primaryimage\"},\"thumbnailUrl\":\"https:\\\/\\\/www.gamaprofessional.com\\\/wp-content\\\/uploads\\\/2025\\\/03\\\/PH0541.png\",\"datePublished\":\"2025-03-12T15:39:23+00:00\",\"dateModified\":\"2026-04-15T19:39:28+00:00\",\"description\":\"D\u00e9couvrez le s\u00e8che-cheveux Bravo 90 X8 avec moteur X8 : puissant, l\u00e9ger et ultra-durable. S\u00e9chage rapide, technologie Oxy Active pour des cheveux brillants et prot\u00e9g\u00e9s. Id\u00e9al pour les salons, livr\u00e9 avec 2 embouts Cool Grip et un diffuseur ultra-profond. Performance optimale pour un coiffage impeccable !\",\"breadcrumb\":{\"@id\":\"https:\\\/\\\/www.gamaprofessional.com\\\/fr\\\/prodotto\\\/seche-cheveux-bravo-90-x8\\\/#breadcrumb\"},\"inLanguage\":\"fr-FR\",\"potentialAction\":[{\"@type\":\"ReadAction\",\"target\":[\"https:\\\/\\\/www.gamaprofessional.com\\\/fr\\\/prodotto\\\/seche-cheveux-bravo-90-x8\\\/\"]}]},{\"@type\":\"ImageObject\",\"inLanguage\":\"fr-FR\",\"@id\":\"https:\\\/\\\/www.gamaprofessional.com\\\/fr\\\/prodotto\\\/seche-cheveux-bravo-90-x8\\\/#primaryimage\",\"url\":\"https:\\\/\\\/www.gamaprofessional.com\\\/wp-content\\\/uploads\\\/2025\\\/03\\\/PH0541.png\",\"contentUrl\":\"https:\\\/\\\/www.gamaprofessional.com\\\/wp-content\\\/uploads\\\/2025\\\/03\\\/PH0541.png\",\"width\":1080,\"height\":1080,\"caption\":\"BRAVO 90 X8\"},{\"@type\":\"BreadcrumbList\",\"@id\":\"https:\\\/\\\/www.gamaprofessional.com\\\/fr\\\/prodotto\\\/seche-cheveux-bravo-90-x8\\\/#breadcrumb\",\"itemListElement\":[{\"@type\":\"ListItem\",\"position\":1,\"name\":\"Home\",\"item\":\"https:\\\/\\\/www.gamaprofessional.com\\\/fr\\\/page-daccueil\\\/\"},{\"@type\":\"ListItem\",\"position\":2,\"name\":\"Boutique\",\"item\":\"https:\\\/\\\/www.gamaprofessional.com\\\/shop\\\/\"},{\"@type\":\"ListItem\",\"position\":3,\"name\":\"Haircare\",\"item\":\"https:\\\/\\\/www.gamaprofessional.com\\\/fr\\\/categoria-prodotto\\\/haircare-fr\\\/\"},{\"@type\":\"ListItem\",\"position\":4,\"name\":\"S\u00e8che-cheveux\",\"item\":\"https:\\\/\\\/www.gamaprofessional.com\\\/fr\\\/categoria-prodotto\\\/haircare-fr\\\/seche-cheveux\\\/\"},{\"@type\":\"ListItem\",\"position\":5,\"name\":\"S\u00c8CHE-CHEVEUX BRAVO 90 X8\"}]},{\"@type\":\"WebSite\",\"@id\":\"https:\\\/\\\/www.gamaprofessional.com\\\/fr\\\/#website\",\"url\":\"https:\\\/\\\/www.gamaprofessional.com\\\/fr\\\/\",\"name\":\"Gama Professional\",\"description\":\"\",\"potentialAction\":[{\"@type\":\"SearchAction\",\"target\":{\"@type\":\"EntryPoint\",\"urlTemplate\":\"https:\\\/\\\/www.gamaprofessional.com\\\/fr\\\/?s={search_term_string}\"},\"query-input\":{\"@type\":\"PropertyValueSpecification\",\"valueRequired\":true,\"valueName\":\"search_term_string\"}}],\"inLanguage\":\"fr-FR\"}]}<\/script>\n<!-- \/ Yoast SEO plugin. -->","yoast_head_json":{"title":"S\u00c8CHE-CHEVEUX BRAVO 90 X8 - Gama Professional","description":"D\u00e9couvrez le s\u00e8che-cheveux Bravo 90 X8 avec moteur X8 : puissant, l\u00e9ger et ultra-durable. S\u00e9chage rapide, technologie Oxy Active pour des cheveux brillants et prot\u00e9g\u00e9s. Id\u00e9al pour les salons, livr\u00e9 avec 2 embouts Cool Grip et un diffuseur ultra-profond. Performance optimale pour un coiffage impeccable !","robots":{"index":"index","follow":"follow","max-snippet":"max-snippet:-1","max-image-preview":"max-image-preview:large","max-video-preview":"max-video-preview:-1"},"canonical":"https:\/\/www.gamaprofessional.com\/fr\/prodotto\/seche-cheveux-bravo-90-x8\/","og_locale":"fr_FR","og_type":"article","og_title":"S\u00c8CHE-CHEVEUX BRAVO 90 X8 - Gama Professional","og_description":"D\u00e9couvrez le s\u00e8che-cheveux Bravo 90 X8 avec moteur X8 : puissant, l\u00e9ger et ultra-durable. S\u00e9chage rapide, technologie Oxy Active pour des cheveux brillants et prot\u00e9g\u00e9s. Id\u00e9al pour les salons, livr\u00e9 avec 2 embouts Cool Grip et un diffuseur ultra-profond. Performance optimale pour un coiffage impeccable !","og_url":"https:\/\/www.gamaprofessional.com\/fr\/prodotto\/seche-cheveux-bravo-90-x8\/","og_site_name":"Gama Professional","article_modified_time":"2026-04-15T19:39:28+00:00","og_image":[{"width":1080,"height":1080,"url":"https:\/\/www.gamaprofessional.com\/wp-content\/uploads\/2025\/03\/PH0541.png","type":"image\/png"}],"twitter_card":"summary_large_image","twitter_misc":{"Dur\u00e9e de lecture estim\u00e9e":"2 minutes"},"schema":{"@context":"https:\/\/schema.org","@graph":[{"@type":"WebPage","@id":"https:\/\/www.gamaprofessional.com\/fr\/prodotto\/seche-cheveux-bravo-90-x8\/","url":"https:\/\/www.gamaprofessional.com\/fr\/prodotto\/seche-cheveux-bravo-90-x8\/","name":"S\u00c8CHE-CHEVEUX BRAVO 90 X8 - Gama Professional","isPartOf":{"@id":"https:\/\/www.gamaprofessional.com\/fr\/#website"},"primaryImageOfPage":{"@id":"https:\/\/www.gamaprofessional.com\/fr\/prodotto\/seche-cheveux-bravo-90-x8\/#primaryimage"},"image":{"@id":"https:\/\/www.gamaprofessional.com\/fr\/prodotto\/seche-cheveux-bravo-90-x8\/#primaryimage"},"thumbnailUrl":"https:\/\/www.gamaprofessional.com\/wp-content\/uploads\/2025\/03\/PH0541.png","datePublished":"2025-03-12T15:39:23+00:00","dateModified":"2026-04-15T19:39:28+00:00","description":"D\u00e9couvrez le s\u00e8che-cheveux Bravo 90 X8 avec moteur X8 : puissant, l\u00e9ger et ultra-durable. S\u00e9chage rapide, technologie Oxy Active pour des cheveux brillants et prot\u00e9g\u00e9s. Id\u00e9al pour les salons, livr\u00e9 avec 2 embouts Cool Grip et un diffuseur ultra-profond. Performance optimale pour un coiffage impeccable !","breadcrumb":{"@id":"https:\/\/www.gamaprofessional.com\/fr\/prodotto\/seche-cheveux-bravo-90-x8\/#breadcrumb"},"inLanguage":"fr-FR","potentialAction":[{"@type":"ReadAction","target":["https:\/\/www.gamaprofessional.com\/fr\/prodotto\/seche-cheveux-bravo-90-x8\/"]}]},{"@type":"ImageObject","inLanguage":"fr-FR","@id":"https:\/\/www.gamaprofessional.com\/fr\/prodotto\/seche-cheveux-bravo-90-x8\/#primaryimage","url":"https:\/\/www.gamaprofessional.com\/wp-content\/uploads\/2025\/03\/PH0541.png","contentUrl":"https:\/\/www.gamaprofessional.com\/wp-content\/uploads\/2025\/03\/PH0541.png","width":1080,"height":1080,"caption":"BRAVO 90 X8"},{"@type":"BreadcrumbList","@id":"https:\/\/www.gamaprofessional.com\/fr\/prodotto\/seche-cheveux-bravo-90-x8\/#breadcrumb","itemListElement":[{"@type":"ListItem","position":1,"name":"Home","item":"https:\/\/www.gamaprofessional.com\/fr\/page-daccueil\/"},{"@type":"ListItem","position":2,"name":"Boutique","item":"https:\/\/www.gamaprofessional.com\/shop\/"},{"@type":"ListItem","position":3,"name":"Haircare","item":"https:\/\/www.gamaprofessional.com\/fr\/categoria-prodotto\/haircare-fr\/"},{"@type":"ListItem","position":4,"name":"S\u00e8che-cheveux","item":"https:\/\/www.gamaprofessional.com\/fr\/categoria-prodotto\/haircare-fr\/seche-cheveux\/"},{"@type":"ListItem","position":5,"name":"S\u00c8CHE-CHEVEUX BRAVO 90 X8"}]},{"@type":"WebSite","@id":"https:\/\/www.gamaprofessional.com\/fr\/#website","url":"https:\/\/www.gamaprofessional.com\/fr\/","name":"Gama Professional","description":"","potentialAction":[{"@type":"SearchAction","target":{"@type":"EntryPoint","urlTemplate":"https:\/\/www.gamaprofessional.com\/fr\/?s={search_term_string}"},"query-input":{"@type":"PropertyValueSpecification","valueRequired":true,"valueName":"search_term_string"}}],"inLanguage":"fr-FR"}]}},"_links":{"self":[{"href":"https:\/\/www.gamaprofessional.com\/fr\/wp-json\/wp\/v2\/product\/5330","targetHints":{"allow":["GET"]}}],"collection":[{"href":"https:\/\/www.gamaprofessional.com\/fr\/wp-json\/wp\/v2\/product"}],"about":[{"href":"https:\/\/www.gamaprofessional.com\/fr\/wp-json\/wp\/v2\/types\/product"}],"wp:featuredmedia":[{"embeddable":true,"href":"https:\/\/www.gamaprofessional.com\/fr\/wp-json\/wp\/v2\/media\/5303"}],"wp:attachment":[{"href":"https:\/\/www.gamaprofessional.com\/fr\/wp-json\/wp\/v2\/media?parent=5330"}],"wp:term":[{"taxonomy":"product_brand","embeddable":true,"href":"https:\/\/www.gamaprofessional.com\/fr\/wp-json\/wp\/v2\/product_brand?post=5330"},{"taxonomy":"product_cat","embeddable":true,"href":"https:\/\/www.gamaprofessional.com\/fr\/wp-json\/wp\/v2\/product_cat?post=5330"},{"taxonomy":"product_tag","embeddable":true,"href":"https:\/\/www.gamaprofessional.com\/fr\/wp-json\/wp\/v2\/product_tag?post=5330"}],"curies":[{"name":"wp","href":"https:\/\/api.w.org\/{rel}","templated":true}]}}