{"id":759,"date":"2024-11-03T09:33:25","date_gmt":"2024-11-03T08:33:25","guid":{"rendered":"https:\/\/www.gamaprofessional.com\/prodotto\/seche-cheveux-iq3-perfetto\/"},"modified":"2026-05-07T15:12:40","modified_gmt":"2026-05-07T13:12:40","slug":"seche-cheveux-iq3-perfetto","status":"publish","type":"product","link":"https:\/\/www.gamaprofessional.com\/fr\/prodotto\/seche-cheveux-iq3-perfetto\/","title":{"rendered":"S\u00c8CHE-CHEVEUX IQ3 PERFETTO"},"content":{"rendered":"<p>iQ3 est la quatri\u00e8me \u00e9volution de la ligne iQ Perfetto, le s\u00e8che-cheveux professionnel au design italien <strong>\u00e9l\u00e9gant<\/strong>, <strong> ultra-compact <\/strong> et <strong>aussi l\u00e9ger<\/strong> qu\u2019un smartphone (seulement 294 grammes).<\/p>\n<p>C\u2019est un s\u00e8che-cheveux qui a r\u00e9volutionn\u00e9 le travail en salon et offre aux consommateurs une exp\u00e9rience de beaut\u00e9 de salon.<\/p>\n<p>iQ3 se caract\u00e9rise par les technologies suivantes:<\/p>\n<ul>\n<li><strong>Technologie Stand-by<\/strong>: iQ3 est \u00e9quip\u00e9 d\u2019un capteur qui arr\u00eate automatiquement son fonctionnement en pla\u00e7ant le s\u00e8che-cheveux sur le Smart Pad inclus.<\/li>\n<li><strong>Fonction Turbo<\/strong>: elle permet de booster le d\u00e9bit d\u2019air en augmentant la vitesse du moteur d\u2019une vitesse ordinaire de 110.000 rpm \u00e0 une vitesse maximale de <strong>120.000 rpm<\/strong> pendant 30 secondes.<\/li>\n<li><strong>Effet Venturi<\/strong>: multiplie le d\u00e9bit d\u2019air fourni par le moteur sans consommer d\u2019\u00e9nergie suppl\u00e9mentaire et r\u00e9duit les temps de s\u00e9chage.<\/li>\n<li><strong>Technologie Oxy Active<\/strong>: \u00e9met de grandes quantit\u00e9s d\u2019ions n\u00e9gatifs et d\u2019ozone avec des propri\u00e9t\u00e9s antifongiques, antibact\u00e9riennes et rajeunissantes. iQ3 laisse les cheveux sains, hydrat\u00e9s, sans frisottis, brillants et rajeunis des racines aux pointes.  <\/li>\n<li><strong>Syst\u00e8me d\u2019autodiagnostic<\/strong>: iQ3 est \u00e9quip\u00e9 de plusieurs capteurs qui surveillent constamment les param\u00e8tres d\u2019utilisation du s\u00e8che-cheveux. Dans des conditions extr\u00eames, iQ3 interrompt son fonctionnement ou emp\u00eache son allumage pour prot\u00e9ger l\u2019utilisateur et le s\u00e8che-cheveux. <\/li>\n<li><strong>\u00ab eSystem-C Technology \u00bb<\/strong>: avertit l\u2019utilisateur par un son quand il est temps de nettoyer.<\/li>\n<li><strong>Effet de Rampe<\/strong>: r\u00e9gule efficacement la temp\u00e9rature interne de l\u2019instrument.<\/li>\n<li><strong>Fonction de m\u00e9moire<\/strong>: sauvegarde les r\u00e9glages pr\u00e9f\u00e9r\u00e9s de l\u2019utilisateur.<\/li>\n<li><strong>Fonction d\u2019auto-nettoyage<\/strong> : La technologie Auto-Clean, pr\u00e9sente dans toute la gamme iQ, permet un auto-nettoyage en profondeur du s\u00e8che-cheveux en expulsant la salet\u00e9 gr\u00e2ce \u00e0 la rotation inverse de la turbine du moteur.<\/li>\n<\/ul>\n<p>iQ3 est \u00e9quip\u00e9 de <strong>2 filtres micro-perfor\u00e9s<\/strong> lavables pour \u00e9liminer la poussi\u00e8re, les produits chimiques comme la laque et les micro-organismes. Les filtres sont con\u00e7us pour emp\u00eacher m\u00eame la plus petite particule de salet\u00e9 de se d\u00e9poser dans le moteur et d\u2019atteindre le cuir chevelu. <\/p>\n<p><strong>iQ3<\/strong> est livr\u00e9 avec un kit de nettoyage, un Smart Pad, deux buses de tailles diff\u00e9rentes, une buse \u00e9toile brevet\u00e9e de Gama, un diffuseur profond et 9 filtres de rechange.<\/p>\n","protected":false},"excerpt":{"rendered":"<p>iQ3 Perfetto est la quatri\u00e8me g\u00e9n\u00e9ration du s\u00e8che-cheveux professionnel, l\u00e9ger comme un smartphone, \u00e9quip\u00e9 de la technologie \u00ab Stand by \u00bb gr\u00e2ce \u00e0 son Smart Pad. Compact, extr\u00eamement l\u00e9ger et ergonomique, il dispose d\u2019un syst\u00e8me d\u2019exploitation intelligent qui le rend \u00e9galement \u00e9conome en \u00e9nergie. Sans sacrifier la puissance.  <\/p>\n","protected":false},"featured_media":1144,"template":"","meta":{"_acf_changed":false},"product_brand":[],"product_cat":[327],"product_tag":[],"class_list":{"0":"post-759","1":"product","2":"type-product","3":"status-publish","4":"has-post-thumbnail","6":"product_cat-seche-cheveux","8":"first","9":"instock","10":"taxable","11":"shipping-taxable","12":"purchasable","13":"product-type-variable","14":"has-default-attributes"},"acf":[],"yoast_head":"<!-- This site is optimized with the Yoast SEO plugin v27.5 - https:\/\/yoast.com\/product\/yoast-seo-wordpress\/ -->\n<title>S\u00c8CHE-CHEVEUX IQ3 PERFETTO - Gama Professional<\/title>\n<meta name=\"description\" content=\"iQ3 Perfetto est la troisi\u00e8me g\u00e9n\u00e9ration du s\u00e8che-cheveux professionnel, l\u00e9ger comme un smartphone. Compact et ergonomique, est \u00e9quip\u00e9 de la technologie &quot;Stand-by&quot;.\" \/>\n<meta name=\"robots\" content=\"index, follow, max-snippet:-1, max-image-preview:large, max-video-preview:-1\" \/>\n<link rel=\"canonical\" href=\"https:\/\/www.gamaprofessional.com\/fr\/prodotto\/seche-cheveux-iq3-perfetto\/\" \/>\n<meta property=\"og:locale\" content=\"fr_FR\" \/>\n<meta property=\"og:type\" content=\"article\" \/>\n<meta property=\"og:title\" content=\"S\u00c8CHE-CHEVEUX IQ3 PERFETTO - Gama Professional\" \/>\n<meta property=\"og:description\" content=\"iQ3 Perfetto est la troisi\u00e8me g\u00e9n\u00e9ration du s\u00e8che-cheveux professionnel, l\u00e9ger comme un smartphone. Compact et ergonomique, est \u00e9quip\u00e9 de la technologie &quot;Stand-by&quot;.\" \/>\n<meta property=\"og:url\" content=\"https:\/\/www.gamaprofessional.com\/fr\/prodotto\/seche-cheveux-iq3-perfetto\/\" \/>\n<meta property=\"og:site_name\" content=\"Gama Professional\" \/>\n<meta property=\"article:modified_time\" content=\"2026-05-07T13:12:40+00:00\" \/>\n<meta property=\"og:image\" content=\"https:\/\/www.gamaprofessional.com\/wp-content\/uploads\/2024\/11\/iQ3-Perfetto-Black.png\" \/>\n\t<meta property=\"og:image:width\" content=\"1080\" \/>\n\t<meta property=\"og:image:height\" content=\"1080\" \/>\n\t<meta property=\"og:image:type\" content=\"image\/png\" \/>\n<meta name=\"twitter:card\" content=\"summary_large_image\" \/>\n<meta name=\"twitter:label1\" content=\"Dur\u00e9e de lecture estim\u00e9e\" \/>\n\t<meta name=\"twitter:data1\" content=\"2 minutes\" \/>\n<script type=\"application\/ld+json\" class=\"yoast-schema-graph\">{\"@context\":\"https:\\\/\\\/schema.org\",\"@graph\":[{\"@type\":\"WebPage\",\"@id\":\"https:\\\/\\\/www.gamaprofessional.com\\\/fr\\\/prodotto\\\/seche-cheveux-iq3-perfetto\\\/\",\"url\":\"https:\\\/\\\/www.gamaprofessional.com\\\/fr\\\/prodotto\\\/seche-cheveux-iq3-perfetto\\\/\",\"name\":\"S\u00c8CHE-CHEVEUX IQ3 PERFETTO - Gama Professional\",\"isPartOf\":{\"@id\":\"https:\\\/\\\/www.gamaprofessional.com\\\/fr\\\/#website\"},\"primaryImageOfPage\":{\"@id\":\"https:\\\/\\\/www.gamaprofessional.com\\\/fr\\\/prodotto\\\/seche-cheveux-iq3-perfetto\\\/#primaryimage\"},\"image\":{\"@id\":\"https:\\\/\\\/www.gamaprofessional.com\\\/fr\\\/prodotto\\\/seche-cheveux-iq3-perfetto\\\/#primaryimage\"},\"thumbnailUrl\":\"https:\\\/\\\/www.gamaprofessional.com\\\/wp-content\\\/uploads\\\/2024\\\/11\\\/iQ3-Perfetto-Gold-Rose.png\",\"datePublished\":\"2024-11-03T08:33:25+00:00\",\"dateModified\":\"2026-05-07T13:12:40+00:00\",\"description\":\"iQ3 Perfetto est la troisi\u00e8me g\u00e9n\u00e9ration du s\u00e8che-cheveux professionnel, l\u00e9ger comme un smartphone. Compact et ergonomique, est \u00e9quip\u00e9 de la technologie \\\"Stand-by\\\".\",\"breadcrumb\":{\"@id\":\"https:\\\/\\\/www.gamaprofessional.com\\\/fr\\\/prodotto\\\/seche-cheveux-iq3-perfetto\\\/#breadcrumb\"},\"inLanguage\":\"fr-FR\",\"potentialAction\":[{\"@type\":\"ReadAction\",\"target\":[\"https:\\\/\\\/www.gamaprofessional.com\\\/fr\\\/prodotto\\\/seche-cheveux-iq3-perfetto\\\/\"]}]},{\"@type\":\"ImageObject\",\"inLanguage\":\"fr-FR\",\"@id\":\"https:\\\/\\\/www.gamaprofessional.com\\\/fr\\\/prodotto\\\/seche-cheveux-iq3-perfetto\\\/#primaryimage\",\"url\":\"https:\\\/\\\/www.gamaprofessional.com\\\/wp-content\\\/uploads\\\/2024\\\/11\\\/iQ3-Perfetto-Gold-Rose.png\",\"contentUrl\":\"https:\\\/\\\/www.gamaprofessional.com\\\/wp-content\\\/uploads\\\/2024\\\/11\\\/iQ3-Perfetto-Gold-Rose.png\",\"width\":1080,\"height\":1080,\"caption\":\"iQ3 Perfetto Gold Rose\"},{\"@type\":\"BreadcrumbList\",\"@id\":\"https:\\\/\\\/www.gamaprofessional.com\\\/fr\\\/prodotto\\\/seche-cheveux-iq3-perfetto\\\/#breadcrumb\",\"itemListElement\":[{\"@type\":\"ListItem\",\"position\":1,\"name\":\"Home\",\"item\":\"https:\\\/\\\/www.gamaprofessional.com\\\/fr\\\/page-daccueil\\\/\"},{\"@type\":\"ListItem\",\"position\":2,\"name\":\"Boutique\",\"item\":\"https:\\\/\\\/www.gamaprofessional.com\\\/shop\\\/\"},{\"@type\":\"ListItem\",\"position\":3,\"name\":\"Haircare\",\"item\":\"https:\\\/\\\/www.gamaprofessional.com\\\/fr\\\/categoria-prodotto\\\/haircare-fr\\\/\"},{\"@type\":\"ListItem\",\"position\":4,\"name\":\"S\u00e8che-cheveux\",\"item\":\"https:\\\/\\\/www.gamaprofessional.com\\\/fr\\\/categoria-prodotto\\\/haircare-fr\\\/seche-cheveux\\\/\"},{\"@type\":\"ListItem\",\"position\":5,\"name\":\"S\u00c8CHE-CHEVEUX IQ3 PERFETTO\"}]},{\"@type\":\"WebSite\",\"@id\":\"https:\\\/\\\/www.gamaprofessional.com\\\/fr\\\/#website\",\"url\":\"https:\\\/\\\/www.gamaprofessional.com\\\/fr\\\/\",\"name\":\"Gama Professional\",\"description\":\"\",\"potentialAction\":[{\"@type\":\"SearchAction\",\"target\":{\"@type\":\"EntryPoint\",\"urlTemplate\":\"https:\\\/\\\/www.gamaprofessional.com\\\/fr\\\/?s={search_term_string}\"},\"query-input\":{\"@type\":\"PropertyValueSpecification\",\"valueRequired\":true,\"valueName\":\"search_term_string\"}}],\"inLanguage\":\"fr-FR\"}]}<\/script>\n<!-- \/ Yoast SEO plugin. -->","yoast_head_json":{"title":"S\u00c8CHE-CHEVEUX IQ3 PERFETTO - Gama Professional","description":"iQ3 Perfetto est la troisi\u00e8me g\u00e9n\u00e9ration du s\u00e8che-cheveux professionnel, l\u00e9ger comme un smartphone. Compact et ergonomique, est \u00e9quip\u00e9 de la technologie \"Stand-by\".","robots":{"index":"index","follow":"follow","max-snippet":"max-snippet:-1","max-image-preview":"max-image-preview:large","max-video-preview":"max-video-preview:-1"},"canonical":"https:\/\/www.gamaprofessional.com\/fr\/prodotto\/seche-cheveux-iq3-perfetto\/","og_locale":"fr_FR","og_type":"article","og_title":"S\u00c8CHE-CHEVEUX IQ3 PERFETTO - Gama Professional","og_description":"iQ3 Perfetto est la troisi\u00e8me g\u00e9n\u00e9ration du s\u00e8che-cheveux professionnel, l\u00e9ger comme un smartphone. Compact et ergonomique, est \u00e9quip\u00e9 de la technologie \"Stand-by\".","og_url":"https:\/\/www.gamaprofessional.com\/fr\/prodotto\/seche-cheveux-iq3-perfetto\/","og_site_name":"Gama Professional","article_modified_time":"2026-05-07T13:12:40+00:00","og_image":[{"width":1080,"height":1080,"url":"https:\/\/www.gamaprofessional.com\/wp-content\/uploads\/2024\/11\/iQ3-Perfetto-Black.png","type":"image\/png"}],"twitter_card":"summary_large_image","twitter_misc":{"Dur\u00e9e de lecture estim\u00e9e":"2 minutes"},"schema":{"@context":"https:\/\/schema.org","@graph":[{"@type":"WebPage","@id":"https:\/\/www.gamaprofessional.com\/fr\/prodotto\/seche-cheveux-iq3-perfetto\/","url":"https:\/\/www.gamaprofessional.com\/fr\/prodotto\/seche-cheveux-iq3-perfetto\/","name":"S\u00c8CHE-CHEVEUX IQ3 PERFETTO - Gama Professional","isPartOf":{"@id":"https:\/\/www.gamaprofessional.com\/fr\/#website"},"primaryImageOfPage":{"@id":"https:\/\/www.gamaprofessional.com\/fr\/prodotto\/seche-cheveux-iq3-perfetto\/#primaryimage"},"image":{"@id":"https:\/\/www.gamaprofessional.com\/fr\/prodotto\/seche-cheveux-iq3-perfetto\/#primaryimage"},"thumbnailUrl":"https:\/\/www.gamaprofessional.com\/wp-content\/uploads\/2024\/11\/iQ3-Perfetto-Gold-Rose.png","datePublished":"2024-11-03T08:33:25+00:00","dateModified":"2026-05-07T13:12:40+00:00","description":"iQ3 Perfetto est la troisi\u00e8me g\u00e9n\u00e9ration du s\u00e8che-cheveux professionnel, l\u00e9ger comme un smartphone. Compact et ergonomique, est \u00e9quip\u00e9 de la technologie \"Stand-by\".","breadcrumb":{"@id":"https:\/\/www.gamaprofessional.com\/fr\/prodotto\/seche-cheveux-iq3-perfetto\/#breadcrumb"},"inLanguage":"fr-FR","potentialAction":[{"@type":"ReadAction","target":["https:\/\/www.gamaprofessional.com\/fr\/prodotto\/seche-cheveux-iq3-perfetto\/"]}]},{"@type":"ImageObject","inLanguage":"fr-FR","@id":"https:\/\/www.gamaprofessional.com\/fr\/prodotto\/seche-cheveux-iq3-perfetto\/#primaryimage","url":"https:\/\/www.gamaprofessional.com\/wp-content\/uploads\/2024\/11\/iQ3-Perfetto-Gold-Rose.png","contentUrl":"https:\/\/www.gamaprofessional.com\/wp-content\/uploads\/2024\/11\/iQ3-Perfetto-Gold-Rose.png","width":1080,"height":1080,"caption":"iQ3 Perfetto Gold Rose"},{"@type":"BreadcrumbList","@id":"https:\/\/www.gamaprofessional.com\/fr\/prodotto\/seche-cheveux-iq3-perfetto\/#breadcrumb","itemListElement":[{"@type":"ListItem","position":1,"name":"Home","item":"https:\/\/www.gamaprofessional.com\/fr\/page-daccueil\/"},{"@type":"ListItem","position":2,"name":"Boutique","item":"https:\/\/www.gamaprofessional.com\/shop\/"},{"@type":"ListItem","position":3,"name":"Haircare","item":"https:\/\/www.gamaprofessional.com\/fr\/categoria-prodotto\/haircare-fr\/"},{"@type":"ListItem","position":4,"name":"S\u00e8che-cheveux","item":"https:\/\/www.gamaprofessional.com\/fr\/categoria-prodotto\/haircare-fr\/seche-cheveux\/"},{"@type":"ListItem","position":5,"name":"S\u00c8CHE-CHEVEUX IQ3 PERFETTO"}]},{"@type":"WebSite","@id":"https:\/\/www.gamaprofessional.com\/fr\/#website","url":"https:\/\/www.gamaprofessional.com\/fr\/","name":"Gama Professional","description":"","potentialAction":[{"@type":"SearchAction","target":{"@type":"EntryPoint","urlTemplate":"https:\/\/www.gamaprofessional.com\/fr\/?s={search_term_string}"},"query-input":{"@type":"PropertyValueSpecification","valueRequired":true,"valueName":"search_term_string"}}],"inLanguage":"fr-FR"}]}},"_links":{"self":[{"href":"https:\/\/www.gamaprofessional.com\/fr\/wp-json\/wp\/v2\/product\/759","targetHints":{"allow":["GET"]}}],"collection":[{"href":"https:\/\/www.gamaprofessional.com\/fr\/wp-json\/wp\/v2\/product"}],"about":[{"href":"https:\/\/www.gamaprofessional.com\/fr\/wp-json\/wp\/v2\/types\/product"}],"wp:featuredmedia":[{"embeddable":true,"href":"https:\/\/www.gamaprofessional.com\/fr\/wp-json\/wp\/v2\/media\/1144"}],"wp:attachment":[{"href":"https:\/\/www.gamaprofessional.com\/fr\/wp-json\/wp\/v2\/media?parent=759"}],"wp:term":[{"taxonomy":"product_brand","embeddable":true,"href":"https:\/\/www.gamaprofessional.com\/fr\/wp-json\/wp\/v2\/product_brand?post=759"},{"taxonomy":"product_cat","embeddable":true,"href":"https:\/\/www.gamaprofessional.com\/fr\/wp-json\/wp\/v2\/product_cat?post=759"},{"taxonomy":"product_tag","embeddable":true,"href":"https:\/\/www.gamaprofessional.com\/fr\/wp-json\/wp\/v2\/product_tag?post=759"}],"curies":[{"name":"wp","href":"https:\/\/api.w.org\/{rel}","templated":true}]}}